{"id":5448,"date":"2022-02-18T13:40:56","date_gmt":"2022-02-18T11:40:56","guid":{"rendered":"https:\/\/www.odosoneironhotels.com\/tavronitis-bay\/location\/"},"modified":"2024-03-11T14:14:15","modified_gmt":"2024-03-11T12:14:15","slug":"location","status":"publish","type":"page","link":"https:\/\/www.odosoneironhotels.com\/it\/hotels\/tavronitis-bay\/location\/","title":{"rendered":"Posizione"},"content":{"rendered":"<p>Se vi allontanate dal cuore della citt\u00e0, scoprirete presto la variet\u00e0 di Chania: 40 km a ovest dell\u2019aeroporto di Chani\u00e0, nella baia di Tavronitis, troverete un luogo tranquillo lungo una spiaggia silenziosa, a soli 20 minuti dal vivace centro della citt\u00e0 di Chani\u00e0. Cambiate lo scenario urbano con quello balneare, aprendo i vostri orizzonti su ci\u00f2 che Chani\u00e0 vuol dire, al di l\u00e0 della citt\u00e0 storica.<\/p>\n","protected":false},"excerpt":{"rendered":"<p>Se vi allontanate dal cuore della citt\u00e0, scoprirete presto la variet\u00e0 di Chania: 40 km a ovest dell\u2019aeroporto di Chani\u00e0, nella baia di Tavronitis, troverete un luogo tranquillo lungo una spiaggia silenziosa, a soli 20 minuti dal vivace centro della citt\u00e0 di Chani\u00e0. Cambiate lo scenario urbano con quello balneare, aprendo i vostri orizzonti su<\/p>\n","protected":false},"author":1,"featured_media":4829,"parent":5437,"menu_order":9,"comment_status":"closed","ping_status":"closed","template":"","meta":{"_acf_changed":false,"footnotes":""},"class_list":["post-5448","page","type-page","status-publish","has-post-thumbnail","hentry"],"acf":[],"yoast_head":"<!-- This site is optimized with the Yoast SEO plugin v27.5 - https:\/\/yoast.com\/product\/yoast-seo-wordpress\/ -->\n<title>Posizione - Odos Oneiron Hotels &amp; Taste in Chania Crete<\/title>\n<meta name=\"robots\" content=\"index, follow, max-snippet:-1, max-image-preview:large, max-video-preview:-1\" \/>\n<link rel=\"canonical\" href=\"https:\/\/www.odosoneironhotels.com\/it\/hotels\/tavronitis-bay\/location\/\" \/>\n<meta property=\"og:locale\" content=\"it_IT\" \/>\n<meta property=\"og:type\" content=\"article\" \/>\n<meta property=\"og:title\" content=\"Posizione - Odos Oneiron Hotels &amp; Taste in Chania Crete\" \/>\n<meta property=\"og:description\" content=\"Se vi allontanate dal cuore della citt\u00e0, scoprirete presto la variet\u00e0 di Chania: 40 km a ovest dell\u2019aeroporto di Chani\u00e0, nella baia di Tavronitis, troverete un luogo tranquillo lungo una spiaggia silenziosa, a soli 20 minuti dal vivace centro della citt\u00e0 di Chani\u00e0. Cambiate lo scenario urbano con quello balneare, aprendo i vostri orizzonti su\" \/>\n<meta property=\"og:url\" content=\"https:\/\/www.odosoneironhotels.com\/it\/hotels\/tavronitis-bay\/location\/\" \/>\n<meta property=\"og:site_name\" content=\"Odos Oneiron Hotels &amp; Taste in Chania Crete\" \/>\n<meta property=\"article:modified_time\" content=\"2024-03-11T12:14:15+00:00\" \/>\n<meta property=\"og:image\" content=\"https:\/\/www.odosoneironhotels.com\/app\/uploads\/sites\/91\/2022\/04\/bigstock-Branches-Of-Beautiful-White-Bo-71101684-scaled.jpg\" \/>\n\t<meta property=\"og:image:width\" content=\"2560\" \/>\n\t<meta property=\"og:image:height\" content=\"1707\" \/>\n\t<meta property=\"og:image:type\" content=\"image\/jpeg\" \/>\n<meta name=\"twitter:card\" content=\"summary_large_image\" \/>\n<meta name=\"twitter:label1\" content=\"Tempo di lettura stimato\" \/>\n\t<meta name=\"twitter:data1\" content=\"1 minuto\" \/>\n<script type=\"application\/ld+json\" class=\"yoast-schema-graph\">{\"@context\":\"https:\\\/\\\/schema.org\",\"@graph\":[{\"@type\":\"WebPage\",\"@id\":\"https:\\\/\\\/www.odosoneironhotels.com\\\/it\\\/hotels\\\/tavronitis-bay\\\/location\\\/\",\"url\":\"https:\\\/\\\/www.odosoneironhotels.com\\\/it\\\/hotels\\\/tavronitis-bay\\\/location\\\/\",\"name\":\"Posizione - Odos Oneiron Hotels &amp; Taste in Chania Crete\",\"isPartOf\":{\"@id\":\"https:\\\/\\\/www.odosoneironhotels.com\\\/#website\"},\"primaryImageOfPage\":{\"@id\":\"https:\\\/\\\/www.odosoneironhotels.com\\\/it\\\/hotels\\\/tavronitis-bay\\\/location\\\/#primaryimage\"},\"image\":{\"@id\":\"https:\\\/\\\/www.odosoneironhotels.com\\\/it\\\/hotels\\\/tavronitis-bay\\\/location\\\/#primaryimage\"},\"thumbnailUrl\":\"https:\\\/\\\/www.odosoneironhotels.com\\\/app\\\/uploads\\\/sites\\\/91\\\/2022\\\/04\\\/bigstock-Branches-Of-Beautiful-White-Bo-71101684-scaled.jpg\",\"datePublished\":\"2022-02-18T11:40:56+00:00\",\"dateModified\":\"2024-03-11T12:14:15+00:00\",\"breadcrumb\":{\"@id\":\"https:\\\/\\\/www.odosoneironhotels.com\\\/it\\\/hotels\\\/tavronitis-bay\\\/location\\\/#breadcrumb\"},\"inLanguage\":\"it-IT\",\"potentialAction\":[{\"@type\":\"ReadAction\",\"target\":[\"https:\\\/\\\/www.odosoneironhotels.com\\\/it\\\/hotels\\\/tavronitis-bay\\\/location\\\/\"]}]},{\"@type\":\"ImageObject\",\"inLanguage\":\"it-IT\",\"@id\":\"https:\\\/\\\/www.odosoneironhotels.com\\\/it\\\/hotels\\\/tavronitis-bay\\\/location\\\/#primaryimage\",\"url\":\"https:\\\/\\\/www.odosoneironhotels.com\\\/app\\\/uploads\\\/sites\\\/91\\\/2022\\\/04\\\/bigstock-Branches-Of-Beautiful-White-Bo-71101684-scaled.jpg\",\"contentUrl\":\"https:\\\/\\\/www.odosoneironhotels.com\\\/app\\\/uploads\\\/sites\\\/91\\\/2022\\\/04\\\/bigstock-Branches-Of-Beautiful-White-Bo-71101684-scaled.jpg\",\"width\":2560,\"height\":1707,\"caption\":\"Branches of beautiful white bougainvillea and palm tree in blue sky\"},{\"@type\":\"BreadcrumbList\",\"@id\":\"https:\\\/\\\/www.odosoneironhotels.com\\\/it\\\/hotels\\\/tavronitis-bay\\\/location\\\/#breadcrumb\",\"itemListElement\":[{\"@type\":\"ListItem\",\"position\":1,\"name\":\"Home\",\"item\":\"https:\\\/\\\/www.odosoneironhotels.com\\\/it\\\/\"},{\"@type\":\"ListItem\",\"position\":2,\"name\":\"Hotel\",\"item\":\"https:\\\/\\\/www.odosoneironhotels.com\\\/it\\\/hotels\\\/\"},{\"@type\":\"ListItem\",\"position\":3,\"name\":\"Odos Oneiron Tavronitis Bay\",\"item\":\"https:\\\/\\\/www.odosoneironhotels.com\\\/it\\\/hotels\\\/tavronitis-bay\\\/\"},{\"@type\":\"ListItem\",\"position\":4,\"name\":\"Posizione\"}]},{\"@type\":\"WebSite\",\"@id\":\"https:\\\/\\\/www.odosoneironhotels.com\\\/#website\",\"url\":\"https:\\\/\\\/www.odosoneironhotels.com\\\/\",\"name\":\"Odos Oneiron Hotels &amp; Taste in Chania Crete\",\"description\":\"Delightfully authentic hospitality\",\"potentialAction\":[{\"@type\":\"SearchAction\",\"target\":{\"@type\":\"EntryPoint\",\"urlTemplate\":\"https:\\\/\\\/www.odosoneironhotels.com\\\/?s={search_term_string}\"},\"query-input\":{\"@type\":\"PropertyValueSpecification\",\"valueRequired\":true,\"valueName\":\"search_term_string\"}}],\"inLanguage\":\"it-IT\"}]}<\/script>\n<!-- \/ Yoast SEO plugin. -->","yoast_head_json":{"title":"Posizione - Odos Oneiron Hotels &amp; Taste in Chania Crete","robots":{"index":"index","follow":"follow","max-snippet":"max-snippet:-1","max-image-preview":"max-image-preview:large","max-video-preview":"max-video-preview:-1"},"canonical":"https:\/\/www.odosoneironhotels.com\/it\/hotels\/tavronitis-bay\/location\/","og_locale":"it_IT","og_type":"article","og_title":"Posizione - Odos Oneiron Hotels &amp; Taste in Chania Crete","og_description":"Se vi allontanate dal cuore della citt\u00e0, scoprirete presto la variet\u00e0 di Chania: 40 km a ovest dell\u2019aeroporto di Chani\u00e0, nella baia di Tavronitis, troverete un luogo tranquillo lungo una spiaggia silenziosa, a soli 20 minuti dal vivace centro della citt\u00e0 di Chani\u00e0. Cambiate lo scenario urbano con quello balneare, aprendo i vostri orizzonti su","og_url":"https:\/\/www.odosoneironhotels.com\/it\/hotels\/tavronitis-bay\/location\/","og_site_name":"Odos Oneiron Hotels &amp; Taste in Chania Crete","article_modified_time":"2024-03-11T12:14:15+00:00","og_image":[{"width":2560,"height":1707,"url":"https:\/\/www.odosoneironhotels.com\/app\/uploads\/sites\/91\/2022\/04\/bigstock-Branches-Of-Beautiful-White-Bo-71101684-scaled.jpg","type":"image\/jpeg"}],"twitter_card":"summary_large_image","twitter_misc":{"Tempo di lettura stimato":"1 minuto"},"schema":{"@context":"https:\/\/schema.org","@graph":[{"@type":"WebPage","@id":"https:\/\/www.odosoneironhotels.com\/it\/hotels\/tavronitis-bay\/location\/","url":"https:\/\/www.odosoneironhotels.com\/it\/hotels\/tavronitis-bay\/location\/","name":"Posizione - Odos Oneiron Hotels &amp; Taste in Chania Crete","isPartOf":{"@id":"https:\/\/www.odosoneironhotels.com\/#website"},"primaryImageOfPage":{"@id":"https:\/\/www.odosoneironhotels.com\/it\/hotels\/tavronitis-bay\/location\/#primaryimage"},"image":{"@id":"https:\/\/www.odosoneironhotels.com\/it\/hotels\/tavronitis-bay\/location\/#primaryimage"},"thumbnailUrl":"https:\/\/www.odosoneironhotels.com\/app\/uploads\/sites\/91\/2022\/04\/bigstock-Branches-Of-Beautiful-White-Bo-71101684-scaled.jpg","datePublished":"2022-02-18T11:40:56+00:00","dateModified":"2024-03-11T12:14:15+00:00","breadcrumb":{"@id":"https:\/\/www.odosoneironhotels.com\/it\/hotels\/tavronitis-bay\/location\/#breadcrumb"},"inLanguage":"it-IT","potentialAction":[{"@type":"ReadAction","target":["https:\/\/www.odosoneironhotels.com\/it\/hotels\/tavronitis-bay\/location\/"]}]},{"@type":"ImageObject","inLanguage":"it-IT","@id":"https:\/\/www.odosoneironhotels.com\/it\/hotels\/tavronitis-bay\/location\/#primaryimage","url":"https:\/\/www.odosoneironhotels.com\/app\/uploads\/sites\/91\/2022\/04\/bigstock-Branches-Of-Beautiful-White-Bo-71101684-scaled.jpg","contentUrl":"https:\/\/www.odosoneironhotels.com\/app\/uploads\/sites\/91\/2022\/04\/bigstock-Branches-Of-Beautiful-White-Bo-71101684-scaled.jpg","width":2560,"height":1707,"caption":"Branches of beautiful white bougainvillea and palm tree in blue sky"},{"@type":"BreadcrumbList","@id":"https:\/\/www.odosoneironhotels.com\/it\/hotels\/tavronitis-bay\/location\/#breadcrumb","itemListElement":[{"@type":"ListItem","position":1,"name":"Home","item":"https:\/\/www.odosoneironhotels.com\/it\/"},{"@type":"ListItem","position":2,"name":"Hotel","item":"https:\/\/www.odosoneironhotels.com\/it\/hotels\/"},{"@type":"ListItem","position":3,"name":"Odos Oneiron Tavronitis Bay","item":"https:\/\/www.odosoneironhotels.com\/it\/hotels\/tavronitis-bay\/"},{"@type":"ListItem","position":4,"name":"Posizione"}]},{"@type":"WebSite","@id":"https:\/\/www.odosoneironhotels.com\/#website","url":"https:\/\/www.odosoneironhotels.com\/","name":"Odos Oneiron Hotels &amp; Taste in Chania Crete","description":"Delightfully authentic hospitality","potentialAction":[{"@type":"SearchAction","target":{"@type":"EntryPoint","urlTemplate":"https:\/\/www.odosoneironhotels.com\/?s={search_term_string}"},"query-input":{"@type":"PropertyValueSpecification","valueRequired":true,"valueName":"search_term_string"}}],"inLanguage":"it-IT"}]}},"_links":{"self":[{"href":"https:\/\/www.odosoneironhotels.com\/it\/wp-json\/wp\/v2\/pages\/5448","targetHints":{"allow":["GET"]}}],"collection":[{"href":"https:\/\/www.odosoneironhotels.com\/it\/wp-json\/wp\/v2\/pages"}],"about":[{"href":"https:\/\/www.odosoneironhotels.com\/it\/wp-json\/wp\/v2\/types\/page"}],"author":[{"embeddable":true,"href":"https:\/\/www.odosoneironhotels.com\/it\/wp-json\/wp\/v2\/users\/1"}],"replies":[{"embeddable":true,"href":"https:\/\/www.odosoneironhotels.com\/it\/wp-json\/wp\/v2\/comments?post=5448"}],"version-history":[{"count":2,"href":"https:\/\/www.odosoneironhotels.com\/it\/wp-json\/wp\/v2\/pages\/5448\/revisions"}],"predecessor-version":[{"id":6068,"href":"https:\/\/www.odosoneironhotels.com\/it\/wp-json\/wp\/v2\/pages\/5448\/revisions\/6068"}],"up":[{"embeddable":true,"href":"https:\/\/www.odosoneironhotels.com\/it\/wp-json\/wp\/v2\/pages\/5437"}],"wp:featuredmedia":[{"embeddable":true,"href":"https:\/\/www.odosoneironhotels.com\/it\/wp-json\/wp\/v2\/media\/4829"}],"wp:attachment":[{"href":"https:\/\/www.odosoneironhotels.com\/it\/wp-json\/wp\/v2\/media?parent=5448"}],"curies":[{"name":"wp","href":"https:\/\/api.w.org\/{rel}","templated":true}]}}