{"id":5445,"date":"2022-02-18T13:35:56","date_gmt":"2022-02-18T11:35:56","guid":{"rendered":"https:\/\/www.odosoneironhotels.com\/destination-2\/"},"modified":"2024-03-11T10:37:24","modified_gmt":"2024-03-11T08:37:24","slug":"destination-2","status":"publish","type":"page","link":"https:\/\/www.odosoneironhotels.com\/it\/destination-2\/","title":{"rendered":"Destinazione"},"content":{"rendered":"<p>Chani\u00e0 \u00a0\u00e8 una meta ricca di fascino, con il meglio di entrambi i mondi. Una citt\u00e0 storica dal fascino veneziano, che trabocca di vita e cultura e forse il porto pi\u00f9 caratteristico di tutta Creta. Anche la provincia di Chani\u00e0, al di l\u00e0 del suo iconico centro storico, ospita alcune spiagge stupende e, se preferite vivere in riva al mare durante le vostre vacanze a Chani\u00e0, la baia di Tavronitis \u00e8 proprio il posto giusto.<\/p>\n","protected":false},"excerpt":{"rendered":"<p>Chani\u00e0 \u00a0\u00e8 una meta ricca di fascino, con il meglio di entrambi i mondi. Una citt\u00e0 storica dal fascino veneziano, che trabocca di vita e cultura e forse il porto pi\u00f9 caratteristico di tutta Creta. Anche la provincia di Chani\u00e0, al di l\u00e0 del suo iconico centro storico, ospita alcune spiagge stupende e, se preferite<\/p>\n","protected":false},"author":1,"featured_media":4703,"parent":0,"menu_order":13,"comment_status":"closed","ping_status":"closed","template":"page-templates\/simple-list.php","meta":{"_acf_changed":false,"footnotes":""},"class_list":["post-5445","page","type-page","status-publish","has-post-thumbnail","hentry"],"acf":[],"yoast_head":"<!-- This site is optimized with the Yoast SEO plugin v27.6 - https:\/\/yoast.com\/product\/yoast-seo-wordpress\/ -->\n<title>Destinazione - Odos Oneiron Hotels &amp; Taste in Chania Crete<\/title>\n<meta name=\"robots\" content=\"index, follow, max-snippet:-1, max-image-preview:large, max-video-preview:-1\" \/>\n<link rel=\"canonical\" href=\"https:\/\/www.odosoneironhotels.com\/it\/destination-2\/\" \/>\n<meta property=\"og:locale\" content=\"it_IT\" \/>\n<meta property=\"og:type\" content=\"article\" \/>\n<meta property=\"og:title\" content=\"Destinazione - Odos Oneiron Hotels &amp; Taste in Chania Crete\" \/>\n<meta property=\"og:description\" content=\"Chani\u00e0 \u00a0\u00e8 una meta ricca di fascino, con il meglio di entrambi i mondi. Una citt\u00e0 storica dal fascino veneziano, che trabocca di vita e cultura e forse il porto pi\u00f9 caratteristico di tutta Creta. Anche la provincia di Chani\u00e0, al di l\u00e0 del suo iconico centro storico, ospita alcune spiagge stupende e, se preferite\" \/>\n<meta property=\"og:url\" content=\"https:\/\/www.odosoneironhotels.com\/it\/destination-2\/\" \/>\n<meta property=\"og:site_name\" content=\"Odos Oneiron Hotels &amp; Taste in Chania Crete\" \/>\n<meta property=\"article:modified_time\" content=\"2024-03-11T08:37:24+00:00\" \/>\n<meta property=\"og:image\" content=\"https:\/\/www.odosoneironhotels.com\/app\/uploads\/sites\/91\/2022\/04\/old-port-bigstock-Chania-Crete-Maj-139565735.jpg\" \/>\n\t<meta property=\"og:image:width\" content=\"1920\" \/>\n\t<meta property=\"og:image:height\" content=\"1280\" \/>\n\t<meta property=\"og:image:type\" content=\"image\/jpeg\" \/>\n<meta name=\"twitter:card\" content=\"summary_large_image\" \/>\n<meta name=\"twitter:label1\" content=\"Tempo di lettura stimato\" \/>\n\t<meta name=\"twitter:data1\" content=\"1 minuto\" \/>\n<script type=\"application\/ld+json\" class=\"yoast-schema-graph\">{\"@context\":\"https:\\\/\\\/schema.org\",\"@graph\":[{\"@type\":\"WebPage\",\"@id\":\"https:\\\/\\\/www.odosoneironhotels.com\\\/it\\\/destination-2\\\/\",\"url\":\"https:\\\/\\\/www.odosoneironhotels.com\\\/it\\\/destination-2\\\/\",\"name\":\"Destinazione - Odos Oneiron Hotels &amp; Taste in Chania Crete\",\"isPartOf\":{\"@id\":\"https:\\\/\\\/www.odosoneironhotels.com\\\/#website\"},\"primaryImageOfPage\":{\"@id\":\"https:\\\/\\\/www.odosoneironhotels.com\\\/it\\\/destination-2\\\/#primaryimage\"},\"image\":{\"@id\":\"https:\\\/\\\/www.odosoneironhotels.com\\\/it\\\/destination-2\\\/#primaryimage\"},\"thumbnailUrl\":\"https:\\\/\\\/www.odosoneironhotels.com\\\/app\\\/uploads\\\/sites\\\/91\\\/2022\\\/04\\\/old-port-bigstock-Chania-Crete-Maj-139565735.jpg\",\"datePublished\":\"2022-02-18T11:35:56+00:00\",\"dateModified\":\"2024-03-11T08:37:24+00:00\",\"breadcrumb\":{\"@id\":\"https:\\\/\\\/www.odosoneironhotels.com\\\/it\\\/destination-2\\\/#breadcrumb\"},\"inLanguage\":\"it-IT\",\"potentialAction\":[{\"@type\":\"ReadAction\",\"target\":[\"https:\\\/\\\/www.odosoneironhotels.com\\\/it\\\/destination-2\\\/\"]}]},{\"@type\":\"ImageObject\",\"inLanguage\":\"it-IT\",\"@id\":\"https:\\\/\\\/www.odosoneironhotels.com\\\/it\\\/destination-2\\\/#primaryimage\",\"url\":\"https:\\\/\\\/www.odosoneironhotels.com\\\/app\\\/uploads\\\/sites\\\/91\\\/2022\\\/04\\\/old-port-bigstock-Chania-Crete-Maj-139565735.jpg\",\"contentUrl\":\"https:\\\/\\\/www.odosoneironhotels.com\\\/app\\\/uploads\\\/sites\\\/91\\\/2022\\\/04\\\/old-port-bigstock-Chania-Crete-Maj-139565735.jpg\",\"width\":1920,\"height\":1280},{\"@type\":\"BreadcrumbList\",\"@id\":\"https:\\\/\\\/www.odosoneironhotels.com\\\/it\\\/destination-2\\\/#breadcrumb\",\"itemListElement\":[{\"@type\":\"ListItem\",\"position\":1,\"name\":\"Home\",\"item\":\"https:\\\/\\\/www.odosoneironhotels.com\\\/it\\\/\"},{\"@type\":\"ListItem\",\"position\":2,\"name\":\"Destinazione\"}]},{\"@type\":\"WebSite\",\"@id\":\"https:\\\/\\\/www.odosoneironhotels.com\\\/#website\",\"url\":\"https:\\\/\\\/www.odosoneironhotels.com\\\/\",\"name\":\"Odos Oneiron Hotels &amp; Taste in Chania Crete\",\"description\":\"Delightfully authentic hospitality\",\"potentialAction\":[{\"@type\":\"SearchAction\",\"target\":{\"@type\":\"EntryPoint\",\"urlTemplate\":\"https:\\\/\\\/www.odosoneironhotels.com\\\/?s={search_term_string}\"},\"query-input\":{\"@type\":\"PropertyValueSpecification\",\"valueRequired\":true,\"valueName\":\"search_term_string\"}}],\"inLanguage\":\"it-IT\"}]}<\/script>\n<!-- \/ Yoast SEO plugin. -->","yoast_head_json":{"title":"Destinazione - Odos Oneiron Hotels &amp; Taste in Chania Crete","robots":{"index":"index","follow":"follow","max-snippet":"max-snippet:-1","max-image-preview":"max-image-preview:large","max-video-preview":"max-video-preview:-1"},"canonical":"https:\/\/www.odosoneironhotels.com\/it\/destination-2\/","og_locale":"it_IT","og_type":"article","og_title":"Destinazione - Odos Oneiron Hotels &amp; Taste in Chania Crete","og_description":"Chani\u00e0 \u00a0\u00e8 una meta ricca di fascino, con il meglio di entrambi i mondi. Una citt\u00e0 storica dal fascino veneziano, che trabocca di vita e cultura e forse il porto pi\u00f9 caratteristico di tutta Creta. Anche la provincia di Chani\u00e0, al di l\u00e0 del suo iconico centro storico, ospita alcune spiagge stupende e, se preferite","og_url":"https:\/\/www.odosoneironhotels.com\/it\/destination-2\/","og_site_name":"Odos Oneiron Hotels &amp; Taste in Chania Crete","article_modified_time":"2024-03-11T08:37:24+00:00","og_image":[{"width":1920,"height":1280,"url":"https:\/\/www.odosoneironhotels.com\/app\/uploads\/sites\/91\/2022\/04\/old-port-bigstock-Chania-Crete-Maj-139565735.jpg","type":"image\/jpeg"}],"twitter_card":"summary_large_image","twitter_misc":{"Tempo di lettura stimato":"1 minuto"},"schema":{"@context":"https:\/\/schema.org","@graph":[{"@type":"WebPage","@id":"https:\/\/www.odosoneironhotels.com\/it\/destination-2\/","url":"https:\/\/www.odosoneironhotels.com\/it\/destination-2\/","name":"Destinazione - Odos Oneiron Hotels &amp; Taste in Chania Crete","isPartOf":{"@id":"https:\/\/www.odosoneironhotels.com\/#website"},"primaryImageOfPage":{"@id":"https:\/\/www.odosoneironhotels.com\/it\/destination-2\/#primaryimage"},"image":{"@id":"https:\/\/www.odosoneironhotels.com\/it\/destination-2\/#primaryimage"},"thumbnailUrl":"https:\/\/www.odosoneironhotels.com\/app\/uploads\/sites\/91\/2022\/04\/old-port-bigstock-Chania-Crete-Maj-139565735.jpg","datePublished":"2022-02-18T11:35:56+00:00","dateModified":"2024-03-11T08:37:24+00:00","breadcrumb":{"@id":"https:\/\/www.odosoneironhotels.com\/it\/destination-2\/#breadcrumb"},"inLanguage":"it-IT","potentialAction":[{"@type":"ReadAction","target":["https:\/\/www.odosoneironhotels.com\/it\/destination-2\/"]}]},{"@type":"ImageObject","inLanguage":"it-IT","@id":"https:\/\/www.odosoneironhotels.com\/it\/destination-2\/#primaryimage","url":"https:\/\/www.odosoneironhotels.com\/app\/uploads\/sites\/91\/2022\/04\/old-port-bigstock-Chania-Crete-Maj-139565735.jpg","contentUrl":"https:\/\/www.odosoneironhotels.com\/app\/uploads\/sites\/91\/2022\/04\/old-port-bigstock-Chania-Crete-Maj-139565735.jpg","width":1920,"height":1280},{"@type":"BreadcrumbList","@id":"https:\/\/www.odosoneironhotels.com\/it\/destination-2\/#breadcrumb","itemListElement":[{"@type":"ListItem","position":1,"name":"Home","item":"https:\/\/www.odosoneironhotels.com\/it\/"},{"@type":"ListItem","position":2,"name":"Destinazione"}]},{"@type":"WebSite","@id":"https:\/\/www.odosoneironhotels.com\/#website","url":"https:\/\/www.odosoneironhotels.com\/","name":"Odos Oneiron Hotels &amp; Taste in Chania Crete","description":"Delightfully authentic hospitality","potentialAction":[{"@type":"SearchAction","target":{"@type":"EntryPoint","urlTemplate":"https:\/\/www.odosoneironhotels.com\/?s={search_term_string}"},"query-input":{"@type":"PropertyValueSpecification","valueRequired":true,"valueName":"search_term_string"}}],"inLanguage":"it-IT"}]}},"_links":{"self":[{"href":"https:\/\/www.odosoneironhotels.com\/it\/wp-json\/wp\/v2\/pages\/5445","targetHints":{"allow":["GET"]}}],"collection":[{"href":"https:\/\/www.odosoneironhotels.com\/it\/wp-json\/wp\/v2\/pages"}],"about":[{"href":"https:\/\/www.odosoneironhotels.com\/it\/wp-json\/wp\/v2\/types\/page"}],"author":[{"embeddable":true,"href":"https:\/\/www.odosoneironhotels.com\/it\/wp-json\/wp\/v2\/users\/1"}],"replies":[{"embeddable":true,"href":"https:\/\/www.odosoneironhotels.com\/it\/wp-json\/wp\/v2\/comments?post=5445"}],"version-history":[{"count":3,"href":"https:\/\/www.odosoneironhotels.com\/it\/wp-json\/wp\/v2\/pages\/5445\/revisions"}],"predecessor-version":[{"id":6020,"href":"https:\/\/www.odosoneironhotels.com\/it\/wp-json\/wp\/v2\/pages\/5445\/revisions\/6020"}],"wp:featuredmedia":[{"embeddable":true,"href":"https:\/\/www.odosoneironhotels.com\/it\/wp-json\/wp\/v2\/media\/4703"}],"wp:attachment":[{"href":"https:\/\/www.odosoneironhotels.com\/it\/wp-json\/wp\/v2\/media?parent=5445"}],"curies":[{"name":"wp","href":"https:\/\/api.w.org\/{rel}","templated":true}]}}