{"id":5441,"date":"2022-02-18T13:29:56","date_gmt":"2022-02-18T11:29:56","guid":{"rendered":"https:\/\/www.odosoneironhotels.com\/hotels-2\/"},"modified":"2024-10-29T17:01:52","modified_gmt":"2024-10-29T15:01:52","slug":"hotels","status":"publish","type":"page","link":"https:\/\/www.odosoneironhotels.com\/it\/hotels\/","title":{"rendered":"Hotel"},"content":{"rendered":"<p>I nostri hotel a Chani\u00e0 incarnano il fascino unico della nostra incantevole e variegata terra. Chani\u00e0 \u00e8 una meta che ha tutto. Una pittoresca citt\u00e0 portuale con un valore storico e una splendida costa. I nostri ospiti sono invitati a scegliere quale hotel desiderano provare per primo.<br \/>\nScegliete l\u2019esperienza del quartiere e svegliatevi nella pittoresca citt\u00e0 di Chani\u00e0, prima di esplorarne le meraviglie, o scegliete l\u2019esperienza del mare e svegliatevi con lo splendido mare cretese che vi saluta ogni mattina.<\/p>\n","protected":false},"excerpt":{"rendered":"<p>I nostri hotel a Chani\u00e0 incarnano il fascino unico della nostra incantevole e variegata terra. Chani\u00e0 \u00e8 una meta che ha tutto. Una pittoresca citt\u00e0 portuale con un valore storico e una splendida costa. I nostri ospiti sono invitati a scegliere quale hotel desiderano provare per primo. Scegliete l\u2019esperienza del quartiere e svegliatevi nella pittoresca<\/p>\n","protected":false},"author":1,"featured_media":0,"parent":0,"menu_order":18,"comment_status":"closed","ping_status":"closed","template":"page-templates\/hotels.php","meta":{"_acf_changed":false,"footnotes":""},"class_list":["post-5441","page","type-page","status-publish","hentry"],"acf":[],"yoast_head":"<!-- This site is optimized with the Yoast SEO plugin v27.4 - https:\/\/yoast.com\/product\/yoast-seo-wordpress\/ -->\n<title>Hotel - Odos Oneiron Hotels &amp; Taste in Chania Crete<\/title>\n<meta name=\"robots\" content=\"index, follow, max-snippet:-1, max-image-preview:large, max-video-preview:-1\" \/>\n<link rel=\"canonical\" href=\"https:\/\/www.odosoneironhotels.com\/it\/hotels\/\" \/>\n<meta property=\"og:locale\" content=\"it_IT\" \/>\n<meta property=\"og:type\" content=\"article\" \/>\n<meta property=\"og:title\" content=\"Hotel - Odos Oneiron Hotels &amp; Taste in Chania Crete\" \/>\n<meta property=\"og:description\" content=\"I nostri hotel a Chani\u00e0 incarnano il fascino unico della nostra incantevole e variegata terra. Chani\u00e0 \u00e8 una meta che ha tutto. Una pittoresca citt\u00e0 portuale con un valore storico e una splendida costa. I nostri ospiti sono invitati a scegliere quale hotel desiderano provare per primo. Scegliete l\u2019esperienza del quartiere e svegliatevi nella pittoresca\" \/>\n<meta property=\"og:url\" content=\"https:\/\/www.odosoneironhotels.com\/it\/hotels\/\" \/>\n<meta property=\"og:site_name\" content=\"Odos Oneiron Hotels &amp; Taste in Chania Crete\" \/>\n<meta property=\"article:modified_time\" content=\"2024-10-29T15:01:52+00:00\" \/>\n<meta name=\"twitter:card\" content=\"summary_large_image\" \/>\n<meta name=\"twitter:label1\" content=\"Tempo di lettura stimato\" \/>\n\t<meta name=\"twitter:data1\" content=\"1 minuto\" \/>\n<script type=\"application\/ld+json\" class=\"yoast-schema-graph\">{\"@context\":\"https:\\\/\\\/schema.org\",\"@graph\":[{\"@type\":\"WebPage\",\"@id\":\"https:\\\/\\\/www.odosoneironhotels.com\\\/it\\\/hotels\\\/\",\"url\":\"https:\\\/\\\/www.odosoneironhotels.com\\\/it\\\/hotels\\\/\",\"name\":\"Hotel - Odos Oneiron Hotels &amp; Taste in Chania Crete\",\"isPartOf\":{\"@id\":\"https:\\\/\\\/www.odosoneironhotels.com\\\/#website\"},\"datePublished\":\"2022-02-18T11:29:56+00:00\",\"dateModified\":\"2024-10-29T15:01:52+00:00\",\"breadcrumb\":{\"@id\":\"https:\\\/\\\/www.odosoneironhotels.com\\\/it\\\/hotels\\\/#breadcrumb\"},\"inLanguage\":\"it-IT\",\"potentialAction\":[{\"@type\":\"ReadAction\",\"target\":[\"https:\\\/\\\/www.odosoneironhotels.com\\\/it\\\/hotels\\\/\"]}]},{\"@type\":\"BreadcrumbList\",\"@id\":\"https:\\\/\\\/www.odosoneironhotels.com\\\/it\\\/hotels\\\/#breadcrumb\",\"itemListElement\":[{\"@type\":\"ListItem\",\"position\":1,\"name\":\"Home\",\"item\":\"https:\\\/\\\/www.odosoneironhotels.com\\\/it\\\/\"},{\"@type\":\"ListItem\",\"position\":2,\"name\":\"Hotel\"}]},{\"@type\":\"WebSite\",\"@id\":\"https:\\\/\\\/www.odosoneironhotels.com\\\/#website\",\"url\":\"https:\\\/\\\/www.odosoneironhotels.com\\\/\",\"name\":\"Odos Oneiron Hotels &amp; Taste in Chania Crete\",\"description\":\"Delightfully authentic hospitality\",\"potentialAction\":[{\"@type\":\"SearchAction\",\"target\":{\"@type\":\"EntryPoint\",\"urlTemplate\":\"https:\\\/\\\/www.odosoneironhotels.com\\\/?s={search_term_string}\"},\"query-input\":{\"@type\":\"PropertyValueSpecification\",\"valueRequired\":true,\"valueName\":\"search_term_string\"}}],\"inLanguage\":\"it-IT\"}]}<\/script>\n<!-- \/ Yoast SEO plugin. -->","yoast_head_json":{"title":"Hotel - Odos Oneiron Hotels &amp; Taste in Chania Crete","robots":{"index":"index","follow":"follow","max-snippet":"max-snippet:-1","max-image-preview":"max-image-preview:large","max-video-preview":"max-video-preview:-1"},"canonical":"https:\/\/www.odosoneironhotels.com\/it\/hotels\/","og_locale":"it_IT","og_type":"article","og_title":"Hotel - Odos Oneiron Hotels &amp; Taste in Chania Crete","og_description":"I nostri hotel a Chani\u00e0 incarnano il fascino unico della nostra incantevole e variegata terra. Chani\u00e0 \u00e8 una meta che ha tutto. Una pittoresca citt\u00e0 portuale con un valore storico e una splendida costa. I nostri ospiti sono invitati a scegliere quale hotel desiderano provare per primo. Scegliete l\u2019esperienza del quartiere e svegliatevi nella pittoresca","og_url":"https:\/\/www.odosoneironhotels.com\/it\/hotels\/","og_site_name":"Odos Oneiron Hotels &amp; Taste in Chania Crete","article_modified_time":"2024-10-29T15:01:52+00:00","twitter_card":"summary_large_image","twitter_misc":{"Tempo di lettura stimato":"1 minuto"},"schema":{"@context":"https:\/\/schema.org","@graph":[{"@type":"WebPage","@id":"https:\/\/www.odosoneironhotels.com\/it\/hotels\/","url":"https:\/\/www.odosoneironhotels.com\/it\/hotels\/","name":"Hotel - Odos Oneiron Hotels &amp; Taste in Chania Crete","isPartOf":{"@id":"https:\/\/www.odosoneironhotels.com\/#website"},"datePublished":"2022-02-18T11:29:56+00:00","dateModified":"2024-10-29T15:01:52+00:00","breadcrumb":{"@id":"https:\/\/www.odosoneironhotels.com\/it\/hotels\/#breadcrumb"},"inLanguage":"it-IT","potentialAction":[{"@type":"ReadAction","target":["https:\/\/www.odosoneironhotels.com\/it\/hotels\/"]}]},{"@type":"BreadcrumbList","@id":"https:\/\/www.odosoneironhotels.com\/it\/hotels\/#breadcrumb","itemListElement":[{"@type":"ListItem","position":1,"name":"Home","item":"https:\/\/www.odosoneironhotels.com\/it\/"},{"@type":"ListItem","position":2,"name":"Hotel"}]},{"@type":"WebSite","@id":"https:\/\/www.odosoneironhotels.com\/#website","url":"https:\/\/www.odosoneironhotels.com\/","name":"Odos Oneiron Hotels &amp; Taste in Chania Crete","description":"Delightfully authentic hospitality","potentialAction":[{"@type":"SearchAction","target":{"@type":"EntryPoint","urlTemplate":"https:\/\/www.odosoneironhotels.com\/?s={search_term_string}"},"query-input":{"@type":"PropertyValueSpecification","valueRequired":true,"valueName":"search_term_string"}}],"inLanguage":"it-IT"}]}},"_links":{"self":[{"href":"https:\/\/www.odosoneironhotels.com\/it\/wp-json\/wp\/v2\/pages\/5441","targetHints":{"allow":["GET"]}}],"collection":[{"href":"https:\/\/www.odosoneironhotels.com\/it\/wp-json\/wp\/v2\/pages"}],"about":[{"href":"https:\/\/www.odosoneironhotels.com\/it\/wp-json\/wp\/v2\/types\/page"}],"author":[{"embeddable":true,"href":"https:\/\/www.odosoneironhotels.com\/it\/wp-json\/wp\/v2\/users\/1"}],"replies":[{"embeddable":true,"href":"https:\/\/www.odosoneironhotels.com\/it\/wp-json\/wp\/v2\/comments?post=5441"}],"version-history":[{"count":2,"href":"https:\/\/www.odosoneironhotels.com\/it\/wp-json\/wp\/v2\/pages\/5441\/revisions"}],"predecessor-version":[{"id":6005,"href":"https:\/\/www.odosoneironhotels.com\/it\/wp-json\/wp\/v2\/pages\/5441\/revisions\/6005"}],"wp:attachment":[{"href":"https:\/\/www.odosoneironhotels.com\/it\/wp-json\/wp\/v2\/media?parent=5441"}],"curies":[{"name":"wp","href":"https:\/\/api.w.org\/{rel}","templated":true}]}}