{"id":5435,"date":"2022-02-21T15:20:02","date_gmt":"2022-02-21T13:20:02","guid":{"rendered":"https:\/\/www.odosoneironhotels.com\/taste-2\/"},"modified":"2024-03-11T14:18:57","modified_gmt":"2024-03-11T12:18:57","slug":"taste","status":"publish","type":"page","link":"https:\/\/www.odosoneironhotels.com\/it\/hotels\/tavronitis-bay\/taste\/","title":{"rendered":"Il gusto"},"content":{"rendered":"<p>A Creta, il cibo non \u00e8 solo sostentamento o piacere. A Creta il cibo \u00e8 associato alla creazione di legami. L\u2019ospitalit\u00e0 \u00e8 fortemente legata al mangiar bene: che siate membri della famiglia, amici o ospiti, a Creta non \u00e8 possibile rinunciare a mangiar bene.<\/p>\n<p>A Odos Oneiron Hotels &amp; Taste incarniamo la mentalit\u00e0 cretese e teniamo moltissimo al cibo che serviamo. Per questo motivo, prepariamo tutto ci\u00f2 che assaggerete, utilizzando solo i migliori prodotti locali e con il nostro ingrediente principale: il meraki*\u00a0(\u03bc\u03b5\u03c1\u03ac\u03ba\u03b9 \u2013 fare qualcosa con l\u2019anima, creativit\u00e0 o amore).<\/p>\n","protected":false},"excerpt":{"rendered":"<p>A Creta, il cibo non \u00e8 solo sostentamento o piacere. A Creta il cibo \u00e8 associato alla creazione di legami. L\u2019ospitalit\u00e0 \u00e8 fortemente legata al mangiar bene: che siate membri della famiglia, amici o ospiti, a Creta non \u00e8 possibile rinunciare a mangiar bene. A Odos Oneiron Hotels &amp; Taste incarniamo la mentalit\u00e0 cretese e<\/p>\n","protected":false},"author":200,"featured_media":4652,"parent":5437,"menu_order":6,"comment_status":"closed","ping_status":"closed","template":"page-templates\/simple-list.php","meta":{"_acf_changed":false,"footnotes":""},"class_list":["post-5435","page","type-page","status-publish","has-post-thumbnail","hentry"],"acf":[],"yoast_head":"<!-- This site is optimized with the Yoast SEO plugin v27.5 - https:\/\/yoast.com\/product\/yoast-seo-wordpress\/ -->\n<title>Il gusto - Odos Oneiron Hotels &amp; Taste in Chania Crete<\/title>\n<meta name=\"robots\" content=\"index, follow, max-snippet:-1, max-image-preview:large, max-video-preview:-1\" \/>\n<link rel=\"canonical\" href=\"https:\/\/www.odosoneironhotels.com\/it\/hotels\/tavronitis-bay\/taste\/\" \/>\n<meta property=\"og:locale\" content=\"it_IT\" \/>\n<meta property=\"og:type\" content=\"article\" \/>\n<meta property=\"og:title\" content=\"Il gusto - Odos Oneiron Hotels &amp; Taste in Chania Crete\" \/>\n<meta property=\"og:description\" content=\"A Creta, il cibo non \u00e8 solo sostentamento o piacere. A Creta il cibo \u00e8 associato alla creazione di legami. L\u2019ospitalit\u00e0 \u00e8 fortemente legata al mangiar bene: che siate membri della famiglia, amici o ospiti, a Creta non \u00e8 possibile rinunciare a mangiar bene. A Odos Oneiron Hotels &amp; Taste incarniamo la mentalit\u00e0 cretese e\" \/>\n<meta property=\"og:url\" content=\"https:\/\/www.odosoneironhotels.com\/it\/hotels\/tavronitis-bay\/taste\/\" \/>\n<meta property=\"og:site_name\" content=\"Odos Oneiron Hotels &amp; Taste in Chania Crete\" \/>\n<meta property=\"article:modified_time\" content=\"2024-03-11T12:18:57+00:00\" \/>\n<meta property=\"og:image\" content=\"https:\/\/www.odosoneironhotels.com\/app\/uploads\/sites\/91\/2022\/02\/bigstock-Close-Up-Of-Breakfast-At-Europ-451824351.jpg\" \/>\n\t<meta property=\"og:image:width\" content=\"1920\" \/>\n\t<meta property=\"og:image:height\" content=\"1280\" \/>\n\t<meta property=\"og:image:type\" content=\"image\/jpeg\" \/>\n<meta name=\"twitter:card\" content=\"summary_large_image\" \/>\n<meta name=\"twitter:label1\" content=\"Tempo di lettura stimato\" \/>\n\t<meta name=\"twitter:data1\" content=\"1 minuto\" \/>\n<script type=\"application\/ld+json\" class=\"yoast-schema-graph\">{\"@context\":\"https:\\\/\\\/schema.org\",\"@graph\":[{\"@type\":\"WebPage\",\"@id\":\"https:\\\/\\\/www.odosoneironhotels.com\\\/it\\\/hotels\\\/tavronitis-bay\\\/taste\\\/\",\"url\":\"https:\\\/\\\/www.odosoneironhotels.com\\\/it\\\/hotels\\\/tavronitis-bay\\\/taste\\\/\",\"name\":\"Il gusto - Odos Oneiron Hotels &amp; Taste in Chania Crete\",\"isPartOf\":{\"@id\":\"https:\\\/\\\/www.odosoneironhotels.com\\\/#website\"},\"primaryImageOfPage\":{\"@id\":\"https:\\\/\\\/www.odosoneironhotels.com\\\/it\\\/hotels\\\/tavronitis-bay\\\/taste\\\/#primaryimage\"},\"image\":{\"@id\":\"https:\\\/\\\/www.odosoneironhotels.com\\\/it\\\/hotels\\\/tavronitis-bay\\\/taste\\\/#primaryimage\"},\"thumbnailUrl\":\"https:\\\/\\\/www.odosoneironhotels.com\\\/app\\\/uploads\\\/sites\\\/91\\\/2022\\\/02\\\/bigstock-Close-Up-Of-Breakfast-At-Europ-451824351.jpg\",\"datePublished\":\"2022-02-21T13:20:02+00:00\",\"dateModified\":\"2024-03-11T12:18:57+00:00\",\"breadcrumb\":{\"@id\":\"https:\\\/\\\/www.odosoneironhotels.com\\\/it\\\/hotels\\\/tavronitis-bay\\\/taste\\\/#breadcrumb\"},\"inLanguage\":\"it-IT\",\"potentialAction\":[{\"@type\":\"ReadAction\",\"target\":[\"https:\\\/\\\/www.odosoneironhotels.com\\\/it\\\/hotels\\\/tavronitis-bay\\\/taste\\\/\"]}]},{\"@type\":\"ImageObject\",\"inLanguage\":\"it-IT\",\"@id\":\"https:\\\/\\\/www.odosoneironhotels.com\\\/it\\\/hotels\\\/tavronitis-bay\\\/taste\\\/#primaryimage\",\"url\":\"https:\\\/\\\/www.odosoneironhotels.com\\\/app\\\/uploads\\\/sites\\\/91\\\/2022\\\/02\\\/bigstock-Close-Up-Of-Breakfast-At-Europ-451824351.jpg\",\"contentUrl\":\"https:\\\/\\\/www.odosoneironhotels.com\\\/app\\\/uploads\\\/sites\\\/91\\\/2022\\\/02\\\/bigstock-Close-Up-Of-Breakfast-At-Europ-451824351.jpg\",\"width\":1920,\"height\":1280},{\"@type\":\"BreadcrumbList\",\"@id\":\"https:\\\/\\\/www.odosoneironhotels.com\\\/it\\\/hotels\\\/tavronitis-bay\\\/taste\\\/#breadcrumb\",\"itemListElement\":[{\"@type\":\"ListItem\",\"position\":1,\"name\":\"Home\",\"item\":\"https:\\\/\\\/www.odosoneironhotels.com\\\/it\\\/\"},{\"@type\":\"ListItem\",\"position\":2,\"name\":\"Hotel\",\"item\":\"https:\\\/\\\/www.odosoneironhotels.com\\\/it\\\/hotels\\\/\"},{\"@type\":\"ListItem\",\"position\":3,\"name\":\"Odos Oneiron Tavronitis Bay\",\"item\":\"https:\\\/\\\/www.odosoneironhotels.com\\\/it\\\/hotels\\\/tavronitis-bay\\\/\"},{\"@type\":\"ListItem\",\"position\":4,\"name\":\"Il gusto\"}]},{\"@type\":\"WebSite\",\"@id\":\"https:\\\/\\\/www.odosoneironhotels.com\\\/#website\",\"url\":\"https:\\\/\\\/www.odosoneironhotels.com\\\/\",\"name\":\"Odos Oneiron Hotels &amp; Taste in Chania Crete\",\"description\":\"Delightfully authentic hospitality\",\"potentialAction\":[{\"@type\":\"SearchAction\",\"target\":{\"@type\":\"EntryPoint\",\"urlTemplate\":\"https:\\\/\\\/www.odosoneironhotels.com\\\/?s={search_term_string}\"},\"query-input\":{\"@type\":\"PropertyValueSpecification\",\"valueRequired\":true,\"valueName\":\"search_term_string\"}}],\"inLanguage\":\"it-IT\"}]}<\/script>\n<!-- \/ Yoast SEO plugin. -->","yoast_head_json":{"title":"Il gusto - Odos Oneiron Hotels &amp; Taste in Chania Crete","robots":{"index":"index","follow":"follow","max-snippet":"max-snippet:-1","max-image-preview":"max-image-preview:large","max-video-preview":"max-video-preview:-1"},"canonical":"https:\/\/www.odosoneironhotels.com\/it\/hotels\/tavronitis-bay\/taste\/","og_locale":"it_IT","og_type":"article","og_title":"Il gusto - Odos Oneiron Hotels &amp; Taste in Chania Crete","og_description":"A Creta, il cibo non \u00e8 solo sostentamento o piacere. A Creta il cibo \u00e8 associato alla creazione di legami. L\u2019ospitalit\u00e0 \u00e8 fortemente legata al mangiar bene: che siate membri della famiglia, amici o ospiti, a Creta non \u00e8 possibile rinunciare a mangiar bene. A Odos Oneiron Hotels &amp; Taste incarniamo la mentalit\u00e0 cretese e","og_url":"https:\/\/www.odosoneironhotels.com\/it\/hotels\/tavronitis-bay\/taste\/","og_site_name":"Odos Oneiron Hotels &amp; Taste in Chania Crete","article_modified_time":"2024-03-11T12:18:57+00:00","og_image":[{"width":1920,"height":1280,"url":"https:\/\/www.odosoneironhotels.com\/app\/uploads\/sites\/91\/2022\/02\/bigstock-Close-Up-Of-Breakfast-At-Europ-451824351.jpg","type":"image\/jpeg"}],"twitter_card":"summary_large_image","twitter_misc":{"Tempo di lettura stimato":"1 minuto"},"schema":{"@context":"https:\/\/schema.org","@graph":[{"@type":"WebPage","@id":"https:\/\/www.odosoneironhotels.com\/it\/hotels\/tavronitis-bay\/taste\/","url":"https:\/\/www.odosoneironhotels.com\/it\/hotels\/tavronitis-bay\/taste\/","name":"Il gusto - Odos Oneiron Hotels &amp; Taste in Chania Crete","isPartOf":{"@id":"https:\/\/www.odosoneironhotels.com\/#website"},"primaryImageOfPage":{"@id":"https:\/\/www.odosoneironhotels.com\/it\/hotels\/tavronitis-bay\/taste\/#primaryimage"},"image":{"@id":"https:\/\/www.odosoneironhotels.com\/it\/hotels\/tavronitis-bay\/taste\/#primaryimage"},"thumbnailUrl":"https:\/\/www.odosoneironhotels.com\/app\/uploads\/sites\/91\/2022\/02\/bigstock-Close-Up-Of-Breakfast-At-Europ-451824351.jpg","datePublished":"2022-02-21T13:20:02+00:00","dateModified":"2024-03-11T12:18:57+00:00","breadcrumb":{"@id":"https:\/\/www.odosoneironhotels.com\/it\/hotels\/tavronitis-bay\/taste\/#breadcrumb"},"inLanguage":"it-IT","potentialAction":[{"@type":"ReadAction","target":["https:\/\/www.odosoneironhotels.com\/it\/hotels\/tavronitis-bay\/taste\/"]}]},{"@type":"ImageObject","inLanguage":"it-IT","@id":"https:\/\/www.odosoneironhotels.com\/it\/hotels\/tavronitis-bay\/taste\/#primaryimage","url":"https:\/\/www.odosoneironhotels.com\/app\/uploads\/sites\/91\/2022\/02\/bigstock-Close-Up-Of-Breakfast-At-Europ-451824351.jpg","contentUrl":"https:\/\/www.odosoneironhotels.com\/app\/uploads\/sites\/91\/2022\/02\/bigstock-Close-Up-Of-Breakfast-At-Europ-451824351.jpg","width":1920,"height":1280},{"@type":"BreadcrumbList","@id":"https:\/\/www.odosoneironhotels.com\/it\/hotels\/tavronitis-bay\/taste\/#breadcrumb","itemListElement":[{"@type":"ListItem","position":1,"name":"Home","item":"https:\/\/www.odosoneironhotels.com\/it\/"},{"@type":"ListItem","position":2,"name":"Hotel","item":"https:\/\/www.odosoneironhotels.com\/it\/hotels\/"},{"@type":"ListItem","position":3,"name":"Odos Oneiron Tavronitis Bay","item":"https:\/\/www.odosoneironhotels.com\/it\/hotels\/tavronitis-bay\/"},{"@type":"ListItem","position":4,"name":"Il gusto"}]},{"@type":"WebSite","@id":"https:\/\/www.odosoneironhotels.com\/#website","url":"https:\/\/www.odosoneironhotels.com\/","name":"Odos Oneiron Hotels &amp; Taste in Chania Crete","description":"Delightfully authentic hospitality","potentialAction":[{"@type":"SearchAction","target":{"@type":"EntryPoint","urlTemplate":"https:\/\/www.odosoneironhotels.com\/?s={search_term_string}"},"query-input":{"@type":"PropertyValueSpecification","valueRequired":true,"valueName":"search_term_string"}}],"inLanguage":"it-IT"}]}},"_links":{"self":[{"href":"https:\/\/www.odosoneironhotels.com\/it\/wp-json\/wp\/v2\/pages\/5435","targetHints":{"allow":["GET"]}}],"collection":[{"href":"https:\/\/www.odosoneironhotels.com\/it\/wp-json\/wp\/v2\/pages"}],"about":[{"href":"https:\/\/www.odosoneironhotels.com\/it\/wp-json\/wp\/v2\/types\/page"}],"author":[{"embeddable":true,"href":"https:\/\/www.odosoneironhotels.com\/it\/wp-json\/wp\/v2\/users\/200"}],"replies":[{"embeddable":true,"href":"https:\/\/www.odosoneironhotels.com\/it\/wp-json\/wp\/v2\/comments?post=5435"}],"version-history":[{"count":3,"href":"https:\/\/www.odosoneironhotels.com\/it\/wp-json\/wp\/v2\/pages\/5435\/revisions"}],"predecessor-version":[{"id":6071,"href":"https:\/\/www.odosoneironhotels.com\/it\/wp-json\/wp\/v2\/pages\/5435\/revisions\/6071"}],"up":[{"embeddable":true,"href":"https:\/\/www.odosoneironhotels.com\/it\/wp-json\/wp\/v2\/pages\/5437"}],"wp:featuredmedia":[{"embeddable":true,"href":"https:\/\/www.odosoneironhotels.com\/it\/wp-json\/wp\/v2\/media\/4652"}],"wp:attachment":[{"href":"https:\/\/www.odosoneironhotels.com\/it\/wp-json\/wp\/v2\/media?parent=5435"}],"curies":[{"name":"wp","href":"https:\/\/api.w.org\/{rel}","templated":true}]}}