{"id":5434,"date":"2022-02-21T15:29:23","date_gmt":"2022-02-21T13:29:23","guid":{"rendered":"https:\/\/www.odosoneironhotels.com\/things-to-do-2\/"},"modified":"2024-03-11T14:23:09","modified_gmt":"2024-03-11T12:23:09","slug":"things-to-do","status":"publish","type":"page","link":"https:\/\/www.odosoneironhotels.com\/it\/hotels\/tavronitis-bay\/things-to-do\/","title":{"rendered":"Cose da fare"},"content":{"rendered":"<p>Nella baia di Tavronitis, a soli 20 minuti dalla citt\u00e0 di Chani\u00e0, avete il mare cretese come orizzonte quotidiano. \u00c8 la base perfetta sul mare da cui partire per esplorare tutte le altre localit\u00e0 pi\u00f9 importanti di Chani\u00e0 .<\/p>\n","protected":false},"excerpt":{"rendered":"<p>Nella baia di Tavronitis, a soli 20 minuti dalla citt\u00e0 di Chani\u00e0, avete il mare cretese come orizzonte quotidiano. \u00c8 la base perfetta sul mare da cui partire per esplorare tutte le altre localit\u00e0 pi\u00f9 importanti di Chani\u00e0 .<\/p>\n","protected":false},"author":200,"featured_media":4856,"parent":5437,"menu_order":11,"comment_status":"closed","ping_status":"closed","template":"page-templates\/experiences.php","meta":{"_acf_changed":false,"footnotes":""},"class_list":["post-5434","page","type-page","status-publish","has-post-thumbnail","hentry"],"acf":[],"yoast_head":"<!-- This site is optimized with the Yoast SEO plugin v27.5 - https:\/\/yoast.com\/product\/yoast-seo-wordpress\/ -->\n<title>Cose da fare - Odos Oneiron Hotels &amp; Taste in Chania Crete<\/title>\n<meta name=\"robots\" content=\"index, follow, max-snippet:-1, max-image-preview:large, max-video-preview:-1\" \/>\n<link rel=\"canonical\" href=\"https:\/\/www.odosoneironhotels.com\/it\/hotels\/tavronitis-bay\/things-to-do\/\" \/>\n<meta property=\"og:locale\" content=\"it_IT\" \/>\n<meta property=\"og:type\" content=\"article\" \/>\n<meta property=\"og:title\" content=\"Cose da fare - Odos Oneiron Hotels &amp; Taste in Chania Crete\" \/>\n<meta property=\"og:description\" content=\"Nella baia di Tavronitis, a soli 20 minuti dalla citt\u00e0 di Chani\u00e0, avete il mare cretese come orizzonte quotidiano. \u00c8 la base perfetta sul mare da cui partire per esplorare tutte le altre localit\u00e0 pi\u00f9 importanti di Chani\u00e0 .\" \/>\n<meta property=\"og:url\" content=\"https:\/\/www.odosoneironhotels.com\/it\/hotels\/tavronitis-bay\/things-to-do\/\" \/>\n<meta property=\"og:site_name\" content=\"Odos Oneiron Hotels &amp; Taste in Chania Crete\" \/>\n<meta property=\"article:modified_time\" content=\"2024-03-11T12:23:09+00:00\" \/>\n<meta property=\"og:image\" content=\"https:\/\/www.odosoneironhotels.com\/app\/uploads\/sites\/91\/2022\/04\/balos-shutterstock_608625857-1.jpg\" \/>\n\t<meta property=\"og:image:width\" content=\"1920\" \/>\n\t<meta property=\"og:image:height\" content=\"1272\" \/>\n\t<meta property=\"og:image:type\" content=\"image\/jpeg\" \/>\n<meta name=\"twitter:card\" content=\"summary_large_image\" \/>\n<meta name=\"twitter:label1\" content=\"Tempo di lettura stimato\" \/>\n\t<meta name=\"twitter:data1\" content=\"1 minuto\" \/>\n<script type=\"application\/ld+json\" class=\"yoast-schema-graph\">{\"@context\":\"https:\\\/\\\/schema.org\",\"@graph\":[{\"@type\":\"WebPage\",\"@id\":\"https:\\\/\\\/www.odosoneironhotels.com\\\/it\\\/hotels\\\/tavronitis-bay\\\/things-to-do\\\/\",\"url\":\"https:\\\/\\\/www.odosoneironhotels.com\\\/it\\\/hotels\\\/tavronitis-bay\\\/things-to-do\\\/\",\"name\":\"Cose da fare - Odos Oneiron Hotels &amp; Taste in Chania Crete\",\"isPartOf\":{\"@id\":\"https:\\\/\\\/www.odosoneironhotels.com\\\/#website\"},\"primaryImageOfPage\":{\"@id\":\"https:\\\/\\\/www.odosoneironhotels.com\\\/it\\\/hotels\\\/tavronitis-bay\\\/things-to-do\\\/#primaryimage\"},\"image\":{\"@id\":\"https:\\\/\\\/www.odosoneironhotels.com\\\/it\\\/hotels\\\/tavronitis-bay\\\/things-to-do\\\/#primaryimage\"},\"thumbnailUrl\":\"https:\\\/\\\/www.odosoneironhotels.com\\\/app\\\/uploads\\\/sites\\\/91\\\/2022\\\/04\\\/balos-shutterstock_608625857-1.jpg\",\"datePublished\":\"2022-02-21T13:29:23+00:00\",\"dateModified\":\"2024-03-11T12:23:09+00:00\",\"breadcrumb\":{\"@id\":\"https:\\\/\\\/www.odosoneironhotels.com\\\/it\\\/hotels\\\/tavronitis-bay\\\/things-to-do\\\/#breadcrumb\"},\"inLanguage\":\"it-IT\",\"potentialAction\":[{\"@type\":\"ReadAction\",\"target\":[\"https:\\\/\\\/www.odosoneironhotels.com\\\/it\\\/hotels\\\/tavronitis-bay\\\/things-to-do\\\/\"]}]},{\"@type\":\"ImageObject\",\"inLanguage\":\"it-IT\",\"@id\":\"https:\\\/\\\/www.odosoneironhotels.com\\\/it\\\/hotels\\\/tavronitis-bay\\\/things-to-do\\\/#primaryimage\",\"url\":\"https:\\\/\\\/www.odosoneironhotels.com\\\/app\\\/uploads\\\/sites\\\/91\\\/2022\\\/04\\\/balos-shutterstock_608625857-1.jpg\",\"contentUrl\":\"https:\\\/\\\/www.odosoneironhotels.com\\\/app\\\/uploads\\\/sites\\\/91\\\/2022\\\/04\\\/balos-shutterstock_608625857-1.jpg\",\"width\":1920,\"height\":1272},{\"@type\":\"BreadcrumbList\",\"@id\":\"https:\\\/\\\/www.odosoneironhotels.com\\\/it\\\/hotels\\\/tavronitis-bay\\\/things-to-do\\\/#breadcrumb\",\"itemListElement\":[{\"@type\":\"ListItem\",\"position\":1,\"name\":\"Home\",\"item\":\"https:\\\/\\\/www.odosoneironhotels.com\\\/it\\\/\"},{\"@type\":\"ListItem\",\"position\":2,\"name\":\"Hotel\",\"item\":\"https:\\\/\\\/www.odosoneironhotels.com\\\/it\\\/hotels\\\/\"},{\"@type\":\"ListItem\",\"position\":3,\"name\":\"Odos Oneiron Tavronitis Bay\",\"item\":\"https:\\\/\\\/www.odosoneironhotels.com\\\/it\\\/hotels\\\/tavronitis-bay\\\/\"},{\"@type\":\"ListItem\",\"position\":4,\"name\":\"Cose da fare\"}]},{\"@type\":\"WebSite\",\"@id\":\"https:\\\/\\\/www.odosoneironhotels.com\\\/#website\",\"url\":\"https:\\\/\\\/www.odosoneironhotels.com\\\/\",\"name\":\"Odos Oneiron Hotels &amp; Taste in Chania Crete\",\"description\":\"Delightfully authentic hospitality\",\"potentialAction\":[{\"@type\":\"SearchAction\",\"target\":{\"@type\":\"EntryPoint\",\"urlTemplate\":\"https:\\\/\\\/www.odosoneironhotels.com\\\/?s={search_term_string}\"},\"query-input\":{\"@type\":\"PropertyValueSpecification\",\"valueRequired\":true,\"valueName\":\"search_term_string\"}}],\"inLanguage\":\"it-IT\"}]}<\/script>\n<!-- \/ Yoast SEO plugin. -->","yoast_head_json":{"title":"Cose da fare - Odos Oneiron Hotels &amp; Taste in Chania Crete","robots":{"index":"index","follow":"follow","max-snippet":"max-snippet:-1","max-image-preview":"max-image-preview:large","max-video-preview":"max-video-preview:-1"},"canonical":"https:\/\/www.odosoneironhotels.com\/it\/hotels\/tavronitis-bay\/things-to-do\/","og_locale":"it_IT","og_type":"article","og_title":"Cose da fare - Odos Oneiron Hotels &amp; Taste in Chania Crete","og_description":"Nella baia di Tavronitis, a soli 20 minuti dalla citt\u00e0 di Chani\u00e0, avete il mare cretese come orizzonte quotidiano. \u00c8 la base perfetta sul mare da cui partire per esplorare tutte le altre localit\u00e0 pi\u00f9 importanti di Chani\u00e0 .","og_url":"https:\/\/www.odosoneironhotels.com\/it\/hotels\/tavronitis-bay\/things-to-do\/","og_site_name":"Odos Oneiron Hotels &amp; Taste in Chania Crete","article_modified_time":"2024-03-11T12:23:09+00:00","og_image":[{"width":1920,"height":1272,"url":"https:\/\/www.odosoneironhotels.com\/app\/uploads\/sites\/91\/2022\/04\/balos-shutterstock_608625857-1.jpg","type":"image\/jpeg"}],"twitter_card":"summary_large_image","twitter_misc":{"Tempo di lettura stimato":"1 minuto"},"schema":{"@context":"https:\/\/schema.org","@graph":[{"@type":"WebPage","@id":"https:\/\/www.odosoneironhotels.com\/it\/hotels\/tavronitis-bay\/things-to-do\/","url":"https:\/\/www.odosoneironhotels.com\/it\/hotels\/tavronitis-bay\/things-to-do\/","name":"Cose da fare - Odos Oneiron Hotels &amp; Taste in Chania Crete","isPartOf":{"@id":"https:\/\/www.odosoneironhotels.com\/#website"},"primaryImageOfPage":{"@id":"https:\/\/www.odosoneironhotels.com\/it\/hotels\/tavronitis-bay\/things-to-do\/#primaryimage"},"image":{"@id":"https:\/\/www.odosoneironhotels.com\/it\/hotels\/tavronitis-bay\/things-to-do\/#primaryimage"},"thumbnailUrl":"https:\/\/www.odosoneironhotels.com\/app\/uploads\/sites\/91\/2022\/04\/balos-shutterstock_608625857-1.jpg","datePublished":"2022-02-21T13:29:23+00:00","dateModified":"2024-03-11T12:23:09+00:00","breadcrumb":{"@id":"https:\/\/www.odosoneironhotels.com\/it\/hotels\/tavronitis-bay\/things-to-do\/#breadcrumb"},"inLanguage":"it-IT","potentialAction":[{"@type":"ReadAction","target":["https:\/\/www.odosoneironhotels.com\/it\/hotels\/tavronitis-bay\/things-to-do\/"]}]},{"@type":"ImageObject","inLanguage":"it-IT","@id":"https:\/\/www.odosoneironhotels.com\/it\/hotels\/tavronitis-bay\/things-to-do\/#primaryimage","url":"https:\/\/www.odosoneironhotels.com\/app\/uploads\/sites\/91\/2022\/04\/balos-shutterstock_608625857-1.jpg","contentUrl":"https:\/\/www.odosoneironhotels.com\/app\/uploads\/sites\/91\/2022\/04\/balos-shutterstock_608625857-1.jpg","width":1920,"height":1272},{"@type":"BreadcrumbList","@id":"https:\/\/www.odosoneironhotels.com\/it\/hotels\/tavronitis-bay\/things-to-do\/#breadcrumb","itemListElement":[{"@type":"ListItem","position":1,"name":"Home","item":"https:\/\/www.odosoneironhotels.com\/it\/"},{"@type":"ListItem","position":2,"name":"Hotel","item":"https:\/\/www.odosoneironhotels.com\/it\/hotels\/"},{"@type":"ListItem","position":3,"name":"Odos Oneiron Tavronitis Bay","item":"https:\/\/www.odosoneironhotels.com\/it\/hotels\/tavronitis-bay\/"},{"@type":"ListItem","position":4,"name":"Cose da fare"}]},{"@type":"WebSite","@id":"https:\/\/www.odosoneironhotels.com\/#website","url":"https:\/\/www.odosoneironhotels.com\/","name":"Odos Oneiron Hotels &amp; Taste in Chania Crete","description":"Delightfully authentic hospitality","potentialAction":[{"@type":"SearchAction","target":{"@type":"EntryPoint","urlTemplate":"https:\/\/www.odosoneironhotels.com\/?s={search_term_string}"},"query-input":{"@type":"PropertyValueSpecification","valueRequired":true,"valueName":"search_term_string"}}],"inLanguage":"it-IT"}]}},"_links":{"self":[{"href":"https:\/\/www.odosoneironhotels.com\/it\/wp-json\/wp\/v2\/pages\/5434","targetHints":{"allow":["GET"]}}],"collection":[{"href":"https:\/\/www.odosoneironhotels.com\/it\/wp-json\/wp\/v2\/pages"}],"about":[{"href":"https:\/\/www.odosoneironhotels.com\/it\/wp-json\/wp\/v2\/types\/page"}],"author":[{"embeddable":true,"href":"https:\/\/www.odosoneironhotels.com\/it\/wp-json\/wp\/v2\/users\/200"}],"replies":[{"embeddable":true,"href":"https:\/\/www.odosoneironhotels.com\/it\/wp-json\/wp\/v2\/comments?post=5434"}],"version-history":[{"count":6,"href":"https:\/\/www.odosoneironhotels.com\/it\/wp-json\/wp\/v2\/pages\/5434\/revisions"}],"predecessor-version":[{"id":6073,"href":"https:\/\/www.odosoneironhotels.com\/it\/wp-json\/wp\/v2\/pages\/5434\/revisions\/6073"}],"up":[{"embeddable":true,"href":"https:\/\/www.odosoneironhotels.com\/it\/wp-json\/wp\/v2\/pages\/5437"}],"wp:featuredmedia":[{"embeddable":true,"href":"https:\/\/www.odosoneironhotels.com\/it\/wp-json\/wp\/v2\/media\/4856"}],"wp:attachment":[{"href":"https:\/\/www.odosoneironhotels.com\/it\/wp-json\/wp\/v2\/media?parent=5434"}],"curies":[{"name":"wp","href":"https:\/\/api.w.org\/{rel}","templated":true}]}}