{"id":5430,"date":"2022-02-21T17:42:01","date_gmt":"2022-02-21T15:42:01","guid":{"rendered":"https:\/\/www.odosoneironhotels.com\/about\/"},"modified":"2024-03-11T13:44:39","modified_gmt":"2024-03-11T11:44:39","slug":"about","status":"publish","type":"page","link":"https:\/\/www.odosoneironhotels.com\/it\/hotels\/boutique-hotel\/about\/","title":{"rendered":"Circa"},"content":{"rendered":"<p>Il nostro pittoresco Odos Oneiron Boutique Hotel \u00e8 nato da due edifici veneziani restaurati del XV secolo restaurati in un quartiere centrale di Chani\u00e0. Un tempo case vere e proprie, abbiamo conservato gli elementi tradizionali pi\u00f9 preziosi, per dare un\u2019impressione di autenticit\u00e0, e abbiamo aggiunto alcuni tocchi di lusso per creare due paradisi caratteristici con un\u2019atmosfera rustico-chic, nel cuore pulsante della citt\u00e0.<\/p>\n<p>Le nostre camere, suite e maisonette, sono suddivise in due propriet\u00e0 storiche. Una che si trova in una strada centrale, con un ambiente pi\u00f9 accogliente grazie al mantenimento dell\u2019arredamento tradizionale e alla disposizione originale dell\u2019edificio storico. La seconda propriet\u00e0 si trova in una strada laterale pedonale ed \u00e8 arricchita di elementi lussuosi con un tocco art-d\u00e9co, come i soffitti in legno, che accentuano i vari dettagli originali come in \u00a0un incanto.<\/p>\n<p>Vivete l\u2019esperienza del quartiere locale, con la vivace citt\u00e0 e il porto di Chani\u00e0 \u00a0raggiungibili a piedi in un paio di minuti.<\/p>\n<p>Iniziate la giornata con una ricca colazione a la carte nel nostro elegante Bar &amp; Bistrot, o nel \u00a0pi\u00f9 informale Caff\u00e8 and Brunch, che prepara e serve le pi\u00f9 fresche prelibatezze cretesi, fatte a mano fin dalle prime ore del mattino. Da quel momento in poi, la citt\u00e0 di Chani\u00e0 diventa il vostro parco giochi da esplorare a vostro piacimento.<\/p>\n","protected":false},"excerpt":{"rendered":"<p>Il nostro pittoresco Odos Oneiron Boutique Hotel \u00e8 nato da due edifici veneziani restaurati del XV secolo restaurati in un quartiere centrale di Chani\u00e0. Un tempo case vere e proprie, abbiamo conservato gli elementi tradizionali pi\u00f9 preziosi, per dare un\u2019impressione di autenticit\u00e0, e abbiamo aggiunto alcuni tocchi di lusso per creare due paradisi caratteristici con<\/p>\n","protected":false},"author":200,"featured_media":5018,"parent":5438,"menu_order":12,"comment_status":"closed","ping_status":"closed","template":"","meta":{"_acf_changed":false,"footnotes":""},"class_list":["post-5430","page","type-page","status-publish","has-post-thumbnail","hentry"],"acf":[],"yoast_head":"<!-- This site is optimized with the Yoast SEO plugin v27.3 - https:\/\/yoast.com\/product\/yoast-seo-wordpress\/ -->\n<title>Circa - Odos Oneiron Hotels &amp; Taste in Chania Crete<\/title>\n<meta name=\"robots\" content=\"index, follow, max-snippet:-1, max-image-preview:large, max-video-preview:-1\" \/>\n<link rel=\"canonical\" href=\"https:\/\/www.odosoneironhotels.com\/it\/hotels\/boutique-hotel\/about\/\" \/>\n<meta property=\"og:locale\" content=\"it_IT\" \/>\n<meta property=\"og:type\" content=\"article\" \/>\n<meta property=\"og:title\" content=\"Circa - Odos Oneiron Hotels &amp; Taste in Chania Crete\" \/>\n<meta property=\"og:description\" content=\"Il nostro pittoresco Odos Oneiron Boutique Hotel \u00e8 nato da due edifici veneziani restaurati del XV secolo restaurati in un quartiere centrale di Chani\u00e0. Un tempo case vere e proprie, abbiamo conservato gli elementi tradizionali pi\u00f9 preziosi, per dare un\u2019impressione di autenticit\u00e0, e abbiamo aggiunto alcuni tocchi di lusso per creare due paradisi caratteristici con\" \/>\n<meta property=\"og:url\" content=\"https:\/\/www.odosoneironhotels.com\/it\/hotels\/boutique-hotel\/about\/\" \/>\n<meta property=\"og:site_name\" content=\"Odos Oneiron Hotels &amp; Taste in Chania Crete\" \/>\n<meta property=\"article:modified_time\" content=\"2024-03-11T11:44:39+00:00\" \/>\n<meta property=\"og:image\" content=\"https:\/\/www.odosoneironhotels.com\/app\/uploads\/sites\/91\/2023\/02\/MTS_2286-scaled.jpg\" \/>\n\t<meta property=\"og:image:width\" content=\"2560\" \/>\n\t<meta property=\"og:image:height\" content=\"1707\" \/>\n\t<meta property=\"og:image:type\" content=\"image\/jpeg\" \/>\n<meta name=\"twitter:card\" content=\"summary_large_image\" \/>\n<meta name=\"twitter:label1\" content=\"Tempo di lettura stimato\" \/>\n\t<meta name=\"twitter:data1\" content=\"2 minuti\" \/>\n<script type=\"application\/ld+json\" class=\"yoast-schema-graph\">{\"@context\":\"https:\\\/\\\/schema.org\",\"@graph\":[{\"@type\":\"WebPage\",\"@id\":\"https:\\\/\\\/www.odosoneironhotels.com\\\/it\\\/hotels\\\/boutique-hotel\\\/about\\\/\",\"url\":\"https:\\\/\\\/www.odosoneironhotels.com\\\/it\\\/hotels\\\/boutique-hotel\\\/about\\\/\",\"name\":\"Circa - Odos Oneiron Hotels &amp; Taste in Chania Crete\",\"isPartOf\":{\"@id\":\"https:\\\/\\\/www.odosoneironhotels.com\\\/#website\"},\"primaryImageOfPage\":{\"@id\":\"https:\\\/\\\/www.odosoneironhotels.com\\\/it\\\/hotels\\\/boutique-hotel\\\/about\\\/#primaryimage\"},\"image\":{\"@id\":\"https:\\\/\\\/www.odosoneironhotels.com\\\/it\\\/hotels\\\/boutique-hotel\\\/about\\\/#primaryimage\"},\"thumbnailUrl\":\"https:\\\/\\\/www.odosoneironhotels.com\\\/app\\\/uploads\\\/sites\\\/91\\\/2023\\\/02\\\/MTS_2286-scaled.jpg\",\"datePublished\":\"2022-02-21T15:42:01+00:00\",\"dateModified\":\"2024-03-11T11:44:39+00:00\",\"breadcrumb\":{\"@id\":\"https:\\\/\\\/www.odosoneironhotels.com\\\/it\\\/hotels\\\/boutique-hotel\\\/about\\\/#breadcrumb\"},\"inLanguage\":\"it-IT\",\"potentialAction\":[{\"@type\":\"ReadAction\",\"target\":[\"https:\\\/\\\/www.odosoneironhotels.com\\\/it\\\/hotels\\\/boutique-hotel\\\/about\\\/\"]}]},{\"@type\":\"ImageObject\",\"inLanguage\":\"it-IT\",\"@id\":\"https:\\\/\\\/www.odosoneironhotels.com\\\/it\\\/hotels\\\/boutique-hotel\\\/about\\\/#primaryimage\",\"url\":\"https:\\\/\\\/www.odosoneironhotels.com\\\/app\\\/uploads\\\/sites\\\/91\\\/2023\\\/02\\\/MTS_2286-scaled.jpg\",\"contentUrl\":\"https:\\\/\\\/www.odosoneironhotels.com\\\/app\\\/uploads\\\/sites\\\/91\\\/2023\\\/02\\\/MTS_2286-scaled.jpg\",\"width\":2560,\"height\":1707},{\"@type\":\"BreadcrumbList\",\"@id\":\"https:\\\/\\\/www.odosoneironhotels.com\\\/it\\\/hotels\\\/boutique-hotel\\\/about\\\/#breadcrumb\",\"itemListElement\":[{\"@type\":\"ListItem\",\"position\":1,\"name\":\"Home\",\"item\":\"https:\\\/\\\/www.odosoneironhotels.com\\\/it\\\/\"},{\"@type\":\"ListItem\",\"position\":2,\"name\":\"Hotel\",\"item\":\"https:\\\/\\\/www.odosoneironhotels.com\\\/it\\\/hotels\\\/\"},{\"@type\":\"ListItem\",\"position\":3,\"name\":\"Odos Oneiron Boutique Hotel\",\"item\":\"https:\\\/\\\/www.odosoneironhotels.com\\\/it\\\/hotels\\\/boutique-hotel\\\/\"},{\"@type\":\"ListItem\",\"position\":4,\"name\":\"Circa\"}]},{\"@type\":\"WebSite\",\"@id\":\"https:\\\/\\\/www.odosoneironhotels.com\\\/#website\",\"url\":\"https:\\\/\\\/www.odosoneironhotels.com\\\/\",\"name\":\"Odos Oneiron Hotels &amp; Taste in Chania Crete\",\"description\":\"Delightfully authentic hospitality\",\"potentialAction\":[{\"@type\":\"SearchAction\",\"target\":{\"@type\":\"EntryPoint\",\"urlTemplate\":\"https:\\\/\\\/www.odosoneironhotels.com\\\/?s={search_term_string}\"},\"query-input\":{\"@type\":\"PropertyValueSpecification\",\"valueRequired\":true,\"valueName\":\"search_term_string\"}}],\"inLanguage\":\"it-IT\"}]}<\/script>\n<!-- \/ Yoast SEO plugin. -->","yoast_head_json":{"title":"Circa - Odos Oneiron Hotels &amp; Taste in Chania Crete","robots":{"index":"index","follow":"follow","max-snippet":"max-snippet:-1","max-image-preview":"max-image-preview:large","max-video-preview":"max-video-preview:-1"},"canonical":"https:\/\/www.odosoneironhotels.com\/it\/hotels\/boutique-hotel\/about\/","og_locale":"it_IT","og_type":"article","og_title":"Circa - Odos Oneiron Hotels &amp; Taste in Chania Crete","og_description":"Il nostro pittoresco Odos Oneiron Boutique Hotel \u00e8 nato da due edifici veneziani restaurati del XV secolo restaurati in un quartiere centrale di Chani\u00e0. Un tempo case vere e proprie, abbiamo conservato gli elementi tradizionali pi\u00f9 preziosi, per dare un\u2019impressione di autenticit\u00e0, e abbiamo aggiunto alcuni tocchi di lusso per creare due paradisi caratteristici con","og_url":"https:\/\/www.odosoneironhotels.com\/it\/hotels\/boutique-hotel\/about\/","og_site_name":"Odos Oneiron Hotels &amp; Taste in Chania Crete","article_modified_time":"2024-03-11T11:44:39+00:00","og_image":[{"width":2560,"height":1707,"url":"https:\/\/www.odosoneironhotels.com\/app\/uploads\/sites\/91\/2023\/02\/MTS_2286-scaled.jpg","type":"image\/jpeg"}],"twitter_card":"summary_large_image","twitter_misc":{"Tempo di lettura stimato":"2 minuti"},"schema":{"@context":"https:\/\/schema.org","@graph":[{"@type":"WebPage","@id":"https:\/\/www.odosoneironhotels.com\/it\/hotels\/boutique-hotel\/about\/","url":"https:\/\/www.odosoneironhotels.com\/it\/hotels\/boutique-hotel\/about\/","name":"Circa - Odos Oneiron Hotels &amp; Taste in Chania Crete","isPartOf":{"@id":"https:\/\/www.odosoneironhotels.com\/#website"},"primaryImageOfPage":{"@id":"https:\/\/www.odosoneironhotels.com\/it\/hotels\/boutique-hotel\/about\/#primaryimage"},"image":{"@id":"https:\/\/www.odosoneironhotels.com\/it\/hotels\/boutique-hotel\/about\/#primaryimage"},"thumbnailUrl":"https:\/\/www.odosoneironhotels.com\/app\/uploads\/sites\/91\/2023\/02\/MTS_2286-scaled.jpg","datePublished":"2022-02-21T15:42:01+00:00","dateModified":"2024-03-11T11:44:39+00:00","breadcrumb":{"@id":"https:\/\/www.odosoneironhotels.com\/it\/hotels\/boutique-hotel\/about\/#breadcrumb"},"inLanguage":"it-IT","potentialAction":[{"@type":"ReadAction","target":["https:\/\/www.odosoneironhotels.com\/it\/hotels\/boutique-hotel\/about\/"]}]},{"@type":"ImageObject","inLanguage":"it-IT","@id":"https:\/\/www.odosoneironhotels.com\/it\/hotels\/boutique-hotel\/about\/#primaryimage","url":"https:\/\/www.odosoneironhotels.com\/app\/uploads\/sites\/91\/2023\/02\/MTS_2286-scaled.jpg","contentUrl":"https:\/\/www.odosoneironhotels.com\/app\/uploads\/sites\/91\/2023\/02\/MTS_2286-scaled.jpg","width":2560,"height":1707},{"@type":"BreadcrumbList","@id":"https:\/\/www.odosoneironhotels.com\/it\/hotels\/boutique-hotel\/about\/#breadcrumb","itemListElement":[{"@type":"ListItem","position":1,"name":"Home","item":"https:\/\/www.odosoneironhotels.com\/it\/"},{"@type":"ListItem","position":2,"name":"Hotel","item":"https:\/\/www.odosoneironhotels.com\/it\/hotels\/"},{"@type":"ListItem","position":3,"name":"Odos Oneiron Boutique Hotel","item":"https:\/\/www.odosoneironhotels.com\/it\/hotels\/boutique-hotel\/"},{"@type":"ListItem","position":4,"name":"Circa"}]},{"@type":"WebSite","@id":"https:\/\/www.odosoneironhotels.com\/#website","url":"https:\/\/www.odosoneironhotels.com\/","name":"Odos Oneiron Hotels &amp; Taste in Chania Crete","description":"Delightfully authentic hospitality","potentialAction":[{"@type":"SearchAction","target":{"@type":"EntryPoint","urlTemplate":"https:\/\/www.odosoneironhotels.com\/?s={search_term_string}"},"query-input":{"@type":"PropertyValueSpecification","valueRequired":true,"valueName":"search_term_string"}}],"inLanguage":"it-IT"}]}},"_links":{"self":[{"href":"https:\/\/www.odosoneironhotels.com\/it\/wp-json\/wp\/v2\/pages\/5430","targetHints":{"allow":["GET"]}}],"collection":[{"href":"https:\/\/www.odosoneironhotels.com\/it\/wp-json\/wp\/v2\/pages"}],"about":[{"href":"https:\/\/www.odosoneironhotels.com\/it\/wp-json\/wp\/v2\/types\/page"}],"author":[{"embeddable":true,"href":"https:\/\/www.odosoneironhotels.com\/it\/wp-json\/wp\/v2\/users\/200"}],"replies":[{"embeddable":true,"href":"https:\/\/www.odosoneironhotels.com\/it\/wp-json\/wp\/v2\/comments?post=5430"}],"version-history":[{"count":2,"href":"https:\/\/www.odosoneironhotels.com\/it\/wp-json\/wp\/v2\/pages\/5430\/revisions"}],"predecessor-version":[{"id":6051,"href":"https:\/\/www.odosoneironhotels.com\/it\/wp-json\/wp\/v2\/pages\/5430\/revisions\/6051"}],"up":[{"embeddable":true,"href":"https:\/\/www.odosoneironhotels.com\/it\/wp-json\/wp\/v2\/pages\/5438"}],"wp:featuredmedia":[{"embeddable":true,"href":"https:\/\/www.odosoneironhotels.com\/it\/wp-json\/wp\/v2\/media\/5018"}],"wp:attachment":[{"href":"https:\/\/www.odosoneironhotels.com\/it\/wp-json\/wp\/v2\/media?parent=5430"}],"curies":[{"name":"wp","href":"https:\/\/api.w.org\/{rel}","templated":true}]}}