{"id":5353,"date":"2022-02-18T13:40:56","date_gmt":"2022-02-18T11:40:56","guid":{"rendered":"https:\/\/www.odosoneironhotels.com\/tavronitis-bay\/location\/"},"modified":"2024-10-29T16:31:45","modified_gmt":"2024-10-29T14:31:45","slug":"location","status":"publish","type":"page","link":"https:\/\/www.odosoneironhotels.com\/fr\/hotels\/tavronitis-bay\/location\/","title":{"rendered":"Localisation"},"content":{"rendered":"<p>En vous \u00e9loignant du c\u0153ur de la ville, vous d\u00e9couvrirez rapidement la diversit\u00e9 de La Can\u00e9e. Situ\u00e9 \u00e0 40 km \u00e0 l&rsquo;ouest de l&rsquo;a\u00e9roport de La Can\u00e9e, dans la baie de Tavronitis, vous trouverez un endroit tranquille le long d&rsquo;une plage paisible, \u00e0 seulement 20 minutes du centre anim\u00e9 de la ville de La Can\u00e9e. Les paysages urbains alternent avec ceux du bord de mer, ce qui vous permettra de d\u00e9couvrir ce que la Can\u00e9e peut offrir au-del\u00e0 de sa ville historique.<\/p>\n","protected":false},"excerpt":{"rendered":"<p>En vous \u00e9loignant du c\u0153ur de la ville, vous d\u00e9couvrirez rapidement la diversit\u00e9 de La Can\u00e9e. Situ\u00e9 \u00e0 40 km \u00e0 l&rsquo;ouest de l&rsquo;a\u00e9roport de La Can\u00e9e, dans la baie de Tavronitis, vous trouverez un endroit tranquille le long d&rsquo;une plage paisible, \u00e0 seulement 20 minutes du centre anim\u00e9 de la ville de La Can\u00e9e.<\/p>\n","protected":false},"author":1,"featured_media":4827,"parent":5336,"menu_order":9,"comment_status":"closed","ping_status":"closed","template":"","meta":{"_acf_changed":false,"footnotes":""},"class_list":["post-5353","page","type-page","status-publish","has-post-thumbnail","hentry"],"acf":[],"yoast_head":"<!-- This site is optimized with the Yoast SEO plugin v27.5 - https:\/\/yoast.com\/product\/yoast-seo-wordpress\/ -->\n<title>Localisation - Odos Oneiron Hotels &amp; Taste in Chania Crete<\/title>\n<meta name=\"robots\" content=\"index, follow, max-snippet:-1, max-image-preview:large, max-video-preview:-1\" \/>\n<link rel=\"canonical\" href=\"https:\/\/www.odosoneironhotels.com\/fr\/hotels\/tavronitis-bay\/location\/\" \/>\n<meta property=\"og:locale\" content=\"fr_FR\" \/>\n<meta property=\"og:type\" content=\"article\" \/>\n<meta property=\"og:title\" content=\"Localisation - Odos Oneiron Hotels &amp; Taste in Chania Crete\" \/>\n<meta property=\"og:description\" content=\"En vous \u00e9loignant du c\u0153ur de la ville, vous d\u00e9couvrirez rapidement la diversit\u00e9 de La Can\u00e9e. Situ\u00e9 \u00e0 40 km \u00e0 l&rsquo;ouest de l&rsquo;a\u00e9roport de La Can\u00e9e, dans la baie de Tavronitis, vous trouverez un endroit tranquille le long d&rsquo;une plage paisible, \u00e0 seulement 20 minutes du centre anim\u00e9 de la ville de La Can\u00e9e.\" \/>\n<meta property=\"og:url\" content=\"https:\/\/www.odosoneironhotels.com\/fr\/hotels\/tavronitis-bay\/location\/\" \/>\n<meta property=\"og:site_name\" content=\"Odos Oneiron Hotels &amp; Taste in Chania Crete\" \/>\n<meta property=\"article:modified_time\" content=\"2024-10-29T14:31:45+00:00\" \/>\n<meta property=\"og:image\" content=\"https:\/\/www.odosoneironhotels.com\/app\/uploads\/sites\/91\/2022\/04\/bigstock-Branches-Of-Beautiful-White-Bo-71101684-scaled.jpg\" \/>\n\t<meta property=\"og:image:width\" content=\"2560\" \/>\n\t<meta property=\"og:image:height\" content=\"1707\" \/>\n\t<meta property=\"og:image:type\" content=\"image\/jpeg\" \/>\n<meta name=\"twitter:card\" content=\"summary_large_image\" \/>\n<meta name=\"twitter:label1\" content=\"Dur\u00e9e de lecture estim\u00e9e\" \/>\n\t<meta name=\"twitter:data1\" content=\"1 minute\" \/>\n<script type=\"application\/ld+json\" class=\"yoast-schema-graph\">{\"@context\":\"https:\\\/\\\/schema.org\",\"@graph\":[{\"@type\":\"WebPage\",\"@id\":\"https:\\\/\\\/www.odosoneironhotels.com\\\/fr\\\/hotels\\\/tavronitis-bay\\\/location\\\/\",\"url\":\"https:\\\/\\\/www.odosoneironhotels.com\\\/fr\\\/hotels\\\/tavronitis-bay\\\/location\\\/\",\"name\":\"Localisation - Odos Oneiron Hotels &amp; Taste in Chania Crete\",\"isPartOf\":{\"@id\":\"https:\\\/\\\/www.odosoneironhotels.com\\\/#website\"},\"primaryImageOfPage\":{\"@id\":\"https:\\\/\\\/www.odosoneironhotels.com\\\/fr\\\/hotels\\\/tavronitis-bay\\\/location\\\/#primaryimage\"},\"image\":{\"@id\":\"https:\\\/\\\/www.odosoneironhotels.com\\\/fr\\\/hotels\\\/tavronitis-bay\\\/location\\\/#primaryimage\"},\"thumbnailUrl\":\"https:\\\/\\\/www.odosoneironhotels.com\\\/app\\\/uploads\\\/sites\\\/91\\\/2022\\\/04\\\/bigstock-Branches-Of-Beautiful-White-Bo-71101684-scaled.jpg\",\"datePublished\":\"2022-02-18T11:40:56+00:00\",\"dateModified\":\"2024-10-29T14:31:45+00:00\",\"breadcrumb\":{\"@id\":\"https:\\\/\\\/www.odosoneironhotels.com\\\/fr\\\/hotels\\\/tavronitis-bay\\\/location\\\/#breadcrumb\"},\"inLanguage\":\"fr-FR\",\"potentialAction\":[{\"@type\":\"ReadAction\",\"target\":[\"https:\\\/\\\/www.odosoneironhotels.com\\\/fr\\\/hotels\\\/tavronitis-bay\\\/location\\\/\"]}]},{\"@type\":\"ImageObject\",\"inLanguage\":\"fr-FR\",\"@id\":\"https:\\\/\\\/www.odosoneironhotels.com\\\/fr\\\/hotels\\\/tavronitis-bay\\\/location\\\/#primaryimage\",\"url\":\"https:\\\/\\\/www.odosoneironhotels.com\\\/app\\\/uploads\\\/sites\\\/91\\\/2022\\\/04\\\/bigstock-Branches-Of-Beautiful-White-Bo-71101684-scaled.jpg\",\"contentUrl\":\"https:\\\/\\\/www.odosoneironhotels.com\\\/app\\\/uploads\\\/sites\\\/91\\\/2022\\\/04\\\/bigstock-Branches-Of-Beautiful-White-Bo-71101684-scaled.jpg\",\"width\":2560,\"height\":1707,\"caption\":\"Branches of beautiful white bougainvillea and palm tree in blue sky\"},{\"@type\":\"BreadcrumbList\",\"@id\":\"https:\\\/\\\/www.odosoneironhotels.com\\\/fr\\\/hotels\\\/tavronitis-bay\\\/location\\\/#breadcrumb\",\"itemListElement\":[{\"@type\":\"ListItem\",\"position\":1,\"name\":\"Home\",\"item\":\"https:\\\/\\\/www.odosoneironhotels.com\\\/fr\\\/\"},{\"@type\":\"ListItem\",\"position\":2,\"name\":\"H\u00f4tels\",\"item\":\"https:\\\/\\\/www.odosoneironhotels.com\\\/fr\\\/hotels\\\/\"},{\"@type\":\"ListItem\",\"position\":3,\"name\":\"Odos Oneiron Tavronitis Bay\",\"item\":\"https:\\\/\\\/www.odosoneironhotels.com\\\/fr\\\/hotels\\\/tavronitis-bay\\\/\"},{\"@type\":\"ListItem\",\"position\":4,\"name\":\"Localisation\"}]},{\"@type\":\"WebSite\",\"@id\":\"https:\\\/\\\/www.odosoneironhotels.com\\\/#website\",\"url\":\"https:\\\/\\\/www.odosoneironhotels.com\\\/\",\"name\":\"Odos Oneiron Hotels &amp; Taste in Chania Crete\",\"description\":\"Delightfully authentic hospitality\",\"potentialAction\":[{\"@type\":\"SearchAction\",\"target\":{\"@type\":\"EntryPoint\",\"urlTemplate\":\"https:\\\/\\\/www.odosoneironhotels.com\\\/?s={search_term_string}\"},\"query-input\":{\"@type\":\"PropertyValueSpecification\",\"valueRequired\":true,\"valueName\":\"search_term_string\"}}],\"inLanguage\":\"fr-FR\"}]}<\/script>\n<!-- \/ Yoast SEO plugin. -->","yoast_head_json":{"title":"Localisation - Odos Oneiron Hotels &amp; Taste in Chania Crete","robots":{"index":"index","follow":"follow","max-snippet":"max-snippet:-1","max-image-preview":"max-image-preview:large","max-video-preview":"max-video-preview:-1"},"canonical":"https:\/\/www.odosoneironhotels.com\/fr\/hotels\/tavronitis-bay\/location\/","og_locale":"fr_FR","og_type":"article","og_title":"Localisation - Odos Oneiron Hotels &amp; Taste in Chania Crete","og_description":"En vous \u00e9loignant du c\u0153ur de la ville, vous d\u00e9couvrirez rapidement la diversit\u00e9 de La Can\u00e9e. Situ\u00e9 \u00e0 40 km \u00e0 l&rsquo;ouest de l&rsquo;a\u00e9roport de La Can\u00e9e, dans la baie de Tavronitis, vous trouverez un endroit tranquille le long d&rsquo;une plage paisible, \u00e0 seulement 20 minutes du centre anim\u00e9 de la ville de La Can\u00e9e.","og_url":"https:\/\/www.odosoneironhotels.com\/fr\/hotels\/tavronitis-bay\/location\/","og_site_name":"Odos Oneiron Hotels &amp; Taste in Chania Crete","article_modified_time":"2024-10-29T14:31:45+00:00","og_image":[{"width":2560,"height":1707,"url":"https:\/\/www.odosoneironhotels.com\/app\/uploads\/sites\/91\/2022\/04\/bigstock-Branches-Of-Beautiful-White-Bo-71101684-scaled.jpg","type":"image\/jpeg"}],"twitter_card":"summary_large_image","twitter_misc":{"Dur\u00e9e de lecture estim\u00e9e":"1 minute"},"schema":{"@context":"https:\/\/schema.org","@graph":[{"@type":"WebPage","@id":"https:\/\/www.odosoneironhotels.com\/fr\/hotels\/tavronitis-bay\/location\/","url":"https:\/\/www.odosoneironhotels.com\/fr\/hotels\/tavronitis-bay\/location\/","name":"Localisation - Odos Oneiron Hotels &amp; Taste in Chania Crete","isPartOf":{"@id":"https:\/\/www.odosoneironhotels.com\/#website"},"primaryImageOfPage":{"@id":"https:\/\/www.odosoneironhotels.com\/fr\/hotels\/tavronitis-bay\/location\/#primaryimage"},"image":{"@id":"https:\/\/www.odosoneironhotels.com\/fr\/hotels\/tavronitis-bay\/location\/#primaryimage"},"thumbnailUrl":"https:\/\/www.odosoneironhotels.com\/app\/uploads\/sites\/91\/2022\/04\/bigstock-Branches-Of-Beautiful-White-Bo-71101684-scaled.jpg","datePublished":"2022-02-18T11:40:56+00:00","dateModified":"2024-10-29T14:31:45+00:00","breadcrumb":{"@id":"https:\/\/www.odosoneironhotels.com\/fr\/hotels\/tavronitis-bay\/location\/#breadcrumb"},"inLanguage":"fr-FR","potentialAction":[{"@type":"ReadAction","target":["https:\/\/www.odosoneironhotels.com\/fr\/hotels\/tavronitis-bay\/location\/"]}]},{"@type":"ImageObject","inLanguage":"fr-FR","@id":"https:\/\/www.odosoneironhotels.com\/fr\/hotels\/tavronitis-bay\/location\/#primaryimage","url":"https:\/\/www.odosoneironhotels.com\/app\/uploads\/sites\/91\/2022\/04\/bigstock-Branches-Of-Beautiful-White-Bo-71101684-scaled.jpg","contentUrl":"https:\/\/www.odosoneironhotels.com\/app\/uploads\/sites\/91\/2022\/04\/bigstock-Branches-Of-Beautiful-White-Bo-71101684-scaled.jpg","width":2560,"height":1707,"caption":"Branches of beautiful white bougainvillea and palm tree in blue sky"},{"@type":"BreadcrumbList","@id":"https:\/\/www.odosoneironhotels.com\/fr\/hotels\/tavronitis-bay\/location\/#breadcrumb","itemListElement":[{"@type":"ListItem","position":1,"name":"Home","item":"https:\/\/www.odosoneironhotels.com\/fr\/"},{"@type":"ListItem","position":2,"name":"H\u00f4tels","item":"https:\/\/www.odosoneironhotels.com\/fr\/hotels\/"},{"@type":"ListItem","position":3,"name":"Odos Oneiron Tavronitis Bay","item":"https:\/\/www.odosoneironhotels.com\/fr\/hotels\/tavronitis-bay\/"},{"@type":"ListItem","position":4,"name":"Localisation"}]},{"@type":"WebSite","@id":"https:\/\/www.odosoneironhotels.com\/#website","url":"https:\/\/www.odosoneironhotels.com\/","name":"Odos Oneiron Hotels &amp; Taste in Chania Crete","description":"Delightfully authentic hospitality","potentialAction":[{"@type":"SearchAction","target":{"@type":"EntryPoint","urlTemplate":"https:\/\/www.odosoneironhotels.com\/?s={search_term_string}"},"query-input":{"@type":"PropertyValueSpecification","valueRequired":true,"valueName":"search_term_string"}}],"inLanguage":"fr-FR"}]}},"_links":{"self":[{"href":"https:\/\/www.odosoneironhotels.com\/fr\/wp-json\/wp\/v2\/pages\/5353","targetHints":{"allow":["GET"]}}],"collection":[{"href":"https:\/\/www.odosoneironhotels.com\/fr\/wp-json\/wp\/v2\/pages"}],"about":[{"href":"https:\/\/www.odosoneironhotels.com\/fr\/wp-json\/wp\/v2\/types\/page"}],"author":[{"embeddable":true,"href":"https:\/\/www.odosoneironhotels.com\/fr\/wp-json\/wp\/v2\/users\/1"}],"replies":[{"embeddable":true,"href":"https:\/\/www.odosoneironhotels.com\/fr\/wp-json\/wp\/v2\/comments?post=5353"}],"version-history":[{"count":1,"href":"https:\/\/www.odosoneironhotels.com\/fr\/wp-json\/wp\/v2\/pages\/5353\/revisions"}],"predecessor-version":[{"id":5652,"href":"https:\/\/www.odosoneironhotels.com\/fr\/wp-json\/wp\/v2\/pages\/5353\/revisions\/5652"}],"up":[{"embeddable":true,"href":"https:\/\/www.odosoneironhotels.com\/fr\/wp-json\/wp\/v2\/pages\/5336"}],"wp:featuredmedia":[{"embeddable":true,"href":"https:\/\/www.odosoneironhotels.com\/fr\/wp-json\/wp\/v2\/media\/4827"}],"wp:attachment":[{"href":"https:\/\/www.odosoneironhotels.com\/fr\/wp-json\/wp\/v2\/media?parent=5353"}],"curies":[{"name":"wp","href":"https:\/\/api.w.org\/{rel}","templated":true}]}}