{"id":5349,"date":"2022-02-18T13:44:55","date_gmt":"2022-02-18T11:44:55","guid":{"rendered":"https:\/\/www.odosoneironhotels.com\/events-2\/"},"modified":"2023-06-01T16:57:23","modified_gmt":"2023-06-01T13:57:23","slug":"events-2","status":"publish","type":"page","link":"https:\/\/www.odosoneironhotels.com\/fr\/events-2\/","title":{"rendered":"\u00c9v\u00e9nements"},"content":{"rendered":"<p>Odos Oneiron Hotels &amp; Taste, nous cherchons \u00e0 vous faire go\u00fbter \u00e0 l&rsquo;authenticit\u00e9 par le biais d&rsquo;\u00e9v\u00e9nements passionnants qui vous donnent le sentiment de vivre l&rsquo;instant pr\u00e9sent. Soir\u00e9es musicales, soir\u00e9es \u00e0 th\u00e8me, \u00e9v\u00e9nements gastronomiques et autres sont autant d&rsquo;activit\u00e9s dans lesquelles nous vous invitons \u00e0 vous immerger et qui vous permettront de d\u00e9couvrir un sentiment d&rsquo;appartenance.<\/p>\n","protected":false},"excerpt":{"rendered":"<p>Odos Oneiron Hotels &amp; Taste, nous cherchons \u00e0 vous faire go\u00fbter \u00e0 l&rsquo;authenticit\u00e9 par le biais d&rsquo;\u00e9v\u00e9nements passionnants qui vous donnent le sentiment de vivre l&rsquo;instant pr\u00e9sent. Soir\u00e9es musicales, soir\u00e9es \u00e0 th\u00e8me, \u00e9v\u00e9nements gastronomiques et autres sont autant d&rsquo;activit\u00e9s dans lesquelles nous vous invitons \u00e0 vous immerger et qui vous permettront de d\u00e9couvrir un sentiment<\/p>\n","protected":false},"author":1,"featured_media":4764,"parent":0,"menu_order":5,"comment_status":"closed","ping_status":"closed","template":"page-templates\/events.php","meta":{"_acf_changed":false,"footnotes":""},"class_list":["post-5349","page","type-page","status-publish","has-post-thumbnail","hentry"],"acf":[],"yoast_head":"<!-- This site is optimized with the Yoast SEO plugin v27.5 - https:\/\/yoast.com\/product\/yoast-seo-wordpress\/ -->\n<title>\u00c9v\u00e9nements - Odos Oneiron Hotels &amp; Taste in Chania Crete<\/title>\n<meta name=\"robots\" content=\"index, follow, max-snippet:-1, max-image-preview:large, max-video-preview:-1\" \/>\n<link rel=\"canonical\" href=\"https:\/\/www.odosoneironhotels.com\/fr\/events-2\/\" \/>\n<meta property=\"og:locale\" content=\"fr_FR\" \/>\n<meta property=\"og:type\" content=\"article\" \/>\n<meta property=\"og:title\" content=\"\u00c9v\u00e9nements - Odos Oneiron Hotels &amp; Taste in Chania Crete\" \/>\n<meta property=\"og:description\" content=\"Odos Oneiron Hotels &amp; Taste, nous cherchons \u00e0 vous faire go\u00fbter \u00e0 l&rsquo;authenticit\u00e9 par le biais d&rsquo;\u00e9v\u00e9nements passionnants qui vous donnent le sentiment de vivre l&rsquo;instant pr\u00e9sent. Soir\u00e9es musicales, soir\u00e9es \u00e0 th\u00e8me, \u00e9v\u00e9nements gastronomiques et autres sont autant d&rsquo;activit\u00e9s dans lesquelles nous vous invitons \u00e0 vous immerger et qui vous permettront de d\u00e9couvrir un sentiment\" \/>\n<meta property=\"og:url\" content=\"https:\/\/www.odosoneironhotels.com\/fr\/events-2\/\" \/>\n<meta property=\"og:site_name\" content=\"Odos Oneiron Hotels &amp; Taste in Chania Crete\" \/>\n<meta property=\"article:modified_time\" content=\"2023-06-01T13:57:23+00:00\" \/>\n<meta property=\"og:image\" content=\"https:\/\/www.odosoneironhotels.com\/app\/uploads\/sites\/91\/2022\/04\/shutterstock_1081665854.jpg\" \/>\n\t<meta property=\"og:image:width\" content=\"1920\" \/>\n\t<meta property=\"og:image:height\" content=\"1242\" \/>\n\t<meta property=\"og:image:type\" content=\"image\/jpeg\" \/>\n<meta name=\"twitter:card\" content=\"summary_large_image\" \/>\n<script type=\"application\/ld+json\" class=\"yoast-schema-graph\">{\"@context\":\"https:\\\/\\\/schema.org\",\"@graph\":[{\"@type\":\"WebPage\",\"@id\":\"https:\\\/\\\/www.odosoneironhotels.com\\\/fr\\\/events-2\\\/\",\"url\":\"https:\\\/\\\/www.odosoneironhotels.com\\\/fr\\\/events-2\\\/\",\"name\":\"\u00c9v\u00e9nements - Odos Oneiron Hotels &amp; Taste in Chania Crete\",\"isPartOf\":{\"@id\":\"https:\\\/\\\/www.odosoneironhotels.com\\\/#website\"},\"primaryImageOfPage\":{\"@id\":\"https:\\\/\\\/www.odosoneironhotels.com\\\/fr\\\/events-2\\\/#primaryimage\"},\"image\":{\"@id\":\"https:\\\/\\\/www.odosoneironhotels.com\\\/fr\\\/events-2\\\/#primaryimage\"},\"thumbnailUrl\":\"https:\\\/\\\/www.odosoneironhotels.com\\\/app\\\/uploads\\\/sites\\\/91\\\/2022\\\/04\\\/shutterstock_1081665854.jpg\",\"datePublished\":\"2022-02-18T11:44:55+00:00\",\"dateModified\":\"2023-06-01T13:57:23+00:00\",\"breadcrumb\":{\"@id\":\"https:\\\/\\\/www.odosoneironhotels.com\\\/fr\\\/events-2\\\/#breadcrumb\"},\"inLanguage\":\"fr-FR\",\"potentialAction\":[{\"@type\":\"ReadAction\",\"target\":[\"https:\\\/\\\/www.odosoneironhotels.com\\\/fr\\\/events-2\\\/\"]}]},{\"@type\":\"ImageObject\",\"inLanguage\":\"fr-FR\",\"@id\":\"https:\\\/\\\/www.odosoneironhotels.com\\\/fr\\\/events-2\\\/#primaryimage\",\"url\":\"https:\\\/\\\/www.odosoneironhotels.com\\\/app\\\/uploads\\\/sites\\\/91\\\/2022\\\/04\\\/shutterstock_1081665854.jpg\",\"contentUrl\":\"https:\\\/\\\/www.odosoneironhotels.com\\\/app\\\/uploads\\\/sites\\\/91\\\/2022\\\/04\\\/shutterstock_1081665854.jpg\",\"width\":1920,\"height\":1242},{\"@type\":\"BreadcrumbList\",\"@id\":\"https:\\\/\\\/www.odosoneironhotels.com\\\/fr\\\/events-2\\\/#breadcrumb\",\"itemListElement\":[{\"@type\":\"ListItem\",\"position\":1,\"name\":\"Home\",\"item\":\"https:\\\/\\\/www.odosoneironhotels.com\\\/fr\\\/\"},{\"@type\":\"ListItem\",\"position\":2,\"name\":\"\u00c9v\u00e9nements\"}]},{\"@type\":\"WebSite\",\"@id\":\"https:\\\/\\\/www.odosoneironhotels.com\\\/#website\",\"url\":\"https:\\\/\\\/www.odosoneironhotels.com\\\/\",\"name\":\"Odos Oneiron Hotels &amp; Taste in Chania Crete\",\"description\":\"Delightfully authentic hospitality\",\"potentialAction\":[{\"@type\":\"SearchAction\",\"target\":{\"@type\":\"EntryPoint\",\"urlTemplate\":\"https:\\\/\\\/www.odosoneironhotels.com\\\/?s={search_term_string}\"},\"query-input\":{\"@type\":\"PropertyValueSpecification\",\"valueRequired\":true,\"valueName\":\"search_term_string\"}}],\"inLanguage\":\"fr-FR\"}]}<\/script>\n<!-- \/ Yoast SEO plugin. -->","yoast_head_json":{"title":"\u00c9v\u00e9nements - Odos Oneiron Hotels &amp; Taste in Chania Crete","robots":{"index":"index","follow":"follow","max-snippet":"max-snippet:-1","max-image-preview":"max-image-preview:large","max-video-preview":"max-video-preview:-1"},"canonical":"https:\/\/www.odosoneironhotels.com\/fr\/events-2\/","og_locale":"fr_FR","og_type":"article","og_title":"\u00c9v\u00e9nements - Odos Oneiron Hotels &amp; Taste in Chania Crete","og_description":"Odos Oneiron Hotels &amp; Taste, nous cherchons \u00e0 vous faire go\u00fbter \u00e0 l&rsquo;authenticit\u00e9 par le biais d&rsquo;\u00e9v\u00e9nements passionnants qui vous donnent le sentiment de vivre l&rsquo;instant pr\u00e9sent. Soir\u00e9es musicales, soir\u00e9es \u00e0 th\u00e8me, \u00e9v\u00e9nements gastronomiques et autres sont autant d&rsquo;activit\u00e9s dans lesquelles nous vous invitons \u00e0 vous immerger et qui vous permettront de d\u00e9couvrir un sentiment","og_url":"https:\/\/www.odosoneironhotels.com\/fr\/events-2\/","og_site_name":"Odos Oneiron Hotels &amp; Taste in Chania Crete","article_modified_time":"2023-06-01T13:57:23+00:00","og_image":[{"width":1920,"height":1242,"url":"https:\/\/www.odosoneironhotels.com\/app\/uploads\/sites\/91\/2022\/04\/shutterstock_1081665854.jpg","type":"image\/jpeg"}],"twitter_card":"summary_large_image","schema":{"@context":"https:\/\/schema.org","@graph":[{"@type":"WebPage","@id":"https:\/\/www.odosoneironhotels.com\/fr\/events-2\/","url":"https:\/\/www.odosoneironhotels.com\/fr\/events-2\/","name":"\u00c9v\u00e9nements - Odos Oneiron Hotels &amp; Taste in Chania Crete","isPartOf":{"@id":"https:\/\/www.odosoneironhotels.com\/#website"},"primaryImageOfPage":{"@id":"https:\/\/www.odosoneironhotels.com\/fr\/events-2\/#primaryimage"},"image":{"@id":"https:\/\/www.odosoneironhotels.com\/fr\/events-2\/#primaryimage"},"thumbnailUrl":"https:\/\/www.odosoneironhotels.com\/app\/uploads\/sites\/91\/2022\/04\/shutterstock_1081665854.jpg","datePublished":"2022-02-18T11:44:55+00:00","dateModified":"2023-06-01T13:57:23+00:00","breadcrumb":{"@id":"https:\/\/www.odosoneironhotels.com\/fr\/events-2\/#breadcrumb"},"inLanguage":"fr-FR","potentialAction":[{"@type":"ReadAction","target":["https:\/\/www.odosoneironhotels.com\/fr\/events-2\/"]}]},{"@type":"ImageObject","inLanguage":"fr-FR","@id":"https:\/\/www.odosoneironhotels.com\/fr\/events-2\/#primaryimage","url":"https:\/\/www.odosoneironhotels.com\/app\/uploads\/sites\/91\/2022\/04\/shutterstock_1081665854.jpg","contentUrl":"https:\/\/www.odosoneironhotels.com\/app\/uploads\/sites\/91\/2022\/04\/shutterstock_1081665854.jpg","width":1920,"height":1242},{"@type":"BreadcrumbList","@id":"https:\/\/www.odosoneironhotels.com\/fr\/events-2\/#breadcrumb","itemListElement":[{"@type":"ListItem","position":1,"name":"Home","item":"https:\/\/www.odosoneironhotels.com\/fr\/"},{"@type":"ListItem","position":2,"name":"\u00c9v\u00e9nements"}]},{"@type":"WebSite","@id":"https:\/\/www.odosoneironhotels.com\/#website","url":"https:\/\/www.odosoneironhotels.com\/","name":"Odos Oneiron Hotels &amp; Taste in Chania Crete","description":"Delightfully authentic hospitality","potentialAction":[{"@type":"SearchAction","target":{"@type":"EntryPoint","urlTemplate":"https:\/\/www.odosoneironhotels.com\/?s={search_term_string}"},"query-input":{"@type":"PropertyValueSpecification","valueRequired":true,"valueName":"search_term_string"}}],"inLanguage":"fr-FR"}]}},"_links":{"self":[{"href":"https:\/\/www.odosoneironhotels.com\/fr\/wp-json\/wp\/v2\/pages\/5349","targetHints":{"allow":["GET"]}}],"collection":[{"href":"https:\/\/www.odosoneironhotels.com\/fr\/wp-json\/wp\/v2\/pages"}],"about":[{"href":"https:\/\/www.odosoneironhotels.com\/fr\/wp-json\/wp\/v2\/types\/page"}],"author":[{"embeddable":true,"href":"https:\/\/www.odosoneironhotels.com\/fr\/wp-json\/wp\/v2\/users\/1"}],"replies":[{"embeddable":true,"href":"https:\/\/www.odosoneironhotels.com\/fr\/wp-json\/wp\/v2\/comments?post=5349"}],"version-history":[{"count":1,"href":"https:\/\/www.odosoneironhotels.com\/fr\/wp-json\/wp\/v2\/pages\/5349\/revisions"}],"predecessor-version":[{"id":5632,"href":"https:\/\/www.odosoneironhotels.com\/fr\/wp-json\/wp\/v2\/pages\/5349\/revisions\/5632"}],"wp:featuredmedia":[{"embeddable":true,"href":"https:\/\/www.odosoneironhotels.com\/fr\/wp-json\/wp\/v2\/media\/4764"}],"wp:attachment":[{"href":"https:\/\/www.odosoneironhotels.com\/fr\/wp-json\/wp\/v2\/media?parent=5349"}],"curies":[{"name":"wp","href":"https:\/\/api.w.org\/{rel}","templated":true}]}}