{"id":5348,"date":"2022-02-18T13:37:56","date_gmt":"2022-02-18T11:37:56","guid":{"rendered":"https:\/\/www.odosoneironhotels.com\/tavronitis-bay\/about\/"},"modified":"2023-06-01T16:59:21","modified_gmt":"2023-06-01T13:59:21","slug":"about","status":"publish","type":"page","link":"https:\/\/www.odosoneironhotels.com\/fr\/hotels\/tavronitis-bay\/about\/","title":{"rendered":"A propos de"},"content":{"rendered":"<p>\u00c0 seulement 20 minutes de la ville historique de La Can\u00e9e, situ\u00e9e sur les magnifiques rives de la mer de Cr\u00e8te. L&rsquo;Odos Oneiron Tavronitis Bay Hotel est un complexe h\u00f4telier de charme r\u00e9cemment r\u00e9nov\u00e9. Offrant \u00e0 ses clients une exp\u00e9rience sensationnelle du soleil et de la mer \u00e0 La Can\u00e9e, l&rsquo;h\u00f4tel propose de profiter des plaisirs simples d&rsquo;un s\u00e9jour en bord de mer, en toute d\u00e9contraction.<\/p>\n<p>Nos chambres et suites de charme en bord de mer donnent sur la magnifique mer de Cr\u00e8te ou sur nos jardins verdoyants et conviennent aux couples, aux familles ou aux amis qui cherchent un lieu de repos et de plaisir dans la pr\u00e9fecture de La Can\u00e9e.<\/p>\n<p>D\u00e9tendez-vous en profitant du soleil, plongez dans la fra\u00eecheur de la piscine ou profitez de l&rsquo;effet revigorant de la baignade en mer, remontez le moral avec des animations th\u00e9matiques en soir\u00e9e et r\u00e9galez-vous de saveurs cr\u00e9toises authentiques et de vos plats internationaux pr\u00e9f\u00e9r\u00e9s.<\/p>\n<p>Passez vos nuits \u00e0 observer les \u00e9toiles, en profitant de l&rsquo;aura rafra\u00eechissante du bord de mer, qui se trouve \u00e0 deux pas de votre chambre ou de votre suite. Se r\u00e9veiller pour saluer la mer chaque matin, \u00e9couter le chant des cigales et laisser les moments s&rsquo;\u00e9terniser.<\/p>\n<p>De l\u00e0, vous pourrez facilement explorer certains des plus beaux tr\u00e9sors de l&rsquo;\u00eele, tels que l&#8217;embl\u00e9matique Balos et les \u00e9tonnantes plages de Falasarna, pour un s\u00e9jour impr\u00e9gn\u00e9 de l&rsquo;essence m\u00eame de la Cr\u00e8te.<\/p>\n","protected":false},"excerpt":{"rendered":"<p>\u00c0 seulement 20 minutes de la ville historique de La Can\u00e9e, situ\u00e9e sur les magnifiques rives de la mer de Cr\u00e8te. L&rsquo;Odos Oneiron Tavronitis Bay Hotel est un complexe h\u00f4telier de charme r\u00e9cemment r\u00e9nov\u00e9. Offrant \u00e0 ses clients une exp\u00e9rience sensationnelle du soleil et de la mer \u00e0 La Can\u00e9e, l&rsquo;h\u00f4tel propose de profiter des<\/p>\n","protected":false},"author":1,"featured_media":4716,"parent":5336,"menu_order":12,"comment_status":"closed","ping_status":"closed","template":"","meta":{"_acf_changed":false,"footnotes":""},"class_list":["post-5348","page","type-page","status-publish","has-post-thumbnail","hentry"],"acf":[],"yoast_head":"<!-- This site is optimized with the Yoast SEO plugin v27.5 - https:\/\/yoast.com\/product\/yoast-seo-wordpress\/ -->\n<title>A propos de - Odos Oneiron Hotels &amp; Taste in Chania Crete<\/title>\n<meta name=\"robots\" content=\"index, follow, max-snippet:-1, max-image-preview:large, max-video-preview:-1\" \/>\n<link rel=\"canonical\" href=\"https:\/\/www.odosoneironhotels.com\/fr\/hotels\/tavronitis-bay\/about\/\" \/>\n<meta property=\"og:locale\" content=\"fr_FR\" \/>\n<meta property=\"og:type\" content=\"article\" \/>\n<meta property=\"og:title\" content=\"A propos de - Odos Oneiron Hotels &amp; Taste in Chania Crete\" \/>\n<meta property=\"og:description\" content=\"\u00c0 seulement 20 minutes de la ville historique de La Can\u00e9e, situ\u00e9e sur les magnifiques rives de la mer de Cr\u00e8te. L&rsquo;Odos Oneiron Tavronitis Bay Hotel est un complexe h\u00f4telier de charme r\u00e9cemment r\u00e9nov\u00e9. Offrant \u00e0 ses clients une exp\u00e9rience sensationnelle du soleil et de la mer \u00e0 La Can\u00e9e, l&rsquo;h\u00f4tel propose de profiter des\" \/>\n<meta property=\"og:url\" content=\"https:\/\/www.odosoneironhotels.com\/fr\/hotels\/tavronitis-bay\/about\/\" \/>\n<meta property=\"og:site_name\" content=\"Odos Oneiron Hotels &amp; Taste in Chania Crete\" \/>\n<meta property=\"article:modified_time\" content=\"2023-06-01T13:59:21+00:00\" \/>\n<meta property=\"og:image\" content=\"https:\/\/www.odosoneironhotels.com\/app\/uploads\/sites\/91\/2022\/04\/DJI_0018.jpg\" \/>\n\t<meta property=\"og:image:width\" content=\"1920\" \/>\n\t<meta property=\"og:image:height\" content=\"1439\" \/>\n\t<meta property=\"og:image:type\" content=\"image\/jpeg\" \/>\n<meta name=\"twitter:card\" content=\"summary_large_image\" \/>\n<meta name=\"twitter:label1\" content=\"Dur\u00e9e de lecture estim\u00e9e\" \/>\n\t<meta name=\"twitter:data1\" content=\"1 minute\" \/>\n<script type=\"application\/ld+json\" class=\"yoast-schema-graph\">{\"@context\":\"https:\\\/\\\/schema.org\",\"@graph\":[{\"@type\":\"WebPage\",\"@id\":\"https:\\\/\\\/www.odosoneironhotels.com\\\/fr\\\/hotels\\\/tavronitis-bay\\\/about\\\/\",\"url\":\"https:\\\/\\\/www.odosoneironhotels.com\\\/fr\\\/hotels\\\/tavronitis-bay\\\/about\\\/\",\"name\":\"A propos de - Odos Oneiron Hotels &amp; Taste in Chania Crete\",\"isPartOf\":{\"@id\":\"https:\\\/\\\/www.odosoneironhotels.com\\\/#website\"},\"primaryImageOfPage\":{\"@id\":\"https:\\\/\\\/www.odosoneironhotels.com\\\/fr\\\/hotels\\\/tavronitis-bay\\\/about\\\/#primaryimage\"},\"image\":{\"@id\":\"https:\\\/\\\/www.odosoneironhotels.com\\\/fr\\\/hotels\\\/tavronitis-bay\\\/about\\\/#primaryimage\"},\"thumbnailUrl\":\"https:\\\/\\\/www.odosoneironhotels.com\\\/app\\\/uploads\\\/sites\\\/91\\\/2022\\\/04\\\/DJI_0018.jpg\",\"datePublished\":\"2022-02-18T11:37:56+00:00\",\"dateModified\":\"2023-06-01T13:59:21+00:00\",\"breadcrumb\":{\"@id\":\"https:\\\/\\\/www.odosoneironhotels.com\\\/fr\\\/hotels\\\/tavronitis-bay\\\/about\\\/#breadcrumb\"},\"inLanguage\":\"fr-FR\",\"potentialAction\":[{\"@type\":\"ReadAction\",\"target\":[\"https:\\\/\\\/www.odosoneironhotels.com\\\/fr\\\/hotels\\\/tavronitis-bay\\\/about\\\/\"]}]},{\"@type\":\"ImageObject\",\"inLanguage\":\"fr-FR\",\"@id\":\"https:\\\/\\\/www.odosoneironhotels.com\\\/fr\\\/hotels\\\/tavronitis-bay\\\/about\\\/#primaryimage\",\"url\":\"https:\\\/\\\/www.odosoneironhotels.com\\\/app\\\/uploads\\\/sites\\\/91\\\/2022\\\/04\\\/DJI_0018.jpg\",\"contentUrl\":\"https:\\\/\\\/www.odosoneironhotels.com\\\/app\\\/uploads\\\/sites\\\/91\\\/2022\\\/04\\\/DJI_0018.jpg\",\"width\":1920,\"height\":1439},{\"@type\":\"BreadcrumbList\",\"@id\":\"https:\\\/\\\/www.odosoneironhotels.com\\\/fr\\\/hotels\\\/tavronitis-bay\\\/about\\\/#breadcrumb\",\"itemListElement\":[{\"@type\":\"ListItem\",\"position\":1,\"name\":\"Home\",\"item\":\"https:\\\/\\\/www.odosoneironhotels.com\\\/fr\\\/\"},{\"@type\":\"ListItem\",\"position\":2,\"name\":\"H\u00f4tels\",\"item\":\"https:\\\/\\\/www.odosoneironhotels.com\\\/fr\\\/hotels\\\/\"},{\"@type\":\"ListItem\",\"position\":3,\"name\":\"Odos Oneiron Tavronitis Bay\",\"item\":\"https:\\\/\\\/www.odosoneironhotels.com\\\/fr\\\/hotels\\\/tavronitis-bay\\\/\"},{\"@type\":\"ListItem\",\"position\":4,\"name\":\"A propos de\"}]},{\"@type\":\"WebSite\",\"@id\":\"https:\\\/\\\/www.odosoneironhotels.com\\\/#website\",\"url\":\"https:\\\/\\\/www.odosoneironhotels.com\\\/\",\"name\":\"Odos Oneiron Hotels &amp; Taste in Chania Crete\",\"description\":\"Delightfully authentic hospitality\",\"potentialAction\":[{\"@type\":\"SearchAction\",\"target\":{\"@type\":\"EntryPoint\",\"urlTemplate\":\"https:\\\/\\\/www.odosoneironhotels.com\\\/?s={search_term_string}\"},\"query-input\":{\"@type\":\"PropertyValueSpecification\",\"valueRequired\":true,\"valueName\":\"search_term_string\"}}],\"inLanguage\":\"fr-FR\"}]}<\/script>\n<!-- \/ Yoast SEO plugin. -->","yoast_head_json":{"title":"A propos de - Odos Oneiron Hotels &amp; Taste in Chania Crete","robots":{"index":"index","follow":"follow","max-snippet":"max-snippet:-1","max-image-preview":"max-image-preview:large","max-video-preview":"max-video-preview:-1"},"canonical":"https:\/\/www.odosoneironhotels.com\/fr\/hotels\/tavronitis-bay\/about\/","og_locale":"fr_FR","og_type":"article","og_title":"A propos de - Odos Oneiron Hotels &amp; Taste in Chania Crete","og_description":"\u00c0 seulement 20 minutes de la ville historique de La Can\u00e9e, situ\u00e9e sur les magnifiques rives de la mer de Cr\u00e8te. L&rsquo;Odos Oneiron Tavronitis Bay Hotel est un complexe h\u00f4telier de charme r\u00e9cemment r\u00e9nov\u00e9. Offrant \u00e0 ses clients une exp\u00e9rience sensationnelle du soleil et de la mer \u00e0 La Can\u00e9e, l&rsquo;h\u00f4tel propose de profiter des","og_url":"https:\/\/www.odosoneironhotels.com\/fr\/hotels\/tavronitis-bay\/about\/","og_site_name":"Odos Oneiron Hotels &amp; Taste in Chania Crete","article_modified_time":"2023-06-01T13:59:21+00:00","og_image":[{"width":1920,"height":1439,"url":"https:\/\/www.odosoneironhotels.com\/app\/uploads\/sites\/91\/2022\/04\/DJI_0018.jpg","type":"image\/jpeg"}],"twitter_card":"summary_large_image","twitter_misc":{"Dur\u00e9e de lecture estim\u00e9e":"1 minute"},"schema":{"@context":"https:\/\/schema.org","@graph":[{"@type":"WebPage","@id":"https:\/\/www.odosoneironhotels.com\/fr\/hotels\/tavronitis-bay\/about\/","url":"https:\/\/www.odosoneironhotels.com\/fr\/hotels\/tavronitis-bay\/about\/","name":"A propos de - Odos Oneiron Hotels &amp; Taste in Chania Crete","isPartOf":{"@id":"https:\/\/www.odosoneironhotels.com\/#website"},"primaryImageOfPage":{"@id":"https:\/\/www.odosoneironhotels.com\/fr\/hotels\/tavronitis-bay\/about\/#primaryimage"},"image":{"@id":"https:\/\/www.odosoneironhotels.com\/fr\/hotels\/tavronitis-bay\/about\/#primaryimage"},"thumbnailUrl":"https:\/\/www.odosoneironhotels.com\/app\/uploads\/sites\/91\/2022\/04\/DJI_0018.jpg","datePublished":"2022-02-18T11:37:56+00:00","dateModified":"2023-06-01T13:59:21+00:00","breadcrumb":{"@id":"https:\/\/www.odosoneironhotels.com\/fr\/hotels\/tavronitis-bay\/about\/#breadcrumb"},"inLanguage":"fr-FR","potentialAction":[{"@type":"ReadAction","target":["https:\/\/www.odosoneironhotels.com\/fr\/hotels\/tavronitis-bay\/about\/"]}]},{"@type":"ImageObject","inLanguage":"fr-FR","@id":"https:\/\/www.odosoneironhotels.com\/fr\/hotels\/tavronitis-bay\/about\/#primaryimage","url":"https:\/\/www.odosoneironhotels.com\/app\/uploads\/sites\/91\/2022\/04\/DJI_0018.jpg","contentUrl":"https:\/\/www.odosoneironhotels.com\/app\/uploads\/sites\/91\/2022\/04\/DJI_0018.jpg","width":1920,"height":1439},{"@type":"BreadcrumbList","@id":"https:\/\/www.odosoneironhotels.com\/fr\/hotels\/tavronitis-bay\/about\/#breadcrumb","itemListElement":[{"@type":"ListItem","position":1,"name":"Home","item":"https:\/\/www.odosoneironhotels.com\/fr\/"},{"@type":"ListItem","position":2,"name":"H\u00f4tels","item":"https:\/\/www.odosoneironhotels.com\/fr\/hotels\/"},{"@type":"ListItem","position":3,"name":"Odos Oneiron Tavronitis Bay","item":"https:\/\/www.odosoneironhotels.com\/fr\/hotels\/tavronitis-bay\/"},{"@type":"ListItem","position":4,"name":"A propos de"}]},{"@type":"WebSite","@id":"https:\/\/www.odosoneironhotels.com\/#website","url":"https:\/\/www.odosoneironhotels.com\/","name":"Odos Oneiron Hotels &amp; Taste in Chania Crete","description":"Delightfully authentic hospitality","potentialAction":[{"@type":"SearchAction","target":{"@type":"EntryPoint","urlTemplate":"https:\/\/www.odosoneironhotels.com\/?s={search_term_string}"},"query-input":{"@type":"PropertyValueSpecification","valueRequired":true,"valueName":"search_term_string"}}],"inLanguage":"fr-FR"}]}},"_links":{"self":[{"href":"https:\/\/www.odosoneironhotels.com\/fr\/wp-json\/wp\/v2\/pages\/5348","targetHints":{"allow":["GET"]}}],"collection":[{"href":"https:\/\/www.odosoneironhotels.com\/fr\/wp-json\/wp\/v2\/pages"}],"about":[{"href":"https:\/\/www.odosoneironhotels.com\/fr\/wp-json\/wp\/v2\/types\/page"}],"author":[{"embeddable":true,"href":"https:\/\/www.odosoneironhotels.com\/fr\/wp-json\/wp\/v2\/users\/1"}],"replies":[{"embeddable":true,"href":"https:\/\/www.odosoneironhotels.com\/fr\/wp-json\/wp\/v2\/comments?post=5348"}],"version-history":[{"count":1,"href":"https:\/\/www.odosoneironhotels.com\/fr\/wp-json\/wp\/v2\/pages\/5348\/revisions"}],"predecessor-version":[{"id":5654,"href":"https:\/\/www.odosoneironhotels.com\/fr\/wp-json\/wp\/v2\/pages\/5348\/revisions\/5654"}],"up":[{"embeddable":true,"href":"https:\/\/www.odosoneironhotels.com\/fr\/wp-json\/wp\/v2\/pages\/5336"}],"wp:featuredmedia":[{"embeddable":true,"href":"https:\/\/www.odosoneironhotels.com\/fr\/wp-json\/wp\/v2\/media\/4716"}],"wp:attachment":[{"href":"https:\/\/www.odosoneironhotels.com\/fr\/wp-json\/wp\/v2\/media?parent=5348"}],"curies":[{"name":"wp","href":"https:\/\/api.w.org\/{rel}","templated":true}]}}