{"id":5339,"date":"2022-02-18T13:29:56","date_gmt":"2022-02-18T11:29:56","guid":{"rendered":"https:\/\/www.odosoneironhotels.com\/hotels-2\/"},"modified":"2023-06-01T16:57:50","modified_gmt":"2023-06-01T13:57:50","slug":"hotels","status":"publish","type":"page","link":"https:\/\/www.odosoneironhotels.com\/fr\/hotels\/","title":{"rendered":"H\u00f4tels"},"content":{"rendered":"<p>Chez Odos Oneiron, nos h\u00f4tels de La Can\u00e9e incarnent le charme unique de notre patrie enchanteresse et diversifi\u00e9e. La Can\u00e9e est une destination qui a tout pour plaire. Une ville portuaire pittoresque avec une valeur historique et une c\u00f4te splendide. Nos h\u00f4tes sont invit\u00e9s \u00e0 choisir celui qu&rsquo;ils souhaitent d\u00e9couvrir en premier.<br \/>\nChoisissez l&rsquo;exp\u00e9rience du quartier et r\u00e9veillez-vous dans la ville pittoresque de La Can\u00e9e avant d&rsquo;explorer ses merveilles ou choisissez l&rsquo;exp\u00e9rience du bord de mer et r\u00e9veillez-vous avec la magnifique mer cr\u00e9toise qui vous salue chaque matin.<\/p>\n","protected":false},"excerpt":{"rendered":"<p>Chez Odos Oneiron, nos h\u00f4tels de La Can\u00e9e incarnent le charme unique de notre patrie enchanteresse et diversifi\u00e9e. La Can\u00e9e est une destination qui a tout pour plaire. Une ville portuaire pittoresque avec une valeur historique et une c\u00f4te splendide. Nos h\u00f4tes sont invit\u00e9s \u00e0 choisir celui qu&rsquo;ils souhaitent d\u00e9couvrir en premier. Choisissez l&rsquo;exp\u00e9rience du<\/p>\n","protected":false},"author":1,"featured_media":0,"parent":0,"menu_order":18,"comment_status":"closed","ping_status":"closed","template":"page-templates\/hotels.php","meta":{"_acf_changed":false,"footnotes":""},"class_list":["post-5339","page","type-page","status-publish","hentry"],"acf":[],"yoast_head":"<!-- This site is optimized with the Yoast SEO plugin v27.5 - https:\/\/yoast.com\/product\/yoast-seo-wordpress\/ -->\n<title>H\u00f4tels - Odos Oneiron Hotels &amp; Taste in Chania Crete<\/title>\n<meta name=\"robots\" content=\"index, follow, max-snippet:-1, max-image-preview:large, max-video-preview:-1\" \/>\n<link rel=\"canonical\" href=\"https:\/\/www.odosoneironhotels.com\/fr\/hotels\/\" \/>\n<meta property=\"og:locale\" content=\"fr_FR\" \/>\n<meta property=\"og:type\" content=\"article\" \/>\n<meta property=\"og:title\" content=\"H\u00f4tels - Odos Oneiron Hotels &amp; Taste in Chania Crete\" \/>\n<meta property=\"og:description\" content=\"Chez Odos Oneiron, nos h\u00f4tels de La Can\u00e9e incarnent le charme unique de notre patrie enchanteresse et diversifi\u00e9e. La Can\u00e9e est une destination qui a tout pour plaire. Une ville portuaire pittoresque avec une valeur historique et une c\u00f4te splendide. Nos h\u00f4tes sont invit\u00e9s \u00e0 choisir celui qu&rsquo;ils souhaitent d\u00e9couvrir en premier. Choisissez l&rsquo;exp\u00e9rience du\" \/>\n<meta property=\"og:url\" content=\"https:\/\/www.odosoneironhotels.com\/fr\/hotels\/\" \/>\n<meta property=\"og:site_name\" content=\"Odos Oneiron Hotels &amp; Taste in Chania Crete\" \/>\n<meta property=\"article:modified_time\" content=\"2023-06-01T13:57:50+00:00\" \/>\n<meta name=\"twitter:card\" content=\"summary_large_image\" \/>\n<meta name=\"twitter:label1\" content=\"Dur\u00e9e de lecture estim\u00e9e\" \/>\n\t<meta name=\"twitter:data1\" content=\"1 minute\" \/>\n<script type=\"application\/ld+json\" class=\"yoast-schema-graph\">{\"@context\":\"https:\\\/\\\/schema.org\",\"@graph\":[{\"@type\":\"WebPage\",\"@id\":\"https:\\\/\\\/www.odosoneironhotels.com\\\/fr\\\/hotels\\\/\",\"url\":\"https:\\\/\\\/www.odosoneironhotels.com\\\/fr\\\/hotels\\\/\",\"name\":\"H\u00f4tels - Odos Oneiron Hotels &amp; Taste in Chania Crete\",\"isPartOf\":{\"@id\":\"https:\\\/\\\/www.odosoneironhotels.com\\\/#website\"},\"datePublished\":\"2022-02-18T11:29:56+00:00\",\"dateModified\":\"2023-06-01T13:57:50+00:00\",\"breadcrumb\":{\"@id\":\"https:\\\/\\\/www.odosoneironhotels.com\\\/fr\\\/hotels\\\/#breadcrumb\"},\"inLanguage\":\"fr-FR\",\"potentialAction\":[{\"@type\":\"ReadAction\",\"target\":[\"https:\\\/\\\/www.odosoneironhotels.com\\\/fr\\\/hotels\\\/\"]}]},{\"@type\":\"BreadcrumbList\",\"@id\":\"https:\\\/\\\/www.odosoneironhotels.com\\\/fr\\\/hotels\\\/#breadcrumb\",\"itemListElement\":[{\"@type\":\"ListItem\",\"position\":1,\"name\":\"Home\",\"item\":\"https:\\\/\\\/www.odosoneironhotels.com\\\/fr\\\/\"},{\"@type\":\"ListItem\",\"position\":2,\"name\":\"H\u00f4tels\"}]},{\"@type\":\"WebSite\",\"@id\":\"https:\\\/\\\/www.odosoneironhotels.com\\\/#website\",\"url\":\"https:\\\/\\\/www.odosoneironhotels.com\\\/\",\"name\":\"Odos Oneiron Hotels &amp; Taste in Chania Crete\",\"description\":\"Delightfully authentic hospitality\",\"potentialAction\":[{\"@type\":\"SearchAction\",\"target\":{\"@type\":\"EntryPoint\",\"urlTemplate\":\"https:\\\/\\\/www.odosoneironhotels.com\\\/?s={search_term_string}\"},\"query-input\":{\"@type\":\"PropertyValueSpecification\",\"valueRequired\":true,\"valueName\":\"search_term_string\"}}],\"inLanguage\":\"fr-FR\"}]}<\/script>\n<!-- \/ Yoast SEO plugin. -->","yoast_head_json":{"title":"H\u00f4tels - Odos Oneiron Hotels &amp; Taste in Chania Crete","robots":{"index":"index","follow":"follow","max-snippet":"max-snippet:-1","max-image-preview":"max-image-preview:large","max-video-preview":"max-video-preview:-1"},"canonical":"https:\/\/www.odosoneironhotels.com\/fr\/hotels\/","og_locale":"fr_FR","og_type":"article","og_title":"H\u00f4tels - Odos Oneiron Hotels &amp; Taste in Chania Crete","og_description":"Chez Odos Oneiron, nos h\u00f4tels de La Can\u00e9e incarnent le charme unique de notre patrie enchanteresse et diversifi\u00e9e. La Can\u00e9e est une destination qui a tout pour plaire. Une ville portuaire pittoresque avec une valeur historique et une c\u00f4te splendide. Nos h\u00f4tes sont invit\u00e9s \u00e0 choisir celui qu&rsquo;ils souhaitent d\u00e9couvrir en premier. Choisissez l&rsquo;exp\u00e9rience du","og_url":"https:\/\/www.odosoneironhotels.com\/fr\/hotels\/","og_site_name":"Odos Oneiron Hotels &amp; Taste in Chania Crete","article_modified_time":"2023-06-01T13:57:50+00:00","twitter_card":"summary_large_image","twitter_misc":{"Dur\u00e9e de lecture estim\u00e9e":"1 minute"},"schema":{"@context":"https:\/\/schema.org","@graph":[{"@type":"WebPage","@id":"https:\/\/www.odosoneironhotels.com\/fr\/hotels\/","url":"https:\/\/www.odosoneironhotels.com\/fr\/hotels\/","name":"H\u00f4tels - Odos Oneiron Hotels &amp; Taste in Chania Crete","isPartOf":{"@id":"https:\/\/www.odosoneironhotels.com\/#website"},"datePublished":"2022-02-18T11:29:56+00:00","dateModified":"2023-06-01T13:57:50+00:00","breadcrumb":{"@id":"https:\/\/www.odosoneironhotels.com\/fr\/hotels\/#breadcrumb"},"inLanguage":"fr-FR","potentialAction":[{"@type":"ReadAction","target":["https:\/\/www.odosoneironhotels.com\/fr\/hotels\/"]}]},{"@type":"BreadcrumbList","@id":"https:\/\/www.odosoneironhotels.com\/fr\/hotels\/#breadcrumb","itemListElement":[{"@type":"ListItem","position":1,"name":"Home","item":"https:\/\/www.odosoneironhotels.com\/fr\/"},{"@type":"ListItem","position":2,"name":"H\u00f4tels"}]},{"@type":"WebSite","@id":"https:\/\/www.odosoneironhotels.com\/#website","url":"https:\/\/www.odosoneironhotels.com\/","name":"Odos Oneiron Hotels &amp; Taste in Chania Crete","description":"Delightfully authentic hospitality","potentialAction":[{"@type":"SearchAction","target":{"@type":"EntryPoint","urlTemplate":"https:\/\/www.odosoneironhotels.com\/?s={search_term_string}"},"query-input":{"@type":"PropertyValueSpecification","valueRequired":true,"valueName":"search_term_string"}}],"inLanguage":"fr-FR"}]}},"_links":{"self":[{"href":"https:\/\/www.odosoneironhotels.com\/fr\/wp-json\/wp\/v2\/pages\/5339","targetHints":{"allow":["GET"]}}],"collection":[{"href":"https:\/\/www.odosoneironhotels.com\/fr\/wp-json\/wp\/v2\/pages"}],"about":[{"href":"https:\/\/www.odosoneironhotels.com\/fr\/wp-json\/wp\/v2\/types\/page"}],"author":[{"embeddable":true,"href":"https:\/\/www.odosoneironhotels.com\/fr\/wp-json\/wp\/v2\/users\/1"}],"replies":[{"embeddable":true,"href":"https:\/\/www.odosoneironhotels.com\/fr\/wp-json\/wp\/v2\/comments?post=5339"}],"version-history":[{"count":1,"href":"https:\/\/www.odosoneironhotels.com\/fr\/wp-json\/wp\/v2\/pages\/5339\/revisions"}],"predecessor-version":[{"id":5462,"href":"https:\/\/www.odosoneironhotels.com\/fr\/wp-json\/wp\/v2\/pages\/5339\/revisions\/5462"}],"wp:attachment":[{"href":"https:\/\/www.odosoneironhotels.com\/fr\/wp-json\/wp\/v2\/media?parent=5339"}],"curies":[{"name":"wp","href":"https:\/\/api.w.org\/{rel}","templated":true}]}}