{"id":5338,"date":"2022-02-18T13:49:55","date_gmt":"2022-02-18T11:49:55","guid":{"rendered":"https:\/\/www.odosoneironhotels.com\/home-2\/"},"modified":"2023-06-01T16:56:46","modified_gmt":"2023-06-01T13:56:46","slug":"home","status":"publish","type":"page","link":"https:\/\/www.odosoneironhotels.com\/fr\/","title":{"rendered":"Accueil"},"content":{"rendered":"<p>\u00c0 Odos Oneiron, nous cherchons \u00e0 r\u00e9veiller le r\u00eave cr\u00e9tois des vacances. Nos propri\u00e9t\u00e9s tri\u00e9es sur le volet visent \u00e0 vous donner une v\u00e9ritable impression de La Can\u00e9e, tandis que nos options gastronomiques sont compos\u00e9es de saveurs d\u00e9lectables li\u00e9es \u00e0 notre propre sens de l&rsquo;hospitalit\u00e9 cr\u00e9toise.<\/p>\n<p>L&rsquo;Odos Oneiron Boutique Hotel &amp; Suites inspire le r\u00eave urbain, \u00e0 proximit\u00e9 de toutes les merveilles de la ville. Constitu\u00e9 de deux b\u00e2timents v\u00e9nitiens historiques distincts au c\u0153ur de La Can\u00e9e, il d\u00e9gage une ambiance de romantisme vintage, avec un flair traditionnel et des touches art-d\u00e9co.<\/p>\n<p>Odos Oneiron Bay a inspir\u00e9 le r\u00eave de vacances en bord de mer, situ\u00e9 dans la r\u00e9gion voisine de Tavronitis. \u00c0 seulement 50 m\u00e8tres du bord de l&rsquo;eau, cet h\u00f4tel vous permettra de d\u00e9couvrir la diversit\u00e9 de La Can\u00e9e et de vivre une exp\u00e9rience de vacances diff\u00e9rente, o\u00f9 le soleil et la mer sont au rendez-vous.<\/p>\n","protected":false},"excerpt":{"rendered":"<p>\u00c0 Odos Oneiron, nous cherchons \u00e0 r\u00e9veiller le r\u00eave cr\u00e9tois des vacances. Nos propri\u00e9t\u00e9s tri\u00e9es sur le volet visent \u00e0 vous donner une v\u00e9ritable impression de La Can\u00e9e, tandis que nos options gastronomiques sont compos\u00e9es de saveurs d\u00e9lectables li\u00e9es \u00e0 notre propre sens de l&rsquo;hospitalit\u00e9 cr\u00e9toise. L&rsquo;Odos Oneiron Boutique Hotel &amp; Suites inspire le r\u00eave<\/p>\n","protected":false},"author":1,"featured_media":4938,"parent":0,"menu_order":0,"comment_status":"closed","ping_status":"closed","template":"","meta":{"_acf_changed":false,"footnotes":""},"class_list":["post-5338","page","type-page","status-publish","has-post-thumbnail","hentry"],"acf":[],"yoast_head":"<!-- This site is optimized with the Yoast SEO plugin v27.5 - https:\/\/yoast.com\/product\/yoast-seo-wordpress\/ -->\n<title>Accueil - Odos Oneiron Hotels &amp; Taste in Chania Crete<\/title>\n<meta name=\"robots\" content=\"index, follow, max-snippet:-1, max-image-preview:large, max-video-preview:-1\" \/>\n<link rel=\"canonical\" href=\"https:\/\/www.odosoneironhotels.com\/fr\/\" \/>\n<meta property=\"og:locale\" content=\"fr_FR\" \/>\n<meta property=\"og:type\" content=\"article\" \/>\n<meta property=\"og:title\" content=\"Accueil - Odos Oneiron Hotels &amp; Taste in Chania Crete\" \/>\n<meta property=\"og:description\" content=\"\u00c0 Odos Oneiron, nous cherchons \u00e0 r\u00e9veiller le r\u00eave cr\u00e9tois des vacances. Nos propri\u00e9t\u00e9s tri\u00e9es sur le volet visent \u00e0 vous donner une v\u00e9ritable impression de La Can\u00e9e, tandis que nos options gastronomiques sont compos\u00e9es de saveurs d\u00e9lectables li\u00e9es \u00e0 notre propre sens de l&rsquo;hospitalit\u00e9 cr\u00e9toise. L&rsquo;Odos Oneiron Boutique Hotel &amp; Suites inspire le r\u00eave\" \/>\n<meta property=\"og:url\" content=\"https:\/\/www.odosoneironhotels.com\/fr\/\" \/>\n<meta property=\"og:site_name\" content=\"Odos Oneiron Hotels &amp; Taste in Chania Crete\" \/>\n<meta property=\"article:modified_time\" content=\"2023-06-01T13:56:46+00:00\" \/>\n<meta property=\"og:image\" content=\"https:\/\/www.odosoneironhotels.com\/app\/uploads\/sites\/91\/2022\/04\/Chania-and-all-its-glory_1795250077.jpg\" \/>\n\t<meta property=\"og:image:width\" content=\"1920\" \/>\n\t<meta property=\"og:image:height\" content=\"1279\" \/>\n\t<meta property=\"og:image:type\" content=\"image\/jpeg\" \/>\n<meta name=\"twitter:card\" content=\"summary_large_image\" \/>\n<meta name=\"twitter:label1\" content=\"Dur\u00e9e de lecture estim\u00e9e\" \/>\n\t<meta name=\"twitter:data1\" content=\"1 minute\" \/>\n<script type=\"application\/ld+json\" class=\"yoast-schema-graph\">{\"@context\":\"https:\\\/\\\/schema.org\",\"@graph\":[{\"@type\":\"WebPage\",\"@id\":\"https:\\\/\\\/www.odosoneironhotels.com\\\/fr\\\/\",\"url\":\"https:\\\/\\\/www.odosoneironhotels.com\\\/fr\\\/\",\"name\":\"Accueil - Odos Oneiron Hotels &amp; Taste in Chania Crete\",\"isPartOf\":{\"@id\":\"https:\\\/\\\/www.odosoneironhotels.com\\\/#website\"},\"primaryImageOfPage\":{\"@id\":\"https:\\\/\\\/www.odosoneironhotels.com\\\/fr\\\/#primaryimage\"},\"image\":{\"@id\":\"https:\\\/\\\/www.odosoneironhotels.com\\\/fr\\\/#primaryimage\"},\"thumbnailUrl\":\"https:\\\/\\\/www.odosoneironhotels.com\\\/app\\\/uploads\\\/sites\\\/91\\\/2022\\\/04\\\/Chania-and-all-its-glory_1795250077.jpg\",\"datePublished\":\"2022-02-18T11:49:55+00:00\",\"dateModified\":\"2023-06-01T13:56:46+00:00\",\"breadcrumb\":{\"@id\":\"https:\\\/\\\/www.odosoneironhotels.com\\\/fr\\\/#breadcrumb\"},\"inLanguage\":\"fr-FR\",\"potentialAction\":[{\"@type\":\"ReadAction\",\"target\":[\"https:\\\/\\\/www.odosoneironhotels.com\\\/fr\\\/\"]}]},{\"@type\":\"ImageObject\",\"inLanguage\":\"fr-FR\",\"@id\":\"https:\\\/\\\/www.odosoneironhotels.com\\\/fr\\\/#primaryimage\",\"url\":\"https:\\\/\\\/www.odosoneironhotels.com\\\/app\\\/uploads\\\/sites\\\/91\\\/2022\\\/04\\\/Chania-and-all-its-glory_1795250077.jpg\",\"contentUrl\":\"https:\\\/\\\/www.odosoneironhotels.com\\\/app\\\/uploads\\\/sites\\\/91\\\/2022\\\/04\\\/Chania-and-all-its-glory_1795250077.jpg\",\"width\":1920,\"height\":1279},{\"@type\":\"BreadcrumbList\",\"@id\":\"https:\\\/\\\/www.odosoneironhotels.com\\\/fr\\\/#breadcrumb\",\"itemListElement\":[{\"@type\":\"ListItem\",\"position\":1,\"name\":\"Home\",\"item\":\"https:\\\/\\\/www.odosoneironhotels.com\\\/fr\\\/\"},{\"@type\":\"ListItem\",\"position\":2,\"name\":\"Accueil\"}]},{\"@type\":\"WebSite\",\"@id\":\"https:\\\/\\\/www.odosoneironhotels.com\\\/#website\",\"url\":\"https:\\\/\\\/www.odosoneironhotels.com\\\/\",\"name\":\"Odos Oneiron Hotels &amp; Taste in Chania Crete\",\"description\":\"Delightfully authentic hospitality\",\"potentialAction\":[{\"@type\":\"SearchAction\",\"target\":{\"@type\":\"EntryPoint\",\"urlTemplate\":\"https:\\\/\\\/www.odosoneironhotels.com\\\/?s={search_term_string}\"},\"query-input\":{\"@type\":\"PropertyValueSpecification\",\"valueRequired\":true,\"valueName\":\"search_term_string\"}}],\"inLanguage\":\"fr-FR\"}]}<\/script>\n<!-- \/ Yoast SEO plugin. -->","yoast_head_json":{"title":"Accueil - Odos Oneiron Hotels &amp; Taste in Chania Crete","robots":{"index":"index","follow":"follow","max-snippet":"max-snippet:-1","max-image-preview":"max-image-preview:large","max-video-preview":"max-video-preview:-1"},"canonical":"https:\/\/www.odosoneironhotels.com\/fr\/","og_locale":"fr_FR","og_type":"article","og_title":"Accueil - Odos Oneiron Hotels &amp; Taste in Chania Crete","og_description":"\u00c0 Odos Oneiron, nous cherchons \u00e0 r\u00e9veiller le r\u00eave cr\u00e9tois des vacances. Nos propri\u00e9t\u00e9s tri\u00e9es sur le volet visent \u00e0 vous donner une v\u00e9ritable impression de La Can\u00e9e, tandis que nos options gastronomiques sont compos\u00e9es de saveurs d\u00e9lectables li\u00e9es \u00e0 notre propre sens de l&rsquo;hospitalit\u00e9 cr\u00e9toise. L&rsquo;Odos Oneiron Boutique Hotel &amp; Suites inspire le r\u00eave","og_url":"https:\/\/www.odosoneironhotels.com\/fr\/","og_site_name":"Odos Oneiron Hotels &amp; Taste in Chania Crete","article_modified_time":"2023-06-01T13:56:46+00:00","og_image":[{"width":1920,"height":1279,"url":"https:\/\/www.odosoneironhotels.com\/app\/uploads\/sites\/91\/2022\/04\/Chania-and-all-its-glory_1795250077.jpg","type":"image\/jpeg"}],"twitter_card":"summary_large_image","twitter_misc":{"Dur\u00e9e de lecture estim\u00e9e":"1 minute"},"schema":{"@context":"https:\/\/schema.org","@graph":[{"@type":"WebPage","@id":"https:\/\/www.odosoneironhotels.com\/fr\/","url":"https:\/\/www.odosoneironhotels.com\/fr\/","name":"Accueil - Odos Oneiron Hotels &amp; Taste in Chania Crete","isPartOf":{"@id":"https:\/\/www.odosoneironhotels.com\/#website"},"primaryImageOfPage":{"@id":"https:\/\/www.odosoneironhotels.com\/fr\/#primaryimage"},"image":{"@id":"https:\/\/www.odosoneironhotels.com\/fr\/#primaryimage"},"thumbnailUrl":"https:\/\/www.odosoneironhotels.com\/app\/uploads\/sites\/91\/2022\/04\/Chania-and-all-its-glory_1795250077.jpg","datePublished":"2022-02-18T11:49:55+00:00","dateModified":"2023-06-01T13:56:46+00:00","breadcrumb":{"@id":"https:\/\/www.odosoneironhotels.com\/fr\/#breadcrumb"},"inLanguage":"fr-FR","potentialAction":[{"@type":"ReadAction","target":["https:\/\/www.odosoneironhotels.com\/fr\/"]}]},{"@type":"ImageObject","inLanguage":"fr-FR","@id":"https:\/\/www.odosoneironhotels.com\/fr\/#primaryimage","url":"https:\/\/www.odosoneironhotels.com\/app\/uploads\/sites\/91\/2022\/04\/Chania-and-all-its-glory_1795250077.jpg","contentUrl":"https:\/\/www.odosoneironhotels.com\/app\/uploads\/sites\/91\/2022\/04\/Chania-and-all-its-glory_1795250077.jpg","width":1920,"height":1279},{"@type":"BreadcrumbList","@id":"https:\/\/www.odosoneironhotels.com\/fr\/#breadcrumb","itemListElement":[{"@type":"ListItem","position":1,"name":"Home","item":"https:\/\/www.odosoneironhotels.com\/fr\/"},{"@type":"ListItem","position":2,"name":"Accueil"}]},{"@type":"WebSite","@id":"https:\/\/www.odosoneironhotels.com\/#website","url":"https:\/\/www.odosoneironhotels.com\/","name":"Odos Oneiron Hotels &amp; Taste in Chania Crete","description":"Delightfully authentic hospitality","potentialAction":[{"@type":"SearchAction","target":{"@type":"EntryPoint","urlTemplate":"https:\/\/www.odosoneironhotels.com\/?s={search_term_string}"},"query-input":{"@type":"PropertyValueSpecification","valueRequired":true,"valueName":"search_term_string"}}],"inLanguage":"fr-FR"}]}},"_links":{"self":[{"href":"https:\/\/www.odosoneironhotels.com\/fr\/wp-json\/wp\/v2\/pages\/5338","targetHints":{"allow":["GET"]}}],"collection":[{"href":"https:\/\/www.odosoneironhotels.com\/fr\/wp-json\/wp\/v2\/pages"}],"about":[{"href":"https:\/\/www.odosoneironhotels.com\/fr\/wp-json\/wp\/v2\/types\/page"}],"author":[{"embeddable":true,"href":"https:\/\/www.odosoneironhotels.com\/fr\/wp-json\/wp\/v2\/users\/1"}],"replies":[{"embeddable":true,"href":"https:\/\/www.odosoneironhotels.com\/fr\/wp-json\/wp\/v2\/comments?post=5338"}],"version-history":[{"count":1,"href":"https:\/\/www.odosoneironhotels.com\/fr\/wp-json\/wp\/v2\/pages\/5338\/revisions"}],"predecessor-version":[{"id":5359,"href":"https:\/\/www.odosoneironhotels.com\/fr\/wp-json\/wp\/v2\/pages\/5338\/revisions\/5359"}],"wp:featuredmedia":[{"embeddable":true,"href":"https:\/\/www.odosoneironhotels.com\/fr\/wp-json\/wp\/v2\/media\/4938"}],"wp:attachment":[{"href":"https:\/\/www.odosoneironhotels.com\/fr\/wp-json\/wp\/v2\/media?parent=5338"}],"curies":[{"name":"wp","href":"https:\/\/api.w.org\/{rel}","templated":true}]}}