{"id":5337,"date":"2022-02-21T15:16:22","date_gmt":"2022-02-21T13:16:22","guid":{"rendered":"https:\/\/www.odosoneironhotels.com\/boutique-hotel\/"},"modified":"2024-04-08T16:31:36","modified_gmt":"2024-04-08T13:31:36","slug":"boutique-hotel","status":"publish","type":"page","link":"https:\/\/www.odosoneironhotels.com\/fr\/hotels\/boutique-hotel\/","title":{"rendered":"Odos Oneiron Boutique Hotel"},"content":{"rendered":"<p>Vivez comme un vrai local. S\u00e9journer dans la ville de Chania ouvre tout un monde de possibilit\u00e9s urbaines. Nos chambres et suites appartiennent \u00e0 des maisons traditionnelles restaur\u00e9es qui ont \u00e9t\u00e9 transform\u00e9es en petits havres de confort et de style. R\u00e9partis dans deux b\u00e2timents distincts situ\u00e9s tr\u00e8s pr\u00e8s l&rsquo;un de l&rsquo;autre, ils offrent une exp\u00e9rience de s\u00e9jour authentique dans un vrai quartier, au c\u0153ur de la ville.<\/p>\n","protected":false},"excerpt":{"rendered":"<p>Vivez comme un vrai local. S\u00e9journer dans la ville de Chania ouvre tout un monde de possibilit\u00e9s urbaines. Nos chambres et suites appartiennent \u00e0 des maisons traditionnelles restaur\u00e9es qui ont \u00e9t\u00e9 transform\u00e9es en petits havres de confort et de style. R\u00e9partis dans deux b\u00e2timents distincts situ\u00e9s tr\u00e8s pr\u00e8s l&rsquo;un de l&rsquo;autre, ils offrent une exp\u00e9rience<\/p>\n","protected":false},"author":200,"featured_media":5010,"parent":5339,"menu_order":0,"comment_status":"closed","ping_status":"closed","template":"page-templates\/hotel.php","meta":{"_acf_changed":false,"footnotes":""},"class_list":["post-5337","page","type-page","status-publish","has-post-thumbnail","hentry"],"acf":[],"yoast_head":"<!-- This site is optimized with the Yoast SEO plugin v27.5 - https:\/\/yoast.com\/product\/yoast-seo-wordpress\/ -->\n<title>Odos Oneiron Boutique Hotel - Odos Oneiron Hotels &amp; Taste in Chania Crete<\/title>\n<meta name=\"robots\" content=\"index, follow, max-snippet:-1, max-image-preview:large, max-video-preview:-1\" \/>\n<link rel=\"canonical\" href=\"https:\/\/www.odosoneironhotels.com\/fr\/hotels\/boutique-hotel\/\" \/>\n<meta property=\"og:locale\" content=\"fr_FR\" \/>\n<meta property=\"og:type\" content=\"article\" \/>\n<meta property=\"og:title\" content=\"Odos Oneiron Boutique Hotel - Odos Oneiron Hotels &amp; Taste in Chania Crete\" \/>\n<meta property=\"og:description\" content=\"Vivez comme un vrai local. S\u00e9journer dans la ville de Chania ouvre tout un monde de possibilit\u00e9s urbaines. Nos chambres et suites appartiennent \u00e0 des maisons traditionnelles restaur\u00e9es qui ont \u00e9t\u00e9 transform\u00e9es en petits havres de confort et de style. R\u00e9partis dans deux b\u00e2timents distincts situ\u00e9s tr\u00e8s pr\u00e8s l&rsquo;un de l&rsquo;autre, ils offrent une exp\u00e9rience\" \/>\n<meta property=\"og:url\" content=\"https:\/\/www.odosoneironhotels.com\/fr\/hotels\/boutique-hotel\/\" \/>\n<meta property=\"og:site_name\" content=\"Odos Oneiron Hotels &amp; Taste in Chania Crete\" \/>\n<meta property=\"article:modified_time\" content=\"2024-04-08T13:31:36+00:00\" \/>\n<meta property=\"og:image\" content=\"https:\/\/www.odosoneironhotels.com\/app\/uploads\/sites\/91\/2023\/02\/MTS_2124-scaled.jpg\" \/>\n\t<meta property=\"og:image:width\" content=\"2560\" \/>\n\t<meta property=\"og:image:height\" content=\"1707\" \/>\n\t<meta property=\"og:image:type\" content=\"image\/jpeg\" \/>\n<meta name=\"twitter:card\" content=\"summary_large_image\" \/>\n<meta name=\"twitter:label1\" content=\"Dur\u00e9e de lecture estim\u00e9e\" \/>\n\t<meta name=\"twitter:data1\" content=\"1 minute\" \/>\n<script type=\"application\/ld+json\" class=\"yoast-schema-graph\">{\"@context\":\"https:\\\/\\\/schema.org\",\"@graph\":[{\"@type\":\"WebPage\",\"@id\":\"https:\\\/\\\/www.odosoneironhotels.com\\\/fr\\\/hotels\\\/boutique-hotel\\\/\",\"url\":\"https:\\\/\\\/www.odosoneironhotels.com\\\/fr\\\/hotels\\\/boutique-hotel\\\/\",\"name\":\"Odos Oneiron Boutique Hotel - Odos Oneiron Hotels &amp; Taste in Chania Crete\",\"isPartOf\":{\"@id\":\"https:\\\/\\\/www.odosoneironhotels.com\\\/#website\"},\"primaryImageOfPage\":{\"@id\":\"https:\\\/\\\/www.odosoneironhotels.com\\\/fr\\\/hotels\\\/boutique-hotel\\\/#primaryimage\"},\"image\":{\"@id\":\"https:\\\/\\\/www.odosoneironhotels.com\\\/fr\\\/hotels\\\/boutique-hotel\\\/#primaryimage\"},\"thumbnailUrl\":\"https:\\\/\\\/www.odosoneironhotels.com\\\/app\\\/uploads\\\/sites\\\/91\\\/2023\\\/02\\\/MTS_2124-scaled.jpg\",\"datePublished\":\"2022-02-21T13:16:22+00:00\",\"dateModified\":\"2024-04-08T13:31:36+00:00\",\"breadcrumb\":{\"@id\":\"https:\\\/\\\/www.odosoneironhotels.com\\\/fr\\\/hotels\\\/boutique-hotel\\\/#breadcrumb\"},\"inLanguage\":\"fr-FR\",\"potentialAction\":[{\"@type\":\"ReadAction\",\"target\":[\"https:\\\/\\\/www.odosoneironhotels.com\\\/fr\\\/hotels\\\/boutique-hotel\\\/\"]}]},{\"@type\":\"ImageObject\",\"inLanguage\":\"fr-FR\",\"@id\":\"https:\\\/\\\/www.odosoneironhotels.com\\\/fr\\\/hotels\\\/boutique-hotel\\\/#primaryimage\",\"url\":\"https:\\\/\\\/www.odosoneironhotels.com\\\/app\\\/uploads\\\/sites\\\/91\\\/2023\\\/02\\\/MTS_2124-scaled.jpg\",\"contentUrl\":\"https:\\\/\\\/www.odosoneironhotels.com\\\/app\\\/uploads\\\/sites\\\/91\\\/2023\\\/02\\\/MTS_2124-scaled.jpg\",\"width\":2560,\"height\":1707},{\"@type\":\"BreadcrumbList\",\"@id\":\"https:\\\/\\\/www.odosoneironhotels.com\\\/fr\\\/hotels\\\/boutique-hotel\\\/#breadcrumb\",\"itemListElement\":[{\"@type\":\"ListItem\",\"position\":1,\"name\":\"Home\",\"item\":\"https:\\\/\\\/www.odosoneironhotels.com\\\/fr\\\/\"},{\"@type\":\"ListItem\",\"position\":2,\"name\":\"H\u00f4tels\",\"item\":\"https:\\\/\\\/www.odosoneironhotels.com\\\/fr\\\/hotels\\\/\"},{\"@type\":\"ListItem\",\"position\":3,\"name\":\"Odos Oneiron Boutique Hotel\"}]},{\"@type\":\"WebSite\",\"@id\":\"https:\\\/\\\/www.odosoneironhotels.com\\\/#website\",\"url\":\"https:\\\/\\\/www.odosoneironhotels.com\\\/\",\"name\":\"Odos Oneiron Hotels &amp; Taste in Chania Crete\",\"description\":\"Delightfully authentic hospitality\",\"potentialAction\":[{\"@type\":\"SearchAction\",\"target\":{\"@type\":\"EntryPoint\",\"urlTemplate\":\"https:\\\/\\\/www.odosoneironhotels.com\\\/?s={search_term_string}\"},\"query-input\":{\"@type\":\"PropertyValueSpecification\",\"valueRequired\":true,\"valueName\":\"search_term_string\"}}],\"inLanguage\":\"fr-FR\"}]}<\/script>\n<!-- \/ Yoast SEO plugin. -->","yoast_head_json":{"title":"Odos Oneiron Boutique Hotel - Odos Oneiron Hotels &amp; Taste in Chania Crete","robots":{"index":"index","follow":"follow","max-snippet":"max-snippet:-1","max-image-preview":"max-image-preview:large","max-video-preview":"max-video-preview:-1"},"canonical":"https:\/\/www.odosoneironhotels.com\/fr\/hotels\/boutique-hotel\/","og_locale":"fr_FR","og_type":"article","og_title":"Odos Oneiron Boutique Hotel - Odos Oneiron Hotels &amp; Taste in Chania Crete","og_description":"Vivez comme un vrai local. S\u00e9journer dans la ville de Chania ouvre tout un monde de possibilit\u00e9s urbaines. Nos chambres et suites appartiennent \u00e0 des maisons traditionnelles restaur\u00e9es qui ont \u00e9t\u00e9 transform\u00e9es en petits havres de confort et de style. R\u00e9partis dans deux b\u00e2timents distincts situ\u00e9s tr\u00e8s pr\u00e8s l&rsquo;un de l&rsquo;autre, ils offrent une exp\u00e9rience","og_url":"https:\/\/www.odosoneironhotels.com\/fr\/hotels\/boutique-hotel\/","og_site_name":"Odos Oneiron Hotels &amp; Taste in Chania Crete","article_modified_time":"2024-04-08T13:31:36+00:00","og_image":[{"width":2560,"height":1707,"url":"https:\/\/www.odosoneironhotels.com\/app\/uploads\/sites\/91\/2023\/02\/MTS_2124-scaled.jpg","type":"image\/jpeg"}],"twitter_card":"summary_large_image","twitter_misc":{"Dur\u00e9e de lecture estim\u00e9e":"1 minute"},"schema":{"@context":"https:\/\/schema.org","@graph":[{"@type":"WebPage","@id":"https:\/\/www.odosoneironhotels.com\/fr\/hotels\/boutique-hotel\/","url":"https:\/\/www.odosoneironhotels.com\/fr\/hotels\/boutique-hotel\/","name":"Odos Oneiron Boutique Hotel - Odos Oneiron Hotels &amp; Taste in Chania Crete","isPartOf":{"@id":"https:\/\/www.odosoneironhotels.com\/#website"},"primaryImageOfPage":{"@id":"https:\/\/www.odosoneironhotels.com\/fr\/hotels\/boutique-hotel\/#primaryimage"},"image":{"@id":"https:\/\/www.odosoneironhotels.com\/fr\/hotels\/boutique-hotel\/#primaryimage"},"thumbnailUrl":"https:\/\/www.odosoneironhotels.com\/app\/uploads\/sites\/91\/2023\/02\/MTS_2124-scaled.jpg","datePublished":"2022-02-21T13:16:22+00:00","dateModified":"2024-04-08T13:31:36+00:00","breadcrumb":{"@id":"https:\/\/www.odosoneironhotels.com\/fr\/hotels\/boutique-hotel\/#breadcrumb"},"inLanguage":"fr-FR","potentialAction":[{"@type":"ReadAction","target":["https:\/\/www.odosoneironhotels.com\/fr\/hotels\/boutique-hotel\/"]}]},{"@type":"ImageObject","inLanguage":"fr-FR","@id":"https:\/\/www.odosoneironhotels.com\/fr\/hotels\/boutique-hotel\/#primaryimage","url":"https:\/\/www.odosoneironhotels.com\/app\/uploads\/sites\/91\/2023\/02\/MTS_2124-scaled.jpg","contentUrl":"https:\/\/www.odosoneironhotels.com\/app\/uploads\/sites\/91\/2023\/02\/MTS_2124-scaled.jpg","width":2560,"height":1707},{"@type":"BreadcrumbList","@id":"https:\/\/www.odosoneironhotels.com\/fr\/hotels\/boutique-hotel\/#breadcrumb","itemListElement":[{"@type":"ListItem","position":1,"name":"Home","item":"https:\/\/www.odosoneironhotels.com\/fr\/"},{"@type":"ListItem","position":2,"name":"H\u00f4tels","item":"https:\/\/www.odosoneironhotels.com\/fr\/hotels\/"},{"@type":"ListItem","position":3,"name":"Odos Oneiron Boutique Hotel"}]},{"@type":"WebSite","@id":"https:\/\/www.odosoneironhotels.com\/#website","url":"https:\/\/www.odosoneironhotels.com\/","name":"Odos Oneiron Hotels &amp; Taste in Chania Crete","description":"Delightfully authentic hospitality","potentialAction":[{"@type":"SearchAction","target":{"@type":"EntryPoint","urlTemplate":"https:\/\/www.odosoneironhotels.com\/?s={search_term_string}"},"query-input":{"@type":"PropertyValueSpecification","valueRequired":true,"valueName":"search_term_string"}}],"inLanguage":"fr-FR"}]}},"_links":{"self":[{"href":"https:\/\/www.odosoneironhotels.com\/fr\/wp-json\/wp\/v2\/pages\/5337","targetHints":{"allow":["GET"]}}],"collection":[{"href":"https:\/\/www.odosoneironhotels.com\/fr\/wp-json\/wp\/v2\/pages"}],"about":[{"href":"https:\/\/www.odosoneironhotels.com\/fr\/wp-json\/wp\/v2\/types\/page"}],"author":[{"embeddable":true,"href":"https:\/\/www.odosoneironhotels.com\/fr\/wp-json\/wp\/v2\/users\/200"}],"replies":[{"embeddable":true,"href":"https:\/\/www.odosoneironhotels.com\/fr\/wp-json\/wp\/v2\/comments?post=5337"}],"version-history":[{"count":3,"href":"https:\/\/www.odosoneironhotels.com\/fr\/wp-json\/wp\/v2\/pages\/5337\/revisions"}],"predecessor-version":[{"id":5821,"href":"https:\/\/www.odosoneironhotels.com\/fr\/wp-json\/wp\/v2\/pages\/5337\/revisions\/5821"}],"up":[{"embeddable":true,"href":"https:\/\/www.odosoneironhotels.com\/fr\/wp-json\/wp\/v2\/pages\/5339"}],"wp:featuredmedia":[{"embeddable":true,"href":"https:\/\/www.odosoneironhotels.com\/fr\/wp-json\/wp\/v2\/media\/5010"}],"wp:attachment":[{"href":"https:\/\/www.odosoneironhotels.com\/fr\/wp-json\/wp\/v2\/media?parent=5337"}],"curies":[{"name":"wp","href":"https:\/\/api.w.org\/{rel}","templated":true}]}}