{"id":5335,"date":"2022-02-21T15:18:20","date_gmt":"2022-02-21T13:18:20","guid":{"rendered":"https:\/\/www.odosoneironhotels.com\/taste-2\/"},"modified":"2023-06-01T16:58:15","modified_gmt":"2023-06-01T13:58:15","slug":"taste-2","status":"publish","type":"page","link":"https:\/\/www.odosoneironhotels.com\/fr\/hotels\/boutique-hotel\/taste-2\/","title":{"rendered":"Go\u00fbter"},"content":{"rendered":"<p>En Cr\u00e8te, la nourriture est plus qu&rsquo;une question de subsistance ou de plaisir. En Cr\u00e8te, la nourriture est associ\u00e9e \u00e0 la cr\u00e9ation de liens. L&rsquo;hospitalit\u00e9 est \u00e9troitement li\u00e9e \u00e0 une bonne alimentation. Que vous soyez un membre de la famille, un ami ou un invit\u00e9, bien manger en Cr\u00e8te n&rsquo;est pas n\u00e9gociable.<\/p>\n<p>\u00c0 l&rsquo;Odos Oneiron Boutique Hotel &amp; Suites, nous incarnons l&rsquo;\u00e9tat d&rsquo;esprit cr\u00e9tois et nous nous soucions \u00e9norm\u00e9ment de la nourriture que nous servons. C&rsquo;est pourquoi nous pr\u00e9parons absolument tout ce que vous go\u00fbterez, en utilisant uniquement les meilleurs produits locaux et avec le plus grand de tous nos ingr\u00e9dients : le meraki* <em>(\u03bc\u03b5\u03c1\u03ac\u03ba\u03b9 &#8211; faire quelque chose avec \u00e2me, cr\u00e9ativit\u00e9 ou amour) <\/em>. <\/p>\n","protected":false},"excerpt":{"rendered":"<p>En Cr\u00e8te, la nourriture est plus qu&rsquo;une question de subsistance ou de plaisir. En Cr\u00e8te, la nourriture est associ\u00e9e \u00e0 la cr\u00e9ation de liens. L&rsquo;hospitalit\u00e9 est \u00e9troitement li\u00e9e \u00e0 une bonne alimentation. Que vous soyez un membre de la famille, un ami ou un invit\u00e9, bien manger en Cr\u00e8te n&rsquo;est pas n\u00e9gociable. \u00c0 l&rsquo;Odos Oneiron<\/p>\n","protected":false},"author":17,"featured_media":4341,"parent":5337,"menu_order":6,"comment_status":"closed","ping_status":"closed","template":"page-templates\/simple-list.php","meta":{"_acf_changed":false,"footnotes":""},"class_list":["post-5335","page","type-page","status-publish","has-post-thumbnail","hentry"],"acf":[],"yoast_head":"<!-- This site is optimized with the Yoast SEO plugin v27.5 - https:\/\/yoast.com\/product\/yoast-seo-wordpress\/ -->\n<title>Go\u00fbter - Odos Oneiron Hotels &amp; Taste in Chania Crete<\/title>\n<meta name=\"robots\" content=\"index, follow, max-snippet:-1, max-image-preview:large, max-video-preview:-1\" \/>\n<link rel=\"canonical\" href=\"https:\/\/www.odosoneironhotels.com\/fr\/hotels\/boutique-hotel\/taste-2\/\" \/>\n<meta property=\"og:locale\" content=\"fr_FR\" \/>\n<meta property=\"og:type\" content=\"article\" \/>\n<meta property=\"og:title\" content=\"Go\u00fbter - Odos Oneiron Hotels &amp; Taste in Chania Crete\" \/>\n<meta property=\"og:description\" content=\"En Cr\u00e8te, la nourriture est plus qu&rsquo;une question de subsistance ou de plaisir. En Cr\u00e8te, la nourriture est associ\u00e9e \u00e0 la cr\u00e9ation de liens. L&rsquo;hospitalit\u00e9 est \u00e9troitement li\u00e9e \u00e0 une bonne alimentation. Que vous soyez un membre de la famille, un ami ou un invit\u00e9, bien manger en Cr\u00e8te n&rsquo;est pas n\u00e9gociable. \u00c0 l&rsquo;Odos Oneiron\" \/>\n<meta property=\"og:url\" content=\"https:\/\/www.odosoneironhotels.com\/fr\/hotels\/boutique-hotel\/taste-2\/\" \/>\n<meta property=\"og:site_name\" content=\"Odos Oneiron Hotels &amp; Taste in Chania Crete\" \/>\n<meta property=\"article:modified_time\" content=\"2023-06-01T13:58:15+00:00\" \/>\n<meta property=\"og:image\" content=\"https:\/\/www.odosoneironhotels.com\/app\/uploads\/sites\/91\/2022\/04\/MTS_6700-scaled.jpg\" \/>\n\t<meta property=\"og:image:width\" content=\"2560\" \/>\n\t<meta property=\"og:image:height\" content=\"1707\" \/>\n\t<meta property=\"og:image:type\" content=\"image\/jpeg\" \/>\n<meta name=\"twitter:card\" content=\"summary_large_image\" \/>\n<meta name=\"twitter:label1\" content=\"Dur\u00e9e de lecture estim\u00e9e\" \/>\n\t<meta name=\"twitter:data1\" content=\"1 minute\" \/>\n<script type=\"application\/ld+json\" class=\"yoast-schema-graph\">{\"@context\":\"https:\\\/\\\/schema.org\",\"@graph\":[{\"@type\":\"WebPage\",\"@id\":\"https:\\\/\\\/www.odosoneironhotels.com\\\/fr\\\/hotels\\\/boutique-hotel\\\/taste-2\\\/\",\"url\":\"https:\\\/\\\/www.odosoneironhotels.com\\\/fr\\\/hotels\\\/boutique-hotel\\\/taste-2\\\/\",\"name\":\"Go\u00fbter - Odos Oneiron Hotels &amp; Taste in Chania Crete\",\"isPartOf\":{\"@id\":\"https:\\\/\\\/www.odosoneironhotels.com\\\/#website\"},\"primaryImageOfPage\":{\"@id\":\"https:\\\/\\\/www.odosoneironhotels.com\\\/fr\\\/hotels\\\/boutique-hotel\\\/taste-2\\\/#primaryimage\"},\"image\":{\"@id\":\"https:\\\/\\\/www.odosoneironhotels.com\\\/fr\\\/hotels\\\/boutique-hotel\\\/taste-2\\\/#primaryimage\"},\"thumbnailUrl\":\"https:\\\/\\\/www.odosoneironhotels.com\\\/app\\\/uploads\\\/sites\\\/91\\\/2022\\\/04\\\/MTS_6700-scaled.jpg\",\"datePublished\":\"2022-02-21T13:18:20+00:00\",\"dateModified\":\"2023-06-01T13:58:15+00:00\",\"breadcrumb\":{\"@id\":\"https:\\\/\\\/www.odosoneironhotels.com\\\/fr\\\/hotels\\\/boutique-hotel\\\/taste-2\\\/#breadcrumb\"},\"inLanguage\":\"fr-FR\",\"potentialAction\":[{\"@type\":\"ReadAction\",\"target\":[\"https:\\\/\\\/www.odosoneironhotels.com\\\/fr\\\/hotels\\\/boutique-hotel\\\/taste-2\\\/\"]}]},{\"@type\":\"ImageObject\",\"inLanguage\":\"fr-FR\",\"@id\":\"https:\\\/\\\/www.odosoneironhotels.com\\\/fr\\\/hotels\\\/boutique-hotel\\\/taste-2\\\/#primaryimage\",\"url\":\"https:\\\/\\\/www.odosoneironhotels.com\\\/app\\\/uploads\\\/sites\\\/91\\\/2022\\\/04\\\/MTS_6700-scaled.jpg\",\"contentUrl\":\"https:\\\/\\\/www.odosoneironhotels.com\\\/app\\\/uploads\\\/sites\\\/91\\\/2022\\\/04\\\/MTS_6700-scaled.jpg\",\"width\":2560,\"height\":1707},{\"@type\":\"BreadcrumbList\",\"@id\":\"https:\\\/\\\/www.odosoneironhotels.com\\\/fr\\\/hotels\\\/boutique-hotel\\\/taste-2\\\/#breadcrumb\",\"itemListElement\":[{\"@type\":\"ListItem\",\"position\":1,\"name\":\"Home\",\"item\":\"https:\\\/\\\/www.odosoneironhotels.com\\\/fr\\\/\"},{\"@type\":\"ListItem\",\"position\":2,\"name\":\"H\u00f4tels\",\"item\":\"https:\\\/\\\/www.odosoneironhotels.com\\\/fr\\\/hotels\\\/\"},{\"@type\":\"ListItem\",\"position\":3,\"name\":\"Odos Oneiron Boutique Hotel\",\"item\":\"https:\\\/\\\/www.odosoneironhotels.com\\\/fr\\\/hotels\\\/boutique-hotel\\\/\"},{\"@type\":\"ListItem\",\"position\":4,\"name\":\"Go\u00fbter\"}]},{\"@type\":\"WebSite\",\"@id\":\"https:\\\/\\\/www.odosoneironhotels.com\\\/#website\",\"url\":\"https:\\\/\\\/www.odosoneironhotels.com\\\/\",\"name\":\"Odos Oneiron Hotels &amp; Taste in Chania Crete\",\"description\":\"Delightfully authentic hospitality\",\"potentialAction\":[{\"@type\":\"SearchAction\",\"target\":{\"@type\":\"EntryPoint\",\"urlTemplate\":\"https:\\\/\\\/www.odosoneironhotels.com\\\/?s={search_term_string}\"},\"query-input\":{\"@type\":\"PropertyValueSpecification\",\"valueRequired\":true,\"valueName\":\"search_term_string\"}}],\"inLanguage\":\"fr-FR\"}]}<\/script>\n<!-- \/ Yoast SEO plugin. -->","yoast_head_json":{"title":"Go\u00fbter - Odos Oneiron Hotels &amp; Taste in Chania Crete","robots":{"index":"index","follow":"follow","max-snippet":"max-snippet:-1","max-image-preview":"max-image-preview:large","max-video-preview":"max-video-preview:-1"},"canonical":"https:\/\/www.odosoneironhotels.com\/fr\/hotels\/boutique-hotel\/taste-2\/","og_locale":"fr_FR","og_type":"article","og_title":"Go\u00fbter - Odos Oneiron Hotels &amp; Taste in Chania Crete","og_description":"En Cr\u00e8te, la nourriture est plus qu&rsquo;une question de subsistance ou de plaisir. En Cr\u00e8te, la nourriture est associ\u00e9e \u00e0 la cr\u00e9ation de liens. L&rsquo;hospitalit\u00e9 est \u00e9troitement li\u00e9e \u00e0 une bonne alimentation. Que vous soyez un membre de la famille, un ami ou un invit\u00e9, bien manger en Cr\u00e8te n&rsquo;est pas n\u00e9gociable. \u00c0 l&rsquo;Odos Oneiron","og_url":"https:\/\/www.odosoneironhotels.com\/fr\/hotels\/boutique-hotel\/taste-2\/","og_site_name":"Odos Oneiron Hotels &amp; Taste in Chania Crete","article_modified_time":"2023-06-01T13:58:15+00:00","og_image":[{"width":2560,"height":1707,"url":"https:\/\/www.odosoneironhotels.com\/app\/uploads\/sites\/91\/2022\/04\/MTS_6700-scaled.jpg","type":"image\/jpeg"}],"twitter_card":"summary_large_image","twitter_misc":{"Dur\u00e9e de lecture estim\u00e9e":"1 minute"},"schema":{"@context":"https:\/\/schema.org","@graph":[{"@type":"WebPage","@id":"https:\/\/www.odosoneironhotels.com\/fr\/hotels\/boutique-hotel\/taste-2\/","url":"https:\/\/www.odosoneironhotels.com\/fr\/hotels\/boutique-hotel\/taste-2\/","name":"Go\u00fbter - Odos Oneiron Hotels &amp; Taste in Chania Crete","isPartOf":{"@id":"https:\/\/www.odosoneironhotels.com\/#website"},"primaryImageOfPage":{"@id":"https:\/\/www.odosoneironhotels.com\/fr\/hotels\/boutique-hotel\/taste-2\/#primaryimage"},"image":{"@id":"https:\/\/www.odosoneironhotels.com\/fr\/hotels\/boutique-hotel\/taste-2\/#primaryimage"},"thumbnailUrl":"https:\/\/www.odosoneironhotels.com\/app\/uploads\/sites\/91\/2022\/04\/MTS_6700-scaled.jpg","datePublished":"2022-02-21T13:18:20+00:00","dateModified":"2023-06-01T13:58:15+00:00","breadcrumb":{"@id":"https:\/\/www.odosoneironhotels.com\/fr\/hotels\/boutique-hotel\/taste-2\/#breadcrumb"},"inLanguage":"fr-FR","potentialAction":[{"@type":"ReadAction","target":["https:\/\/www.odosoneironhotels.com\/fr\/hotels\/boutique-hotel\/taste-2\/"]}]},{"@type":"ImageObject","inLanguage":"fr-FR","@id":"https:\/\/www.odosoneironhotels.com\/fr\/hotels\/boutique-hotel\/taste-2\/#primaryimage","url":"https:\/\/www.odosoneironhotels.com\/app\/uploads\/sites\/91\/2022\/04\/MTS_6700-scaled.jpg","contentUrl":"https:\/\/www.odosoneironhotels.com\/app\/uploads\/sites\/91\/2022\/04\/MTS_6700-scaled.jpg","width":2560,"height":1707},{"@type":"BreadcrumbList","@id":"https:\/\/www.odosoneironhotels.com\/fr\/hotels\/boutique-hotel\/taste-2\/#breadcrumb","itemListElement":[{"@type":"ListItem","position":1,"name":"Home","item":"https:\/\/www.odosoneironhotels.com\/fr\/"},{"@type":"ListItem","position":2,"name":"H\u00f4tels","item":"https:\/\/www.odosoneironhotels.com\/fr\/hotels\/"},{"@type":"ListItem","position":3,"name":"Odos Oneiron Boutique Hotel","item":"https:\/\/www.odosoneironhotels.com\/fr\/hotels\/boutique-hotel\/"},{"@type":"ListItem","position":4,"name":"Go\u00fbter"}]},{"@type":"WebSite","@id":"https:\/\/www.odosoneironhotels.com\/#website","url":"https:\/\/www.odosoneironhotels.com\/","name":"Odos Oneiron Hotels &amp; Taste in Chania Crete","description":"Delightfully authentic hospitality","potentialAction":[{"@type":"SearchAction","target":{"@type":"EntryPoint","urlTemplate":"https:\/\/www.odosoneironhotels.com\/?s={search_term_string}"},"query-input":{"@type":"PropertyValueSpecification","valueRequired":true,"valueName":"search_term_string"}}],"inLanguage":"fr-FR"}]}},"_links":{"self":[{"href":"https:\/\/www.odosoneironhotels.com\/fr\/wp-json\/wp\/v2\/pages\/5335","targetHints":{"allow":["GET"]}}],"collection":[{"href":"https:\/\/www.odosoneironhotels.com\/fr\/wp-json\/wp\/v2\/pages"}],"about":[{"href":"https:\/\/www.odosoneironhotels.com\/fr\/wp-json\/wp\/v2\/types\/page"}],"author":[{"embeddable":true,"href":"https:\/\/www.odosoneironhotels.com\/fr\/wp-json\/wp\/v2\/users\/17"}],"replies":[{"embeddable":true,"href":"https:\/\/www.odosoneironhotels.com\/fr\/wp-json\/wp\/v2\/comments?post=5335"}],"version-history":[{"count":1,"href":"https:\/\/www.odosoneironhotels.com\/fr\/wp-json\/wp\/v2\/pages\/5335\/revisions"}],"predecessor-version":[{"id":5644,"href":"https:\/\/www.odosoneironhotels.com\/fr\/wp-json\/wp\/v2\/pages\/5335\/revisions\/5644"}],"up":[{"embeddable":true,"href":"https:\/\/www.odosoneironhotels.com\/fr\/wp-json\/wp\/v2\/pages\/5337"}],"wp:featuredmedia":[{"embeddable":true,"href":"https:\/\/www.odosoneironhotels.com\/fr\/wp-json\/wp\/v2\/media\/4341"}],"wp:attachment":[{"href":"https:\/\/www.odosoneironhotels.com\/fr\/wp-json\/wp\/v2\/media?parent=5335"}],"curies":[{"name":"wp","href":"https:\/\/api.w.org\/{rel}","templated":true}]}}