{"id":5328,"date":"2022-02-21T17:42:01","date_gmt":"2022-02-21T15:42:01","guid":{"rendered":"https:\/\/www.odosoneironhotels.com\/about\/"},"modified":"2023-06-01T16:58:27","modified_gmt":"2023-06-01T13:58:27","slug":"about","status":"publish","type":"page","link":"https:\/\/www.odosoneironhotels.com\/fr\/hotels\/boutique-hotel\/about\/","title":{"rendered":"A propos de"},"content":{"rendered":"<p>Le pittoresque Odos Oneiron Boutique Hotel est n\u00e9 de la restauration de deux b\u00e2timents v\u00e9nitiens du XVe si\u00e8cle dans un quartier central de La Can\u00e9e. Nous avons conserv\u00e9 les \u00e9l\u00e9ments traditionnels les plus pr\u00e9cieux pour cr\u00e9er un sentiment d&rsquo;authenticit\u00e9 et nous avons ajout\u00e9 quelques touches de luxe pour cr\u00e9er deux havres de paix \u00e0 l&rsquo;ambiance rustique-chic, au c\u0153ur de la ville.<\/p>\n<p>Nos chambres, suites et maisonnettes sont r\u00e9parties dans deux propri\u00e9t\u00e9s historiques. L&rsquo;un d&rsquo;entre eux est situ\u00e9 dans une rue centrale et offre une ambiance plus chaleureuse gr\u00e2ce au maintien d&rsquo;un d\u00e9cor traditionnel et \u00e0 la conservation de l&rsquo;agencement original du b\u00e2timent historique. La seconde propri\u00e9t\u00e9 est situ\u00e9e dans une rue pi\u00e9tonne, avec des touches luxueuses et un style art-d\u00e9co qui mettent en valeur divers d\u00e9tails originaux, tels que les plafonds en bois, comme un charme.<\/p>\n<p>Vivez l&rsquo;exp\u00e9rience d&rsquo;un quartier local, la ville et le port anim\u00e9s de La Can\u00e9e \u00e9tant accessibles \u00e0 pied en quelques minutes seulement.<\/p>\n<p>Commencez votre journ\u00e9e par un petit d\u00e9jeuner copieux, soit \u00e0 la carte dans l&rsquo;\u00e9l\u00e9gant Bistro &amp; Bar, soit dans le Caf\u00e9 et Brunch, plus d\u00e9contract\u00e9, qui pr\u00e9pare et sert les d\u00e9lices cr\u00e9tois les plus frais, faits \u00e0 la main, d\u00e8s le matin. \u00c0 partir de l\u00e0, la ville de La Can\u00e9e devient votre terrain de jeu et vous pouvez l&rsquo;explorer \u00e0 votre guise.<\/p>\n","protected":false},"excerpt":{"rendered":"<p>Le pittoresque Odos Oneiron Boutique Hotel est n\u00e9 de la restauration de deux b\u00e2timents v\u00e9nitiens du XVe si\u00e8cle dans un quartier central de La Can\u00e9e. Nous avons conserv\u00e9 les \u00e9l\u00e9ments traditionnels les plus pr\u00e9cieux pour cr\u00e9er un sentiment d&rsquo;authenticit\u00e9 et nous avons ajout\u00e9 quelques touches de luxe pour cr\u00e9er deux havres de paix \u00e0 l&rsquo;ambiance<\/p>\n","protected":false},"author":17,"featured_media":5016,"parent":5337,"menu_order":12,"comment_status":"closed","ping_status":"closed","template":"","meta":{"_acf_changed":false,"footnotes":""},"class_list":["post-5328","page","type-page","status-publish","has-post-thumbnail","hentry"],"acf":[],"yoast_head":"<!-- This site is optimized with the Yoast SEO plugin v27.5 - https:\/\/yoast.com\/product\/yoast-seo-wordpress\/ -->\n<title>A propos de - Odos Oneiron Hotels &amp; Taste in Chania Crete<\/title>\n<meta name=\"robots\" content=\"index, follow, max-snippet:-1, max-image-preview:large, max-video-preview:-1\" \/>\n<link rel=\"canonical\" href=\"https:\/\/www.odosoneironhotels.com\/fr\/hotels\/boutique-hotel\/about\/\" \/>\n<meta property=\"og:locale\" content=\"fr_FR\" \/>\n<meta property=\"og:type\" content=\"article\" \/>\n<meta property=\"og:title\" content=\"A propos de - Odos Oneiron Hotels &amp; Taste in Chania Crete\" \/>\n<meta property=\"og:description\" content=\"Le pittoresque Odos Oneiron Boutique Hotel est n\u00e9 de la restauration de deux b\u00e2timents v\u00e9nitiens du XVe si\u00e8cle dans un quartier central de La Can\u00e9e. Nous avons conserv\u00e9 les \u00e9l\u00e9ments traditionnels les plus pr\u00e9cieux pour cr\u00e9er un sentiment d&rsquo;authenticit\u00e9 et nous avons ajout\u00e9 quelques touches de luxe pour cr\u00e9er deux havres de paix \u00e0 l&rsquo;ambiance\" \/>\n<meta property=\"og:url\" content=\"https:\/\/www.odosoneironhotels.com\/fr\/hotels\/boutique-hotel\/about\/\" \/>\n<meta property=\"og:site_name\" content=\"Odos Oneiron Hotels &amp; Taste in Chania Crete\" \/>\n<meta property=\"article:modified_time\" content=\"2023-06-01T13:58:27+00:00\" \/>\n<meta property=\"og:image\" content=\"https:\/\/www.odosoneironhotels.com\/app\/uploads\/sites\/91\/2023\/02\/MTS_2286-scaled.jpg\" \/>\n\t<meta property=\"og:image:width\" content=\"2560\" \/>\n\t<meta property=\"og:image:height\" content=\"1707\" \/>\n\t<meta property=\"og:image:type\" content=\"image\/jpeg\" \/>\n<meta name=\"twitter:card\" content=\"summary_large_image\" \/>\n<meta name=\"twitter:label1\" content=\"Dur\u00e9e de lecture estim\u00e9e\" \/>\n\t<meta name=\"twitter:data1\" content=\"1 minute\" \/>\n<script type=\"application\/ld+json\" class=\"yoast-schema-graph\">{\"@context\":\"https:\\\/\\\/schema.org\",\"@graph\":[{\"@type\":\"WebPage\",\"@id\":\"https:\\\/\\\/www.odosoneironhotels.com\\\/fr\\\/hotels\\\/boutique-hotel\\\/about\\\/\",\"url\":\"https:\\\/\\\/www.odosoneironhotels.com\\\/fr\\\/hotels\\\/boutique-hotel\\\/about\\\/\",\"name\":\"A propos de - Odos Oneiron Hotels &amp; Taste in Chania Crete\",\"isPartOf\":{\"@id\":\"https:\\\/\\\/www.odosoneironhotels.com\\\/#website\"},\"primaryImageOfPage\":{\"@id\":\"https:\\\/\\\/www.odosoneironhotels.com\\\/fr\\\/hotels\\\/boutique-hotel\\\/about\\\/#primaryimage\"},\"image\":{\"@id\":\"https:\\\/\\\/www.odosoneironhotels.com\\\/fr\\\/hotels\\\/boutique-hotel\\\/about\\\/#primaryimage\"},\"thumbnailUrl\":\"https:\\\/\\\/www.odosoneironhotels.com\\\/app\\\/uploads\\\/sites\\\/91\\\/2023\\\/02\\\/MTS_2286-scaled.jpg\",\"datePublished\":\"2022-02-21T15:42:01+00:00\",\"dateModified\":\"2023-06-01T13:58:27+00:00\",\"breadcrumb\":{\"@id\":\"https:\\\/\\\/www.odosoneironhotels.com\\\/fr\\\/hotels\\\/boutique-hotel\\\/about\\\/#breadcrumb\"},\"inLanguage\":\"fr-FR\",\"potentialAction\":[{\"@type\":\"ReadAction\",\"target\":[\"https:\\\/\\\/www.odosoneironhotels.com\\\/fr\\\/hotels\\\/boutique-hotel\\\/about\\\/\"]}]},{\"@type\":\"ImageObject\",\"inLanguage\":\"fr-FR\",\"@id\":\"https:\\\/\\\/www.odosoneironhotels.com\\\/fr\\\/hotels\\\/boutique-hotel\\\/about\\\/#primaryimage\",\"url\":\"https:\\\/\\\/www.odosoneironhotels.com\\\/app\\\/uploads\\\/sites\\\/91\\\/2023\\\/02\\\/MTS_2286-scaled.jpg\",\"contentUrl\":\"https:\\\/\\\/www.odosoneironhotels.com\\\/app\\\/uploads\\\/sites\\\/91\\\/2023\\\/02\\\/MTS_2286-scaled.jpg\",\"width\":2560,\"height\":1707},{\"@type\":\"BreadcrumbList\",\"@id\":\"https:\\\/\\\/www.odosoneironhotels.com\\\/fr\\\/hotels\\\/boutique-hotel\\\/about\\\/#breadcrumb\",\"itemListElement\":[{\"@type\":\"ListItem\",\"position\":1,\"name\":\"Home\",\"item\":\"https:\\\/\\\/www.odosoneironhotels.com\\\/fr\\\/\"},{\"@type\":\"ListItem\",\"position\":2,\"name\":\"H\u00f4tels\",\"item\":\"https:\\\/\\\/www.odosoneironhotels.com\\\/fr\\\/hotels\\\/\"},{\"@type\":\"ListItem\",\"position\":3,\"name\":\"Odos Oneiron Boutique Hotel\",\"item\":\"https:\\\/\\\/www.odosoneironhotels.com\\\/fr\\\/hotels\\\/boutique-hotel\\\/\"},{\"@type\":\"ListItem\",\"position\":4,\"name\":\"A propos de\"}]},{\"@type\":\"WebSite\",\"@id\":\"https:\\\/\\\/www.odosoneironhotels.com\\\/#website\",\"url\":\"https:\\\/\\\/www.odosoneironhotels.com\\\/\",\"name\":\"Odos Oneiron Hotels &amp; Taste in Chania Crete\",\"description\":\"Delightfully authentic hospitality\",\"potentialAction\":[{\"@type\":\"SearchAction\",\"target\":{\"@type\":\"EntryPoint\",\"urlTemplate\":\"https:\\\/\\\/www.odosoneironhotels.com\\\/?s={search_term_string}\"},\"query-input\":{\"@type\":\"PropertyValueSpecification\",\"valueRequired\":true,\"valueName\":\"search_term_string\"}}],\"inLanguage\":\"fr-FR\"}]}<\/script>\n<!-- \/ Yoast SEO plugin. -->","yoast_head_json":{"title":"A propos de - Odos Oneiron Hotels &amp; Taste in Chania Crete","robots":{"index":"index","follow":"follow","max-snippet":"max-snippet:-1","max-image-preview":"max-image-preview:large","max-video-preview":"max-video-preview:-1"},"canonical":"https:\/\/www.odosoneironhotels.com\/fr\/hotels\/boutique-hotel\/about\/","og_locale":"fr_FR","og_type":"article","og_title":"A propos de - Odos Oneiron Hotels &amp; Taste in Chania Crete","og_description":"Le pittoresque Odos Oneiron Boutique Hotel est n\u00e9 de la restauration de deux b\u00e2timents v\u00e9nitiens du XVe si\u00e8cle dans un quartier central de La Can\u00e9e. Nous avons conserv\u00e9 les \u00e9l\u00e9ments traditionnels les plus pr\u00e9cieux pour cr\u00e9er un sentiment d&rsquo;authenticit\u00e9 et nous avons ajout\u00e9 quelques touches de luxe pour cr\u00e9er deux havres de paix \u00e0 l&rsquo;ambiance","og_url":"https:\/\/www.odosoneironhotels.com\/fr\/hotels\/boutique-hotel\/about\/","og_site_name":"Odos Oneiron Hotels &amp; Taste in Chania Crete","article_modified_time":"2023-06-01T13:58:27+00:00","og_image":[{"width":2560,"height":1707,"url":"https:\/\/www.odosoneironhotels.com\/app\/uploads\/sites\/91\/2023\/02\/MTS_2286-scaled.jpg","type":"image\/jpeg"}],"twitter_card":"summary_large_image","twitter_misc":{"Dur\u00e9e de lecture estim\u00e9e":"1 minute"},"schema":{"@context":"https:\/\/schema.org","@graph":[{"@type":"WebPage","@id":"https:\/\/www.odosoneironhotels.com\/fr\/hotels\/boutique-hotel\/about\/","url":"https:\/\/www.odosoneironhotels.com\/fr\/hotels\/boutique-hotel\/about\/","name":"A propos de - Odos Oneiron Hotels &amp; Taste in Chania Crete","isPartOf":{"@id":"https:\/\/www.odosoneironhotels.com\/#website"},"primaryImageOfPage":{"@id":"https:\/\/www.odosoneironhotels.com\/fr\/hotels\/boutique-hotel\/about\/#primaryimage"},"image":{"@id":"https:\/\/www.odosoneironhotels.com\/fr\/hotels\/boutique-hotel\/about\/#primaryimage"},"thumbnailUrl":"https:\/\/www.odosoneironhotels.com\/app\/uploads\/sites\/91\/2023\/02\/MTS_2286-scaled.jpg","datePublished":"2022-02-21T15:42:01+00:00","dateModified":"2023-06-01T13:58:27+00:00","breadcrumb":{"@id":"https:\/\/www.odosoneironhotels.com\/fr\/hotels\/boutique-hotel\/about\/#breadcrumb"},"inLanguage":"fr-FR","potentialAction":[{"@type":"ReadAction","target":["https:\/\/www.odosoneironhotels.com\/fr\/hotels\/boutique-hotel\/about\/"]}]},{"@type":"ImageObject","inLanguage":"fr-FR","@id":"https:\/\/www.odosoneironhotels.com\/fr\/hotels\/boutique-hotel\/about\/#primaryimage","url":"https:\/\/www.odosoneironhotels.com\/app\/uploads\/sites\/91\/2023\/02\/MTS_2286-scaled.jpg","contentUrl":"https:\/\/www.odosoneironhotels.com\/app\/uploads\/sites\/91\/2023\/02\/MTS_2286-scaled.jpg","width":2560,"height":1707},{"@type":"BreadcrumbList","@id":"https:\/\/www.odosoneironhotels.com\/fr\/hotels\/boutique-hotel\/about\/#breadcrumb","itemListElement":[{"@type":"ListItem","position":1,"name":"Home","item":"https:\/\/www.odosoneironhotels.com\/fr\/"},{"@type":"ListItem","position":2,"name":"H\u00f4tels","item":"https:\/\/www.odosoneironhotels.com\/fr\/hotels\/"},{"@type":"ListItem","position":3,"name":"Odos Oneiron Boutique Hotel","item":"https:\/\/www.odosoneironhotels.com\/fr\/hotels\/boutique-hotel\/"},{"@type":"ListItem","position":4,"name":"A propos de"}]},{"@type":"WebSite","@id":"https:\/\/www.odosoneironhotels.com\/#website","url":"https:\/\/www.odosoneironhotels.com\/","name":"Odos Oneiron Hotels &amp; Taste in Chania Crete","description":"Delightfully authentic hospitality","potentialAction":[{"@type":"SearchAction","target":{"@type":"EntryPoint","urlTemplate":"https:\/\/www.odosoneironhotels.com\/?s={search_term_string}"},"query-input":{"@type":"PropertyValueSpecification","valueRequired":true,"valueName":"search_term_string"}}],"inLanguage":"fr-FR"}]}},"_links":{"self":[{"href":"https:\/\/www.odosoneironhotels.com\/fr\/wp-json\/wp\/v2\/pages\/5328","targetHints":{"allow":["GET"]}}],"collection":[{"href":"https:\/\/www.odosoneironhotels.com\/fr\/wp-json\/wp\/v2\/pages"}],"about":[{"href":"https:\/\/www.odosoneironhotels.com\/fr\/wp-json\/wp\/v2\/types\/page"}],"author":[{"embeddable":true,"href":"https:\/\/www.odosoneironhotels.com\/fr\/wp-json\/wp\/v2\/users\/17"}],"replies":[{"embeddable":true,"href":"https:\/\/www.odosoneironhotels.com\/fr\/wp-json\/wp\/v2\/comments?post=5328"}],"version-history":[{"count":1,"href":"https:\/\/www.odosoneironhotels.com\/fr\/wp-json\/wp\/v2\/pages\/5328\/revisions"}],"predecessor-version":[{"id":5646,"href":"https:\/\/www.odosoneironhotels.com\/fr\/wp-json\/wp\/v2\/pages\/5328\/revisions\/5646"}],"up":[{"embeddable":true,"href":"https:\/\/www.odosoneironhotels.com\/fr\/wp-json\/wp\/v2\/pages\/5337"}],"wp:featuredmedia":[{"embeddable":true,"href":"https:\/\/www.odosoneironhotels.com\/fr\/wp-json\/wp\/v2\/media\/5016"}],"wp:attachment":[{"href":"https:\/\/www.odosoneironhotels.com\/fr\/wp-json\/wp\/v2\/media?parent=5328"}],"curies":[{"name":"wp","href":"https:\/\/api.w.org\/{rel}","templated":true}]}}