{"id":5320,"date":"2022-04-12T23:25:33","date_gmt":"2022-04-12T20:25:33","guid":{"rendered":"https:\/\/www.odosoneironhotels.com\/weddings-baptisms\/"},"modified":"2023-06-01T16:59:25","modified_gmt":"2023-06-01T13:59:25","slug":"weddings-baptisms","status":"publish","type":"page","link":"https:\/\/www.odosoneironhotels.com\/fr\/hotels\/tavronitis-bay\/weddings-baptisms\/","title":{"rendered":"Mariages et bapt\u00eames"},"content":{"rendered":"<p>\u00c0 Odos Oneiron Tavronitis Bay, nous avons cr\u00e9\u00e9 un environnement merveilleux pour c\u00e9l\u00e9brer, impr\u00e9gn\u00e9 de la brise marine vivifiante de la merveilleuse c\u00f4te de La Can\u00e9e. Notre cadre se pr\u00eate \u00e0 devenir la toile de fond sensationnelle de votre mariage ou du bapt\u00eame de votre enfant. L&rsquo;ambiance de notre piscine rendra votre c\u00e9l\u00e9bration encore plus sp\u00e9ciale, tandis que notre service attentif vous permettra de profiter pleinement de votre f\u00eate, puisque nous nous occuperons de tous les petits d\u00e9tails.<\/p>\n","protected":false},"excerpt":{"rendered":"<p>\u00c0 Odos Oneiron Tavronitis Bay, nous avons cr\u00e9\u00e9 un environnement merveilleux pour c\u00e9l\u00e9brer, impr\u00e9gn\u00e9 de la brise marine vivifiante de la merveilleuse c\u00f4te de La Can\u00e9e. Notre cadre se pr\u00eate \u00e0 devenir la toile de fond sensationnelle de votre mariage ou du bapt\u00eame de votre enfant. L&rsquo;ambiance de notre piscine rendra votre c\u00e9l\u00e9bration encore plus<\/p>\n","protected":false},"author":2,"featured_media":4674,"parent":5336,"menu_order":12,"comment_status":"closed","ping_status":"closed","template":"","meta":{"_acf_changed":false,"footnotes":""},"class_list":["post-5320","page","type-page","status-publish","has-post-thumbnail","hentry"],"acf":[],"yoast_head":"<!-- This site is optimized with the Yoast SEO plugin v27.5 - https:\/\/yoast.com\/product\/yoast-seo-wordpress\/ -->\n<title>Mariages et bapt\u00eames - Odos Oneiron Hotels &amp; Taste in Chania Crete<\/title>\n<meta name=\"robots\" content=\"index, follow, max-snippet:-1, max-image-preview:large, max-video-preview:-1\" \/>\n<link rel=\"canonical\" href=\"https:\/\/www.odosoneironhotels.com\/fr\/hotels\/tavronitis-bay\/weddings-baptisms\/\" \/>\n<meta property=\"og:locale\" content=\"fr_FR\" \/>\n<meta property=\"og:type\" content=\"article\" \/>\n<meta property=\"og:title\" content=\"Mariages et bapt\u00eames - Odos Oneiron Hotels &amp; Taste in Chania Crete\" \/>\n<meta property=\"og:description\" content=\"\u00c0 Odos Oneiron Tavronitis Bay, nous avons cr\u00e9\u00e9 un environnement merveilleux pour c\u00e9l\u00e9brer, impr\u00e9gn\u00e9 de la brise marine vivifiante de la merveilleuse c\u00f4te de La Can\u00e9e. Notre cadre se pr\u00eate \u00e0 devenir la toile de fond sensationnelle de votre mariage ou du bapt\u00eame de votre enfant. L&rsquo;ambiance de notre piscine rendra votre c\u00e9l\u00e9bration encore plus\" \/>\n<meta property=\"og:url\" content=\"https:\/\/www.odosoneironhotels.com\/fr\/hotels\/tavronitis-bay\/weddings-baptisms\/\" \/>\n<meta property=\"og:site_name\" content=\"Odos Oneiron Hotels &amp; Taste in Chania Crete\" \/>\n<meta property=\"article:modified_time\" content=\"2023-06-01T13:59:25+00:00\" \/>\n<meta property=\"og:image\" content=\"https:\/\/www.odosoneironhotels.com\/app\/uploads\/sites\/91\/2022\/02\/bigstock-Fresh-Flowers-In-Vase-Flower-417276979.jpg\" \/>\n\t<meta property=\"og:image:width\" content=\"1920\" \/>\n\t<meta property=\"og:image:height\" content=\"1364\" \/>\n\t<meta property=\"og:image:type\" content=\"image\/jpeg\" \/>\n<meta name=\"twitter:card\" content=\"summary_large_image\" \/>\n<script type=\"application\/ld+json\" class=\"yoast-schema-graph\">{\"@context\":\"https:\\\/\\\/schema.org\",\"@graph\":[{\"@type\":\"WebPage\",\"@id\":\"https:\\\/\\\/www.odosoneironhotels.com\\\/fr\\\/hotels\\\/tavronitis-bay\\\/weddings-baptisms\\\/\",\"url\":\"https:\\\/\\\/www.odosoneironhotels.com\\\/fr\\\/hotels\\\/tavronitis-bay\\\/weddings-baptisms\\\/\",\"name\":\"Mariages et bapt\u00eames - Odos Oneiron Hotels &amp; Taste in Chania Crete\",\"isPartOf\":{\"@id\":\"https:\\\/\\\/www.odosoneironhotels.com\\\/#website\"},\"primaryImageOfPage\":{\"@id\":\"https:\\\/\\\/www.odosoneironhotels.com\\\/fr\\\/hotels\\\/tavronitis-bay\\\/weddings-baptisms\\\/#primaryimage\"},\"image\":{\"@id\":\"https:\\\/\\\/www.odosoneironhotels.com\\\/fr\\\/hotels\\\/tavronitis-bay\\\/weddings-baptisms\\\/#primaryimage\"},\"thumbnailUrl\":\"https:\\\/\\\/www.odosoneironhotels.com\\\/app\\\/uploads\\\/sites\\\/91\\\/2022\\\/02\\\/bigstock-Fresh-Flowers-In-Vase-Flower-417276979.jpg\",\"datePublished\":\"2022-04-12T20:25:33+00:00\",\"dateModified\":\"2023-06-01T13:59:25+00:00\",\"breadcrumb\":{\"@id\":\"https:\\\/\\\/www.odosoneironhotels.com\\\/fr\\\/hotels\\\/tavronitis-bay\\\/weddings-baptisms\\\/#breadcrumb\"},\"inLanguage\":\"fr-FR\",\"potentialAction\":[{\"@type\":\"ReadAction\",\"target\":[\"https:\\\/\\\/www.odosoneironhotels.com\\\/fr\\\/hotels\\\/tavronitis-bay\\\/weddings-baptisms\\\/\"]}]},{\"@type\":\"ImageObject\",\"inLanguage\":\"fr-FR\",\"@id\":\"https:\\\/\\\/www.odosoneironhotels.com\\\/fr\\\/hotels\\\/tavronitis-bay\\\/weddings-baptisms\\\/#primaryimage\",\"url\":\"https:\\\/\\\/www.odosoneironhotels.com\\\/app\\\/uploads\\\/sites\\\/91\\\/2022\\\/02\\\/bigstock-Fresh-Flowers-In-Vase-Flower-417276979.jpg\",\"contentUrl\":\"https:\\\/\\\/www.odosoneironhotels.com\\\/app\\\/uploads\\\/sites\\\/91\\\/2022\\\/02\\\/bigstock-Fresh-Flowers-In-Vase-Flower-417276979.jpg\",\"width\":1920,\"height\":1364},{\"@type\":\"BreadcrumbList\",\"@id\":\"https:\\\/\\\/www.odosoneironhotels.com\\\/fr\\\/hotels\\\/tavronitis-bay\\\/weddings-baptisms\\\/#breadcrumb\",\"itemListElement\":[{\"@type\":\"ListItem\",\"position\":1,\"name\":\"Home\",\"item\":\"https:\\\/\\\/www.odosoneironhotels.com\\\/fr\\\/\"},{\"@type\":\"ListItem\",\"position\":2,\"name\":\"H\u00f4tels\",\"item\":\"https:\\\/\\\/www.odosoneironhotels.com\\\/fr\\\/hotels\\\/\"},{\"@type\":\"ListItem\",\"position\":3,\"name\":\"Odos Oneiron Tavronitis Bay\",\"item\":\"https:\\\/\\\/www.odosoneironhotels.com\\\/fr\\\/hotels\\\/tavronitis-bay\\\/\"},{\"@type\":\"ListItem\",\"position\":4,\"name\":\"Mariages et bapt\u00eames\"}]},{\"@type\":\"WebSite\",\"@id\":\"https:\\\/\\\/www.odosoneironhotels.com\\\/#website\",\"url\":\"https:\\\/\\\/www.odosoneironhotels.com\\\/\",\"name\":\"Odos Oneiron Hotels &amp; Taste in Chania Crete\",\"description\":\"Delightfully authentic hospitality\",\"potentialAction\":[{\"@type\":\"SearchAction\",\"target\":{\"@type\":\"EntryPoint\",\"urlTemplate\":\"https:\\\/\\\/www.odosoneironhotels.com\\\/?s={search_term_string}\"},\"query-input\":{\"@type\":\"PropertyValueSpecification\",\"valueRequired\":true,\"valueName\":\"search_term_string\"}}],\"inLanguage\":\"fr-FR\"}]}<\/script>\n<!-- \/ Yoast SEO plugin. -->","yoast_head_json":{"title":"Mariages et bapt\u00eames - Odos Oneiron Hotels &amp; Taste in Chania Crete","robots":{"index":"index","follow":"follow","max-snippet":"max-snippet:-1","max-image-preview":"max-image-preview:large","max-video-preview":"max-video-preview:-1"},"canonical":"https:\/\/www.odosoneironhotels.com\/fr\/hotels\/tavronitis-bay\/weddings-baptisms\/","og_locale":"fr_FR","og_type":"article","og_title":"Mariages et bapt\u00eames - Odos Oneiron Hotels &amp; Taste in Chania Crete","og_description":"\u00c0 Odos Oneiron Tavronitis Bay, nous avons cr\u00e9\u00e9 un environnement merveilleux pour c\u00e9l\u00e9brer, impr\u00e9gn\u00e9 de la brise marine vivifiante de la merveilleuse c\u00f4te de La Can\u00e9e. Notre cadre se pr\u00eate \u00e0 devenir la toile de fond sensationnelle de votre mariage ou du bapt\u00eame de votre enfant. L&rsquo;ambiance de notre piscine rendra votre c\u00e9l\u00e9bration encore plus","og_url":"https:\/\/www.odosoneironhotels.com\/fr\/hotels\/tavronitis-bay\/weddings-baptisms\/","og_site_name":"Odos Oneiron Hotels &amp; Taste in Chania Crete","article_modified_time":"2023-06-01T13:59:25+00:00","og_image":[{"width":1920,"height":1364,"url":"https:\/\/www.odosoneironhotels.com\/app\/uploads\/sites\/91\/2022\/02\/bigstock-Fresh-Flowers-In-Vase-Flower-417276979.jpg","type":"image\/jpeg"}],"twitter_card":"summary_large_image","schema":{"@context":"https:\/\/schema.org","@graph":[{"@type":"WebPage","@id":"https:\/\/www.odosoneironhotels.com\/fr\/hotels\/tavronitis-bay\/weddings-baptisms\/","url":"https:\/\/www.odosoneironhotels.com\/fr\/hotels\/tavronitis-bay\/weddings-baptisms\/","name":"Mariages et bapt\u00eames - Odos Oneiron Hotels &amp; Taste in Chania Crete","isPartOf":{"@id":"https:\/\/www.odosoneironhotels.com\/#website"},"primaryImageOfPage":{"@id":"https:\/\/www.odosoneironhotels.com\/fr\/hotels\/tavronitis-bay\/weddings-baptisms\/#primaryimage"},"image":{"@id":"https:\/\/www.odosoneironhotels.com\/fr\/hotels\/tavronitis-bay\/weddings-baptisms\/#primaryimage"},"thumbnailUrl":"https:\/\/www.odosoneironhotels.com\/app\/uploads\/sites\/91\/2022\/02\/bigstock-Fresh-Flowers-In-Vase-Flower-417276979.jpg","datePublished":"2022-04-12T20:25:33+00:00","dateModified":"2023-06-01T13:59:25+00:00","breadcrumb":{"@id":"https:\/\/www.odosoneironhotels.com\/fr\/hotels\/tavronitis-bay\/weddings-baptisms\/#breadcrumb"},"inLanguage":"fr-FR","potentialAction":[{"@type":"ReadAction","target":["https:\/\/www.odosoneironhotels.com\/fr\/hotels\/tavronitis-bay\/weddings-baptisms\/"]}]},{"@type":"ImageObject","inLanguage":"fr-FR","@id":"https:\/\/www.odosoneironhotels.com\/fr\/hotels\/tavronitis-bay\/weddings-baptisms\/#primaryimage","url":"https:\/\/www.odosoneironhotels.com\/app\/uploads\/sites\/91\/2022\/02\/bigstock-Fresh-Flowers-In-Vase-Flower-417276979.jpg","contentUrl":"https:\/\/www.odosoneironhotels.com\/app\/uploads\/sites\/91\/2022\/02\/bigstock-Fresh-Flowers-In-Vase-Flower-417276979.jpg","width":1920,"height":1364},{"@type":"BreadcrumbList","@id":"https:\/\/www.odosoneironhotels.com\/fr\/hotels\/tavronitis-bay\/weddings-baptisms\/#breadcrumb","itemListElement":[{"@type":"ListItem","position":1,"name":"Home","item":"https:\/\/www.odosoneironhotels.com\/fr\/"},{"@type":"ListItem","position":2,"name":"H\u00f4tels","item":"https:\/\/www.odosoneironhotels.com\/fr\/hotels\/"},{"@type":"ListItem","position":3,"name":"Odos Oneiron Tavronitis Bay","item":"https:\/\/www.odosoneironhotels.com\/fr\/hotels\/tavronitis-bay\/"},{"@type":"ListItem","position":4,"name":"Mariages et bapt\u00eames"}]},{"@type":"WebSite","@id":"https:\/\/www.odosoneironhotels.com\/#website","url":"https:\/\/www.odosoneironhotels.com\/","name":"Odos Oneiron Hotels &amp; Taste in Chania Crete","description":"Delightfully authentic hospitality","potentialAction":[{"@type":"SearchAction","target":{"@type":"EntryPoint","urlTemplate":"https:\/\/www.odosoneironhotels.com\/?s={search_term_string}"},"query-input":{"@type":"PropertyValueSpecification","valueRequired":true,"valueName":"search_term_string"}}],"inLanguage":"fr-FR"}]}},"_links":{"self":[{"href":"https:\/\/www.odosoneironhotels.com\/fr\/wp-json\/wp\/v2\/pages\/5320","targetHints":{"allow":["GET"]}}],"collection":[{"href":"https:\/\/www.odosoneironhotels.com\/fr\/wp-json\/wp\/v2\/pages"}],"about":[{"href":"https:\/\/www.odosoneironhotels.com\/fr\/wp-json\/wp\/v2\/types\/page"}],"author":[{"embeddable":true,"href":"https:\/\/www.odosoneironhotels.com\/fr\/wp-json\/wp\/v2\/users\/2"}],"replies":[{"embeddable":true,"href":"https:\/\/www.odosoneironhotels.com\/fr\/wp-json\/wp\/v2\/comments?post=5320"}],"version-history":[{"count":1,"href":"https:\/\/www.odosoneironhotels.com\/fr\/wp-json\/wp\/v2\/pages\/5320\/revisions"}],"predecessor-version":[{"id":5360,"href":"https:\/\/www.odosoneironhotels.com\/fr\/wp-json\/wp\/v2\/pages\/5320\/revisions\/5360"}],"up":[{"embeddable":true,"href":"https:\/\/www.odosoneironhotels.com\/fr\/wp-json\/wp\/v2\/pages\/5336"}],"wp:featuredmedia":[{"embeddable":true,"href":"https:\/\/www.odosoneironhotels.com\/fr\/wp-json\/wp\/v2\/media\/4674"}],"wp:attachment":[{"href":"https:\/\/www.odosoneironhotels.com\/fr\/wp-json\/wp\/v2\/media?parent=5320"}],"curies":[{"name":"wp","href":"https:\/\/api.w.org\/{rel}","templated":true}]}}