{"id":5317,"date":"2023-03-29T10:26:11","date_gmt":"2023-03-29T07:26:11","guid":{"rendered":"https:\/\/www.odosoneironhotels.com\/transfer-services-2\/"},"modified":"2024-11-22T13:32:02","modified_gmt":"2024-11-22T11:32:02","slug":"transfer-services-2","status":"publish","type":"page","link":"https:\/\/www.odosoneironhotels.com\/fr\/transfer-services-2\/","title":{"rendered":"Services de transfert"},"content":{"rendered":"<p><strong>Services de transport priv\u00e9 &#8211; Visites et excursions<\/strong><\/p>\n<p>Nos services de transport priv\u00e9 et nos visites\/excursions sont con\u00e7us pour vous offrir une exp\u00e9rience de premier ordre lors de votre d\u00e9couverte de la magnifique \u00eele de Cr\u00e8te. Nous vous proposons une gamme de services adapt\u00e9s \u00e0 vos besoins, que vous voyagiez seul, avec un groupe d&rsquo;amis ou une famille, ou pour des raisons professionnelles.<\/p>\n<p><strong>Services de transport priv\u00e9 :<\/strong><\/p>\n<p>Notre service de transport priv\u00e9 est con\u00e7u pour venir vous chercher \u00e0 l&rsquo;a\u00e9roport de La Can\u00e9e et vous emmener \u00e0 votre destination avec style et confort. Notre flotte se compose de luxueux fourgons Mercedes-Benz Classe V, dot\u00e9s d&rsquo;\u00e9quipements modernes qui garantissent un voyage en douceur et sans tracas. Nos chauffeurs sont professionnels, courtois et connaissent bien les itin\u00e9raires locaux, ce qui vous permet d&rsquo;arriver \u00e0 destination \u00e0 temps et avec style.<\/p>\n<p>Visites et excursions priv\u00e9es : Nos visites et excursions priv\u00e9es sont adapt\u00e9es \u00e0 vos int\u00e9r\u00eats et pr\u00e9f\u00e9rences. Nous pouvons vous proposer une visite historique de l&rsquo;\u00eele, qui vous fera d\u00e9couvrir la richesse de sa culture et de son histoire, ou une visite culinaire, qui vous permettra de go\u00fbter \u00e0 la d\u00e9licieuse cuisine locale. Nous proposons \u00e9galement des visites des beaut\u00e9s naturelles de l&rsquo;\u00eele, telles que ses plages, ses montagnes et ses gorges. Nos guides comp\u00e9tents vous emm\u00e8neront dans un voyage inoubliable, vous montrant les joyaux cach\u00e9s de l&rsquo;\u00eele et vous donnant un aper\u00e7u de la culture et de l&rsquo;histoire locales. Nos visites et excursions priv\u00e9es sont effectu\u00e9es dans nos fourgonnettes Mercedes-Benz de classe V, ce qui garantit un voyage luxueux et confortable. Nos fourgons sont \u00e9quip\u00e9s d&rsquo;installations modernes, telles que la climatisation, le Wi-Fi et des si\u00e8ges confortables, afin de vous garantir un s\u00e9jour agr\u00e9able.<br \/>\net une exp\u00e9rience agr\u00e9able. Nous pouvons personnaliser l&rsquo;itin\u00e9raire de la visite en fonction de votre emploi du temps, de vos int\u00e9r\u00eats et de vos pr\u00e9f\u00e9rences, et nous pouvons accueillir des groupes de toute taille.<\/p>\n<p>Dans l&rsquo;ensemble, nos services de transport priv\u00e9 et d&rsquo;excursions vous offrent un moyen luxueux et confortable d&rsquo;explorer la magnifique \u00eele de Cr\u00e8te. Gr\u00e2ce \u00e0 nos guides professionnels et comp\u00e9tents, \u00e0 nos camionnettes Mercedes-Benz Classe V modernes et confortables et \u00e0 nos itin\u00e9raires personnalis\u00e9s, nous sommes convaincus que vous vivrez avec nous une exp\u00e9rience de voyage inoubliable.<\/p>\n<p>Contactez-nous d\u00e8s aujourd&rsquo;hui pour r\u00e9server votre transport priv\u00e9 et vos services touristiques aupr\u00e8s de notre \u00e9quipe d&rsquo;experts en voyage \u00e0 La Can\u00e9e, en Cr\u00e8te.<\/p>\n","protected":false},"excerpt":{"rendered":"<p>Services de transport priv\u00e9 &#8211; Visites et excursions Nos services de transport priv\u00e9 et nos visites\/excursions sont con\u00e7us pour vous offrir une exp\u00e9rience de premier ordre lors de votre d\u00e9couverte de la magnifique \u00eele de Cr\u00e8te. Nous vous proposons une gamme de services adapt\u00e9s \u00e0 vos besoins, que vous voyagiez seul, avec un groupe d&rsquo;amis<\/p>\n","protected":false},"author":326,"featured_media":4716,"parent":0,"menu_order":12,"comment_status":"closed","ping_status":"closed","template":"page-templates\/concierge-list.php","meta":{"_acf_changed":false,"footnotes":""},"class_list":["post-5317","page","type-page","status-publish","has-post-thumbnail","hentry"],"acf":[],"yoast_head":"<!-- This site is optimized with the Yoast SEO plugin v27.5 - https:\/\/yoast.com\/product\/yoast-seo-wordpress\/ -->\n<title>Services de transfert - Odos Oneiron Hotels &amp; Taste in Chania Crete<\/title>\n<meta name=\"robots\" content=\"index, follow, max-snippet:-1, max-image-preview:large, max-video-preview:-1\" \/>\n<link rel=\"canonical\" href=\"https:\/\/www.odosoneironhotels.com\/fr\/transfer-services-2\/\" \/>\n<meta property=\"og:locale\" content=\"fr_FR\" \/>\n<meta property=\"og:type\" content=\"article\" \/>\n<meta property=\"og:title\" content=\"Services de transfert - Odos Oneiron Hotels &amp; Taste in Chania Crete\" \/>\n<meta property=\"og:description\" content=\"Services de transport priv\u00e9 &#8211; Visites et excursions Nos services de transport priv\u00e9 et nos visites\/excursions sont con\u00e7us pour vous offrir une exp\u00e9rience de premier ordre lors de votre d\u00e9couverte de la magnifique \u00eele de Cr\u00e8te. Nous vous proposons une gamme de services adapt\u00e9s \u00e0 vos besoins, que vous voyagiez seul, avec un groupe d&rsquo;amis\" \/>\n<meta property=\"og:url\" content=\"https:\/\/www.odosoneironhotels.com\/fr\/transfer-services-2\/\" \/>\n<meta property=\"og:site_name\" content=\"Odos Oneiron Hotels &amp; Taste in Chania Crete\" \/>\n<meta property=\"article:modified_time\" content=\"2024-11-22T11:32:02+00:00\" \/>\n<meta property=\"og:image\" content=\"https:\/\/www.odosoneironhotels.com\/app\/uploads\/sites\/91\/2022\/04\/DJI_0018.jpg\" \/>\n\t<meta property=\"og:image:width\" content=\"1920\" \/>\n\t<meta property=\"og:image:height\" content=\"1439\" \/>\n\t<meta property=\"og:image:type\" content=\"image\/jpeg\" \/>\n<meta name=\"twitter:card\" content=\"summary_large_image\" \/>\n<meta name=\"twitter:label1\" content=\"Dur\u00e9e de lecture estim\u00e9e\" \/>\n\t<meta name=\"twitter:data1\" content=\"2 minutes\" \/>\n<script type=\"application\/ld+json\" class=\"yoast-schema-graph\">{\"@context\":\"https:\\\/\\\/schema.org\",\"@graph\":[{\"@type\":\"WebPage\",\"@id\":\"https:\\\/\\\/www.odosoneironhotels.com\\\/fr\\\/transfer-services-2\\\/\",\"url\":\"https:\\\/\\\/www.odosoneironhotels.com\\\/fr\\\/transfer-services-2\\\/\",\"name\":\"Services de transfert - Odos Oneiron Hotels &amp; Taste in Chania Crete\",\"isPartOf\":{\"@id\":\"https:\\\/\\\/www.odosoneironhotels.com\\\/#website\"},\"primaryImageOfPage\":{\"@id\":\"https:\\\/\\\/www.odosoneironhotels.com\\\/fr\\\/transfer-services-2\\\/#primaryimage\"},\"image\":{\"@id\":\"https:\\\/\\\/www.odosoneironhotels.com\\\/fr\\\/transfer-services-2\\\/#primaryimage\"},\"thumbnailUrl\":\"https:\\\/\\\/www.odosoneironhotels.com\\\/app\\\/uploads\\\/sites\\\/91\\\/2022\\\/04\\\/DJI_0018.jpg\",\"datePublished\":\"2023-03-29T07:26:11+00:00\",\"dateModified\":\"2024-11-22T11:32:02+00:00\",\"breadcrumb\":{\"@id\":\"https:\\\/\\\/www.odosoneironhotels.com\\\/fr\\\/transfer-services-2\\\/#breadcrumb\"},\"inLanguage\":\"fr-FR\",\"potentialAction\":[{\"@type\":\"ReadAction\",\"target\":[\"https:\\\/\\\/www.odosoneironhotels.com\\\/fr\\\/transfer-services-2\\\/\"]}]},{\"@type\":\"ImageObject\",\"inLanguage\":\"fr-FR\",\"@id\":\"https:\\\/\\\/www.odosoneironhotels.com\\\/fr\\\/transfer-services-2\\\/#primaryimage\",\"url\":\"https:\\\/\\\/www.odosoneironhotels.com\\\/app\\\/uploads\\\/sites\\\/91\\\/2022\\\/04\\\/DJI_0018.jpg\",\"contentUrl\":\"https:\\\/\\\/www.odosoneironhotels.com\\\/app\\\/uploads\\\/sites\\\/91\\\/2022\\\/04\\\/DJI_0018.jpg\",\"width\":1920,\"height\":1439},{\"@type\":\"BreadcrumbList\",\"@id\":\"https:\\\/\\\/www.odosoneironhotels.com\\\/fr\\\/transfer-services-2\\\/#breadcrumb\",\"itemListElement\":[{\"@type\":\"ListItem\",\"position\":1,\"name\":\"Home\",\"item\":\"https:\\\/\\\/www.odosoneironhotels.com\\\/fr\\\/\"},{\"@type\":\"ListItem\",\"position\":2,\"name\":\"Services de transfert\"}]},{\"@type\":\"WebSite\",\"@id\":\"https:\\\/\\\/www.odosoneironhotels.com\\\/#website\",\"url\":\"https:\\\/\\\/www.odosoneironhotels.com\\\/\",\"name\":\"Odos Oneiron Hotels &amp; Taste in Chania Crete\",\"description\":\"Delightfully authentic hospitality\",\"potentialAction\":[{\"@type\":\"SearchAction\",\"target\":{\"@type\":\"EntryPoint\",\"urlTemplate\":\"https:\\\/\\\/www.odosoneironhotels.com\\\/?s={search_term_string}\"},\"query-input\":{\"@type\":\"PropertyValueSpecification\",\"valueRequired\":true,\"valueName\":\"search_term_string\"}}],\"inLanguage\":\"fr-FR\"}]}<\/script>\n<!-- \/ Yoast SEO plugin. -->","yoast_head_json":{"title":"Services de transfert - Odos Oneiron Hotels &amp; Taste in Chania Crete","robots":{"index":"index","follow":"follow","max-snippet":"max-snippet:-1","max-image-preview":"max-image-preview:large","max-video-preview":"max-video-preview:-1"},"canonical":"https:\/\/www.odosoneironhotels.com\/fr\/transfer-services-2\/","og_locale":"fr_FR","og_type":"article","og_title":"Services de transfert - Odos Oneiron Hotels &amp; Taste in Chania Crete","og_description":"Services de transport priv\u00e9 &#8211; Visites et excursions Nos services de transport priv\u00e9 et nos visites\/excursions sont con\u00e7us pour vous offrir une exp\u00e9rience de premier ordre lors de votre d\u00e9couverte de la magnifique \u00eele de Cr\u00e8te. Nous vous proposons une gamme de services adapt\u00e9s \u00e0 vos besoins, que vous voyagiez seul, avec un groupe d&rsquo;amis","og_url":"https:\/\/www.odosoneironhotels.com\/fr\/transfer-services-2\/","og_site_name":"Odos Oneiron Hotels &amp; Taste in Chania Crete","article_modified_time":"2024-11-22T11:32:02+00:00","og_image":[{"width":1920,"height":1439,"url":"https:\/\/www.odosoneironhotels.com\/app\/uploads\/sites\/91\/2022\/04\/DJI_0018.jpg","type":"image\/jpeg"}],"twitter_card":"summary_large_image","twitter_misc":{"Dur\u00e9e de lecture estim\u00e9e":"2 minutes"},"schema":{"@context":"https:\/\/schema.org","@graph":[{"@type":"WebPage","@id":"https:\/\/www.odosoneironhotels.com\/fr\/transfer-services-2\/","url":"https:\/\/www.odosoneironhotels.com\/fr\/transfer-services-2\/","name":"Services de transfert - Odos Oneiron Hotels &amp; Taste in Chania Crete","isPartOf":{"@id":"https:\/\/www.odosoneironhotels.com\/#website"},"primaryImageOfPage":{"@id":"https:\/\/www.odosoneironhotels.com\/fr\/transfer-services-2\/#primaryimage"},"image":{"@id":"https:\/\/www.odosoneironhotels.com\/fr\/transfer-services-2\/#primaryimage"},"thumbnailUrl":"https:\/\/www.odosoneironhotels.com\/app\/uploads\/sites\/91\/2022\/04\/DJI_0018.jpg","datePublished":"2023-03-29T07:26:11+00:00","dateModified":"2024-11-22T11:32:02+00:00","breadcrumb":{"@id":"https:\/\/www.odosoneironhotels.com\/fr\/transfer-services-2\/#breadcrumb"},"inLanguage":"fr-FR","potentialAction":[{"@type":"ReadAction","target":["https:\/\/www.odosoneironhotels.com\/fr\/transfer-services-2\/"]}]},{"@type":"ImageObject","inLanguage":"fr-FR","@id":"https:\/\/www.odosoneironhotels.com\/fr\/transfer-services-2\/#primaryimage","url":"https:\/\/www.odosoneironhotels.com\/app\/uploads\/sites\/91\/2022\/04\/DJI_0018.jpg","contentUrl":"https:\/\/www.odosoneironhotels.com\/app\/uploads\/sites\/91\/2022\/04\/DJI_0018.jpg","width":1920,"height":1439},{"@type":"BreadcrumbList","@id":"https:\/\/www.odosoneironhotels.com\/fr\/transfer-services-2\/#breadcrumb","itemListElement":[{"@type":"ListItem","position":1,"name":"Home","item":"https:\/\/www.odosoneironhotels.com\/fr\/"},{"@type":"ListItem","position":2,"name":"Services de transfert"}]},{"@type":"WebSite","@id":"https:\/\/www.odosoneironhotels.com\/#website","url":"https:\/\/www.odosoneironhotels.com\/","name":"Odos Oneiron Hotels &amp; Taste in Chania Crete","description":"Delightfully authentic hospitality","potentialAction":[{"@type":"SearchAction","target":{"@type":"EntryPoint","urlTemplate":"https:\/\/www.odosoneironhotels.com\/?s={search_term_string}"},"query-input":{"@type":"PropertyValueSpecification","valueRequired":true,"valueName":"search_term_string"}}],"inLanguage":"fr-FR"}]}},"_links":{"self":[{"href":"https:\/\/www.odosoneironhotels.com\/fr\/wp-json\/wp\/v2\/pages\/5317","targetHints":{"allow":["GET"]}}],"collection":[{"href":"https:\/\/www.odosoneironhotels.com\/fr\/wp-json\/wp\/v2\/pages"}],"about":[{"href":"https:\/\/www.odosoneironhotels.com\/fr\/wp-json\/wp\/v2\/types\/page"}],"author":[{"embeddable":true,"href":"https:\/\/www.odosoneironhotels.com\/fr\/wp-json\/wp\/v2\/users\/326"}],"replies":[{"embeddable":true,"href":"https:\/\/www.odosoneironhotels.com\/fr\/wp-json\/wp\/v2\/comments?post=5317"}],"version-history":[{"count":1,"href":"https:\/\/www.odosoneironhotels.com\/fr\/wp-json\/wp\/v2\/pages\/5317\/revisions"}],"predecessor-version":[{"id":5635,"href":"https:\/\/www.odosoneironhotels.com\/fr\/wp-json\/wp\/v2\/pages\/5317\/revisions\/5635"}],"wp:featuredmedia":[{"embeddable":true,"href":"https:\/\/www.odosoneironhotels.com\/fr\/wp-json\/wp\/v2\/media\/4716"}],"wp:attachment":[{"href":"https:\/\/www.odosoneironhotels.com\/fr\/wp-json\/wp\/v2\/media?parent=5317"}],"curies":[{"name":"wp","href":"https:\/\/api.w.org\/{rel}","templated":true}]}}