{"id":5304,"date":"2023-03-29T10:59:37","date_gmt":"2023-03-29T07:59:37","guid":{"rendered":"https:\/\/www.odosoneironhotels.com\/transfer-services-2\/"},"modified":"2023-06-01T16:58:31","modified_gmt":"2023-06-01T13:58:31","slug":"transfer-services","status":"publish","type":"page","link":"https:\/\/www.odosoneironhotels.com\/fr\/hotels\/boutique-hotel\/transfer-services\/","title":{"rendered":"Services de transfert"},"content":{"rendered":"<p>L&rsquo;Odos Oneiron Boutique Hotel est fier de proposer des visites priv\u00e9es et des services de transfert aux clients arrivant dans les principaux a\u00e9roports et ports de Cr\u00e8te.<\/p>\n<p>L&rsquo;Odos Oneiron Boutique Hotel propose \u00e9galement des services de transfert priv\u00e9 de l&rsquo;a\u00e9roport de La Can\u00e9e directement \u00e0 l&rsquo;h\u00f4tel.<\/p>\n<p>Notre \u00e9quipe veillera \u00e0 ce que votre voyage soit sans tracas et confortable, avec une gamme d&rsquo;options de transport disponibles pour r\u00e9pondre \u00e0 vos besoins, y compris des v\u00e9hicules de luxe et des minibus priv\u00e9s.Nous comprenons que l&rsquo;arriv\u00e9e dans un nouvel endroit peut \u00eatre stressante, c&rsquo;est pourquoi nous visons \u00e0 rendre votre transfert aussi fluide et agr\u00e9able que possible.<\/p>\n<p>Il vous suffit de nous communiquer votre heure d&rsquo;arriv\u00e9e et nous serons l\u00e0 pour vous accueillir \u00e0 l&rsquo;a\u00e9roport et vous conduire directement \u00e0 notre h\u00f4tel !<\/p>\n","protected":false},"excerpt":{"rendered":"<p>L&rsquo;Odos Oneiron Boutique Hotel est fier de proposer des visites priv\u00e9es et des services de transfert aux clients arrivant dans les principaux a\u00e9roports et ports de Cr\u00e8te. L&rsquo;Odos Oneiron Boutique Hotel propose \u00e9galement des services de transfert priv\u00e9 de l&rsquo;a\u00e9roport de La Can\u00e9e directement \u00e0 l&rsquo;h\u00f4tel. Notre \u00e9quipe veillera \u00e0 ce que votre voyage soit<\/p>\n","protected":false},"author":326,"featured_media":5241,"parent":5337,"menu_order":12,"comment_status":"closed","ping_status":"closed","template":"","meta":{"_acf_changed":false,"footnotes":""},"class_list":["post-5304","page","type-page","status-publish","has-post-thumbnail","hentry"],"acf":[],"yoast_head":"<!-- This site is optimized with the Yoast SEO plugin v27.5 - https:\/\/yoast.com\/product\/yoast-seo-wordpress\/ -->\n<title>Services de transfert - Odos Oneiron Hotels &amp; Taste in Chania Crete<\/title>\n<meta name=\"robots\" content=\"index, follow, max-snippet:-1, max-image-preview:large, max-video-preview:-1\" \/>\n<link rel=\"canonical\" href=\"https:\/\/www.odosoneironhotels.com\/fr\/hotels\/boutique-hotel\/transfer-services\/\" \/>\n<meta property=\"og:locale\" content=\"fr_FR\" \/>\n<meta property=\"og:type\" content=\"article\" \/>\n<meta property=\"og:title\" content=\"Services de transfert - Odos Oneiron Hotels &amp; Taste in Chania Crete\" \/>\n<meta property=\"og:description\" content=\"L&rsquo;Odos Oneiron Boutique Hotel est fier de proposer des visites priv\u00e9es et des services de transfert aux clients arrivant dans les principaux a\u00e9roports et ports de Cr\u00e8te. L&rsquo;Odos Oneiron Boutique Hotel propose \u00e9galement des services de transfert priv\u00e9 de l&rsquo;a\u00e9roport de La Can\u00e9e directement \u00e0 l&rsquo;h\u00f4tel. Notre \u00e9quipe veillera \u00e0 ce que votre voyage soit\" \/>\n<meta property=\"og:url\" content=\"https:\/\/www.odosoneironhotels.com\/fr\/hotels\/boutique-hotel\/transfer-services\/\" \/>\n<meta property=\"og:site_name\" content=\"Odos Oneiron Hotels &amp; Taste in Chania Crete\" \/>\n<meta property=\"article:modified_time\" content=\"2023-06-01T13:58:31+00:00\" \/>\n<meta property=\"og:image\" content=\"https:\/\/www.odosoneironhotels.com\/app\/uploads\/sites\/91\/2022\/02\/shutterstock_2141346821.jpg\" \/>\n\t<meta property=\"og:image:width\" content=\"2100\" \/>\n\t<meta property=\"og:image:height\" content=\"1166\" \/>\n\t<meta property=\"og:image:type\" content=\"image\/jpeg\" \/>\n<meta name=\"twitter:card\" content=\"summary_large_image\" \/>\n<meta name=\"twitter:label1\" content=\"Dur\u00e9e de lecture estim\u00e9e\" \/>\n\t<meta name=\"twitter:data1\" content=\"1 minute\" \/>\n<script type=\"application\/ld+json\" class=\"yoast-schema-graph\">{\"@context\":\"https:\\\/\\\/schema.org\",\"@graph\":[{\"@type\":\"WebPage\",\"@id\":\"https:\\\/\\\/www.odosoneironhotels.com\\\/fr\\\/hotels\\\/boutique-hotel\\\/transfer-services\\\/\",\"url\":\"https:\\\/\\\/www.odosoneironhotels.com\\\/fr\\\/hotels\\\/boutique-hotel\\\/transfer-services\\\/\",\"name\":\"Services de transfert - Odos Oneiron Hotels &amp; Taste in Chania Crete\",\"isPartOf\":{\"@id\":\"https:\\\/\\\/www.odosoneironhotels.com\\\/#website\"},\"primaryImageOfPage\":{\"@id\":\"https:\\\/\\\/www.odosoneironhotels.com\\\/fr\\\/hotels\\\/boutique-hotel\\\/transfer-services\\\/#primaryimage\"},\"image\":{\"@id\":\"https:\\\/\\\/www.odosoneironhotels.com\\\/fr\\\/hotels\\\/boutique-hotel\\\/transfer-services\\\/#primaryimage\"},\"thumbnailUrl\":\"https:\\\/\\\/www.odosoneironhotels.com\\\/app\\\/uploads\\\/sites\\\/91\\\/2022\\\/02\\\/shutterstock_2141346821.jpg\",\"datePublished\":\"2023-03-29T07:59:37+00:00\",\"dateModified\":\"2023-06-01T13:58:31+00:00\",\"breadcrumb\":{\"@id\":\"https:\\\/\\\/www.odosoneironhotels.com\\\/fr\\\/hotels\\\/boutique-hotel\\\/transfer-services\\\/#breadcrumb\"},\"inLanguage\":\"fr-FR\",\"potentialAction\":[{\"@type\":\"ReadAction\",\"target\":[\"https:\\\/\\\/www.odosoneironhotels.com\\\/fr\\\/hotels\\\/boutique-hotel\\\/transfer-services\\\/\"]}]},{\"@type\":\"ImageObject\",\"inLanguage\":\"fr-FR\",\"@id\":\"https:\\\/\\\/www.odosoneironhotels.com\\\/fr\\\/hotels\\\/boutique-hotel\\\/transfer-services\\\/#primaryimage\",\"url\":\"https:\\\/\\\/www.odosoneironhotels.com\\\/app\\\/uploads\\\/sites\\\/91\\\/2022\\\/02\\\/shutterstock_2141346821.jpg\",\"contentUrl\":\"https:\\\/\\\/www.odosoneironhotels.com\\\/app\\\/uploads\\\/sites\\\/91\\\/2022\\\/02\\\/shutterstock_2141346821.jpg\",\"width\":2100,\"height\":1166},{\"@type\":\"BreadcrumbList\",\"@id\":\"https:\\\/\\\/www.odosoneironhotels.com\\\/fr\\\/hotels\\\/boutique-hotel\\\/transfer-services\\\/#breadcrumb\",\"itemListElement\":[{\"@type\":\"ListItem\",\"position\":1,\"name\":\"Home\",\"item\":\"https:\\\/\\\/www.odosoneironhotels.com\\\/fr\\\/\"},{\"@type\":\"ListItem\",\"position\":2,\"name\":\"H\u00f4tels\",\"item\":\"https:\\\/\\\/www.odosoneironhotels.com\\\/fr\\\/hotels\\\/\"},{\"@type\":\"ListItem\",\"position\":3,\"name\":\"Odos Oneiron Boutique Hotel\",\"item\":\"https:\\\/\\\/www.odosoneironhotels.com\\\/fr\\\/hotels\\\/boutique-hotel\\\/\"},{\"@type\":\"ListItem\",\"position\":4,\"name\":\"Services de transfert\"}]},{\"@type\":\"WebSite\",\"@id\":\"https:\\\/\\\/www.odosoneironhotels.com\\\/#website\",\"url\":\"https:\\\/\\\/www.odosoneironhotels.com\\\/\",\"name\":\"Odos Oneiron Hotels &amp; Taste in Chania Crete\",\"description\":\"Delightfully authentic hospitality\",\"potentialAction\":[{\"@type\":\"SearchAction\",\"target\":{\"@type\":\"EntryPoint\",\"urlTemplate\":\"https:\\\/\\\/www.odosoneironhotels.com\\\/?s={search_term_string}\"},\"query-input\":{\"@type\":\"PropertyValueSpecification\",\"valueRequired\":true,\"valueName\":\"search_term_string\"}}],\"inLanguage\":\"fr-FR\"}]}<\/script>\n<!-- \/ Yoast SEO plugin. -->","yoast_head_json":{"title":"Services de transfert - Odos Oneiron Hotels &amp; Taste in Chania Crete","robots":{"index":"index","follow":"follow","max-snippet":"max-snippet:-1","max-image-preview":"max-image-preview:large","max-video-preview":"max-video-preview:-1"},"canonical":"https:\/\/www.odosoneironhotels.com\/fr\/hotels\/boutique-hotel\/transfer-services\/","og_locale":"fr_FR","og_type":"article","og_title":"Services de transfert - Odos Oneiron Hotels &amp; Taste in Chania Crete","og_description":"L&rsquo;Odos Oneiron Boutique Hotel est fier de proposer des visites priv\u00e9es et des services de transfert aux clients arrivant dans les principaux a\u00e9roports et ports de Cr\u00e8te. L&rsquo;Odos Oneiron Boutique Hotel propose \u00e9galement des services de transfert priv\u00e9 de l&rsquo;a\u00e9roport de La Can\u00e9e directement \u00e0 l&rsquo;h\u00f4tel. Notre \u00e9quipe veillera \u00e0 ce que votre voyage soit","og_url":"https:\/\/www.odosoneironhotels.com\/fr\/hotels\/boutique-hotel\/transfer-services\/","og_site_name":"Odos Oneiron Hotels &amp; Taste in Chania Crete","article_modified_time":"2023-06-01T13:58:31+00:00","og_image":[{"width":2100,"height":1166,"url":"https:\/\/www.odosoneironhotels.com\/app\/uploads\/sites\/91\/2022\/02\/shutterstock_2141346821.jpg","type":"image\/jpeg"}],"twitter_card":"summary_large_image","twitter_misc":{"Dur\u00e9e de lecture estim\u00e9e":"1 minute"},"schema":{"@context":"https:\/\/schema.org","@graph":[{"@type":"WebPage","@id":"https:\/\/www.odosoneironhotels.com\/fr\/hotels\/boutique-hotel\/transfer-services\/","url":"https:\/\/www.odosoneironhotels.com\/fr\/hotels\/boutique-hotel\/transfer-services\/","name":"Services de transfert - Odos Oneiron Hotels &amp; Taste in Chania Crete","isPartOf":{"@id":"https:\/\/www.odosoneironhotels.com\/#website"},"primaryImageOfPage":{"@id":"https:\/\/www.odosoneironhotels.com\/fr\/hotels\/boutique-hotel\/transfer-services\/#primaryimage"},"image":{"@id":"https:\/\/www.odosoneironhotels.com\/fr\/hotels\/boutique-hotel\/transfer-services\/#primaryimage"},"thumbnailUrl":"https:\/\/www.odosoneironhotels.com\/app\/uploads\/sites\/91\/2022\/02\/shutterstock_2141346821.jpg","datePublished":"2023-03-29T07:59:37+00:00","dateModified":"2023-06-01T13:58:31+00:00","breadcrumb":{"@id":"https:\/\/www.odosoneironhotels.com\/fr\/hotels\/boutique-hotel\/transfer-services\/#breadcrumb"},"inLanguage":"fr-FR","potentialAction":[{"@type":"ReadAction","target":["https:\/\/www.odosoneironhotels.com\/fr\/hotels\/boutique-hotel\/transfer-services\/"]}]},{"@type":"ImageObject","inLanguage":"fr-FR","@id":"https:\/\/www.odosoneironhotels.com\/fr\/hotels\/boutique-hotel\/transfer-services\/#primaryimage","url":"https:\/\/www.odosoneironhotels.com\/app\/uploads\/sites\/91\/2022\/02\/shutterstock_2141346821.jpg","contentUrl":"https:\/\/www.odosoneironhotels.com\/app\/uploads\/sites\/91\/2022\/02\/shutterstock_2141346821.jpg","width":2100,"height":1166},{"@type":"BreadcrumbList","@id":"https:\/\/www.odosoneironhotels.com\/fr\/hotels\/boutique-hotel\/transfer-services\/#breadcrumb","itemListElement":[{"@type":"ListItem","position":1,"name":"Home","item":"https:\/\/www.odosoneironhotels.com\/fr\/"},{"@type":"ListItem","position":2,"name":"H\u00f4tels","item":"https:\/\/www.odosoneironhotels.com\/fr\/hotels\/"},{"@type":"ListItem","position":3,"name":"Odos Oneiron Boutique Hotel","item":"https:\/\/www.odosoneironhotels.com\/fr\/hotels\/boutique-hotel\/"},{"@type":"ListItem","position":4,"name":"Services de transfert"}]},{"@type":"WebSite","@id":"https:\/\/www.odosoneironhotels.com\/#website","url":"https:\/\/www.odosoneironhotels.com\/","name":"Odos Oneiron Hotels &amp; Taste in Chania Crete","description":"Delightfully authentic hospitality","potentialAction":[{"@type":"SearchAction","target":{"@type":"EntryPoint","urlTemplate":"https:\/\/www.odosoneironhotels.com\/?s={search_term_string}"},"query-input":{"@type":"PropertyValueSpecification","valueRequired":true,"valueName":"search_term_string"}}],"inLanguage":"fr-FR"}]}},"_links":{"self":[{"href":"https:\/\/www.odosoneironhotels.com\/fr\/wp-json\/wp\/v2\/pages\/5304","targetHints":{"allow":["GET"]}}],"collection":[{"href":"https:\/\/www.odosoneironhotels.com\/fr\/wp-json\/wp\/v2\/pages"}],"about":[{"href":"https:\/\/www.odosoneironhotels.com\/fr\/wp-json\/wp\/v2\/types\/page"}],"author":[{"embeddable":true,"href":"https:\/\/www.odosoneironhotels.com\/fr\/wp-json\/wp\/v2\/users\/326"}],"replies":[{"embeddable":true,"href":"https:\/\/www.odosoneironhotels.com\/fr\/wp-json\/wp\/v2\/comments?post=5304"}],"version-history":[{"count":1,"href":"https:\/\/www.odosoneironhotels.com\/fr\/wp-json\/wp\/v2\/pages\/5304\/revisions"}],"predecessor-version":[{"id":5355,"href":"https:\/\/www.odosoneironhotels.com\/fr\/wp-json\/wp\/v2\/pages\/5304\/revisions\/5355"}],"up":[{"embeddable":true,"href":"https:\/\/www.odosoneironhotels.com\/fr\/wp-json\/wp\/v2\/pages\/5337"}],"wp:featuredmedia":[{"embeddable":true,"href":"https:\/\/www.odosoneironhotels.com\/fr\/wp-json\/wp\/v2\/media\/5241"}],"wp:attachment":[{"href":"https:\/\/www.odosoneironhotels.com\/fr\/wp-json\/wp\/v2\/media?parent=5304"}],"curies":[{"name":"wp","href":"https:\/\/api.w.org\/{rel}","templated":true}]}}