{"id":5299,"date":"2023-03-29T11:06:35","date_gmt":"2023-03-29T08:06:35","guid":{"rendered":"https:\/\/www.odosoneironhotels.com\/transfer-services-tavronitis\/"},"modified":"2023-06-01T16:59:30","modified_gmt":"2023-06-01T13:59:30","slug":"transfer-services-tavronitis","status":"publish","type":"page","link":"https:\/\/www.odosoneironhotels.com\/fr\/hotels\/tavronitis-bay\/transfer-services-tavronitis\/","title":{"rendered":"Services de transfert"},"content":{"rendered":"<p>L&rsquo;Odos Oneiron Tavronitis Bay Hotel propose \u00e9galement des visites priv\u00e9es et des services de transfert pour vous aider \u00e0 profiter au maximum de votre s\u00e9jour \u00e0 La Can\u00e9e. Notre \u00e9quipe exp\u00e9riment\u00e9e peut organiser des visites personnalis\u00e9es pour pr\u00e9senter le meilleur de la beaut\u00e9 naturelle, de l&rsquo;histoire et de la culture de l&rsquo;\u00eele.<\/p>\n<p>Nous proposons \u00e9galement des services de transfert priv\u00e9 de l&rsquo;a\u00e9roport de La Can\u00e9e \u00e0 notre h\u00f4tel, pour une arriv\u00e9e en douceur et sans stress. Que vous soyez \u00e0 la recherche d&rsquo;une excursion culturelle, d&rsquo;une aventure en plein air, ou que vous souhaitiez simplement vous d\u00e9tendre et profiter du soleil, nous sommes l\u00e0 pour vous aider.<\/p>\n<p>Pour en savoir plus sur nos visites priv\u00e9es et nos services de transfert, commencez \u00e0 planifier votre s\u00e9jour de r\u00eave en Cr\u00e8te d\u00e8s aujourd&rsquo;hui !<\/p>\n","protected":false},"excerpt":{"rendered":"<p>L&rsquo;Odos Oneiron Tavronitis Bay Hotel propose \u00e9galement des visites priv\u00e9es et des services de transfert pour vous aider \u00e0 profiter au maximum de votre s\u00e9jour \u00e0 La Can\u00e9e. Notre \u00e9quipe exp\u00e9riment\u00e9e peut organiser des visites personnalis\u00e9es pour pr\u00e9senter le meilleur de la beaut\u00e9 naturelle, de l&rsquo;histoire et de la culture de l&rsquo;\u00eele. Nous proposons \u00e9galement<\/p>\n","protected":false},"author":326,"featured_media":4782,"parent":5336,"menu_order":12,"comment_status":"closed","ping_status":"closed","template":"","meta":{"_acf_changed":false,"footnotes":""},"class_list":["post-5299","page","type-page","status-publish","has-post-thumbnail","hentry"],"acf":[],"yoast_head":"<!-- This site is optimized with the Yoast SEO plugin v27.5 - https:\/\/yoast.com\/product\/yoast-seo-wordpress\/ -->\n<title>Services de transfert - Odos Oneiron Hotels &amp; Taste in Chania Crete<\/title>\n<meta name=\"robots\" content=\"index, follow, max-snippet:-1, max-image-preview:large, max-video-preview:-1\" \/>\n<link rel=\"canonical\" href=\"https:\/\/www.odosoneironhotels.com\/fr\/hotels\/tavronitis-bay\/transfer-services-tavronitis\/\" \/>\n<meta property=\"og:locale\" content=\"fr_FR\" \/>\n<meta property=\"og:type\" content=\"article\" \/>\n<meta property=\"og:title\" content=\"Services de transfert - Odos Oneiron Hotels &amp; Taste in Chania Crete\" \/>\n<meta property=\"og:description\" content=\"L&rsquo;Odos Oneiron Tavronitis Bay Hotel propose \u00e9galement des visites priv\u00e9es et des services de transfert pour vous aider \u00e0 profiter au maximum de votre s\u00e9jour \u00e0 La Can\u00e9e. Notre \u00e9quipe exp\u00e9riment\u00e9e peut organiser des visites personnalis\u00e9es pour pr\u00e9senter le meilleur de la beaut\u00e9 naturelle, de l&rsquo;histoire et de la culture de l&rsquo;\u00eele. Nous proposons \u00e9galement\" \/>\n<meta property=\"og:url\" content=\"https:\/\/www.odosoneironhotels.com\/fr\/hotels\/tavronitis-bay\/transfer-services-tavronitis\/\" \/>\n<meta property=\"og:site_name\" content=\"Odos Oneiron Hotels &amp; Taste in Chania Crete\" \/>\n<meta property=\"article:modified_time\" content=\"2023-06-01T13:59:30+00:00\" \/>\n<meta property=\"og:image\" content=\"https:\/\/www.odosoneironhotels.com\/app\/uploads\/sites\/91\/2022\/04\/tavronitis-MTS_6208.jpg\" \/>\n\t<meta property=\"og:image:width\" content=\"1920\" \/>\n\t<meta property=\"og:image:height\" content=\"1280\" \/>\n\t<meta property=\"og:image:type\" content=\"image\/jpeg\" \/>\n<meta name=\"twitter:card\" content=\"summary_large_image\" \/>\n<meta name=\"twitter:label1\" content=\"Dur\u00e9e de lecture estim\u00e9e\" \/>\n\t<meta name=\"twitter:data1\" content=\"1 minute\" \/>\n<script type=\"application\/ld+json\" class=\"yoast-schema-graph\">{\"@context\":\"https:\\\/\\\/schema.org\",\"@graph\":[{\"@type\":\"WebPage\",\"@id\":\"https:\\\/\\\/www.odosoneironhotels.com\\\/fr\\\/hotels\\\/tavronitis-bay\\\/transfer-services-tavronitis\\\/\",\"url\":\"https:\\\/\\\/www.odosoneironhotels.com\\\/fr\\\/hotels\\\/tavronitis-bay\\\/transfer-services-tavronitis\\\/\",\"name\":\"Services de transfert - Odos Oneiron Hotels &amp; Taste in Chania Crete\",\"isPartOf\":{\"@id\":\"https:\\\/\\\/www.odosoneironhotels.com\\\/#website\"},\"primaryImageOfPage\":{\"@id\":\"https:\\\/\\\/www.odosoneironhotels.com\\\/fr\\\/hotels\\\/tavronitis-bay\\\/transfer-services-tavronitis\\\/#primaryimage\"},\"image\":{\"@id\":\"https:\\\/\\\/www.odosoneironhotels.com\\\/fr\\\/hotels\\\/tavronitis-bay\\\/transfer-services-tavronitis\\\/#primaryimage\"},\"thumbnailUrl\":\"https:\\\/\\\/www.odosoneironhotels.com\\\/app\\\/uploads\\\/sites\\\/91\\\/2022\\\/04\\\/tavronitis-MTS_6208.jpg\",\"datePublished\":\"2023-03-29T08:06:35+00:00\",\"dateModified\":\"2023-06-01T13:59:30+00:00\",\"breadcrumb\":{\"@id\":\"https:\\\/\\\/www.odosoneironhotels.com\\\/fr\\\/hotels\\\/tavronitis-bay\\\/transfer-services-tavronitis\\\/#breadcrumb\"},\"inLanguage\":\"fr-FR\",\"potentialAction\":[{\"@type\":\"ReadAction\",\"target\":[\"https:\\\/\\\/www.odosoneironhotels.com\\\/fr\\\/hotels\\\/tavronitis-bay\\\/transfer-services-tavronitis\\\/\"]}]},{\"@type\":\"ImageObject\",\"inLanguage\":\"fr-FR\",\"@id\":\"https:\\\/\\\/www.odosoneironhotels.com\\\/fr\\\/hotels\\\/tavronitis-bay\\\/transfer-services-tavronitis\\\/#primaryimage\",\"url\":\"https:\\\/\\\/www.odosoneironhotels.com\\\/app\\\/uploads\\\/sites\\\/91\\\/2022\\\/04\\\/tavronitis-MTS_6208.jpg\",\"contentUrl\":\"https:\\\/\\\/www.odosoneironhotels.com\\\/app\\\/uploads\\\/sites\\\/91\\\/2022\\\/04\\\/tavronitis-MTS_6208.jpg\",\"width\":1920,\"height\":1280},{\"@type\":\"BreadcrumbList\",\"@id\":\"https:\\\/\\\/www.odosoneironhotels.com\\\/fr\\\/hotels\\\/tavronitis-bay\\\/transfer-services-tavronitis\\\/#breadcrumb\",\"itemListElement\":[{\"@type\":\"ListItem\",\"position\":1,\"name\":\"Home\",\"item\":\"https:\\\/\\\/www.odosoneironhotels.com\\\/fr\\\/\"},{\"@type\":\"ListItem\",\"position\":2,\"name\":\"H\u00f4tels\",\"item\":\"https:\\\/\\\/www.odosoneironhotels.com\\\/fr\\\/hotels\\\/\"},{\"@type\":\"ListItem\",\"position\":3,\"name\":\"Odos Oneiron Tavronitis Bay\",\"item\":\"https:\\\/\\\/www.odosoneironhotels.com\\\/fr\\\/hotels\\\/tavronitis-bay\\\/\"},{\"@type\":\"ListItem\",\"position\":4,\"name\":\"Services de transfert\"}]},{\"@type\":\"WebSite\",\"@id\":\"https:\\\/\\\/www.odosoneironhotels.com\\\/#website\",\"url\":\"https:\\\/\\\/www.odosoneironhotels.com\\\/\",\"name\":\"Odos Oneiron Hotels &amp; Taste in Chania Crete\",\"description\":\"Delightfully authentic hospitality\",\"potentialAction\":[{\"@type\":\"SearchAction\",\"target\":{\"@type\":\"EntryPoint\",\"urlTemplate\":\"https:\\\/\\\/www.odosoneironhotels.com\\\/?s={search_term_string}\"},\"query-input\":{\"@type\":\"PropertyValueSpecification\",\"valueRequired\":true,\"valueName\":\"search_term_string\"}}],\"inLanguage\":\"fr-FR\"}]}<\/script>\n<!-- \/ Yoast SEO plugin. -->","yoast_head_json":{"title":"Services de transfert - Odos Oneiron Hotels &amp; Taste in Chania Crete","robots":{"index":"index","follow":"follow","max-snippet":"max-snippet:-1","max-image-preview":"max-image-preview:large","max-video-preview":"max-video-preview:-1"},"canonical":"https:\/\/www.odosoneironhotels.com\/fr\/hotels\/tavronitis-bay\/transfer-services-tavronitis\/","og_locale":"fr_FR","og_type":"article","og_title":"Services de transfert - Odos Oneiron Hotels &amp; Taste in Chania Crete","og_description":"L&rsquo;Odos Oneiron Tavronitis Bay Hotel propose \u00e9galement des visites priv\u00e9es et des services de transfert pour vous aider \u00e0 profiter au maximum de votre s\u00e9jour \u00e0 La Can\u00e9e. Notre \u00e9quipe exp\u00e9riment\u00e9e peut organiser des visites personnalis\u00e9es pour pr\u00e9senter le meilleur de la beaut\u00e9 naturelle, de l&rsquo;histoire et de la culture de l&rsquo;\u00eele. Nous proposons \u00e9galement","og_url":"https:\/\/www.odosoneironhotels.com\/fr\/hotels\/tavronitis-bay\/transfer-services-tavronitis\/","og_site_name":"Odos Oneiron Hotels &amp; Taste in Chania Crete","article_modified_time":"2023-06-01T13:59:30+00:00","og_image":[{"width":1920,"height":1280,"url":"https:\/\/www.odosoneironhotels.com\/app\/uploads\/sites\/91\/2022\/04\/tavronitis-MTS_6208.jpg","type":"image\/jpeg"}],"twitter_card":"summary_large_image","twitter_misc":{"Dur\u00e9e de lecture estim\u00e9e":"1 minute"},"schema":{"@context":"https:\/\/schema.org","@graph":[{"@type":"WebPage","@id":"https:\/\/www.odosoneironhotels.com\/fr\/hotels\/tavronitis-bay\/transfer-services-tavronitis\/","url":"https:\/\/www.odosoneironhotels.com\/fr\/hotels\/tavronitis-bay\/transfer-services-tavronitis\/","name":"Services de transfert - Odos Oneiron Hotels &amp; Taste in Chania Crete","isPartOf":{"@id":"https:\/\/www.odosoneironhotels.com\/#website"},"primaryImageOfPage":{"@id":"https:\/\/www.odosoneironhotels.com\/fr\/hotels\/tavronitis-bay\/transfer-services-tavronitis\/#primaryimage"},"image":{"@id":"https:\/\/www.odosoneironhotels.com\/fr\/hotels\/tavronitis-bay\/transfer-services-tavronitis\/#primaryimage"},"thumbnailUrl":"https:\/\/www.odosoneironhotels.com\/app\/uploads\/sites\/91\/2022\/04\/tavronitis-MTS_6208.jpg","datePublished":"2023-03-29T08:06:35+00:00","dateModified":"2023-06-01T13:59:30+00:00","breadcrumb":{"@id":"https:\/\/www.odosoneironhotels.com\/fr\/hotels\/tavronitis-bay\/transfer-services-tavronitis\/#breadcrumb"},"inLanguage":"fr-FR","potentialAction":[{"@type":"ReadAction","target":["https:\/\/www.odosoneironhotels.com\/fr\/hotels\/tavronitis-bay\/transfer-services-tavronitis\/"]}]},{"@type":"ImageObject","inLanguage":"fr-FR","@id":"https:\/\/www.odosoneironhotels.com\/fr\/hotels\/tavronitis-bay\/transfer-services-tavronitis\/#primaryimage","url":"https:\/\/www.odosoneironhotels.com\/app\/uploads\/sites\/91\/2022\/04\/tavronitis-MTS_6208.jpg","contentUrl":"https:\/\/www.odosoneironhotels.com\/app\/uploads\/sites\/91\/2022\/04\/tavronitis-MTS_6208.jpg","width":1920,"height":1280},{"@type":"BreadcrumbList","@id":"https:\/\/www.odosoneironhotels.com\/fr\/hotels\/tavronitis-bay\/transfer-services-tavronitis\/#breadcrumb","itemListElement":[{"@type":"ListItem","position":1,"name":"Home","item":"https:\/\/www.odosoneironhotels.com\/fr\/"},{"@type":"ListItem","position":2,"name":"H\u00f4tels","item":"https:\/\/www.odosoneironhotels.com\/fr\/hotels\/"},{"@type":"ListItem","position":3,"name":"Odos Oneiron Tavronitis Bay","item":"https:\/\/www.odosoneironhotels.com\/fr\/hotels\/tavronitis-bay\/"},{"@type":"ListItem","position":4,"name":"Services de transfert"}]},{"@type":"WebSite","@id":"https:\/\/www.odosoneironhotels.com\/#website","url":"https:\/\/www.odosoneironhotels.com\/","name":"Odos Oneiron Hotels &amp; Taste in Chania Crete","description":"Delightfully authentic hospitality","potentialAction":[{"@type":"SearchAction","target":{"@type":"EntryPoint","urlTemplate":"https:\/\/www.odosoneironhotels.com\/?s={search_term_string}"},"query-input":{"@type":"PropertyValueSpecification","valueRequired":true,"valueName":"search_term_string"}}],"inLanguage":"fr-FR"}]}},"_links":{"self":[{"href":"https:\/\/www.odosoneironhotels.com\/fr\/wp-json\/wp\/v2\/pages\/5299","targetHints":{"allow":["GET"]}}],"collection":[{"href":"https:\/\/www.odosoneironhotels.com\/fr\/wp-json\/wp\/v2\/pages"}],"about":[{"href":"https:\/\/www.odosoneironhotels.com\/fr\/wp-json\/wp\/v2\/types\/page"}],"author":[{"embeddable":true,"href":"https:\/\/www.odosoneironhotels.com\/fr\/wp-json\/wp\/v2\/users\/326"}],"replies":[{"embeddable":true,"href":"https:\/\/www.odosoneironhotels.com\/fr\/wp-json\/wp\/v2\/comments?post=5299"}],"version-history":[{"count":1,"href":"https:\/\/www.odosoneironhotels.com\/fr\/wp-json\/wp\/v2\/pages\/5299\/revisions"}],"predecessor-version":[{"id":5354,"href":"https:\/\/www.odosoneironhotels.com\/fr\/wp-json\/wp\/v2\/pages\/5299\/revisions\/5354"}],"up":[{"embeddable":true,"href":"https:\/\/www.odosoneironhotels.com\/fr\/wp-json\/wp\/v2\/pages\/5336"}],"wp:featuredmedia":[{"embeddable":true,"href":"https:\/\/www.odosoneironhotels.com\/fr\/wp-json\/wp\/v2\/media\/4782"}],"wp:attachment":[{"href":"https:\/\/www.odosoneironhotels.com\/fr\/wp-json\/wp\/v2\/media?parent=5299"}],"curies":[{"name":"wp","href":"https:\/\/api.w.org\/{rel}","templated":true}]}}