{"id":5400,"date":"2022-02-18T13:49:55","date_gmt":"2022-02-18T11:49:55","guid":{"rendered":"https:\/\/www.odosoneironhotels.com\/home-2\/"},"modified":"2023-07-28T14:06:25","modified_gmt":"2023-07-28T11:06:25","slug":"home-2","status":"publish","type":"page","link":"https:\/\/www.odosoneironhotels.com\/de\/","title":{"rendered":"Startseite"},"content":{"rendered":"<p>Unser Ziel ist es Ihren kretischen Urlaubstraum zu realisieren. Die kretische Gastfreundfreundschaft spiegelt sich in unseren stilvollen Unterk\u00fcnften und den k\u00f6stlichen Aromen unseres gastronomischen Angebotes. Mitten in der historischen Altstadt von Chania erleben Sie unmittelbar das authentische kretische Leben.<\/p>\n<p>Das Hotel Odos Oneiron Boutique Hotel &amp; Suites befindet sich in zwei historischen, venezianischen Geb\u00e4uden, im Herzen von Chania. Durch die stilvolle Gestaltung der R\u00e4ume wurde die besondere, romantische Atmosph\u00e4re erhalten, die diesen geschichtstr\u00e4chtigen Geb\u00e4uden eigen ist.<\/p>\n<p>In der N\u00e4he von Tavronitis liegt das Odos Oneiron in einer malerischen Bucht, nur 50 Meter vom Meer entfernt. Das besondere Licht trifft auf das intensive Blau der \u00c4g\u00e4is. Hier erleben Sie Kreta und den Bezirk Chania in seiner ganzen Vielf\u00e4ltigkeit.<\/p>\n<p>&nbsp;<\/p>\n<p>&nbsp;<\/p>\n","protected":false},"excerpt":{"rendered":"<p>Unser Ziel ist es Ihren kretischen Urlaubstraum zu realisieren. Die kretische Gastfreundfreundschaft spiegelt sich in unseren stilvollen Unterk\u00fcnften und den k\u00f6stlichen Aromen unseres gastronomischen Angebotes. Mitten in der historischen Altstadt von Chania erleben Sie unmittelbar das authentische kretische Leben. Das Hotel Odos Oneiron Boutique Hotel &amp; Suites befindet sich in zwei historischen, venezianischen Geb\u00e4uden, im<\/p>\n","protected":false},"author":1,"featured_media":4939,"parent":0,"menu_order":0,"comment_status":"closed","ping_status":"closed","template":"","meta":{"_acf_changed":false,"footnotes":""},"class_list":["post-5400","page","type-page","status-publish","has-post-thumbnail","hentry"],"acf":[],"yoast_head":"<!-- This site is optimized with the Yoast SEO plugin v27.4 - https:\/\/yoast.com\/product\/yoast-seo-wordpress\/ -->\n<title>Startseite - Odos Oneiron Hotels &amp; Taste in Chania Crete<\/title>\n<meta name=\"robots\" content=\"index, follow, max-snippet:-1, max-image-preview:large, max-video-preview:-1\" \/>\n<link rel=\"canonical\" href=\"https:\/\/www.odosoneironhotels.com\/de\/\" \/>\n<meta property=\"og:locale\" content=\"de_DE\" \/>\n<meta property=\"og:type\" content=\"article\" \/>\n<meta property=\"og:title\" content=\"Startseite - Odos Oneiron Hotels &amp; Taste in Chania Crete\" \/>\n<meta property=\"og:description\" content=\"Unser Ziel ist es Ihren kretischen Urlaubstraum zu realisieren. Die kretische Gastfreundfreundschaft spiegelt sich in unseren stilvollen Unterk\u00fcnften und den k\u00f6stlichen Aromen unseres gastronomischen Angebotes. Mitten in der historischen Altstadt von Chania erleben Sie unmittelbar das authentische kretische Leben. Das Hotel Odos Oneiron Boutique Hotel &amp; Suites befindet sich in zwei historischen, venezianischen Geb\u00e4uden, im\" \/>\n<meta property=\"og:url\" content=\"https:\/\/www.odosoneironhotels.com\/de\/\" \/>\n<meta property=\"og:site_name\" content=\"Odos Oneiron Hotels &amp; Taste in Chania Crete\" \/>\n<meta property=\"article:modified_time\" content=\"2023-07-28T11:06:25+00:00\" \/>\n<meta property=\"og:image\" content=\"https:\/\/www.odosoneironhotels.com\/app\/uploads\/sites\/91\/2022\/04\/Chania-and-all-its-glory_1795250077.jpg\" \/>\n\t<meta property=\"og:image:width\" content=\"1920\" \/>\n\t<meta property=\"og:image:height\" content=\"1279\" \/>\n\t<meta property=\"og:image:type\" content=\"image\/jpeg\" \/>\n<meta name=\"twitter:card\" content=\"summary_large_image\" \/>\n<meta name=\"twitter:label1\" content=\"Gesch\u00e4tzte Lesezeit\" \/>\n\t<meta name=\"twitter:data1\" content=\"1\u00a0Minute\" \/>\n<script type=\"application\/ld+json\" class=\"yoast-schema-graph\">{\"@context\":\"https:\\\/\\\/schema.org\",\"@graph\":[{\"@type\":\"WebPage\",\"@id\":\"https:\\\/\\\/www.odosoneironhotels.com\\\/de\\\/\",\"url\":\"https:\\\/\\\/www.odosoneironhotels.com\\\/de\\\/\",\"name\":\"Startseite - Odos Oneiron Hotels &amp; Taste in Chania Crete\",\"isPartOf\":{\"@id\":\"https:\\\/\\\/www.odosoneironhotels.com\\\/#website\"},\"primaryImageOfPage\":{\"@id\":\"https:\\\/\\\/www.odosoneironhotels.com\\\/de\\\/#primaryimage\"},\"image\":{\"@id\":\"https:\\\/\\\/www.odosoneironhotels.com\\\/de\\\/#primaryimage\"},\"thumbnailUrl\":\"https:\\\/\\\/www.odosoneironhotels.com\\\/app\\\/uploads\\\/sites\\\/91\\\/2022\\\/04\\\/Chania-and-all-its-glory_1795250077.jpg\",\"datePublished\":\"2022-02-18T11:49:55+00:00\",\"dateModified\":\"2023-07-28T11:06:25+00:00\",\"breadcrumb\":{\"@id\":\"https:\\\/\\\/www.odosoneironhotels.com\\\/de\\\/#breadcrumb\"},\"inLanguage\":\"de\",\"potentialAction\":[{\"@type\":\"ReadAction\",\"target\":[\"https:\\\/\\\/www.odosoneironhotels.com\\\/de\\\/\"]}]},{\"@type\":\"ImageObject\",\"inLanguage\":\"de\",\"@id\":\"https:\\\/\\\/www.odosoneironhotels.com\\\/de\\\/#primaryimage\",\"url\":\"https:\\\/\\\/www.odosoneironhotels.com\\\/app\\\/uploads\\\/sites\\\/91\\\/2022\\\/04\\\/Chania-and-all-its-glory_1795250077.jpg\",\"contentUrl\":\"https:\\\/\\\/www.odosoneironhotels.com\\\/app\\\/uploads\\\/sites\\\/91\\\/2022\\\/04\\\/Chania-and-all-its-glory_1795250077.jpg\",\"width\":1920,\"height\":1279},{\"@type\":\"BreadcrumbList\",\"@id\":\"https:\\\/\\\/www.odosoneironhotels.com\\\/de\\\/#breadcrumb\",\"itemListElement\":[{\"@type\":\"ListItem\",\"position\":1,\"name\":\"Home\",\"item\":\"https:\\\/\\\/www.odosoneironhotels.com\\\/de\\\/\"},{\"@type\":\"ListItem\",\"position\":2,\"name\":\"Startseite\"}]},{\"@type\":\"WebSite\",\"@id\":\"https:\\\/\\\/www.odosoneironhotels.com\\\/#website\",\"url\":\"https:\\\/\\\/www.odosoneironhotels.com\\\/\",\"name\":\"Odos Oneiron Hotels &amp; Taste in Chania Crete\",\"description\":\"Delightfully authentic hospitality\",\"potentialAction\":[{\"@type\":\"SearchAction\",\"target\":{\"@type\":\"EntryPoint\",\"urlTemplate\":\"https:\\\/\\\/www.odosoneironhotels.com\\\/?s={search_term_string}\"},\"query-input\":{\"@type\":\"PropertyValueSpecification\",\"valueRequired\":true,\"valueName\":\"search_term_string\"}}],\"inLanguage\":\"de\"}]}<\/script>\n<!-- \/ Yoast SEO plugin. -->","yoast_head_json":{"title":"Startseite - Odos Oneiron Hotels &amp; Taste in Chania Crete","robots":{"index":"index","follow":"follow","max-snippet":"max-snippet:-1","max-image-preview":"max-image-preview:large","max-video-preview":"max-video-preview:-1"},"canonical":"https:\/\/www.odosoneironhotels.com\/de\/","og_locale":"de_DE","og_type":"article","og_title":"Startseite - Odos Oneiron Hotels &amp; Taste in Chania Crete","og_description":"Unser Ziel ist es Ihren kretischen Urlaubstraum zu realisieren. Die kretische Gastfreundfreundschaft spiegelt sich in unseren stilvollen Unterk\u00fcnften und den k\u00f6stlichen Aromen unseres gastronomischen Angebotes. Mitten in der historischen Altstadt von Chania erleben Sie unmittelbar das authentische kretische Leben. Das Hotel Odos Oneiron Boutique Hotel &amp; Suites befindet sich in zwei historischen, venezianischen Geb\u00e4uden, im","og_url":"https:\/\/www.odosoneironhotels.com\/de\/","og_site_name":"Odos Oneiron Hotels &amp; Taste in Chania Crete","article_modified_time":"2023-07-28T11:06:25+00:00","og_image":[{"width":1920,"height":1279,"url":"https:\/\/www.odosoneironhotels.com\/app\/uploads\/sites\/91\/2022\/04\/Chania-and-all-its-glory_1795250077.jpg","type":"image\/jpeg"}],"twitter_card":"summary_large_image","twitter_misc":{"Gesch\u00e4tzte Lesezeit":"1\u00a0Minute"},"schema":{"@context":"https:\/\/schema.org","@graph":[{"@type":"WebPage","@id":"https:\/\/www.odosoneironhotels.com\/de\/","url":"https:\/\/www.odosoneironhotels.com\/de\/","name":"Startseite - Odos Oneiron Hotels &amp; Taste in Chania Crete","isPartOf":{"@id":"https:\/\/www.odosoneironhotels.com\/#website"},"primaryImageOfPage":{"@id":"https:\/\/www.odosoneironhotels.com\/de\/#primaryimage"},"image":{"@id":"https:\/\/www.odosoneironhotels.com\/de\/#primaryimage"},"thumbnailUrl":"https:\/\/www.odosoneironhotels.com\/app\/uploads\/sites\/91\/2022\/04\/Chania-and-all-its-glory_1795250077.jpg","datePublished":"2022-02-18T11:49:55+00:00","dateModified":"2023-07-28T11:06:25+00:00","breadcrumb":{"@id":"https:\/\/www.odosoneironhotels.com\/de\/#breadcrumb"},"inLanguage":"de","potentialAction":[{"@type":"ReadAction","target":["https:\/\/www.odosoneironhotels.com\/de\/"]}]},{"@type":"ImageObject","inLanguage":"de","@id":"https:\/\/www.odosoneironhotels.com\/de\/#primaryimage","url":"https:\/\/www.odosoneironhotels.com\/app\/uploads\/sites\/91\/2022\/04\/Chania-and-all-its-glory_1795250077.jpg","contentUrl":"https:\/\/www.odosoneironhotels.com\/app\/uploads\/sites\/91\/2022\/04\/Chania-and-all-its-glory_1795250077.jpg","width":1920,"height":1279},{"@type":"BreadcrumbList","@id":"https:\/\/www.odosoneironhotels.com\/de\/#breadcrumb","itemListElement":[{"@type":"ListItem","position":1,"name":"Home","item":"https:\/\/www.odosoneironhotels.com\/de\/"},{"@type":"ListItem","position":2,"name":"Startseite"}]},{"@type":"WebSite","@id":"https:\/\/www.odosoneironhotels.com\/#website","url":"https:\/\/www.odosoneironhotels.com\/","name":"Odos Oneiron Hotels &amp; Taste in Chania Crete","description":"Delightfully authentic hospitality","potentialAction":[{"@type":"SearchAction","target":{"@type":"EntryPoint","urlTemplate":"https:\/\/www.odosoneironhotels.com\/?s={search_term_string}"},"query-input":{"@type":"PropertyValueSpecification","valueRequired":true,"valueName":"search_term_string"}}],"inLanguage":"de"}]}},"_links":{"self":[{"href":"https:\/\/www.odosoneironhotels.com\/de\/wp-json\/wp\/v2\/pages\/5400","targetHints":{"allow":["GET"]}}],"collection":[{"href":"https:\/\/www.odosoneironhotels.com\/de\/wp-json\/wp\/v2\/pages"}],"about":[{"href":"https:\/\/www.odosoneironhotels.com\/de\/wp-json\/wp\/v2\/types\/page"}],"author":[{"embeddable":true,"href":"https:\/\/www.odosoneironhotels.com\/de\/wp-json\/wp\/v2\/users\/1"}],"replies":[{"embeddable":true,"href":"https:\/\/www.odosoneironhotels.com\/de\/wp-json\/wp\/v2\/comments?post=5400"}],"version-history":[{"count":9,"href":"https:\/\/www.odosoneironhotels.com\/de\/wp-json\/wp\/v2\/pages\/5400\/revisions"}],"predecessor-version":[{"id":5870,"href":"https:\/\/www.odosoneironhotels.com\/de\/wp-json\/wp\/v2\/pages\/5400\/revisions\/5870"}],"wp:featuredmedia":[{"embeddable":true,"href":"https:\/\/www.odosoneironhotels.com\/de\/wp-json\/wp\/v2\/media\/4939"}],"wp:attachment":[{"href":"https:\/\/www.odosoneironhotels.com\/de\/wp-json\/wp\/v2\/media?parent=5400"}],"curies":[{"name":"wp","href":"https:\/\/api.w.org\/{rel}","templated":true}]}}