{"id":5392,"date":"2022-02-18T13:43:55","date_gmt":"2022-02-18T11:43:55","guid":{"rendered":"https:\/\/www.odosoneironhotels.com\/taste-2\/"},"modified":"2023-07-28T13:53:54","modified_gmt":"2023-07-28T10:53:54","slug":"taste-2","status":"publish","type":"page","link":"https:\/\/www.odosoneironhotels.com\/de\/taste-2\/","title":{"rendered":"Geschmack"},"content":{"rendered":"<p>Ein kretisches Essen ist immer von Gastfreundschaft und Reichhaltigkeit gepr\u00e4gt. Die F\u00fclle eines gut gedeckten Tisches und eines gemeinsamen Mahles ist ein zentrales Merkmal des sozialen Lebens auf Kreta und immer sind au\u00dfer den Familienmitgliedern sowohl Freunde als auch Fremde willkommen.<\/p>\n<p>Besondere Aufmerksamkeit schenken wir im Odos Oneiron &amp; Taste unserem gastronomischen Angebot. Wir legen gro\u00dfen Wert auf die Verarbeitung frischer, saisonaler und lokaler Spezialit\u00e4ten, die wir mit Kreativit\u00e4t und Liebe, der Kreter w\u00fcrde sagen: mit \u201cmeraki\u201d, zubereiten. Die besonderen Aromen der vielf\u00e4ltigen Kr\u00e4uter aus den kretischen Bergen verfeinern jedes Gericht auf besondere Weise.<\/p>\n","protected":false},"excerpt":{"rendered":"<p>Ein kretisches Essen ist immer von Gastfreundschaft und Reichhaltigkeit gepr\u00e4gt. Die F\u00fclle eines gut gedeckten Tisches und eines gemeinsamen Mahles ist ein zentrales Merkmal des sozialen Lebens auf Kreta und immer sind au\u00dfer den Familienmitgliedern sowohl Freunde als auch Fremde willkommen. Besondere Aufmerksamkeit schenken wir im Odos Oneiron &amp; Taste unserem gastronomischen Angebot. Wir legen<\/p>\n","protected":false},"author":1,"featured_media":4198,"parent":0,"menu_order":6,"comment_status":"closed","ping_status":"closed","template":"page-templates\/simple-list.php","meta":{"_acf_changed":false,"footnotes":""},"class_list":["post-5392","page","type-page","status-publish","has-post-thumbnail","hentry"],"acf":[],"yoast_head":"<!-- This site is optimized with the Yoast SEO plugin v27.5 - https:\/\/yoast.com\/product\/yoast-seo-wordpress\/ -->\n<title>Geschmack - Odos Oneiron Hotels &amp; Taste in Chania Crete<\/title>\n<meta name=\"robots\" content=\"index, follow, max-snippet:-1, max-image-preview:large, max-video-preview:-1\" \/>\n<link rel=\"canonical\" href=\"https:\/\/www.odosoneironhotels.com\/de\/taste-2\/\" \/>\n<meta property=\"og:locale\" content=\"de_DE\" \/>\n<meta property=\"og:type\" content=\"article\" \/>\n<meta property=\"og:title\" content=\"Geschmack - Odos Oneiron Hotels &amp; Taste in Chania Crete\" \/>\n<meta property=\"og:description\" content=\"Ein kretisches Essen ist immer von Gastfreundschaft und Reichhaltigkeit gepr\u00e4gt. Die F\u00fclle eines gut gedeckten Tisches und eines gemeinsamen Mahles ist ein zentrales Merkmal des sozialen Lebens auf Kreta und immer sind au\u00dfer den Familienmitgliedern sowohl Freunde als auch Fremde willkommen. Besondere Aufmerksamkeit schenken wir im Odos Oneiron &amp; Taste unserem gastronomischen Angebot. Wir legen\" \/>\n<meta property=\"og:url\" content=\"https:\/\/www.odosoneironhotels.com\/de\/taste-2\/\" \/>\n<meta property=\"og:site_name\" content=\"Odos Oneiron Hotels &amp; Taste in Chania Crete\" \/>\n<meta property=\"article:modified_time\" content=\"2023-07-28T10:53:54+00:00\" \/>\n<meta property=\"og:image\" content=\"https:\/\/www.odosoneironhotels.com\/app\/uploads\/sites\/91\/2022\/02\/MTS_5104.jpg\" \/>\n\t<meta property=\"og:image:width\" content=\"1920\" \/>\n\t<meta property=\"og:image:height\" content=\"1280\" \/>\n\t<meta property=\"og:image:type\" content=\"image\/jpeg\" \/>\n<meta name=\"twitter:card\" content=\"summary_large_image\" \/>\n<meta name=\"twitter:label1\" content=\"Gesch\u00e4tzte Lesezeit\" \/>\n\t<meta name=\"twitter:data1\" content=\"1\u00a0Minute\" \/>\n<script type=\"application\/ld+json\" class=\"yoast-schema-graph\">{\"@context\":\"https:\\\/\\\/schema.org\",\"@graph\":[{\"@type\":\"WebPage\",\"@id\":\"https:\\\/\\\/www.odosoneironhotels.com\\\/de\\\/taste-2\\\/\",\"url\":\"https:\\\/\\\/www.odosoneironhotels.com\\\/de\\\/taste-2\\\/\",\"name\":\"Geschmack - Odos Oneiron Hotels &amp; Taste in Chania Crete\",\"isPartOf\":{\"@id\":\"https:\\\/\\\/www.odosoneironhotels.com\\\/#website\"},\"primaryImageOfPage\":{\"@id\":\"https:\\\/\\\/www.odosoneironhotels.com\\\/de\\\/taste-2\\\/#primaryimage\"},\"image\":{\"@id\":\"https:\\\/\\\/www.odosoneironhotels.com\\\/de\\\/taste-2\\\/#primaryimage\"},\"thumbnailUrl\":\"https:\\\/\\\/www.odosoneironhotels.com\\\/app\\\/uploads\\\/sites\\\/91\\\/2022\\\/02\\\/MTS_5104.jpg\",\"datePublished\":\"2022-02-18T11:43:55+00:00\",\"dateModified\":\"2023-07-28T10:53:54+00:00\",\"breadcrumb\":{\"@id\":\"https:\\\/\\\/www.odosoneironhotels.com\\\/de\\\/taste-2\\\/#breadcrumb\"},\"inLanguage\":\"de\",\"potentialAction\":[{\"@type\":\"ReadAction\",\"target\":[\"https:\\\/\\\/www.odosoneironhotels.com\\\/de\\\/taste-2\\\/\"]}]},{\"@type\":\"ImageObject\",\"inLanguage\":\"de\",\"@id\":\"https:\\\/\\\/www.odosoneironhotels.com\\\/de\\\/taste-2\\\/#primaryimage\",\"url\":\"https:\\\/\\\/www.odosoneironhotels.com\\\/app\\\/uploads\\\/sites\\\/91\\\/2022\\\/02\\\/MTS_5104.jpg\",\"contentUrl\":\"https:\\\/\\\/www.odosoneironhotels.com\\\/app\\\/uploads\\\/sites\\\/91\\\/2022\\\/02\\\/MTS_5104.jpg\",\"width\":1920,\"height\":1280},{\"@type\":\"BreadcrumbList\",\"@id\":\"https:\\\/\\\/www.odosoneironhotels.com\\\/de\\\/taste-2\\\/#breadcrumb\",\"itemListElement\":[{\"@type\":\"ListItem\",\"position\":1,\"name\":\"Home\",\"item\":\"https:\\\/\\\/www.odosoneironhotels.com\\\/de\\\/\"},{\"@type\":\"ListItem\",\"position\":2,\"name\":\"Geschmack\"}]},{\"@type\":\"WebSite\",\"@id\":\"https:\\\/\\\/www.odosoneironhotels.com\\\/#website\",\"url\":\"https:\\\/\\\/www.odosoneironhotels.com\\\/\",\"name\":\"Odos Oneiron Hotels &amp; Taste in Chania Crete\",\"description\":\"Delightfully authentic hospitality\",\"potentialAction\":[{\"@type\":\"SearchAction\",\"target\":{\"@type\":\"EntryPoint\",\"urlTemplate\":\"https:\\\/\\\/www.odosoneironhotels.com\\\/?s={search_term_string}\"},\"query-input\":{\"@type\":\"PropertyValueSpecification\",\"valueRequired\":true,\"valueName\":\"search_term_string\"}}],\"inLanguage\":\"de\"}]}<\/script>\n<!-- \/ Yoast SEO plugin. -->","yoast_head_json":{"title":"Geschmack - Odos Oneiron Hotels &amp; Taste in Chania Crete","robots":{"index":"index","follow":"follow","max-snippet":"max-snippet:-1","max-image-preview":"max-image-preview:large","max-video-preview":"max-video-preview:-1"},"canonical":"https:\/\/www.odosoneironhotels.com\/de\/taste-2\/","og_locale":"de_DE","og_type":"article","og_title":"Geschmack - Odos Oneiron Hotels &amp; Taste in Chania Crete","og_description":"Ein kretisches Essen ist immer von Gastfreundschaft und Reichhaltigkeit gepr\u00e4gt. Die F\u00fclle eines gut gedeckten Tisches und eines gemeinsamen Mahles ist ein zentrales Merkmal des sozialen Lebens auf Kreta und immer sind au\u00dfer den Familienmitgliedern sowohl Freunde als auch Fremde willkommen. Besondere Aufmerksamkeit schenken wir im Odos Oneiron &amp; Taste unserem gastronomischen Angebot. Wir legen","og_url":"https:\/\/www.odosoneironhotels.com\/de\/taste-2\/","og_site_name":"Odos Oneiron Hotels &amp; Taste in Chania Crete","article_modified_time":"2023-07-28T10:53:54+00:00","og_image":[{"width":1920,"height":1280,"url":"https:\/\/www.odosoneironhotels.com\/app\/uploads\/sites\/91\/2022\/02\/MTS_5104.jpg","type":"image\/jpeg"}],"twitter_card":"summary_large_image","twitter_misc":{"Gesch\u00e4tzte Lesezeit":"1\u00a0Minute"},"schema":{"@context":"https:\/\/schema.org","@graph":[{"@type":"WebPage","@id":"https:\/\/www.odosoneironhotels.com\/de\/taste-2\/","url":"https:\/\/www.odosoneironhotels.com\/de\/taste-2\/","name":"Geschmack - Odos Oneiron Hotels &amp; Taste in Chania Crete","isPartOf":{"@id":"https:\/\/www.odosoneironhotels.com\/#website"},"primaryImageOfPage":{"@id":"https:\/\/www.odosoneironhotels.com\/de\/taste-2\/#primaryimage"},"image":{"@id":"https:\/\/www.odosoneironhotels.com\/de\/taste-2\/#primaryimage"},"thumbnailUrl":"https:\/\/www.odosoneironhotels.com\/app\/uploads\/sites\/91\/2022\/02\/MTS_5104.jpg","datePublished":"2022-02-18T11:43:55+00:00","dateModified":"2023-07-28T10:53:54+00:00","breadcrumb":{"@id":"https:\/\/www.odosoneironhotels.com\/de\/taste-2\/#breadcrumb"},"inLanguage":"de","potentialAction":[{"@type":"ReadAction","target":["https:\/\/www.odosoneironhotels.com\/de\/taste-2\/"]}]},{"@type":"ImageObject","inLanguage":"de","@id":"https:\/\/www.odosoneironhotels.com\/de\/taste-2\/#primaryimage","url":"https:\/\/www.odosoneironhotels.com\/app\/uploads\/sites\/91\/2022\/02\/MTS_5104.jpg","contentUrl":"https:\/\/www.odosoneironhotels.com\/app\/uploads\/sites\/91\/2022\/02\/MTS_5104.jpg","width":1920,"height":1280},{"@type":"BreadcrumbList","@id":"https:\/\/www.odosoneironhotels.com\/de\/taste-2\/#breadcrumb","itemListElement":[{"@type":"ListItem","position":1,"name":"Home","item":"https:\/\/www.odosoneironhotels.com\/de\/"},{"@type":"ListItem","position":2,"name":"Geschmack"}]},{"@type":"WebSite","@id":"https:\/\/www.odosoneironhotels.com\/#website","url":"https:\/\/www.odosoneironhotels.com\/","name":"Odos Oneiron Hotels &amp; Taste in Chania Crete","description":"Delightfully authentic hospitality","potentialAction":[{"@type":"SearchAction","target":{"@type":"EntryPoint","urlTemplate":"https:\/\/www.odosoneironhotels.com\/?s={search_term_string}"},"query-input":{"@type":"PropertyValueSpecification","valueRequired":true,"valueName":"search_term_string"}}],"inLanguage":"de"}]}},"_links":{"self":[{"href":"https:\/\/www.odosoneironhotels.com\/de\/wp-json\/wp\/v2\/pages\/5392","targetHints":{"allow":["GET"]}}],"collection":[{"href":"https:\/\/www.odosoneironhotels.com\/de\/wp-json\/wp\/v2\/pages"}],"about":[{"href":"https:\/\/www.odosoneironhotels.com\/de\/wp-json\/wp\/v2\/types\/page"}],"author":[{"embeddable":true,"href":"https:\/\/www.odosoneironhotels.com\/de\/wp-json\/wp\/v2\/users\/1"}],"replies":[{"embeddable":true,"href":"https:\/\/www.odosoneironhotels.com\/de\/wp-json\/wp\/v2\/comments?post=5392"}],"version-history":[{"count":8,"href":"https:\/\/www.odosoneironhotels.com\/de\/wp-json\/wp\/v2\/pages\/5392\/revisions"}],"predecessor-version":[{"id":5866,"href":"https:\/\/www.odosoneironhotels.com\/de\/wp-json\/wp\/v2\/pages\/5392\/revisions\/5866"}],"wp:featuredmedia":[{"embeddable":true,"href":"https:\/\/www.odosoneironhotels.com\/de\/wp-json\/wp\/v2\/media\/4198"}],"wp:attachment":[{"href":"https:\/\/www.odosoneironhotels.com\/de\/wp-json\/wp\/v2\/media?parent=5392"}],"curies":[{"name":"wp","href":"https:\/\/api.w.org\/{rel}","templated":true}]}}