{"id":5391,"date":"2022-02-18T13:40:56","date_gmt":"2022-02-18T11:40:56","guid":{"rendered":"https:\/\/www.odosoneironhotels.com\/tavronitis-bay\/location\/"},"modified":"2023-06-01T17:04:49","modified_gmt":"2023-06-01T14:04:49","slug":"location","status":"publish","type":"page","link":"https:\/\/www.odosoneironhotels.com\/de\/hotels\/tavronitis-bay\/location\/","title":{"rendered":"Standort"},"content":{"rendered":"<p>Wenn Sie sich aus dem Stadtzentrum hinauswagen, werden Sie bald entdecken, wie vielf\u00e4ltig Chania sein kann. 40 km westlich des Flughafens von Chania, in der Tavronitis-Bucht, finden Sie ein ruhiges Pl\u00e4tzchen am Strand, nur 20 Minuten vom pulsierenden Zentrum von Chania-Stadt entfernt. Tauschen Sie die st\u00e4dtische Landschaft mit der des Meeres aus und entdecken Sie, was Chania \u00fcber seine historische Stadt hinaus zu bieten hat.<\/p>\n","protected":false},"excerpt":{"rendered":"<p>Wenn Sie sich aus dem Stadtzentrum hinauswagen, werden Sie bald entdecken, wie vielf\u00e4ltig Chania sein kann. 40 km westlich des Flughafens von Chania, in der Tavronitis-Bucht, finden Sie ein ruhiges Pl\u00e4tzchen am Strand, nur 20 Minuten vom pulsierenden Zentrum von Chania-Stadt entfernt. Tauschen Sie die st\u00e4dtische Landschaft mit der des Meeres aus und entdecken Sie,<\/p>\n","protected":false},"author":1,"featured_media":4828,"parent":5373,"menu_order":9,"comment_status":"closed","ping_status":"closed","template":"","meta":{"_acf_changed":false,"footnotes":""},"class_list":["post-5391","page","type-page","status-publish","has-post-thumbnail","hentry"],"acf":[],"yoast_head":"<!-- This site is optimized with the Yoast SEO plugin v27.5 - https:\/\/yoast.com\/product\/yoast-seo-wordpress\/ -->\n<title>Standort - Odos Oneiron Hotels &amp; Taste in Chania Crete<\/title>\n<meta name=\"robots\" content=\"index, follow, max-snippet:-1, max-image-preview:large, max-video-preview:-1\" \/>\n<link rel=\"canonical\" href=\"https:\/\/www.odosoneironhotels.com\/de\/hotels\/tavronitis-bay\/location\/\" \/>\n<meta property=\"og:locale\" content=\"de_DE\" \/>\n<meta property=\"og:type\" content=\"article\" \/>\n<meta property=\"og:title\" content=\"Standort - Odos Oneiron Hotels &amp; Taste in Chania Crete\" \/>\n<meta property=\"og:description\" content=\"Wenn Sie sich aus dem Stadtzentrum hinauswagen, werden Sie bald entdecken, wie vielf\u00e4ltig Chania sein kann. 40 km westlich des Flughafens von Chania, in der Tavronitis-Bucht, finden Sie ein ruhiges Pl\u00e4tzchen am Strand, nur 20 Minuten vom pulsierenden Zentrum von Chania-Stadt entfernt. Tauschen Sie die st\u00e4dtische Landschaft mit der des Meeres aus und entdecken Sie,\" \/>\n<meta property=\"og:url\" content=\"https:\/\/www.odosoneironhotels.com\/de\/hotels\/tavronitis-bay\/location\/\" \/>\n<meta property=\"og:site_name\" content=\"Odos Oneiron Hotels &amp; Taste in Chania Crete\" \/>\n<meta property=\"article:modified_time\" content=\"2023-06-01T14:04:49+00:00\" \/>\n<meta property=\"og:image\" content=\"https:\/\/www.odosoneironhotels.com\/app\/uploads\/sites\/91\/2022\/04\/bigstock-Branches-Of-Beautiful-White-Bo-71101684-scaled.jpg\" \/>\n\t<meta property=\"og:image:width\" content=\"2560\" \/>\n\t<meta property=\"og:image:height\" content=\"1707\" \/>\n\t<meta property=\"og:image:type\" content=\"image\/jpeg\" \/>\n<meta name=\"twitter:card\" content=\"summary_large_image\" \/>\n<script type=\"application\/ld+json\" class=\"yoast-schema-graph\">{\"@context\":\"https:\\\/\\\/schema.org\",\"@graph\":[{\"@type\":\"WebPage\",\"@id\":\"https:\\\/\\\/www.odosoneironhotels.com\\\/de\\\/hotels\\\/tavronitis-bay\\\/location\\\/\",\"url\":\"https:\\\/\\\/www.odosoneironhotels.com\\\/de\\\/hotels\\\/tavronitis-bay\\\/location\\\/\",\"name\":\"Standort - Odos Oneiron Hotels &amp; Taste in Chania Crete\",\"isPartOf\":{\"@id\":\"https:\\\/\\\/www.odosoneironhotels.com\\\/#website\"},\"primaryImageOfPage\":{\"@id\":\"https:\\\/\\\/www.odosoneironhotels.com\\\/de\\\/hotels\\\/tavronitis-bay\\\/location\\\/#primaryimage\"},\"image\":{\"@id\":\"https:\\\/\\\/www.odosoneironhotels.com\\\/de\\\/hotels\\\/tavronitis-bay\\\/location\\\/#primaryimage\"},\"thumbnailUrl\":\"https:\\\/\\\/www.odosoneironhotels.com\\\/app\\\/uploads\\\/sites\\\/91\\\/2022\\\/04\\\/bigstock-Branches-Of-Beautiful-White-Bo-71101684-scaled.jpg\",\"datePublished\":\"2022-02-18T11:40:56+00:00\",\"dateModified\":\"2023-06-01T14:04:49+00:00\",\"breadcrumb\":{\"@id\":\"https:\\\/\\\/www.odosoneironhotels.com\\\/de\\\/hotels\\\/tavronitis-bay\\\/location\\\/#breadcrumb\"},\"inLanguage\":\"de\",\"potentialAction\":[{\"@type\":\"ReadAction\",\"target\":[\"https:\\\/\\\/www.odosoneironhotels.com\\\/de\\\/hotels\\\/tavronitis-bay\\\/location\\\/\"]}]},{\"@type\":\"ImageObject\",\"inLanguage\":\"de\",\"@id\":\"https:\\\/\\\/www.odosoneironhotels.com\\\/de\\\/hotels\\\/tavronitis-bay\\\/location\\\/#primaryimage\",\"url\":\"https:\\\/\\\/www.odosoneironhotels.com\\\/app\\\/uploads\\\/sites\\\/91\\\/2022\\\/04\\\/bigstock-Branches-Of-Beautiful-White-Bo-71101684-scaled.jpg\",\"contentUrl\":\"https:\\\/\\\/www.odosoneironhotels.com\\\/app\\\/uploads\\\/sites\\\/91\\\/2022\\\/04\\\/bigstock-Branches-Of-Beautiful-White-Bo-71101684-scaled.jpg\",\"width\":2560,\"height\":1707,\"caption\":\"Branches of beautiful white bougainvillea and palm tree in blue sky\"},{\"@type\":\"BreadcrumbList\",\"@id\":\"https:\\\/\\\/www.odosoneironhotels.com\\\/de\\\/hotels\\\/tavronitis-bay\\\/location\\\/#breadcrumb\",\"itemListElement\":[{\"@type\":\"ListItem\",\"position\":1,\"name\":\"Home\",\"item\":\"https:\\\/\\\/www.odosoneironhotels.com\\\/de\\\/\"},{\"@type\":\"ListItem\",\"position\":2,\"name\":\"Hotels\",\"item\":\"https:\\\/\\\/www.odosoneironhotels.com\\\/de\\\/hotels\\\/\"},{\"@type\":\"ListItem\",\"position\":3,\"name\":\"Odos Oneiron Tavronitis Bay\",\"item\":\"https:\\\/\\\/www.odosoneironhotels.com\\\/de\\\/hotels\\\/tavronitis-bay\\\/\"},{\"@type\":\"ListItem\",\"position\":4,\"name\":\"Standort\"}]},{\"@type\":\"WebSite\",\"@id\":\"https:\\\/\\\/www.odosoneironhotels.com\\\/#website\",\"url\":\"https:\\\/\\\/www.odosoneironhotels.com\\\/\",\"name\":\"Odos Oneiron Hotels &amp; Taste in Chania Crete\",\"description\":\"Delightfully authentic hospitality\",\"potentialAction\":[{\"@type\":\"SearchAction\",\"target\":{\"@type\":\"EntryPoint\",\"urlTemplate\":\"https:\\\/\\\/www.odosoneironhotels.com\\\/?s={search_term_string}\"},\"query-input\":{\"@type\":\"PropertyValueSpecification\",\"valueRequired\":true,\"valueName\":\"search_term_string\"}}],\"inLanguage\":\"de\"}]}<\/script>\n<!-- \/ Yoast SEO plugin. -->","yoast_head_json":{"title":"Standort - Odos Oneiron Hotels &amp; Taste in Chania Crete","robots":{"index":"index","follow":"follow","max-snippet":"max-snippet:-1","max-image-preview":"max-image-preview:large","max-video-preview":"max-video-preview:-1"},"canonical":"https:\/\/www.odosoneironhotels.com\/de\/hotels\/tavronitis-bay\/location\/","og_locale":"de_DE","og_type":"article","og_title":"Standort - Odos Oneiron Hotels &amp; Taste in Chania Crete","og_description":"Wenn Sie sich aus dem Stadtzentrum hinauswagen, werden Sie bald entdecken, wie vielf\u00e4ltig Chania sein kann. 40 km westlich des Flughafens von Chania, in der Tavronitis-Bucht, finden Sie ein ruhiges Pl\u00e4tzchen am Strand, nur 20 Minuten vom pulsierenden Zentrum von Chania-Stadt entfernt. Tauschen Sie die st\u00e4dtische Landschaft mit der des Meeres aus und entdecken Sie,","og_url":"https:\/\/www.odosoneironhotels.com\/de\/hotels\/tavronitis-bay\/location\/","og_site_name":"Odos Oneiron Hotels &amp; Taste in Chania Crete","article_modified_time":"2023-06-01T14:04:49+00:00","og_image":[{"width":2560,"height":1707,"url":"https:\/\/www.odosoneironhotels.com\/app\/uploads\/sites\/91\/2022\/04\/bigstock-Branches-Of-Beautiful-White-Bo-71101684-scaled.jpg","type":"image\/jpeg"}],"twitter_card":"summary_large_image","schema":{"@context":"https:\/\/schema.org","@graph":[{"@type":"WebPage","@id":"https:\/\/www.odosoneironhotels.com\/de\/hotels\/tavronitis-bay\/location\/","url":"https:\/\/www.odosoneironhotels.com\/de\/hotels\/tavronitis-bay\/location\/","name":"Standort - Odos Oneiron Hotels &amp; Taste in Chania Crete","isPartOf":{"@id":"https:\/\/www.odosoneironhotels.com\/#website"},"primaryImageOfPage":{"@id":"https:\/\/www.odosoneironhotels.com\/de\/hotels\/tavronitis-bay\/location\/#primaryimage"},"image":{"@id":"https:\/\/www.odosoneironhotels.com\/de\/hotels\/tavronitis-bay\/location\/#primaryimage"},"thumbnailUrl":"https:\/\/www.odosoneironhotels.com\/app\/uploads\/sites\/91\/2022\/04\/bigstock-Branches-Of-Beautiful-White-Bo-71101684-scaled.jpg","datePublished":"2022-02-18T11:40:56+00:00","dateModified":"2023-06-01T14:04:49+00:00","breadcrumb":{"@id":"https:\/\/www.odosoneironhotels.com\/de\/hotels\/tavronitis-bay\/location\/#breadcrumb"},"inLanguage":"de","potentialAction":[{"@type":"ReadAction","target":["https:\/\/www.odosoneironhotels.com\/de\/hotels\/tavronitis-bay\/location\/"]}]},{"@type":"ImageObject","inLanguage":"de","@id":"https:\/\/www.odosoneironhotels.com\/de\/hotels\/tavronitis-bay\/location\/#primaryimage","url":"https:\/\/www.odosoneironhotels.com\/app\/uploads\/sites\/91\/2022\/04\/bigstock-Branches-Of-Beautiful-White-Bo-71101684-scaled.jpg","contentUrl":"https:\/\/www.odosoneironhotels.com\/app\/uploads\/sites\/91\/2022\/04\/bigstock-Branches-Of-Beautiful-White-Bo-71101684-scaled.jpg","width":2560,"height":1707,"caption":"Branches of beautiful white bougainvillea and palm tree in blue sky"},{"@type":"BreadcrumbList","@id":"https:\/\/www.odosoneironhotels.com\/de\/hotels\/tavronitis-bay\/location\/#breadcrumb","itemListElement":[{"@type":"ListItem","position":1,"name":"Home","item":"https:\/\/www.odosoneironhotels.com\/de\/"},{"@type":"ListItem","position":2,"name":"Hotels","item":"https:\/\/www.odosoneironhotels.com\/de\/hotels\/"},{"@type":"ListItem","position":3,"name":"Odos Oneiron Tavronitis Bay","item":"https:\/\/www.odosoneironhotels.com\/de\/hotels\/tavronitis-bay\/"},{"@type":"ListItem","position":4,"name":"Standort"}]},{"@type":"WebSite","@id":"https:\/\/www.odosoneironhotels.com\/#website","url":"https:\/\/www.odosoneironhotels.com\/","name":"Odos Oneiron Hotels &amp; Taste in Chania Crete","description":"Delightfully authentic hospitality","potentialAction":[{"@type":"SearchAction","target":{"@type":"EntryPoint","urlTemplate":"https:\/\/www.odosoneironhotels.com\/?s={search_term_string}"},"query-input":{"@type":"PropertyValueSpecification","valueRequired":true,"valueName":"search_term_string"}}],"inLanguage":"de"}]}},"_links":{"self":[{"href":"https:\/\/www.odosoneironhotels.com\/de\/wp-json\/wp\/v2\/pages\/5391","targetHints":{"allow":["GET"]}}],"collection":[{"href":"https:\/\/www.odosoneironhotels.com\/de\/wp-json\/wp\/v2\/pages"}],"about":[{"href":"https:\/\/www.odosoneironhotels.com\/de\/wp-json\/wp\/v2\/types\/page"}],"author":[{"embeddable":true,"href":"https:\/\/www.odosoneironhotels.com\/de\/wp-json\/wp\/v2\/users\/1"}],"replies":[{"embeddable":true,"href":"https:\/\/www.odosoneironhotels.com\/de\/wp-json\/wp\/v2\/comments?post=5391"}],"version-history":[{"count":1,"href":"https:\/\/www.odosoneironhotels.com\/de\/wp-json\/wp\/v2\/pages\/5391\/revisions"}],"predecessor-version":[{"id":5685,"href":"https:\/\/www.odosoneironhotels.com\/de\/wp-json\/wp\/v2\/pages\/5391\/revisions\/5685"}],"up":[{"embeddable":true,"href":"https:\/\/www.odosoneironhotels.com\/de\/wp-json\/wp\/v2\/pages\/5373"}],"wp:featuredmedia":[{"embeddable":true,"href":"https:\/\/www.odosoneironhotels.com\/de\/wp-json\/wp\/v2\/media\/4828"}],"wp:attachment":[{"href":"https:\/\/www.odosoneironhotels.com\/de\/wp-json\/wp\/v2\/media?parent=5391"}],"curies":[{"name":"wp","href":"https:\/\/api.w.org\/{rel}","templated":true}]}}