{"id":5386,"date":"2022-02-18T13:37:56","date_gmt":"2022-02-18T11:37:56","guid":{"rendered":"https:\/\/www.odosoneironhotels.com\/tavronitis-bay\/about\/"},"modified":"2023-07-28T15:17:39","modified_gmt":"2023-07-28T12:17:39","slug":"about","status":"publish","type":"page","link":"https:\/\/www.odosoneironhotels.com\/de\/hotels\/tavronitis-bay\/about\/","title":{"rendered":"\u00dcber"},"content":{"rendered":"<p>Das Odos Oneiron Bay Hotel ist ein neu renoviertes Boutique Hotel, direkt an der unbeschreiblich sch\u00f6nen kretischen K\u00fcste gelegen. Nur 20 Fahrminuten von der historischen Altstadt von Chania entfernt, bietet es jeden Komfort eines entspannten Strandurlaubes. Genie\u00dfen Sie einen unvergesslichen Urlaub in der kretischen Sonne, am azurblauen Meer.<\/p>\n<p>Die Zimmer und Suiten des Odos Oneiron bieten einen freien Blick auf die Meeresbucht und auf die G\u00e4rten der Hotelanlage. Hier finden Sie einen Ort der Entspanung, ideal f\u00fcr einen Urlaub mit der Familie, Freunden oder als Paar.<\/p>\n<p>Entspannen Sie in der Sonne, genie\u00dfen Sie den Pool oder die belebende Wirkung des Meereswassers. Die angebotene Abendgestaltung bietet Unterhaltung und unser gastronomisches Angebot ist durch kretischen Aromen, aus lokalen Produkten und internationalen Speisen gepr\u00e4gt. Lassen Sie sich verw\u00f6hnen!<\/p>\n<p>Verbringen Sie Ihre N\u00e4chte unter dem Sternenhimmel und genie\u00dfen Sie die erfrischende Aura des Meeres, das nur einen Steinwurf von Ihrem Zimmer oder Ihrer Suite entfernt ist. Jeden Morgen vom Meer geweckt werden, dem Gesang der Zikaden lauschen und jeden Moment des Tages genie\u00dfen.<\/p>\n<p>In der Umgebung befinden sich die sch\u00f6nsten Ausflugsziele, wie z.B. die ber\u00fchmten Str\u00e4nde von Falassarna und Balos. Die umliegenden D\u00f6rfer bieten Ihnen einen Eindruck des authentischen kretischen Lebens.<\/p>\n","protected":false},"excerpt":{"rendered":"<p>Das Odos Oneiron Bay Hotel ist ein neu renoviertes Boutique Hotel, direkt an der unbeschreiblich sch\u00f6nen kretischen K\u00fcste gelegen. Nur 20 Fahrminuten von der historischen Altstadt von Chania entfernt, bietet es jeden Komfort eines entspannten Strandurlaubes. Genie\u00dfen Sie einen unvergesslichen Urlaub in der kretischen Sonne, am azurblauen Meer. Die Zimmer und Suiten des Odos Oneiron<\/p>\n","protected":false},"author":1,"featured_media":4717,"parent":5373,"menu_order":12,"comment_status":"closed","ping_status":"closed","template":"","meta":{"_acf_changed":false,"footnotes":""},"class_list":["post-5386","page","type-page","status-publish","has-post-thumbnail","hentry"],"acf":[],"yoast_head":"<!-- This site is optimized with the Yoast SEO plugin v27.5 - https:\/\/yoast.com\/product\/yoast-seo-wordpress\/ -->\n<title>\u00dcber - Odos Oneiron Hotels &amp; Taste in Chania Crete<\/title>\n<meta name=\"robots\" content=\"index, follow, max-snippet:-1, max-image-preview:large, max-video-preview:-1\" \/>\n<link rel=\"canonical\" href=\"https:\/\/www.odosoneironhotels.com\/de\/hotels\/tavronitis-bay\/about\/\" \/>\n<meta property=\"og:locale\" content=\"de_DE\" \/>\n<meta property=\"og:type\" content=\"article\" \/>\n<meta property=\"og:title\" content=\"\u00dcber - Odos Oneiron Hotels &amp; Taste in Chania Crete\" \/>\n<meta property=\"og:description\" content=\"Das Odos Oneiron Bay Hotel ist ein neu renoviertes Boutique Hotel, direkt an der unbeschreiblich sch\u00f6nen kretischen K\u00fcste gelegen. Nur 20 Fahrminuten von der historischen Altstadt von Chania entfernt, bietet es jeden Komfort eines entspannten Strandurlaubes. Genie\u00dfen Sie einen unvergesslichen Urlaub in der kretischen Sonne, am azurblauen Meer. Die Zimmer und Suiten des Odos Oneiron\" \/>\n<meta property=\"og:url\" content=\"https:\/\/www.odosoneironhotels.com\/de\/hotels\/tavronitis-bay\/about\/\" \/>\n<meta property=\"og:site_name\" content=\"Odos Oneiron Hotels &amp; Taste in Chania Crete\" \/>\n<meta property=\"article:modified_time\" content=\"2023-07-28T12:17:39+00:00\" \/>\n<meta property=\"og:image\" content=\"https:\/\/www.odosoneironhotels.com\/app\/uploads\/sites\/91\/2022\/04\/DJI_0018.jpg\" \/>\n\t<meta property=\"og:image:width\" content=\"1920\" \/>\n\t<meta property=\"og:image:height\" content=\"1439\" \/>\n\t<meta property=\"og:image:type\" content=\"image\/jpeg\" \/>\n<meta name=\"twitter:card\" content=\"summary_large_image\" \/>\n<meta name=\"twitter:label1\" content=\"Gesch\u00e4tzte Lesezeit\" \/>\n\t<meta name=\"twitter:data1\" content=\"1\u00a0Minute\" \/>\n<script type=\"application\/ld+json\" class=\"yoast-schema-graph\">{\"@context\":\"https:\\\/\\\/schema.org\",\"@graph\":[{\"@type\":\"WebPage\",\"@id\":\"https:\\\/\\\/www.odosoneironhotels.com\\\/de\\\/hotels\\\/tavronitis-bay\\\/about\\\/\",\"url\":\"https:\\\/\\\/www.odosoneironhotels.com\\\/de\\\/hotels\\\/tavronitis-bay\\\/about\\\/\",\"name\":\"\u00dcber - Odos Oneiron Hotels &amp; Taste in Chania Crete\",\"isPartOf\":{\"@id\":\"https:\\\/\\\/www.odosoneironhotels.com\\\/#website\"},\"primaryImageOfPage\":{\"@id\":\"https:\\\/\\\/www.odosoneironhotels.com\\\/de\\\/hotels\\\/tavronitis-bay\\\/about\\\/#primaryimage\"},\"image\":{\"@id\":\"https:\\\/\\\/www.odosoneironhotels.com\\\/de\\\/hotels\\\/tavronitis-bay\\\/about\\\/#primaryimage\"},\"thumbnailUrl\":\"https:\\\/\\\/www.odosoneironhotels.com\\\/app\\\/uploads\\\/sites\\\/91\\\/2022\\\/04\\\/DJI_0018.jpg\",\"datePublished\":\"2022-02-18T11:37:56+00:00\",\"dateModified\":\"2023-07-28T12:17:39+00:00\",\"breadcrumb\":{\"@id\":\"https:\\\/\\\/www.odosoneironhotels.com\\\/de\\\/hotels\\\/tavronitis-bay\\\/about\\\/#breadcrumb\"},\"inLanguage\":\"de\",\"potentialAction\":[{\"@type\":\"ReadAction\",\"target\":[\"https:\\\/\\\/www.odosoneironhotels.com\\\/de\\\/hotels\\\/tavronitis-bay\\\/about\\\/\"]}]},{\"@type\":\"ImageObject\",\"inLanguage\":\"de\",\"@id\":\"https:\\\/\\\/www.odosoneironhotels.com\\\/de\\\/hotels\\\/tavronitis-bay\\\/about\\\/#primaryimage\",\"url\":\"https:\\\/\\\/www.odosoneironhotels.com\\\/app\\\/uploads\\\/sites\\\/91\\\/2022\\\/04\\\/DJI_0018.jpg\",\"contentUrl\":\"https:\\\/\\\/www.odosoneironhotels.com\\\/app\\\/uploads\\\/sites\\\/91\\\/2022\\\/04\\\/DJI_0018.jpg\",\"width\":1920,\"height\":1439},{\"@type\":\"BreadcrumbList\",\"@id\":\"https:\\\/\\\/www.odosoneironhotels.com\\\/de\\\/hotels\\\/tavronitis-bay\\\/about\\\/#breadcrumb\",\"itemListElement\":[{\"@type\":\"ListItem\",\"position\":1,\"name\":\"Home\",\"item\":\"https:\\\/\\\/www.odosoneironhotels.com\\\/de\\\/\"},{\"@type\":\"ListItem\",\"position\":2,\"name\":\"Hotels\",\"item\":\"https:\\\/\\\/www.odosoneironhotels.com\\\/de\\\/hotels\\\/\"},{\"@type\":\"ListItem\",\"position\":3,\"name\":\"Odos Oneiron Tavronitis Bay\",\"item\":\"https:\\\/\\\/www.odosoneironhotels.com\\\/de\\\/hotels\\\/tavronitis-bay\\\/\"},{\"@type\":\"ListItem\",\"position\":4,\"name\":\"\u00dcber\"}]},{\"@type\":\"WebSite\",\"@id\":\"https:\\\/\\\/www.odosoneironhotels.com\\\/#website\",\"url\":\"https:\\\/\\\/www.odosoneironhotels.com\\\/\",\"name\":\"Odos Oneiron Hotels &amp; Taste in Chania Crete\",\"description\":\"Delightfully authentic hospitality\",\"potentialAction\":[{\"@type\":\"SearchAction\",\"target\":{\"@type\":\"EntryPoint\",\"urlTemplate\":\"https:\\\/\\\/www.odosoneironhotels.com\\\/?s={search_term_string}\"},\"query-input\":{\"@type\":\"PropertyValueSpecification\",\"valueRequired\":true,\"valueName\":\"search_term_string\"}}],\"inLanguage\":\"de\"}]}<\/script>\n<!-- \/ Yoast SEO plugin. -->","yoast_head_json":{"title":"\u00dcber - Odos Oneiron Hotels &amp; Taste in Chania Crete","robots":{"index":"index","follow":"follow","max-snippet":"max-snippet:-1","max-image-preview":"max-image-preview:large","max-video-preview":"max-video-preview:-1"},"canonical":"https:\/\/www.odosoneironhotels.com\/de\/hotels\/tavronitis-bay\/about\/","og_locale":"de_DE","og_type":"article","og_title":"\u00dcber - Odos Oneiron Hotels &amp; Taste in Chania Crete","og_description":"Das Odos Oneiron Bay Hotel ist ein neu renoviertes Boutique Hotel, direkt an der unbeschreiblich sch\u00f6nen kretischen K\u00fcste gelegen. Nur 20 Fahrminuten von der historischen Altstadt von Chania entfernt, bietet es jeden Komfort eines entspannten Strandurlaubes. Genie\u00dfen Sie einen unvergesslichen Urlaub in der kretischen Sonne, am azurblauen Meer. Die Zimmer und Suiten des Odos Oneiron","og_url":"https:\/\/www.odosoneironhotels.com\/de\/hotels\/tavronitis-bay\/about\/","og_site_name":"Odos Oneiron Hotels &amp; Taste in Chania Crete","article_modified_time":"2023-07-28T12:17:39+00:00","og_image":[{"width":1920,"height":1439,"url":"https:\/\/www.odosoneironhotels.com\/app\/uploads\/sites\/91\/2022\/04\/DJI_0018.jpg","type":"image\/jpeg"}],"twitter_card":"summary_large_image","twitter_misc":{"Gesch\u00e4tzte Lesezeit":"1\u00a0Minute"},"schema":{"@context":"https:\/\/schema.org","@graph":[{"@type":"WebPage","@id":"https:\/\/www.odosoneironhotels.com\/de\/hotels\/tavronitis-bay\/about\/","url":"https:\/\/www.odosoneironhotels.com\/de\/hotels\/tavronitis-bay\/about\/","name":"\u00dcber - Odos Oneiron Hotels &amp; Taste in Chania Crete","isPartOf":{"@id":"https:\/\/www.odosoneironhotels.com\/#website"},"primaryImageOfPage":{"@id":"https:\/\/www.odosoneironhotels.com\/de\/hotels\/tavronitis-bay\/about\/#primaryimage"},"image":{"@id":"https:\/\/www.odosoneironhotels.com\/de\/hotels\/tavronitis-bay\/about\/#primaryimage"},"thumbnailUrl":"https:\/\/www.odosoneironhotels.com\/app\/uploads\/sites\/91\/2022\/04\/DJI_0018.jpg","datePublished":"2022-02-18T11:37:56+00:00","dateModified":"2023-07-28T12:17:39+00:00","breadcrumb":{"@id":"https:\/\/www.odosoneironhotels.com\/de\/hotels\/tavronitis-bay\/about\/#breadcrumb"},"inLanguage":"de","potentialAction":[{"@type":"ReadAction","target":["https:\/\/www.odosoneironhotels.com\/de\/hotels\/tavronitis-bay\/about\/"]}]},{"@type":"ImageObject","inLanguage":"de","@id":"https:\/\/www.odosoneironhotels.com\/de\/hotels\/tavronitis-bay\/about\/#primaryimage","url":"https:\/\/www.odosoneironhotels.com\/app\/uploads\/sites\/91\/2022\/04\/DJI_0018.jpg","contentUrl":"https:\/\/www.odosoneironhotels.com\/app\/uploads\/sites\/91\/2022\/04\/DJI_0018.jpg","width":1920,"height":1439},{"@type":"BreadcrumbList","@id":"https:\/\/www.odosoneironhotels.com\/de\/hotels\/tavronitis-bay\/about\/#breadcrumb","itemListElement":[{"@type":"ListItem","position":1,"name":"Home","item":"https:\/\/www.odosoneironhotels.com\/de\/"},{"@type":"ListItem","position":2,"name":"Hotels","item":"https:\/\/www.odosoneironhotels.com\/de\/hotels\/"},{"@type":"ListItem","position":3,"name":"Odos Oneiron Tavronitis Bay","item":"https:\/\/www.odosoneironhotels.com\/de\/hotels\/tavronitis-bay\/"},{"@type":"ListItem","position":4,"name":"\u00dcber"}]},{"@type":"WebSite","@id":"https:\/\/www.odosoneironhotels.com\/#website","url":"https:\/\/www.odosoneironhotels.com\/","name":"Odos Oneiron Hotels &amp; Taste in Chania Crete","description":"Delightfully authentic hospitality","potentialAction":[{"@type":"SearchAction","target":{"@type":"EntryPoint","urlTemplate":"https:\/\/www.odosoneironhotels.com\/?s={search_term_string}"},"query-input":{"@type":"PropertyValueSpecification","valueRequired":true,"valueName":"search_term_string"}}],"inLanguage":"de"}]}},"_links":{"self":[{"href":"https:\/\/www.odosoneironhotels.com\/de\/wp-json\/wp\/v2\/pages\/5386","targetHints":{"allow":["GET"]}}],"collection":[{"href":"https:\/\/www.odosoneironhotels.com\/de\/wp-json\/wp\/v2\/pages"}],"about":[{"href":"https:\/\/www.odosoneironhotels.com\/de\/wp-json\/wp\/v2\/types\/page"}],"author":[{"embeddable":true,"href":"https:\/\/www.odosoneironhotels.com\/de\/wp-json\/wp\/v2\/users\/1"}],"replies":[{"embeddable":true,"href":"https:\/\/www.odosoneironhotels.com\/de\/wp-json\/wp\/v2\/comments?post=5386"}],"version-history":[{"count":2,"href":"https:\/\/www.odosoneironhotels.com\/de\/wp-json\/wp\/v2\/pages\/5386\/revisions"}],"predecessor-version":[{"id":5878,"href":"https:\/\/www.odosoneironhotels.com\/de\/wp-json\/wp\/v2\/pages\/5386\/revisions\/5878"}],"up":[{"embeddable":true,"href":"https:\/\/www.odosoneironhotels.com\/de\/wp-json\/wp\/v2\/pages\/5373"}],"wp:featuredmedia":[{"embeddable":true,"href":"https:\/\/www.odosoneironhotels.com\/de\/wp-json\/wp\/v2\/media\/4717"}],"wp:attachment":[{"href":"https:\/\/www.odosoneironhotels.com\/de\/wp-json\/wp\/v2\/media?parent=5386"}],"curies":[{"name":"wp","href":"https:\/\/api.w.org\/{rel}","templated":true}]}}