{"id":5384,"date":"2022-02-18T13:35:56","date_gmt":"2022-02-18T11:35:56","guid":{"rendered":"https:\/\/www.odosoneironhotels.com\/destination-2\/"},"modified":"2023-06-01T17:03:14","modified_gmt":"2023-06-01T14:03:14","slug":"destination-2","status":"publish","type":"page","link":"https:\/\/www.odosoneironhotels.com\/de\/destination-2\/","title":{"rendered":"Reiseziel"},"content":{"rendered":"<p>Chania ist ein vielseitiges, charmantes Reiseziel, das das Beste aus beiden Welten vereint. Eine historische Stadt mit venezianischem Charme, die vor Leben und Kultur strotzt und vielleicht den malerischsten Hafen von ganz Kreta hat. In der Pr\u00e4fektur Chania gibt es neben der ber\u00fchmten Altstadt auch einige ph\u00e4nomenale Str\u00e4nde, und wenn Sie w\u00e4hrend Ihres Urlaubs in Chania lieber am Meer leben m\u00f6chten, ist die Tavronitis-Bucht genau der richtige Ort daf\u00fcr.<\/p>\n","protected":false},"excerpt":{"rendered":"<p>Chania ist ein vielseitiges, charmantes Reiseziel, das das Beste aus beiden Welten vereint. Eine historische Stadt mit venezianischem Charme, die vor Leben und Kultur strotzt und vielleicht den malerischsten Hafen von ganz Kreta hat. In der Pr\u00e4fektur Chania gibt es neben der ber\u00fchmten Altstadt auch einige ph\u00e4nomenale Str\u00e4nde, und wenn Sie w\u00e4hrend Ihres Urlaubs in<\/p>\n","protected":false},"author":1,"featured_media":4702,"parent":0,"menu_order":13,"comment_status":"closed","ping_status":"closed","template":"page-templates\/simple-list.php","meta":{"_acf_changed":false,"footnotes":""},"class_list":["post-5384","page","type-page","status-publish","has-post-thumbnail","hentry"],"acf":[],"yoast_head":"<!-- This site is optimized with the Yoast SEO plugin v27.5 - https:\/\/yoast.com\/product\/yoast-seo-wordpress\/ -->\n<title>Reiseziel - Odos Oneiron Hotels &amp; Taste in Chania Crete<\/title>\n<meta name=\"robots\" content=\"index, follow, max-snippet:-1, max-image-preview:large, max-video-preview:-1\" \/>\n<link rel=\"canonical\" href=\"https:\/\/www.odosoneironhotels.com\/de\/destination-2\/\" \/>\n<meta property=\"og:locale\" content=\"de_DE\" \/>\n<meta property=\"og:type\" content=\"article\" \/>\n<meta property=\"og:title\" content=\"Reiseziel - Odos Oneiron Hotels &amp; Taste in Chania Crete\" \/>\n<meta property=\"og:description\" content=\"Chania ist ein vielseitiges, charmantes Reiseziel, das das Beste aus beiden Welten vereint. Eine historische Stadt mit venezianischem Charme, die vor Leben und Kultur strotzt und vielleicht den malerischsten Hafen von ganz Kreta hat. In der Pr\u00e4fektur Chania gibt es neben der ber\u00fchmten Altstadt auch einige ph\u00e4nomenale Str\u00e4nde, und wenn Sie w\u00e4hrend Ihres Urlaubs in\" \/>\n<meta property=\"og:url\" content=\"https:\/\/www.odosoneironhotels.com\/de\/destination-2\/\" \/>\n<meta property=\"og:site_name\" content=\"Odos Oneiron Hotels &amp; Taste in Chania Crete\" \/>\n<meta property=\"article:modified_time\" content=\"2023-06-01T14:03:14+00:00\" \/>\n<meta property=\"og:image\" content=\"https:\/\/www.odosoneironhotels.com\/app\/uploads\/sites\/91\/2022\/04\/old-port-bigstock-Chania-Crete-Maj-139565735.jpg\" \/>\n\t<meta property=\"og:image:width\" content=\"1920\" \/>\n\t<meta property=\"og:image:height\" content=\"1280\" \/>\n\t<meta property=\"og:image:type\" content=\"image\/jpeg\" \/>\n<meta name=\"twitter:card\" content=\"summary_large_image\" \/>\n<script type=\"application\/ld+json\" class=\"yoast-schema-graph\">{\"@context\":\"https:\\\/\\\/schema.org\",\"@graph\":[{\"@type\":\"WebPage\",\"@id\":\"https:\\\/\\\/www.odosoneironhotels.com\\\/de\\\/destination-2\\\/\",\"url\":\"https:\\\/\\\/www.odosoneironhotels.com\\\/de\\\/destination-2\\\/\",\"name\":\"Reiseziel - Odos Oneiron Hotels &amp; Taste in Chania Crete\",\"isPartOf\":{\"@id\":\"https:\\\/\\\/www.odosoneironhotels.com\\\/#website\"},\"primaryImageOfPage\":{\"@id\":\"https:\\\/\\\/www.odosoneironhotels.com\\\/de\\\/destination-2\\\/#primaryimage\"},\"image\":{\"@id\":\"https:\\\/\\\/www.odosoneironhotels.com\\\/de\\\/destination-2\\\/#primaryimage\"},\"thumbnailUrl\":\"https:\\\/\\\/www.odosoneironhotels.com\\\/app\\\/uploads\\\/sites\\\/91\\\/2022\\\/04\\\/old-port-bigstock-Chania-Crete-Maj-139565735.jpg\",\"datePublished\":\"2022-02-18T11:35:56+00:00\",\"dateModified\":\"2023-06-01T14:03:14+00:00\",\"breadcrumb\":{\"@id\":\"https:\\\/\\\/www.odosoneironhotels.com\\\/de\\\/destination-2\\\/#breadcrumb\"},\"inLanguage\":\"de\",\"potentialAction\":[{\"@type\":\"ReadAction\",\"target\":[\"https:\\\/\\\/www.odosoneironhotels.com\\\/de\\\/destination-2\\\/\"]}]},{\"@type\":\"ImageObject\",\"inLanguage\":\"de\",\"@id\":\"https:\\\/\\\/www.odosoneironhotels.com\\\/de\\\/destination-2\\\/#primaryimage\",\"url\":\"https:\\\/\\\/www.odosoneironhotels.com\\\/app\\\/uploads\\\/sites\\\/91\\\/2022\\\/04\\\/old-port-bigstock-Chania-Crete-Maj-139565735.jpg\",\"contentUrl\":\"https:\\\/\\\/www.odosoneironhotels.com\\\/app\\\/uploads\\\/sites\\\/91\\\/2022\\\/04\\\/old-port-bigstock-Chania-Crete-Maj-139565735.jpg\",\"width\":1920,\"height\":1280},{\"@type\":\"BreadcrumbList\",\"@id\":\"https:\\\/\\\/www.odosoneironhotels.com\\\/de\\\/destination-2\\\/#breadcrumb\",\"itemListElement\":[{\"@type\":\"ListItem\",\"position\":1,\"name\":\"Home\",\"item\":\"https:\\\/\\\/www.odosoneironhotels.com\\\/de\\\/\"},{\"@type\":\"ListItem\",\"position\":2,\"name\":\"Reiseziel\"}]},{\"@type\":\"WebSite\",\"@id\":\"https:\\\/\\\/www.odosoneironhotels.com\\\/#website\",\"url\":\"https:\\\/\\\/www.odosoneironhotels.com\\\/\",\"name\":\"Odos Oneiron Hotels &amp; Taste in Chania Crete\",\"description\":\"Delightfully authentic hospitality\",\"potentialAction\":[{\"@type\":\"SearchAction\",\"target\":{\"@type\":\"EntryPoint\",\"urlTemplate\":\"https:\\\/\\\/www.odosoneironhotels.com\\\/?s={search_term_string}\"},\"query-input\":{\"@type\":\"PropertyValueSpecification\",\"valueRequired\":true,\"valueName\":\"search_term_string\"}}],\"inLanguage\":\"de\"}]}<\/script>\n<!-- \/ Yoast SEO plugin. -->","yoast_head_json":{"title":"Reiseziel - Odos Oneiron Hotels &amp; Taste in Chania Crete","robots":{"index":"index","follow":"follow","max-snippet":"max-snippet:-1","max-image-preview":"max-image-preview:large","max-video-preview":"max-video-preview:-1"},"canonical":"https:\/\/www.odosoneironhotels.com\/de\/destination-2\/","og_locale":"de_DE","og_type":"article","og_title":"Reiseziel - Odos Oneiron Hotels &amp; Taste in Chania Crete","og_description":"Chania ist ein vielseitiges, charmantes Reiseziel, das das Beste aus beiden Welten vereint. Eine historische Stadt mit venezianischem Charme, die vor Leben und Kultur strotzt und vielleicht den malerischsten Hafen von ganz Kreta hat. In der Pr\u00e4fektur Chania gibt es neben der ber\u00fchmten Altstadt auch einige ph\u00e4nomenale Str\u00e4nde, und wenn Sie w\u00e4hrend Ihres Urlaubs in","og_url":"https:\/\/www.odosoneironhotels.com\/de\/destination-2\/","og_site_name":"Odos Oneiron Hotels &amp; Taste in Chania Crete","article_modified_time":"2023-06-01T14:03:14+00:00","og_image":[{"width":1920,"height":1280,"url":"https:\/\/www.odosoneironhotels.com\/app\/uploads\/sites\/91\/2022\/04\/old-port-bigstock-Chania-Crete-Maj-139565735.jpg","type":"image\/jpeg"}],"twitter_card":"summary_large_image","schema":{"@context":"https:\/\/schema.org","@graph":[{"@type":"WebPage","@id":"https:\/\/www.odosoneironhotels.com\/de\/destination-2\/","url":"https:\/\/www.odosoneironhotels.com\/de\/destination-2\/","name":"Reiseziel - Odos Oneiron Hotels &amp; Taste in Chania Crete","isPartOf":{"@id":"https:\/\/www.odosoneironhotels.com\/#website"},"primaryImageOfPage":{"@id":"https:\/\/www.odosoneironhotels.com\/de\/destination-2\/#primaryimage"},"image":{"@id":"https:\/\/www.odosoneironhotels.com\/de\/destination-2\/#primaryimage"},"thumbnailUrl":"https:\/\/www.odosoneironhotels.com\/app\/uploads\/sites\/91\/2022\/04\/old-port-bigstock-Chania-Crete-Maj-139565735.jpg","datePublished":"2022-02-18T11:35:56+00:00","dateModified":"2023-06-01T14:03:14+00:00","breadcrumb":{"@id":"https:\/\/www.odosoneironhotels.com\/de\/destination-2\/#breadcrumb"},"inLanguage":"de","potentialAction":[{"@type":"ReadAction","target":["https:\/\/www.odosoneironhotels.com\/de\/destination-2\/"]}]},{"@type":"ImageObject","inLanguage":"de","@id":"https:\/\/www.odosoneironhotels.com\/de\/destination-2\/#primaryimage","url":"https:\/\/www.odosoneironhotels.com\/app\/uploads\/sites\/91\/2022\/04\/old-port-bigstock-Chania-Crete-Maj-139565735.jpg","contentUrl":"https:\/\/www.odosoneironhotels.com\/app\/uploads\/sites\/91\/2022\/04\/old-port-bigstock-Chania-Crete-Maj-139565735.jpg","width":1920,"height":1280},{"@type":"BreadcrumbList","@id":"https:\/\/www.odosoneironhotels.com\/de\/destination-2\/#breadcrumb","itemListElement":[{"@type":"ListItem","position":1,"name":"Home","item":"https:\/\/www.odosoneironhotels.com\/de\/"},{"@type":"ListItem","position":2,"name":"Reiseziel"}]},{"@type":"WebSite","@id":"https:\/\/www.odosoneironhotels.com\/#website","url":"https:\/\/www.odosoneironhotels.com\/","name":"Odos Oneiron Hotels &amp; Taste in Chania Crete","description":"Delightfully authentic hospitality","potentialAction":[{"@type":"SearchAction","target":{"@type":"EntryPoint","urlTemplate":"https:\/\/www.odosoneironhotels.com\/?s={search_term_string}"},"query-input":{"@type":"PropertyValueSpecification","valueRequired":true,"valueName":"search_term_string"}}],"inLanguage":"de"}]}},"_links":{"self":[{"href":"https:\/\/www.odosoneironhotels.com\/de\/wp-json\/wp\/v2\/pages\/5384","targetHints":{"allow":["GET"]}}],"collection":[{"href":"https:\/\/www.odosoneironhotels.com\/de\/wp-json\/wp\/v2\/pages"}],"about":[{"href":"https:\/\/www.odosoneironhotels.com\/de\/wp-json\/wp\/v2\/types\/page"}],"author":[{"embeddable":true,"href":"https:\/\/www.odosoneironhotels.com\/de\/wp-json\/wp\/v2\/users\/1"}],"replies":[{"embeddable":true,"href":"https:\/\/www.odosoneironhotels.com\/de\/wp-json\/wp\/v2\/comments?post=5384"}],"version-history":[{"count":1,"href":"https:\/\/www.odosoneironhotels.com\/de\/wp-json\/wp\/v2\/pages\/5384\/revisions"}],"predecessor-version":[{"id":5664,"href":"https:\/\/www.odosoneironhotels.com\/de\/wp-json\/wp\/v2\/pages\/5384\/revisions\/5664"}],"wp:featuredmedia":[{"embeddable":true,"href":"https:\/\/www.odosoneironhotels.com\/de\/wp-json\/wp\/v2\/media\/4702"}],"wp:attachment":[{"href":"https:\/\/www.odosoneironhotels.com\/de\/wp-json\/wp\/v2\/media?parent=5384"}],"curies":[{"name":"wp","href":"https:\/\/api.w.org\/{rel}","templated":true}]}}