{"id":5382,"date":"2022-02-18T13:32:56","date_gmt":"2022-02-18T11:32:56","guid":{"rendered":"https:\/\/www.odosoneironhotels.com\/explore-2\/"},"modified":"2023-06-01T17:03:18","modified_gmt":"2023-06-01T14:03:18","slug":"explore-2","status":"publish","type":"page","link":"https:\/\/www.odosoneironhotels.com\/de\/explore-2\/","title":{"rendered":"Erkunden Sie"},"content":{"rendered":"<p><span style=\"font-weight: 400;\">Historisch, charmant und einfach faszinierend &#8211; Chania ist ein vielseitiges Reiseziel, das bei seinen Besuchern einen bleibenden Eindruck zu hinterlassen verspricht. Erkunden Sie die charmante Altstadt zu Fu\u00df und genie\u00dfen Sie die Atmosph\u00e4re dieses Ortes, der so viel zu bieten hat. Wagen Sie sich aus dem Zentrum der Altstadt heraus und entdecken Sie, wie vielf\u00e4ltig und sch\u00f6n Chania wirklich ist. <\/span><span style=\"font-weight: 400;\"><br \/>\n<\/span><\/p>\n","protected":false},"excerpt":{"rendered":"<p>Historisch, charmant und einfach faszinierend &#8211; Chania ist ein vielseitiges Reiseziel, das bei seinen Besuchern einen bleibenden Eindruck zu hinterlassen verspricht. Erkunden Sie die charmante Altstadt zu Fu\u00df und genie\u00dfen Sie die Atmosph\u00e4re dieses Ortes, der so viel zu bieten hat. Wagen Sie sich aus dem Zentrum der Altstadt heraus und entdecken Sie, wie vielf\u00e4ltig<\/p>\n","protected":false},"author":1,"featured_media":4699,"parent":0,"menu_order":16,"comment_status":"closed","ping_status":"closed","template":"page-templates\/simple-list.php","meta":{"_acf_changed":false,"footnotes":""},"class_list":["post-5382","page","type-page","status-publish","has-post-thumbnail","hentry"],"acf":[],"yoast_head":"<!-- This site is optimized with the Yoast SEO plugin v27.5 - https:\/\/yoast.com\/product\/yoast-seo-wordpress\/ -->\n<title>Erkunden Sie - Odos Oneiron Hotels &amp; Taste in Chania Crete<\/title>\n<meta name=\"robots\" content=\"index, follow, max-snippet:-1, max-image-preview:large, max-video-preview:-1\" \/>\n<link rel=\"canonical\" href=\"https:\/\/www.odosoneironhotels.com\/de\/explore-2\/\" \/>\n<meta property=\"og:locale\" content=\"de_DE\" \/>\n<meta property=\"og:type\" content=\"article\" \/>\n<meta property=\"og:title\" content=\"Erkunden Sie - Odos Oneiron Hotels &amp; Taste in Chania Crete\" \/>\n<meta property=\"og:description\" content=\"Historisch, charmant und einfach faszinierend &#8211; Chania ist ein vielseitiges Reiseziel, das bei seinen Besuchern einen bleibenden Eindruck zu hinterlassen verspricht. Erkunden Sie die charmante Altstadt zu Fu\u00df und genie\u00dfen Sie die Atmosph\u00e4re dieses Ortes, der so viel zu bieten hat. Wagen Sie sich aus dem Zentrum der Altstadt heraus und entdecken Sie, wie vielf\u00e4ltig\" \/>\n<meta property=\"og:url\" content=\"https:\/\/www.odosoneironhotels.com\/de\/explore-2\/\" \/>\n<meta property=\"og:site_name\" content=\"Odos Oneiron Hotels &amp; Taste in Chania Crete\" \/>\n<meta property=\"article:modified_time\" content=\"2023-06-01T14:03:18+00:00\" \/>\n<meta property=\"og:image\" content=\"https:\/\/www.odosoneironhotels.com\/app\/uploads\/sites\/91\/2022\/04\/Maritime-Museum-Crete_bigstock-143296373.jpg\" \/>\n\t<meta property=\"og:image:width\" content=\"1920\" \/>\n\t<meta property=\"og:image:height\" content=\"1280\" \/>\n\t<meta property=\"og:image:type\" content=\"image\/jpeg\" \/>\n<meta name=\"twitter:card\" content=\"summary_large_image\" \/>\n<script type=\"application\/ld+json\" class=\"yoast-schema-graph\">{\"@context\":\"https:\\\/\\\/schema.org\",\"@graph\":[{\"@type\":\"WebPage\",\"@id\":\"https:\\\/\\\/www.odosoneironhotels.com\\\/de\\\/explore-2\\\/\",\"url\":\"https:\\\/\\\/www.odosoneironhotels.com\\\/de\\\/explore-2\\\/\",\"name\":\"Erkunden Sie - Odos Oneiron Hotels &amp; Taste in Chania Crete\",\"isPartOf\":{\"@id\":\"https:\\\/\\\/www.odosoneironhotels.com\\\/#website\"},\"primaryImageOfPage\":{\"@id\":\"https:\\\/\\\/www.odosoneironhotels.com\\\/de\\\/explore-2\\\/#primaryimage\"},\"image\":{\"@id\":\"https:\\\/\\\/www.odosoneironhotels.com\\\/de\\\/explore-2\\\/#primaryimage\"},\"thumbnailUrl\":\"https:\\\/\\\/www.odosoneironhotels.com\\\/app\\\/uploads\\\/sites\\\/91\\\/2022\\\/04\\\/Maritime-Museum-Crete_bigstock-143296373.jpg\",\"datePublished\":\"2022-02-18T11:32:56+00:00\",\"dateModified\":\"2023-06-01T14:03:18+00:00\",\"breadcrumb\":{\"@id\":\"https:\\\/\\\/www.odosoneironhotels.com\\\/de\\\/explore-2\\\/#breadcrumb\"},\"inLanguage\":\"de\",\"potentialAction\":[{\"@type\":\"ReadAction\",\"target\":[\"https:\\\/\\\/www.odosoneironhotels.com\\\/de\\\/explore-2\\\/\"]}]},{\"@type\":\"ImageObject\",\"inLanguage\":\"de\",\"@id\":\"https:\\\/\\\/www.odosoneironhotels.com\\\/de\\\/explore-2\\\/#primaryimage\",\"url\":\"https:\\\/\\\/www.odosoneironhotels.com\\\/app\\\/uploads\\\/sites\\\/91\\\/2022\\\/04\\\/Maritime-Museum-Crete_bigstock-143296373.jpg\",\"contentUrl\":\"https:\\\/\\\/www.odosoneironhotels.com\\\/app\\\/uploads\\\/sites\\\/91\\\/2022\\\/04\\\/Maritime-Museum-Crete_bigstock-143296373.jpg\",\"width\":1920,\"height\":1280},{\"@type\":\"BreadcrumbList\",\"@id\":\"https:\\\/\\\/www.odosoneironhotels.com\\\/de\\\/explore-2\\\/#breadcrumb\",\"itemListElement\":[{\"@type\":\"ListItem\",\"position\":1,\"name\":\"Home\",\"item\":\"https:\\\/\\\/www.odosoneironhotels.com\\\/de\\\/\"},{\"@type\":\"ListItem\",\"position\":2,\"name\":\"Erkunden Sie\"}]},{\"@type\":\"WebSite\",\"@id\":\"https:\\\/\\\/www.odosoneironhotels.com\\\/#website\",\"url\":\"https:\\\/\\\/www.odosoneironhotels.com\\\/\",\"name\":\"Odos Oneiron Hotels &amp; Taste in Chania Crete\",\"description\":\"Delightfully authentic hospitality\",\"potentialAction\":[{\"@type\":\"SearchAction\",\"target\":{\"@type\":\"EntryPoint\",\"urlTemplate\":\"https:\\\/\\\/www.odosoneironhotels.com\\\/?s={search_term_string}\"},\"query-input\":{\"@type\":\"PropertyValueSpecification\",\"valueRequired\":true,\"valueName\":\"search_term_string\"}}],\"inLanguage\":\"de\"}]}<\/script>\n<!-- \/ Yoast SEO plugin. -->","yoast_head_json":{"title":"Erkunden Sie - Odos Oneiron Hotels &amp; Taste in Chania Crete","robots":{"index":"index","follow":"follow","max-snippet":"max-snippet:-1","max-image-preview":"max-image-preview:large","max-video-preview":"max-video-preview:-1"},"canonical":"https:\/\/www.odosoneironhotels.com\/de\/explore-2\/","og_locale":"de_DE","og_type":"article","og_title":"Erkunden Sie - Odos Oneiron Hotels &amp; Taste in Chania Crete","og_description":"Historisch, charmant und einfach faszinierend &#8211; Chania ist ein vielseitiges Reiseziel, das bei seinen Besuchern einen bleibenden Eindruck zu hinterlassen verspricht. Erkunden Sie die charmante Altstadt zu Fu\u00df und genie\u00dfen Sie die Atmosph\u00e4re dieses Ortes, der so viel zu bieten hat. Wagen Sie sich aus dem Zentrum der Altstadt heraus und entdecken Sie, wie vielf\u00e4ltig","og_url":"https:\/\/www.odosoneironhotels.com\/de\/explore-2\/","og_site_name":"Odos Oneiron Hotels &amp; Taste in Chania Crete","article_modified_time":"2023-06-01T14:03:18+00:00","og_image":[{"width":1920,"height":1280,"url":"https:\/\/www.odosoneironhotels.com\/app\/uploads\/sites\/91\/2022\/04\/Maritime-Museum-Crete_bigstock-143296373.jpg","type":"image\/jpeg"}],"twitter_card":"summary_large_image","schema":{"@context":"https:\/\/schema.org","@graph":[{"@type":"WebPage","@id":"https:\/\/www.odosoneironhotels.com\/de\/explore-2\/","url":"https:\/\/www.odosoneironhotels.com\/de\/explore-2\/","name":"Erkunden Sie - Odos Oneiron Hotels &amp; Taste in Chania Crete","isPartOf":{"@id":"https:\/\/www.odosoneironhotels.com\/#website"},"primaryImageOfPage":{"@id":"https:\/\/www.odosoneironhotels.com\/de\/explore-2\/#primaryimage"},"image":{"@id":"https:\/\/www.odosoneironhotels.com\/de\/explore-2\/#primaryimage"},"thumbnailUrl":"https:\/\/www.odosoneironhotels.com\/app\/uploads\/sites\/91\/2022\/04\/Maritime-Museum-Crete_bigstock-143296373.jpg","datePublished":"2022-02-18T11:32:56+00:00","dateModified":"2023-06-01T14:03:18+00:00","breadcrumb":{"@id":"https:\/\/www.odosoneironhotels.com\/de\/explore-2\/#breadcrumb"},"inLanguage":"de","potentialAction":[{"@type":"ReadAction","target":["https:\/\/www.odosoneironhotels.com\/de\/explore-2\/"]}]},{"@type":"ImageObject","inLanguage":"de","@id":"https:\/\/www.odosoneironhotels.com\/de\/explore-2\/#primaryimage","url":"https:\/\/www.odosoneironhotels.com\/app\/uploads\/sites\/91\/2022\/04\/Maritime-Museum-Crete_bigstock-143296373.jpg","contentUrl":"https:\/\/www.odosoneironhotels.com\/app\/uploads\/sites\/91\/2022\/04\/Maritime-Museum-Crete_bigstock-143296373.jpg","width":1920,"height":1280},{"@type":"BreadcrumbList","@id":"https:\/\/www.odosoneironhotels.com\/de\/explore-2\/#breadcrumb","itemListElement":[{"@type":"ListItem","position":1,"name":"Home","item":"https:\/\/www.odosoneironhotels.com\/de\/"},{"@type":"ListItem","position":2,"name":"Erkunden Sie"}]},{"@type":"WebSite","@id":"https:\/\/www.odosoneironhotels.com\/#website","url":"https:\/\/www.odosoneironhotels.com\/","name":"Odos Oneiron Hotels &amp; Taste in Chania Crete","description":"Delightfully authentic hospitality","potentialAction":[{"@type":"SearchAction","target":{"@type":"EntryPoint","urlTemplate":"https:\/\/www.odosoneironhotels.com\/?s={search_term_string}"},"query-input":{"@type":"PropertyValueSpecification","valueRequired":true,"valueName":"search_term_string"}}],"inLanguage":"de"}]}},"_links":{"self":[{"href":"https:\/\/www.odosoneironhotels.com\/de\/wp-json\/wp\/v2\/pages\/5382","targetHints":{"allow":["GET"]}}],"collection":[{"href":"https:\/\/www.odosoneironhotels.com\/de\/wp-json\/wp\/v2\/pages"}],"about":[{"href":"https:\/\/www.odosoneironhotels.com\/de\/wp-json\/wp\/v2\/types\/page"}],"author":[{"embeddable":true,"href":"https:\/\/www.odosoneironhotels.com\/de\/wp-json\/wp\/v2\/users\/1"}],"replies":[{"embeddable":true,"href":"https:\/\/www.odosoneironhotels.com\/de\/wp-json\/wp\/v2\/comments?post=5382"}],"version-history":[{"count":1,"href":"https:\/\/www.odosoneironhotels.com\/de\/wp-json\/wp\/v2\/pages\/5382\/revisions"}],"predecessor-version":[{"id":5665,"href":"https:\/\/www.odosoneironhotels.com\/de\/wp-json\/wp\/v2\/pages\/5382\/revisions\/5665"}],"wp:featuredmedia":[{"embeddable":true,"href":"https:\/\/www.odosoneironhotels.com\/de\/wp-json\/wp\/v2\/media\/4699"}],"wp:attachment":[{"href":"https:\/\/www.odosoneironhotels.com\/de\/wp-json\/wp\/v2\/media?parent=5382"}],"curies":[{"name":"wp","href":"https:\/\/api.w.org\/{rel}","templated":true}]}}