{"id":5376,"date":"2022-02-18T13:29:56","date_gmt":"2022-02-18T11:29:56","guid":{"rendered":"https:\/\/www.odosoneironhotels.com\/hotels-2\/"},"modified":"2024-10-29T16:59:30","modified_gmt":"2024-10-29T14:59:30","slug":"hotels","status":"publish","type":"page","link":"https:\/\/www.odosoneironhotels.com\/de\/hotels\/","title":{"rendered":"Hotels"},"content":{"rendered":"<p>Die Odos Oneiron Hotels verk\u00f6rpern die einzigartige Atmosph\u00e4re unserer vielf\u00e4ltigen und bezaubernden Heimat. Die Pr\u00e4fektur Chania stellt ein traumhaftes Reiseziel dar und bietet jedem Besucher unz\u00e4hlige M\u00f6glichkeiten. Die malerische, historische Hafenstadt liegt in unmittelbarer N\u00e4he wunderbarer Str\u00e4nde.<br \/>\nSie haben die M\u00f6glichkeit mitten im Herzen der historischen Altstadt zu residieren oder direkt am Meer jeden Morgen mit Blick auf das azurblaue Meer, den Tag zu beginnen und am Strand zu entspannen.<\/p>\n","protected":false},"excerpt":{"rendered":"<p>Die Odos Oneiron Hotels verk\u00f6rpern die einzigartige Atmosph\u00e4re unserer vielf\u00e4ltigen und bezaubernden Heimat. Die Pr\u00e4fektur Chania stellt ein traumhaftes Reiseziel dar und bietet jedem Besucher unz\u00e4hlige M\u00f6glichkeiten. Die malerische, historische Hafenstadt liegt in unmittelbarer N\u00e4he wunderbarer Str\u00e4nde. Sie haben die M\u00f6glichkeit mitten im Herzen der historischen Altstadt zu residieren oder direkt am Meer jeden Morgen<\/p>\n","protected":false},"author":1,"featured_media":0,"parent":0,"menu_order":18,"comment_status":"closed","ping_status":"closed","template":"page-templates\/hotels.php","meta":{"_acf_changed":false,"footnotes":""},"class_list":["post-5376","page","type-page","status-publish","hentry"],"acf":[],"yoast_head":"<!-- This site is optimized with the Yoast SEO plugin v27.3 - https:\/\/yoast.com\/product\/yoast-seo-wordpress\/ -->\n<title>Hotels - Odos Oneiron Hotels &amp; Taste in Chania Crete<\/title>\n<meta name=\"robots\" content=\"index, follow, max-snippet:-1, max-image-preview:large, max-video-preview:-1\" \/>\n<link rel=\"canonical\" href=\"https:\/\/www.odosoneironhotels.com\/de\/hotels\/\" \/>\n<meta property=\"og:locale\" content=\"de_DE\" \/>\n<meta property=\"og:type\" content=\"article\" \/>\n<meta property=\"og:title\" content=\"Hotels - Odos Oneiron Hotels &amp; Taste in Chania Crete\" \/>\n<meta property=\"og:description\" content=\"Die Odos Oneiron Hotels verk\u00f6rpern die einzigartige Atmosph\u00e4re unserer vielf\u00e4ltigen und bezaubernden Heimat. Die Pr\u00e4fektur Chania stellt ein traumhaftes Reiseziel dar und bietet jedem Besucher unz\u00e4hlige M\u00f6glichkeiten. Die malerische, historische Hafenstadt liegt in unmittelbarer N\u00e4he wunderbarer Str\u00e4nde. Sie haben die M\u00f6glichkeit mitten im Herzen der historischen Altstadt zu residieren oder direkt am Meer jeden Morgen\" \/>\n<meta property=\"og:url\" content=\"https:\/\/www.odosoneironhotels.com\/de\/hotels\/\" \/>\n<meta property=\"og:site_name\" content=\"Odos Oneiron Hotels &amp; Taste in Chania Crete\" \/>\n<meta property=\"article:modified_time\" content=\"2024-10-29T14:59:30+00:00\" \/>\n<meta name=\"twitter:card\" content=\"summary_large_image\" \/>\n<meta name=\"twitter:label1\" content=\"Gesch\u00e4tzte Lesezeit\" \/>\n\t<meta name=\"twitter:data1\" content=\"1\u00a0Minute\" \/>\n<script type=\"application\/ld+json\" class=\"yoast-schema-graph\">{\"@context\":\"https:\\\/\\\/schema.org\",\"@graph\":[{\"@type\":\"WebPage\",\"@id\":\"https:\\\/\\\/www.odosoneironhotels.com\\\/de\\\/hotels\\\/\",\"url\":\"https:\\\/\\\/www.odosoneironhotels.com\\\/de\\\/hotels\\\/\",\"name\":\"Hotels - Odos Oneiron Hotels &amp; Taste in Chania Crete\",\"isPartOf\":{\"@id\":\"https:\\\/\\\/www.odosoneironhotels.com\\\/#website\"},\"datePublished\":\"2022-02-18T11:29:56+00:00\",\"dateModified\":\"2024-10-29T14:59:30+00:00\",\"breadcrumb\":{\"@id\":\"https:\\\/\\\/www.odosoneironhotels.com\\\/de\\\/hotels\\\/#breadcrumb\"},\"inLanguage\":\"de\",\"potentialAction\":[{\"@type\":\"ReadAction\",\"target\":[\"https:\\\/\\\/www.odosoneironhotels.com\\\/de\\\/hotels\\\/\"]}]},{\"@type\":\"BreadcrumbList\",\"@id\":\"https:\\\/\\\/www.odosoneironhotels.com\\\/de\\\/hotels\\\/#breadcrumb\",\"itemListElement\":[{\"@type\":\"ListItem\",\"position\":1,\"name\":\"Home\",\"item\":\"https:\\\/\\\/www.odosoneironhotels.com\\\/de\\\/\"},{\"@type\":\"ListItem\",\"position\":2,\"name\":\"Hotels\"}]},{\"@type\":\"WebSite\",\"@id\":\"https:\\\/\\\/www.odosoneironhotels.com\\\/#website\",\"url\":\"https:\\\/\\\/www.odosoneironhotels.com\\\/\",\"name\":\"Odos Oneiron Hotels &amp; Taste in Chania Crete\",\"description\":\"Delightfully authentic hospitality\",\"potentialAction\":[{\"@type\":\"SearchAction\",\"target\":{\"@type\":\"EntryPoint\",\"urlTemplate\":\"https:\\\/\\\/www.odosoneironhotels.com\\\/?s={search_term_string}\"},\"query-input\":{\"@type\":\"PropertyValueSpecification\",\"valueRequired\":true,\"valueName\":\"search_term_string\"}}],\"inLanguage\":\"de\"}]}<\/script>\n<!-- \/ Yoast SEO plugin. -->","yoast_head_json":{"title":"Hotels - Odos Oneiron Hotels &amp; Taste in Chania Crete","robots":{"index":"index","follow":"follow","max-snippet":"max-snippet:-1","max-image-preview":"max-image-preview:large","max-video-preview":"max-video-preview:-1"},"canonical":"https:\/\/www.odosoneironhotels.com\/de\/hotels\/","og_locale":"de_DE","og_type":"article","og_title":"Hotels - Odos Oneiron Hotels &amp; Taste in Chania Crete","og_description":"Die Odos Oneiron Hotels verk\u00f6rpern die einzigartige Atmosph\u00e4re unserer vielf\u00e4ltigen und bezaubernden Heimat. Die Pr\u00e4fektur Chania stellt ein traumhaftes Reiseziel dar und bietet jedem Besucher unz\u00e4hlige M\u00f6glichkeiten. Die malerische, historische Hafenstadt liegt in unmittelbarer N\u00e4he wunderbarer Str\u00e4nde. Sie haben die M\u00f6glichkeit mitten im Herzen der historischen Altstadt zu residieren oder direkt am Meer jeden Morgen","og_url":"https:\/\/www.odosoneironhotels.com\/de\/hotels\/","og_site_name":"Odos Oneiron Hotels &amp; Taste in Chania Crete","article_modified_time":"2024-10-29T14:59:30+00:00","twitter_card":"summary_large_image","twitter_misc":{"Gesch\u00e4tzte Lesezeit":"1\u00a0Minute"},"schema":{"@context":"https:\/\/schema.org","@graph":[{"@type":"WebPage","@id":"https:\/\/www.odosoneironhotels.com\/de\/hotels\/","url":"https:\/\/www.odosoneironhotels.com\/de\/hotels\/","name":"Hotels - Odos Oneiron Hotels &amp; Taste in Chania Crete","isPartOf":{"@id":"https:\/\/www.odosoneironhotels.com\/#website"},"datePublished":"2022-02-18T11:29:56+00:00","dateModified":"2024-10-29T14:59:30+00:00","breadcrumb":{"@id":"https:\/\/www.odosoneironhotels.com\/de\/hotels\/#breadcrumb"},"inLanguage":"de","potentialAction":[{"@type":"ReadAction","target":["https:\/\/www.odosoneironhotels.com\/de\/hotels\/"]}]},{"@type":"BreadcrumbList","@id":"https:\/\/www.odosoneironhotels.com\/de\/hotels\/#breadcrumb","itemListElement":[{"@type":"ListItem","position":1,"name":"Home","item":"https:\/\/www.odosoneironhotels.com\/de\/"},{"@type":"ListItem","position":2,"name":"Hotels"}]},{"@type":"WebSite","@id":"https:\/\/www.odosoneironhotels.com\/#website","url":"https:\/\/www.odosoneironhotels.com\/","name":"Odos Oneiron Hotels &amp; Taste in Chania Crete","description":"Delightfully authentic hospitality","potentialAction":[{"@type":"SearchAction","target":{"@type":"EntryPoint","urlTemplate":"https:\/\/www.odosoneironhotels.com\/?s={search_term_string}"},"query-input":{"@type":"PropertyValueSpecification","valueRequired":true,"valueName":"search_term_string"}}],"inLanguage":"de"}]}},"_links":{"self":[{"href":"https:\/\/www.odosoneironhotels.com\/de\/wp-json\/wp\/v2\/pages\/5376","targetHints":{"allow":["GET"]}}],"collection":[{"href":"https:\/\/www.odosoneironhotels.com\/de\/wp-json\/wp\/v2\/pages"}],"about":[{"href":"https:\/\/www.odosoneironhotels.com\/de\/wp-json\/wp\/v2\/types\/page"}],"author":[{"embeddable":true,"href":"https:\/\/www.odosoneironhotels.com\/de\/wp-json\/wp\/v2\/users\/1"}],"replies":[{"embeddable":true,"href":"https:\/\/www.odosoneironhotels.com\/de\/wp-json\/wp\/v2\/comments?post=5376"}],"version-history":[{"count":4,"href":"https:\/\/www.odosoneironhotels.com\/de\/wp-json\/wp\/v2\/pages\/5376\/revisions"}],"predecessor-version":[{"id":5875,"href":"https:\/\/www.odosoneironhotels.com\/de\/wp-json\/wp\/v2\/pages\/5376\/revisions\/5875"}],"wp:attachment":[{"href":"https:\/\/www.odosoneironhotels.com\/de\/wp-json\/wp\/v2\/media?parent=5376"}],"curies":[{"name":"wp","href":"https:\/\/api.w.org\/{rel}","templated":true}]}}