{"id":5372,"date":"2022-02-21T15:18:20","date_gmt":"2022-02-21T13:18:20","guid":{"rendered":"https:\/\/www.odosoneironhotels.com\/taste-2\/"},"modified":"2023-06-01T17:03:57","modified_gmt":"2023-06-01T14:03:57","slug":"taste-2","status":"publish","type":"page","link":"https:\/\/www.odosoneironhotels.com\/de\/hotels\/boutique-hotel\/taste-2\/","title":{"rendered":"Geschmack"},"content":{"rendered":"<p>Auf Kreta geht es beim Essen um mehr als nur um Nahrung oder um Genuss. Auf Kreta wird das Essen mit dem Aufbau von Bindungen in Verbindung gebracht. Gastfreundschaft hat viel mit gutem Essen zu tun, ob Sie nun ein Familienmitglied, ein Freund oder ein Gast sind, gutes Essen ist auf Kreta unverzichtbar.<\/p>\n<p>Im Odos Oneiron Boutique Hotel &amp; Suites verk\u00f6rpern wir die kretische Mentalit\u00e4t und legen gro\u00dfen Wert auf das Essen, das wir servieren. Deshalb bereiten wir alles, was Sie schmecken werden, nur mit den besten lokalen Produkten und der besten aller Zutaten zu: meraki* <em>(\u03bc\u03b5\u03c1\u03ac\u03ba\u03b9 &#8211; etwas mit Seele, Kreativit\u00e4t oder Liebe tun). <\/em> <\/p>\n","protected":false},"excerpt":{"rendered":"<p>Auf Kreta geht es beim Essen um mehr als nur um Nahrung oder um Genuss. Auf Kreta wird das Essen mit dem Aufbau von Bindungen in Verbindung gebracht. Gastfreundschaft hat viel mit gutem Essen zu tun, ob Sie nun ein Familienmitglied, ein Freund oder ein Gast sind, gutes Essen ist auf Kreta unverzichtbar. Im Odos<\/p>\n","protected":false},"author":17,"featured_media":4342,"parent":5374,"menu_order":6,"comment_status":"closed","ping_status":"closed","template":"page-templates\/simple-list.php","meta":{"_acf_changed":false,"footnotes":""},"class_list":["post-5372","page","type-page","status-publish","has-post-thumbnail","hentry"],"acf":[],"yoast_head":"<!-- This site is optimized with the Yoast SEO plugin v27.5 - https:\/\/yoast.com\/product\/yoast-seo-wordpress\/ -->\n<title>Geschmack - Odos Oneiron Hotels &amp; Taste in Chania Crete<\/title>\n<meta name=\"robots\" content=\"index, follow, max-snippet:-1, max-image-preview:large, max-video-preview:-1\" \/>\n<link rel=\"canonical\" href=\"https:\/\/www.odosoneironhotels.com\/de\/hotels\/boutique-hotel\/taste-2\/\" \/>\n<meta property=\"og:locale\" content=\"de_DE\" \/>\n<meta property=\"og:type\" content=\"article\" \/>\n<meta property=\"og:title\" content=\"Geschmack - Odos Oneiron Hotels &amp; Taste in Chania Crete\" \/>\n<meta property=\"og:description\" content=\"Auf Kreta geht es beim Essen um mehr als nur um Nahrung oder um Genuss. Auf Kreta wird das Essen mit dem Aufbau von Bindungen in Verbindung gebracht. Gastfreundschaft hat viel mit gutem Essen zu tun, ob Sie nun ein Familienmitglied, ein Freund oder ein Gast sind, gutes Essen ist auf Kreta unverzichtbar. Im Odos\" \/>\n<meta property=\"og:url\" content=\"https:\/\/www.odosoneironhotels.com\/de\/hotels\/boutique-hotel\/taste-2\/\" \/>\n<meta property=\"og:site_name\" content=\"Odos Oneiron Hotels &amp; Taste in Chania Crete\" \/>\n<meta property=\"article:modified_time\" content=\"2023-06-01T14:03:57+00:00\" \/>\n<meta property=\"og:image\" content=\"https:\/\/www.odosoneironhotels.com\/app\/uploads\/sites\/91\/2022\/04\/MTS_6700-scaled.jpg\" \/>\n\t<meta property=\"og:image:width\" content=\"2560\" \/>\n\t<meta property=\"og:image:height\" content=\"1707\" \/>\n\t<meta property=\"og:image:type\" content=\"image\/jpeg\" \/>\n<meta name=\"twitter:card\" content=\"summary_large_image\" \/>\n<meta name=\"twitter:label1\" content=\"Gesch\u00e4tzte Lesezeit\" \/>\n\t<meta name=\"twitter:data1\" content=\"1\u00a0Minute\" \/>\n<script type=\"application\/ld+json\" class=\"yoast-schema-graph\">{\"@context\":\"https:\\\/\\\/schema.org\",\"@graph\":[{\"@type\":\"WebPage\",\"@id\":\"https:\\\/\\\/www.odosoneironhotels.com\\\/de\\\/hotels\\\/boutique-hotel\\\/taste-2\\\/\",\"url\":\"https:\\\/\\\/www.odosoneironhotels.com\\\/de\\\/hotels\\\/boutique-hotel\\\/taste-2\\\/\",\"name\":\"Geschmack - Odos Oneiron Hotels &amp; Taste in Chania Crete\",\"isPartOf\":{\"@id\":\"https:\\\/\\\/www.odosoneironhotels.com\\\/#website\"},\"primaryImageOfPage\":{\"@id\":\"https:\\\/\\\/www.odosoneironhotels.com\\\/de\\\/hotels\\\/boutique-hotel\\\/taste-2\\\/#primaryimage\"},\"image\":{\"@id\":\"https:\\\/\\\/www.odosoneironhotels.com\\\/de\\\/hotels\\\/boutique-hotel\\\/taste-2\\\/#primaryimage\"},\"thumbnailUrl\":\"https:\\\/\\\/www.odosoneironhotels.com\\\/app\\\/uploads\\\/sites\\\/91\\\/2022\\\/04\\\/MTS_6700-scaled.jpg\",\"datePublished\":\"2022-02-21T13:18:20+00:00\",\"dateModified\":\"2023-06-01T14:03:57+00:00\",\"breadcrumb\":{\"@id\":\"https:\\\/\\\/www.odosoneironhotels.com\\\/de\\\/hotels\\\/boutique-hotel\\\/taste-2\\\/#breadcrumb\"},\"inLanguage\":\"de\",\"potentialAction\":[{\"@type\":\"ReadAction\",\"target\":[\"https:\\\/\\\/www.odosoneironhotels.com\\\/de\\\/hotels\\\/boutique-hotel\\\/taste-2\\\/\"]}]},{\"@type\":\"ImageObject\",\"inLanguage\":\"de\",\"@id\":\"https:\\\/\\\/www.odosoneironhotels.com\\\/de\\\/hotels\\\/boutique-hotel\\\/taste-2\\\/#primaryimage\",\"url\":\"https:\\\/\\\/www.odosoneironhotels.com\\\/app\\\/uploads\\\/sites\\\/91\\\/2022\\\/04\\\/MTS_6700-scaled.jpg\",\"contentUrl\":\"https:\\\/\\\/www.odosoneironhotels.com\\\/app\\\/uploads\\\/sites\\\/91\\\/2022\\\/04\\\/MTS_6700-scaled.jpg\",\"width\":2560,\"height\":1707},{\"@type\":\"BreadcrumbList\",\"@id\":\"https:\\\/\\\/www.odosoneironhotels.com\\\/de\\\/hotels\\\/boutique-hotel\\\/taste-2\\\/#breadcrumb\",\"itemListElement\":[{\"@type\":\"ListItem\",\"position\":1,\"name\":\"Home\",\"item\":\"https:\\\/\\\/www.odosoneironhotels.com\\\/de\\\/\"},{\"@type\":\"ListItem\",\"position\":2,\"name\":\"Hotels\",\"item\":\"https:\\\/\\\/www.odosoneironhotels.com\\\/de\\\/hotels\\\/\"},{\"@type\":\"ListItem\",\"position\":3,\"name\":\"Odos Oneiron Boutique Hotel\",\"item\":\"https:\\\/\\\/www.odosoneironhotels.com\\\/de\\\/hotels\\\/boutique-hotel\\\/\"},{\"@type\":\"ListItem\",\"position\":4,\"name\":\"Geschmack\"}]},{\"@type\":\"WebSite\",\"@id\":\"https:\\\/\\\/www.odosoneironhotels.com\\\/#website\",\"url\":\"https:\\\/\\\/www.odosoneironhotels.com\\\/\",\"name\":\"Odos Oneiron Hotels &amp; Taste in Chania Crete\",\"description\":\"Delightfully authentic hospitality\",\"potentialAction\":[{\"@type\":\"SearchAction\",\"target\":{\"@type\":\"EntryPoint\",\"urlTemplate\":\"https:\\\/\\\/www.odosoneironhotels.com\\\/?s={search_term_string}\"},\"query-input\":{\"@type\":\"PropertyValueSpecification\",\"valueRequired\":true,\"valueName\":\"search_term_string\"}}],\"inLanguage\":\"de\"}]}<\/script>\n<!-- \/ Yoast SEO plugin. -->","yoast_head_json":{"title":"Geschmack - Odos Oneiron Hotels &amp; Taste in Chania Crete","robots":{"index":"index","follow":"follow","max-snippet":"max-snippet:-1","max-image-preview":"max-image-preview:large","max-video-preview":"max-video-preview:-1"},"canonical":"https:\/\/www.odosoneironhotels.com\/de\/hotels\/boutique-hotel\/taste-2\/","og_locale":"de_DE","og_type":"article","og_title":"Geschmack - Odos Oneiron Hotels &amp; Taste in Chania Crete","og_description":"Auf Kreta geht es beim Essen um mehr als nur um Nahrung oder um Genuss. Auf Kreta wird das Essen mit dem Aufbau von Bindungen in Verbindung gebracht. Gastfreundschaft hat viel mit gutem Essen zu tun, ob Sie nun ein Familienmitglied, ein Freund oder ein Gast sind, gutes Essen ist auf Kreta unverzichtbar. Im Odos","og_url":"https:\/\/www.odosoneironhotels.com\/de\/hotels\/boutique-hotel\/taste-2\/","og_site_name":"Odos Oneiron Hotels &amp; Taste in Chania Crete","article_modified_time":"2023-06-01T14:03:57+00:00","og_image":[{"width":2560,"height":1707,"url":"https:\/\/www.odosoneironhotels.com\/app\/uploads\/sites\/91\/2022\/04\/MTS_6700-scaled.jpg","type":"image\/jpeg"}],"twitter_card":"summary_large_image","twitter_misc":{"Gesch\u00e4tzte Lesezeit":"1\u00a0Minute"},"schema":{"@context":"https:\/\/schema.org","@graph":[{"@type":"WebPage","@id":"https:\/\/www.odosoneironhotels.com\/de\/hotels\/boutique-hotel\/taste-2\/","url":"https:\/\/www.odosoneironhotels.com\/de\/hotels\/boutique-hotel\/taste-2\/","name":"Geschmack - Odos Oneiron Hotels &amp; Taste in Chania Crete","isPartOf":{"@id":"https:\/\/www.odosoneironhotels.com\/#website"},"primaryImageOfPage":{"@id":"https:\/\/www.odosoneironhotels.com\/de\/hotels\/boutique-hotel\/taste-2\/#primaryimage"},"image":{"@id":"https:\/\/www.odosoneironhotels.com\/de\/hotels\/boutique-hotel\/taste-2\/#primaryimage"},"thumbnailUrl":"https:\/\/www.odosoneironhotels.com\/app\/uploads\/sites\/91\/2022\/04\/MTS_6700-scaled.jpg","datePublished":"2022-02-21T13:18:20+00:00","dateModified":"2023-06-01T14:03:57+00:00","breadcrumb":{"@id":"https:\/\/www.odosoneironhotels.com\/de\/hotels\/boutique-hotel\/taste-2\/#breadcrumb"},"inLanguage":"de","potentialAction":[{"@type":"ReadAction","target":["https:\/\/www.odosoneironhotels.com\/de\/hotels\/boutique-hotel\/taste-2\/"]}]},{"@type":"ImageObject","inLanguage":"de","@id":"https:\/\/www.odosoneironhotels.com\/de\/hotels\/boutique-hotel\/taste-2\/#primaryimage","url":"https:\/\/www.odosoneironhotels.com\/app\/uploads\/sites\/91\/2022\/04\/MTS_6700-scaled.jpg","contentUrl":"https:\/\/www.odosoneironhotels.com\/app\/uploads\/sites\/91\/2022\/04\/MTS_6700-scaled.jpg","width":2560,"height":1707},{"@type":"BreadcrumbList","@id":"https:\/\/www.odosoneironhotels.com\/de\/hotels\/boutique-hotel\/taste-2\/#breadcrumb","itemListElement":[{"@type":"ListItem","position":1,"name":"Home","item":"https:\/\/www.odosoneironhotels.com\/de\/"},{"@type":"ListItem","position":2,"name":"Hotels","item":"https:\/\/www.odosoneironhotels.com\/de\/hotels\/"},{"@type":"ListItem","position":3,"name":"Odos Oneiron Boutique Hotel","item":"https:\/\/www.odosoneironhotels.com\/de\/hotels\/boutique-hotel\/"},{"@type":"ListItem","position":4,"name":"Geschmack"}]},{"@type":"WebSite","@id":"https:\/\/www.odosoneironhotels.com\/#website","url":"https:\/\/www.odosoneironhotels.com\/","name":"Odos Oneiron Hotels &amp; Taste in Chania Crete","description":"Delightfully authentic hospitality","potentialAction":[{"@type":"SearchAction","target":{"@type":"EntryPoint","urlTemplate":"https:\/\/www.odosoneironhotels.com\/?s={search_term_string}"},"query-input":{"@type":"PropertyValueSpecification","valueRequired":true,"valueName":"search_term_string"}}],"inLanguage":"de"}]}},"_links":{"self":[{"href":"https:\/\/www.odosoneironhotels.com\/de\/wp-json\/wp\/v2\/pages\/5372","targetHints":{"allow":["GET"]}}],"collection":[{"href":"https:\/\/www.odosoneironhotels.com\/de\/wp-json\/wp\/v2\/pages"}],"about":[{"href":"https:\/\/www.odosoneironhotels.com\/de\/wp-json\/wp\/v2\/types\/page"}],"author":[{"embeddable":true,"href":"https:\/\/www.odosoneironhotels.com\/de\/wp-json\/wp\/v2\/users\/17"}],"replies":[{"embeddable":true,"href":"https:\/\/www.odosoneironhotels.com\/de\/wp-json\/wp\/v2\/comments?post=5372"}],"version-history":[{"count":1,"href":"https:\/\/www.odosoneironhotels.com\/de\/wp-json\/wp\/v2\/pages\/5372\/revisions"}],"predecessor-version":[{"id":5674,"href":"https:\/\/www.odosoneironhotels.com\/de\/wp-json\/wp\/v2\/pages\/5372\/revisions\/5674"}],"up":[{"embeddable":true,"href":"https:\/\/www.odosoneironhotels.com\/de\/wp-json\/wp\/v2\/pages\/5374"}],"wp:featuredmedia":[{"embeddable":true,"href":"https:\/\/www.odosoneironhotels.com\/de\/wp-json\/wp\/v2\/media\/4342"}],"wp:attachment":[{"href":"https:\/\/www.odosoneironhotels.com\/de\/wp-json\/wp\/v2\/media?parent=5372"}],"curies":[{"name":"wp","href":"https:\/\/api.w.org\/{rel}","templated":true}]}}