{"id":5371,"date":"2022-02-21T15:20:02","date_gmt":"2022-02-21T13:20:02","guid":{"rendered":"https:\/\/www.odosoneironhotels.com\/taste-2\/"},"modified":"2023-07-28T15:36:04","modified_gmt":"2023-07-28T12:36:04","slug":"taste-2","status":"publish","type":"page","link":"https:\/\/www.odosoneironhotels.com\/de\/hotels\/tavronitis-bay\/taste-2\/","title":{"rendered":"Geschmack"},"content":{"rendered":"<p>Eine kretische Mahlzeit ist weit mehr als Nahrung und Genuss. Das gemeinsame Essen spielt eine gro\u00dfe soziale Rolle und Freunde, sowie G\u00e4ste sind immer herzlich willkommen. Gastfreundschaft ist auf Kreta eine Herzensangelegenheit und stellt den Mittelpunkt des sozialen Lebens dar, die Freude an guten Gespr\u00e4chen und neuen Bekanntschaften.<\/p>\n<p>Im Odos Oneiron verk\u00f6rpern wir die kretische Mentalit\u00e4t und legen gro\u00dfen Wert auf das Essen, das wir servieren. Deshalb bereiten wir alles, was Sie schmecken werden, nur mit den besten lokalen Produkten und der besten aller Zutaten zu: meraki* <em>(\u03bc\u03b5\u03c1\u03ac\u03ba\u03b9 &#8211; etwas mit Seele, Kreativit\u00e4t oder Liebe tun). <\/em><\/p>\n","protected":false},"excerpt":{"rendered":"<p>Eine kretische Mahlzeit ist weit mehr als Nahrung und Genuss. Das gemeinsame Essen spielt eine gro\u00dfe soziale Rolle und Freunde, sowie G\u00e4ste sind immer herzlich willkommen. Gastfreundschaft ist auf Kreta eine Herzensangelegenheit und stellt den Mittelpunkt des sozialen Lebens dar, die Freude an guten Gespr\u00e4chen und neuen Bekanntschaften. Im Odos Oneiron verk\u00f6rpern wir die kretische<\/p>\n","protected":false},"author":17,"featured_media":4651,"parent":5373,"menu_order":6,"comment_status":"closed","ping_status":"closed","template":"page-templates\/simple-list.php","meta":{"_acf_changed":false,"footnotes":""},"class_list":["post-5371","page","type-page","status-publish","has-post-thumbnail","hentry"],"acf":[],"yoast_head":"<!-- This site is optimized with the Yoast SEO plugin v27.5 - https:\/\/yoast.com\/product\/yoast-seo-wordpress\/ -->\n<title>Geschmack - Odos Oneiron Hotels &amp; Taste in Chania Crete<\/title>\n<meta name=\"robots\" content=\"index, follow, max-snippet:-1, max-image-preview:large, max-video-preview:-1\" \/>\n<link rel=\"canonical\" href=\"https:\/\/www.odosoneironhotels.com\/de\/hotels\/tavronitis-bay\/taste-2\/\" \/>\n<meta property=\"og:locale\" content=\"de_DE\" \/>\n<meta property=\"og:type\" content=\"article\" \/>\n<meta property=\"og:title\" content=\"Geschmack - Odos Oneiron Hotels &amp; Taste in Chania Crete\" \/>\n<meta property=\"og:description\" content=\"Eine kretische Mahlzeit ist weit mehr als Nahrung und Genuss. Das gemeinsame Essen spielt eine gro\u00dfe soziale Rolle und Freunde, sowie G\u00e4ste sind immer herzlich willkommen. Gastfreundschaft ist auf Kreta eine Herzensangelegenheit und stellt den Mittelpunkt des sozialen Lebens dar, die Freude an guten Gespr\u00e4chen und neuen Bekanntschaften. Im Odos Oneiron verk\u00f6rpern wir die kretische\" \/>\n<meta property=\"og:url\" content=\"https:\/\/www.odosoneironhotels.com\/de\/hotels\/tavronitis-bay\/taste-2\/\" \/>\n<meta property=\"og:site_name\" content=\"Odos Oneiron Hotels &amp; Taste in Chania Crete\" \/>\n<meta property=\"article:modified_time\" content=\"2023-07-28T12:36:04+00:00\" \/>\n<meta property=\"og:image\" content=\"https:\/\/www.odosoneironhotels.com\/app\/uploads\/sites\/91\/2022\/02\/bigstock-Close-Up-Of-Breakfast-At-Europ-451824351.jpg\" \/>\n\t<meta property=\"og:image:width\" content=\"1920\" \/>\n\t<meta property=\"og:image:height\" content=\"1280\" \/>\n\t<meta property=\"og:image:type\" content=\"image\/jpeg\" \/>\n<meta name=\"twitter:card\" content=\"summary_large_image\" \/>\n<meta name=\"twitter:label1\" content=\"Gesch\u00e4tzte Lesezeit\" \/>\n\t<meta name=\"twitter:data1\" content=\"1\u00a0Minute\" \/>\n<script type=\"application\/ld+json\" class=\"yoast-schema-graph\">{\"@context\":\"https:\\\/\\\/schema.org\",\"@graph\":[{\"@type\":\"WebPage\",\"@id\":\"https:\\\/\\\/www.odosoneironhotels.com\\\/de\\\/hotels\\\/tavronitis-bay\\\/taste-2\\\/\",\"url\":\"https:\\\/\\\/www.odosoneironhotels.com\\\/de\\\/hotels\\\/tavronitis-bay\\\/taste-2\\\/\",\"name\":\"Geschmack - Odos Oneiron Hotels &amp; Taste in Chania Crete\",\"isPartOf\":{\"@id\":\"https:\\\/\\\/www.odosoneironhotels.com\\\/#website\"},\"primaryImageOfPage\":{\"@id\":\"https:\\\/\\\/www.odosoneironhotels.com\\\/de\\\/hotels\\\/tavronitis-bay\\\/taste-2\\\/#primaryimage\"},\"image\":{\"@id\":\"https:\\\/\\\/www.odosoneironhotels.com\\\/de\\\/hotels\\\/tavronitis-bay\\\/taste-2\\\/#primaryimage\"},\"thumbnailUrl\":\"https:\\\/\\\/www.odosoneironhotels.com\\\/app\\\/uploads\\\/sites\\\/91\\\/2022\\\/02\\\/bigstock-Close-Up-Of-Breakfast-At-Europ-451824351.jpg\",\"datePublished\":\"2022-02-21T13:20:02+00:00\",\"dateModified\":\"2023-07-28T12:36:04+00:00\",\"breadcrumb\":{\"@id\":\"https:\\\/\\\/www.odosoneironhotels.com\\\/de\\\/hotels\\\/tavronitis-bay\\\/taste-2\\\/#breadcrumb\"},\"inLanguage\":\"de\",\"potentialAction\":[{\"@type\":\"ReadAction\",\"target\":[\"https:\\\/\\\/www.odosoneironhotels.com\\\/de\\\/hotels\\\/tavronitis-bay\\\/taste-2\\\/\"]}]},{\"@type\":\"ImageObject\",\"inLanguage\":\"de\",\"@id\":\"https:\\\/\\\/www.odosoneironhotels.com\\\/de\\\/hotels\\\/tavronitis-bay\\\/taste-2\\\/#primaryimage\",\"url\":\"https:\\\/\\\/www.odosoneironhotels.com\\\/app\\\/uploads\\\/sites\\\/91\\\/2022\\\/02\\\/bigstock-Close-Up-Of-Breakfast-At-Europ-451824351.jpg\",\"contentUrl\":\"https:\\\/\\\/www.odosoneironhotels.com\\\/app\\\/uploads\\\/sites\\\/91\\\/2022\\\/02\\\/bigstock-Close-Up-Of-Breakfast-At-Europ-451824351.jpg\",\"width\":1920,\"height\":1280},{\"@type\":\"BreadcrumbList\",\"@id\":\"https:\\\/\\\/www.odosoneironhotels.com\\\/de\\\/hotels\\\/tavronitis-bay\\\/taste-2\\\/#breadcrumb\",\"itemListElement\":[{\"@type\":\"ListItem\",\"position\":1,\"name\":\"Home\",\"item\":\"https:\\\/\\\/www.odosoneironhotels.com\\\/de\\\/\"},{\"@type\":\"ListItem\",\"position\":2,\"name\":\"Hotels\",\"item\":\"https:\\\/\\\/www.odosoneironhotels.com\\\/de\\\/hotels\\\/\"},{\"@type\":\"ListItem\",\"position\":3,\"name\":\"Odos Oneiron Tavronitis Bay\",\"item\":\"https:\\\/\\\/www.odosoneironhotels.com\\\/de\\\/hotels\\\/tavronitis-bay\\\/\"},{\"@type\":\"ListItem\",\"position\":4,\"name\":\"Geschmack\"}]},{\"@type\":\"WebSite\",\"@id\":\"https:\\\/\\\/www.odosoneironhotels.com\\\/#website\",\"url\":\"https:\\\/\\\/www.odosoneironhotels.com\\\/\",\"name\":\"Odos Oneiron Hotels &amp; Taste in Chania Crete\",\"description\":\"Delightfully authentic hospitality\",\"potentialAction\":[{\"@type\":\"SearchAction\",\"target\":{\"@type\":\"EntryPoint\",\"urlTemplate\":\"https:\\\/\\\/www.odosoneironhotels.com\\\/?s={search_term_string}\"},\"query-input\":{\"@type\":\"PropertyValueSpecification\",\"valueRequired\":true,\"valueName\":\"search_term_string\"}}],\"inLanguage\":\"de\"}]}<\/script>\n<!-- \/ Yoast SEO plugin. -->","yoast_head_json":{"title":"Geschmack - Odos Oneiron Hotels &amp; Taste in Chania Crete","robots":{"index":"index","follow":"follow","max-snippet":"max-snippet:-1","max-image-preview":"max-image-preview:large","max-video-preview":"max-video-preview:-1"},"canonical":"https:\/\/www.odosoneironhotels.com\/de\/hotels\/tavronitis-bay\/taste-2\/","og_locale":"de_DE","og_type":"article","og_title":"Geschmack - Odos Oneiron Hotels &amp; Taste in Chania Crete","og_description":"Eine kretische Mahlzeit ist weit mehr als Nahrung und Genuss. Das gemeinsame Essen spielt eine gro\u00dfe soziale Rolle und Freunde, sowie G\u00e4ste sind immer herzlich willkommen. Gastfreundschaft ist auf Kreta eine Herzensangelegenheit und stellt den Mittelpunkt des sozialen Lebens dar, die Freude an guten Gespr\u00e4chen und neuen Bekanntschaften. Im Odos Oneiron verk\u00f6rpern wir die kretische","og_url":"https:\/\/www.odosoneironhotels.com\/de\/hotels\/tavronitis-bay\/taste-2\/","og_site_name":"Odos Oneiron Hotels &amp; Taste in Chania Crete","article_modified_time":"2023-07-28T12:36:04+00:00","og_image":[{"width":1920,"height":1280,"url":"https:\/\/www.odosoneironhotels.com\/app\/uploads\/sites\/91\/2022\/02\/bigstock-Close-Up-Of-Breakfast-At-Europ-451824351.jpg","type":"image\/jpeg"}],"twitter_card":"summary_large_image","twitter_misc":{"Gesch\u00e4tzte Lesezeit":"1\u00a0Minute"},"schema":{"@context":"https:\/\/schema.org","@graph":[{"@type":"WebPage","@id":"https:\/\/www.odosoneironhotels.com\/de\/hotels\/tavronitis-bay\/taste-2\/","url":"https:\/\/www.odosoneironhotels.com\/de\/hotels\/tavronitis-bay\/taste-2\/","name":"Geschmack - Odos Oneiron Hotels &amp; Taste in Chania Crete","isPartOf":{"@id":"https:\/\/www.odosoneironhotels.com\/#website"},"primaryImageOfPage":{"@id":"https:\/\/www.odosoneironhotels.com\/de\/hotels\/tavronitis-bay\/taste-2\/#primaryimage"},"image":{"@id":"https:\/\/www.odosoneironhotels.com\/de\/hotels\/tavronitis-bay\/taste-2\/#primaryimage"},"thumbnailUrl":"https:\/\/www.odosoneironhotels.com\/app\/uploads\/sites\/91\/2022\/02\/bigstock-Close-Up-Of-Breakfast-At-Europ-451824351.jpg","datePublished":"2022-02-21T13:20:02+00:00","dateModified":"2023-07-28T12:36:04+00:00","breadcrumb":{"@id":"https:\/\/www.odosoneironhotels.com\/de\/hotels\/tavronitis-bay\/taste-2\/#breadcrumb"},"inLanguage":"de","potentialAction":[{"@type":"ReadAction","target":["https:\/\/www.odosoneironhotels.com\/de\/hotels\/tavronitis-bay\/taste-2\/"]}]},{"@type":"ImageObject","inLanguage":"de","@id":"https:\/\/www.odosoneironhotels.com\/de\/hotels\/tavronitis-bay\/taste-2\/#primaryimage","url":"https:\/\/www.odosoneironhotels.com\/app\/uploads\/sites\/91\/2022\/02\/bigstock-Close-Up-Of-Breakfast-At-Europ-451824351.jpg","contentUrl":"https:\/\/www.odosoneironhotels.com\/app\/uploads\/sites\/91\/2022\/02\/bigstock-Close-Up-Of-Breakfast-At-Europ-451824351.jpg","width":1920,"height":1280},{"@type":"BreadcrumbList","@id":"https:\/\/www.odosoneironhotels.com\/de\/hotels\/tavronitis-bay\/taste-2\/#breadcrumb","itemListElement":[{"@type":"ListItem","position":1,"name":"Home","item":"https:\/\/www.odosoneironhotels.com\/de\/"},{"@type":"ListItem","position":2,"name":"Hotels","item":"https:\/\/www.odosoneironhotels.com\/de\/hotels\/"},{"@type":"ListItem","position":3,"name":"Odos Oneiron Tavronitis Bay","item":"https:\/\/www.odosoneironhotels.com\/de\/hotels\/tavronitis-bay\/"},{"@type":"ListItem","position":4,"name":"Geschmack"}]},{"@type":"WebSite","@id":"https:\/\/www.odosoneironhotels.com\/#website","url":"https:\/\/www.odosoneironhotels.com\/","name":"Odos Oneiron Hotels &amp; Taste in Chania Crete","description":"Delightfully authentic hospitality","potentialAction":[{"@type":"SearchAction","target":{"@type":"EntryPoint","urlTemplate":"https:\/\/www.odosoneironhotels.com\/?s={search_term_string}"},"query-input":{"@type":"PropertyValueSpecification","valueRequired":true,"valueName":"search_term_string"}}],"inLanguage":"de"}]}},"_links":{"self":[{"href":"https:\/\/www.odosoneironhotels.com\/de\/wp-json\/wp\/v2\/pages\/5371","targetHints":{"allow":["GET"]}}],"collection":[{"href":"https:\/\/www.odosoneironhotels.com\/de\/wp-json\/wp\/v2\/pages"}],"about":[{"href":"https:\/\/www.odosoneironhotels.com\/de\/wp-json\/wp\/v2\/types\/page"}],"author":[{"embeddable":true,"href":"https:\/\/www.odosoneironhotels.com\/de\/wp-json\/wp\/v2\/users\/17"}],"replies":[{"embeddable":true,"href":"https:\/\/www.odosoneironhotels.com\/de\/wp-json\/wp\/v2\/comments?post=5371"}],"version-history":[{"count":7,"href":"https:\/\/www.odosoneironhotels.com\/de\/wp-json\/wp\/v2\/pages\/5371\/revisions"}],"predecessor-version":[{"id":5884,"href":"https:\/\/www.odosoneironhotels.com\/de\/wp-json\/wp\/v2\/pages\/5371\/revisions\/5884"}],"up":[{"embeddable":true,"href":"https:\/\/www.odosoneironhotels.com\/de\/wp-json\/wp\/v2\/pages\/5373"}],"wp:featuredmedia":[{"embeddable":true,"href":"https:\/\/www.odosoneironhotels.com\/de\/wp-json\/wp\/v2\/media\/4651"}],"wp:attachment":[{"href":"https:\/\/www.odosoneironhotels.com\/de\/wp-json\/wp\/v2\/media?parent=5371"}],"curies":[{"name":"wp","href":"https:\/\/api.w.org\/{rel}","templated":true}]}}