{"id":5369,"date":"2022-02-21T17:32:48","date_gmt":"2022-02-21T15:32:48","guid":{"rendered":"https:\/\/www.odosoneironhotels.com\/offers-2\/"},"modified":"2023-06-01T17:04:36","modified_gmt":"2023-06-01T14:04:36","slug":"offers-2","status":"publish","type":"page","link":"https:\/\/www.odosoneironhotels.com\/de\/hotels\/tavronitis-bay\/offers-2\/","title":{"rendered":"Angebote"},"content":{"rendered":"<p>Hier finden Sie eine Liste der aktuellen Angebote f\u00fcr Odos Oneiron Bay, damit Sie von g\u00fcnstigeren Preisen, exklusiven Rabatten und zus\u00e4tzlichen Leistungen profitieren k\u00f6nnen. Warum nicht mehr f\u00fcr weniger Geld genie\u00dfen?<\/p>\n","protected":false},"excerpt":{"rendered":"<p>Hier finden Sie eine Liste der aktuellen Angebote f\u00fcr Odos Oneiron Bay, damit Sie von g\u00fcnstigeren Preisen, exklusiven Rabatten und zus\u00e4tzlichen Leistungen profitieren k\u00f6nnen. Warum nicht mehr f\u00fcr weniger Geld genie\u00dfen?<\/p>\n","protected":false},"author":17,"featured_media":0,"parent":5373,"menu_order":4,"comment_status":"closed","ping_status":"closed","template":"page-templates\/offers.php","meta":{"_acf_changed":false,"footnotes":""},"class_list":["post-5369","page","type-page","status-publish","hentry"],"acf":[],"yoast_head":"<!-- This site is optimized with the Yoast SEO plugin v27.4 - https:\/\/yoast.com\/product\/yoast-seo-wordpress\/ -->\n<title>Angebote - Odos Oneiron Hotels &amp; Taste in Chania Crete<\/title>\n<meta name=\"robots\" content=\"index, follow, max-snippet:-1, max-image-preview:large, max-video-preview:-1\" \/>\n<link rel=\"canonical\" href=\"https:\/\/www.odosoneironhotels.com\/de\/hotels\/tavronitis-bay\/offers-2\/\" \/>\n<meta property=\"og:locale\" content=\"de_DE\" \/>\n<meta property=\"og:type\" content=\"article\" \/>\n<meta property=\"og:title\" content=\"Angebote - Odos Oneiron Hotels &amp; Taste in Chania Crete\" \/>\n<meta property=\"og:description\" content=\"Hier finden Sie eine Liste der aktuellen Angebote f\u00fcr Odos Oneiron Bay, damit Sie von g\u00fcnstigeren Preisen, exklusiven Rabatten und zus\u00e4tzlichen Leistungen profitieren k\u00f6nnen. Warum nicht mehr f\u00fcr weniger Geld genie\u00dfen?\" \/>\n<meta property=\"og:url\" content=\"https:\/\/www.odosoneironhotels.com\/de\/hotels\/tavronitis-bay\/offers-2\/\" \/>\n<meta property=\"og:site_name\" content=\"Odos Oneiron Hotels &amp; Taste in Chania Crete\" \/>\n<meta property=\"article:modified_time\" content=\"2023-06-01T14:04:36+00:00\" \/>\n<meta name=\"twitter:card\" content=\"summary_large_image\" \/>\n<script type=\"application\/ld+json\" class=\"yoast-schema-graph\">{\"@context\":\"https:\\\/\\\/schema.org\",\"@graph\":[{\"@type\":\"WebPage\",\"@id\":\"https:\\\/\\\/www.odosoneironhotels.com\\\/de\\\/hotels\\\/tavronitis-bay\\\/offers-2\\\/\",\"url\":\"https:\\\/\\\/www.odosoneironhotels.com\\\/de\\\/hotels\\\/tavronitis-bay\\\/offers-2\\\/\",\"name\":\"Angebote - Odos Oneiron Hotels &amp; Taste in Chania Crete\",\"isPartOf\":{\"@id\":\"https:\\\/\\\/www.odosoneironhotels.com\\\/#website\"},\"datePublished\":\"2022-02-21T15:32:48+00:00\",\"dateModified\":\"2023-06-01T14:04:36+00:00\",\"breadcrumb\":{\"@id\":\"https:\\\/\\\/www.odosoneironhotels.com\\\/de\\\/hotels\\\/tavronitis-bay\\\/offers-2\\\/#breadcrumb\"},\"inLanguage\":\"de\",\"potentialAction\":[{\"@type\":\"ReadAction\",\"target\":[\"https:\\\/\\\/www.odosoneironhotels.com\\\/de\\\/hotels\\\/tavronitis-bay\\\/offers-2\\\/\"]}]},{\"@type\":\"BreadcrumbList\",\"@id\":\"https:\\\/\\\/www.odosoneironhotels.com\\\/de\\\/hotels\\\/tavronitis-bay\\\/offers-2\\\/#breadcrumb\",\"itemListElement\":[{\"@type\":\"ListItem\",\"position\":1,\"name\":\"Home\",\"item\":\"https:\\\/\\\/www.odosoneironhotels.com\\\/de\\\/\"},{\"@type\":\"ListItem\",\"position\":2,\"name\":\"Hotels\",\"item\":\"https:\\\/\\\/www.odosoneironhotels.com\\\/de\\\/hotels\\\/\"},{\"@type\":\"ListItem\",\"position\":3,\"name\":\"Odos Oneiron Tavronitis Bay\",\"item\":\"https:\\\/\\\/www.odosoneironhotels.com\\\/de\\\/hotels\\\/tavronitis-bay\\\/\"},{\"@type\":\"ListItem\",\"position\":4,\"name\":\"Angebote\"}]},{\"@type\":\"WebSite\",\"@id\":\"https:\\\/\\\/www.odosoneironhotels.com\\\/#website\",\"url\":\"https:\\\/\\\/www.odosoneironhotels.com\\\/\",\"name\":\"Odos Oneiron Hotels &amp; Taste in Chania Crete\",\"description\":\"Delightfully authentic hospitality\",\"potentialAction\":[{\"@type\":\"SearchAction\",\"target\":{\"@type\":\"EntryPoint\",\"urlTemplate\":\"https:\\\/\\\/www.odosoneironhotels.com\\\/?s={search_term_string}\"},\"query-input\":{\"@type\":\"PropertyValueSpecification\",\"valueRequired\":true,\"valueName\":\"search_term_string\"}}],\"inLanguage\":\"de\"}]}<\/script>\n<!-- \/ Yoast SEO plugin. -->","yoast_head_json":{"title":"Angebote - Odos Oneiron Hotels &amp; Taste in Chania Crete","robots":{"index":"index","follow":"follow","max-snippet":"max-snippet:-1","max-image-preview":"max-image-preview:large","max-video-preview":"max-video-preview:-1"},"canonical":"https:\/\/www.odosoneironhotels.com\/de\/hotels\/tavronitis-bay\/offers-2\/","og_locale":"de_DE","og_type":"article","og_title":"Angebote - Odos Oneiron Hotels &amp; Taste in Chania Crete","og_description":"Hier finden Sie eine Liste der aktuellen Angebote f\u00fcr Odos Oneiron Bay, damit Sie von g\u00fcnstigeren Preisen, exklusiven Rabatten und zus\u00e4tzlichen Leistungen profitieren k\u00f6nnen. Warum nicht mehr f\u00fcr weniger Geld genie\u00dfen?","og_url":"https:\/\/www.odosoneironhotels.com\/de\/hotels\/tavronitis-bay\/offers-2\/","og_site_name":"Odos Oneiron Hotels &amp; Taste in Chania Crete","article_modified_time":"2023-06-01T14:04:36+00:00","twitter_card":"summary_large_image","schema":{"@context":"https:\/\/schema.org","@graph":[{"@type":"WebPage","@id":"https:\/\/www.odosoneironhotels.com\/de\/hotels\/tavronitis-bay\/offers-2\/","url":"https:\/\/www.odosoneironhotels.com\/de\/hotels\/tavronitis-bay\/offers-2\/","name":"Angebote - Odos Oneiron Hotels &amp; Taste in Chania Crete","isPartOf":{"@id":"https:\/\/www.odosoneironhotels.com\/#website"},"datePublished":"2022-02-21T15:32:48+00:00","dateModified":"2023-06-01T14:04:36+00:00","breadcrumb":{"@id":"https:\/\/www.odosoneironhotels.com\/de\/hotels\/tavronitis-bay\/offers-2\/#breadcrumb"},"inLanguage":"de","potentialAction":[{"@type":"ReadAction","target":["https:\/\/www.odosoneironhotels.com\/de\/hotels\/tavronitis-bay\/offers-2\/"]}]},{"@type":"BreadcrumbList","@id":"https:\/\/www.odosoneironhotels.com\/de\/hotels\/tavronitis-bay\/offers-2\/#breadcrumb","itemListElement":[{"@type":"ListItem","position":1,"name":"Home","item":"https:\/\/www.odosoneironhotels.com\/de\/"},{"@type":"ListItem","position":2,"name":"Hotels","item":"https:\/\/www.odosoneironhotels.com\/de\/hotels\/"},{"@type":"ListItem","position":3,"name":"Odos Oneiron Tavronitis Bay","item":"https:\/\/www.odosoneironhotels.com\/de\/hotels\/tavronitis-bay\/"},{"@type":"ListItem","position":4,"name":"Angebote"}]},{"@type":"WebSite","@id":"https:\/\/www.odosoneironhotels.com\/#website","url":"https:\/\/www.odosoneironhotels.com\/","name":"Odos Oneiron Hotels &amp; Taste in Chania Crete","description":"Delightfully authentic hospitality","potentialAction":[{"@type":"SearchAction","target":{"@type":"EntryPoint","urlTemplate":"https:\/\/www.odosoneironhotels.com\/?s={search_term_string}"},"query-input":{"@type":"PropertyValueSpecification","valueRequired":true,"valueName":"search_term_string"}}],"inLanguage":"de"}]}},"_links":{"self":[{"href":"https:\/\/www.odosoneironhotels.com\/de\/wp-json\/wp\/v2\/pages\/5369","targetHints":{"allow":["GET"]}}],"collection":[{"href":"https:\/\/www.odosoneironhotels.com\/de\/wp-json\/wp\/v2\/pages"}],"about":[{"href":"https:\/\/www.odosoneironhotels.com\/de\/wp-json\/wp\/v2\/types\/page"}],"author":[{"embeddable":true,"href":"https:\/\/www.odosoneironhotels.com\/de\/wp-json\/wp\/v2\/users\/17"}],"replies":[{"embeddable":true,"href":"https:\/\/www.odosoneironhotels.com\/de\/wp-json\/wp\/v2\/comments?post=5369"}],"version-history":[{"count":1,"href":"https:\/\/www.odosoneironhotels.com\/de\/wp-json\/wp\/v2\/pages\/5369\/revisions"}],"predecessor-version":[{"id":5682,"href":"https:\/\/www.odosoneironhotels.com\/de\/wp-json\/wp\/v2\/pages\/5369\/revisions\/5682"}],"up":[{"embeddable":true,"href":"https:\/\/www.odosoneironhotels.com\/de\/wp-json\/wp\/v2\/pages\/5373"}],"wp:attachment":[{"href":"https:\/\/www.odosoneironhotels.com\/de\/wp-json\/wp\/v2\/media?parent=5369"}],"curies":[{"name":"wp","href":"https:\/\/api.w.org\/{rel}","templated":true}]}}