{"id":5365,"date":"2022-02-21T17:42:01","date_gmt":"2022-02-21T15:42:01","guid":{"rendered":"https:\/\/www.odosoneironhotels.com\/about\/"},"modified":"2023-06-01T17:04:15","modified_gmt":"2023-06-01T14:04:15","slug":"about","status":"publish","type":"page","link":"https:\/\/www.odosoneironhotels.com\/de\/hotels\/boutique-hotel\/about\/","title":{"rendered":"\u00dcber"},"content":{"rendered":"<p>Unser malerisches Odos Oneiron Boutique Hotel ist aus zwei restaurierten venezianischen Geb\u00e4uden aus dem 15. Jahrhundert in einem zentralen Viertel von Chania hervorgegangen. In den ehemaligen Wohnh\u00e4usern haben wir die wertvollsten traditionellen Elemente beibehalten, um ein authentisches Gef\u00fchl zu vermitteln, und ein paar luxuri\u00f6se Elemente hinzugef\u00fcgt, um zwei malerische Oasen mit einem rustikal-schicken Ambiente im pulsierenden Herzen der Stadt zu schaffen.<\/p>\n<p>Unsere Zimmer, Suiten und Maisonetten sind auf zwei historische Geb\u00e4ude verteilt. Eines, das an einer zentralen Stra\u00dfe liegt und durch die Beibehaltung der traditionellen Einrichtung und des urspr\u00fcnglichen Grundrisses des historischen Geb\u00e4udes ein gem\u00fctlicheres Ambiente bietet. Das zweite Haus liegt in einer Fu\u00dfg\u00e4nger-Seitenstra\u00dfe, mit luxuri\u00f6sem Touch und Art-Deco-Flair, das verschiedene originale Details, wie z. B. die Holzdecken, charmant zur Geltung bringt.<\/p>\n<p>Erleben Sie das Leben vor Ort, denn die pulsierende Stadt und der Hafen von Chania sind in nur wenigen Minuten zu Fu\u00df zu erreichen.<\/p>\n<p>Beginnen Sie Ihren Tag mit einem reichhaltigen Fr\u00fchst\u00fcck, entweder \u00e0 la carte in unserem eleganten Bistro &amp; Bar oder in unserem legeren Caf\u00e9 und Brunch, wo schon fr\u00fch am Morgen die frischesten, handgemachten kretischen K\u00f6stlichkeiten gebacken und serviert werden. Von da an ist Chania-Stadt Ihr Spielplatz, den Sie nach Belieben erkunden k\u00f6nnen.<\/p>\n","protected":false},"excerpt":{"rendered":"<p>Unser malerisches Odos Oneiron Boutique Hotel ist aus zwei restaurierten venezianischen Geb\u00e4uden aus dem 15. Jahrhundert in einem zentralen Viertel von Chania hervorgegangen. In den ehemaligen Wohnh\u00e4usern haben wir die wertvollsten traditionellen Elemente beibehalten, um ein authentisches Gef\u00fchl zu vermitteln, und ein paar luxuri\u00f6se Elemente hinzugef\u00fcgt, um zwei malerische Oasen mit einem rustikal-schicken Ambiente im<\/p>\n","protected":false},"author":17,"featured_media":5017,"parent":5374,"menu_order":12,"comment_status":"closed","ping_status":"closed","template":"","meta":{"_acf_changed":false,"footnotes":""},"class_list":["post-5365","page","type-page","status-publish","has-post-thumbnail","hentry"],"acf":[],"yoast_head":"<!-- This site is optimized with the Yoast SEO plugin v27.5 - https:\/\/yoast.com\/product\/yoast-seo-wordpress\/ -->\n<title>\u00dcber - Odos Oneiron Hotels &amp; Taste in Chania Crete<\/title>\n<meta name=\"robots\" content=\"index, follow, max-snippet:-1, max-image-preview:large, max-video-preview:-1\" \/>\n<link rel=\"canonical\" href=\"https:\/\/www.odosoneironhotels.com\/de\/hotels\/boutique-hotel\/about\/\" \/>\n<meta property=\"og:locale\" content=\"de_DE\" \/>\n<meta property=\"og:type\" content=\"article\" \/>\n<meta property=\"og:title\" content=\"\u00dcber - Odos Oneiron Hotels &amp; Taste in Chania Crete\" \/>\n<meta property=\"og:description\" content=\"Unser malerisches Odos Oneiron Boutique Hotel ist aus zwei restaurierten venezianischen Geb\u00e4uden aus dem 15. Jahrhundert in einem zentralen Viertel von Chania hervorgegangen. In den ehemaligen Wohnh\u00e4usern haben wir die wertvollsten traditionellen Elemente beibehalten, um ein authentisches Gef\u00fchl zu vermitteln, und ein paar luxuri\u00f6se Elemente hinzugef\u00fcgt, um zwei malerische Oasen mit einem rustikal-schicken Ambiente im\" \/>\n<meta property=\"og:url\" content=\"https:\/\/www.odosoneironhotels.com\/de\/hotels\/boutique-hotel\/about\/\" \/>\n<meta property=\"og:site_name\" content=\"Odos Oneiron Hotels &amp; Taste in Chania Crete\" \/>\n<meta property=\"article:modified_time\" content=\"2023-06-01T14:04:15+00:00\" \/>\n<meta property=\"og:image\" content=\"https:\/\/www.odosoneironhotels.com\/app\/uploads\/sites\/91\/2023\/02\/MTS_2286-scaled.jpg\" \/>\n\t<meta property=\"og:image:width\" content=\"2560\" \/>\n\t<meta property=\"og:image:height\" content=\"1707\" \/>\n\t<meta property=\"og:image:type\" content=\"image\/jpeg\" \/>\n<meta name=\"twitter:card\" content=\"summary_large_image\" \/>\n<meta name=\"twitter:label1\" content=\"Gesch\u00e4tzte Lesezeit\" \/>\n\t<meta name=\"twitter:data1\" content=\"1\u00a0Minute\" \/>\n<script type=\"application\/ld+json\" class=\"yoast-schema-graph\">{\"@context\":\"https:\\\/\\\/schema.org\",\"@graph\":[{\"@type\":\"WebPage\",\"@id\":\"https:\\\/\\\/www.odosoneironhotels.com\\\/de\\\/hotels\\\/boutique-hotel\\\/about\\\/\",\"url\":\"https:\\\/\\\/www.odosoneironhotels.com\\\/de\\\/hotels\\\/boutique-hotel\\\/about\\\/\",\"name\":\"\u00dcber - Odos Oneiron Hotels &amp; Taste in Chania Crete\",\"isPartOf\":{\"@id\":\"https:\\\/\\\/www.odosoneironhotels.com\\\/#website\"},\"primaryImageOfPage\":{\"@id\":\"https:\\\/\\\/www.odosoneironhotels.com\\\/de\\\/hotels\\\/boutique-hotel\\\/about\\\/#primaryimage\"},\"image\":{\"@id\":\"https:\\\/\\\/www.odosoneironhotels.com\\\/de\\\/hotels\\\/boutique-hotel\\\/about\\\/#primaryimage\"},\"thumbnailUrl\":\"https:\\\/\\\/www.odosoneironhotels.com\\\/app\\\/uploads\\\/sites\\\/91\\\/2023\\\/02\\\/MTS_2286-scaled.jpg\",\"datePublished\":\"2022-02-21T15:42:01+00:00\",\"dateModified\":\"2023-06-01T14:04:15+00:00\",\"breadcrumb\":{\"@id\":\"https:\\\/\\\/www.odosoneironhotels.com\\\/de\\\/hotels\\\/boutique-hotel\\\/about\\\/#breadcrumb\"},\"inLanguage\":\"de\",\"potentialAction\":[{\"@type\":\"ReadAction\",\"target\":[\"https:\\\/\\\/www.odosoneironhotels.com\\\/de\\\/hotels\\\/boutique-hotel\\\/about\\\/\"]}]},{\"@type\":\"ImageObject\",\"inLanguage\":\"de\",\"@id\":\"https:\\\/\\\/www.odosoneironhotels.com\\\/de\\\/hotels\\\/boutique-hotel\\\/about\\\/#primaryimage\",\"url\":\"https:\\\/\\\/www.odosoneironhotels.com\\\/app\\\/uploads\\\/sites\\\/91\\\/2023\\\/02\\\/MTS_2286-scaled.jpg\",\"contentUrl\":\"https:\\\/\\\/www.odosoneironhotels.com\\\/app\\\/uploads\\\/sites\\\/91\\\/2023\\\/02\\\/MTS_2286-scaled.jpg\",\"width\":2560,\"height\":1707},{\"@type\":\"BreadcrumbList\",\"@id\":\"https:\\\/\\\/www.odosoneironhotels.com\\\/de\\\/hotels\\\/boutique-hotel\\\/about\\\/#breadcrumb\",\"itemListElement\":[{\"@type\":\"ListItem\",\"position\":1,\"name\":\"Home\",\"item\":\"https:\\\/\\\/www.odosoneironhotels.com\\\/de\\\/\"},{\"@type\":\"ListItem\",\"position\":2,\"name\":\"Hotels\",\"item\":\"https:\\\/\\\/www.odosoneironhotels.com\\\/de\\\/hotels\\\/\"},{\"@type\":\"ListItem\",\"position\":3,\"name\":\"Odos Oneiron Boutique Hotel\",\"item\":\"https:\\\/\\\/www.odosoneironhotels.com\\\/de\\\/hotels\\\/boutique-hotel\\\/\"},{\"@type\":\"ListItem\",\"position\":4,\"name\":\"\u00dcber\"}]},{\"@type\":\"WebSite\",\"@id\":\"https:\\\/\\\/www.odosoneironhotels.com\\\/#website\",\"url\":\"https:\\\/\\\/www.odosoneironhotels.com\\\/\",\"name\":\"Odos Oneiron Hotels &amp; Taste in Chania Crete\",\"description\":\"Delightfully authentic hospitality\",\"potentialAction\":[{\"@type\":\"SearchAction\",\"target\":{\"@type\":\"EntryPoint\",\"urlTemplate\":\"https:\\\/\\\/www.odosoneironhotels.com\\\/?s={search_term_string}\"},\"query-input\":{\"@type\":\"PropertyValueSpecification\",\"valueRequired\":true,\"valueName\":\"search_term_string\"}}],\"inLanguage\":\"de\"}]}<\/script>\n<!-- \/ Yoast SEO plugin. -->","yoast_head_json":{"title":"\u00dcber - Odos Oneiron Hotels &amp; Taste in Chania Crete","robots":{"index":"index","follow":"follow","max-snippet":"max-snippet:-1","max-image-preview":"max-image-preview:large","max-video-preview":"max-video-preview:-1"},"canonical":"https:\/\/www.odosoneironhotels.com\/de\/hotels\/boutique-hotel\/about\/","og_locale":"de_DE","og_type":"article","og_title":"\u00dcber - Odos Oneiron Hotels &amp; Taste in Chania Crete","og_description":"Unser malerisches Odos Oneiron Boutique Hotel ist aus zwei restaurierten venezianischen Geb\u00e4uden aus dem 15. Jahrhundert in einem zentralen Viertel von Chania hervorgegangen. In den ehemaligen Wohnh\u00e4usern haben wir die wertvollsten traditionellen Elemente beibehalten, um ein authentisches Gef\u00fchl zu vermitteln, und ein paar luxuri\u00f6se Elemente hinzugef\u00fcgt, um zwei malerische Oasen mit einem rustikal-schicken Ambiente im","og_url":"https:\/\/www.odosoneironhotels.com\/de\/hotels\/boutique-hotel\/about\/","og_site_name":"Odos Oneiron Hotels &amp; Taste in Chania Crete","article_modified_time":"2023-06-01T14:04:15+00:00","og_image":[{"width":2560,"height":1707,"url":"https:\/\/www.odosoneironhotels.com\/app\/uploads\/sites\/91\/2023\/02\/MTS_2286-scaled.jpg","type":"image\/jpeg"}],"twitter_card":"summary_large_image","twitter_misc":{"Gesch\u00e4tzte Lesezeit":"1\u00a0Minute"},"schema":{"@context":"https:\/\/schema.org","@graph":[{"@type":"WebPage","@id":"https:\/\/www.odosoneironhotels.com\/de\/hotels\/boutique-hotel\/about\/","url":"https:\/\/www.odosoneironhotels.com\/de\/hotels\/boutique-hotel\/about\/","name":"\u00dcber - Odos Oneiron Hotels &amp; Taste in Chania Crete","isPartOf":{"@id":"https:\/\/www.odosoneironhotels.com\/#website"},"primaryImageOfPage":{"@id":"https:\/\/www.odosoneironhotels.com\/de\/hotels\/boutique-hotel\/about\/#primaryimage"},"image":{"@id":"https:\/\/www.odosoneironhotels.com\/de\/hotels\/boutique-hotel\/about\/#primaryimage"},"thumbnailUrl":"https:\/\/www.odosoneironhotels.com\/app\/uploads\/sites\/91\/2023\/02\/MTS_2286-scaled.jpg","datePublished":"2022-02-21T15:42:01+00:00","dateModified":"2023-06-01T14:04:15+00:00","breadcrumb":{"@id":"https:\/\/www.odosoneironhotels.com\/de\/hotels\/boutique-hotel\/about\/#breadcrumb"},"inLanguage":"de","potentialAction":[{"@type":"ReadAction","target":["https:\/\/www.odosoneironhotels.com\/de\/hotels\/boutique-hotel\/about\/"]}]},{"@type":"ImageObject","inLanguage":"de","@id":"https:\/\/www.odosoneironhotels.com\/de\/hotels\/boutique-hotel\/about\/#primaryimage","url":"https:\/\/www.odosoneironhotels.com\/app\/uploads\/sites\/91\/2023\/02\/MTS_2286-scaled.jpg","contentUrl":"https:\/\/www.odosoneironhotels.com\/app\/uploads\/sites\/91\/2023\/02\/MTS_2286-scaled.jpg","width":2560,"height":1707},{"@type":"BreadcrumbList","@id":"https:\/\/www.odosoneironhotels.com\/de\/hotels\/boutique-hotel\/about\/#breadcrumb","itemListElement":[{"@type":"ListItem","position":1,"name":"Home","item":"https:\/\/www.odosoneironhotels.com\/de\/"},{"@type":"ListItem","position":2,"name":"Hotels","item":"https:\/\/www.odosoneironhotels.com\/de\/hotels\/"},{"@type":"ListItem","position":3,"name":"Odos Oneiron Boutique Hotel","item":"https:\/\/www.odosoneironhotels.com\/de\/hotels\/boutique-hotel\/"},{"@type":"ListItem","position":4,"name":"\u00dcber"}]},{"@type":"WebSite","@id":"https:\/\/www.odosoneironhotels.com\/#website","url":"https:\/\/www.odosoneironhotels.com\/","name":"Odos Oneiron Hotels &amp; Taste in Chania Crete","description":"Delightfully authentic hospitality","potentialAction":[{"@type":"SearchAction","target":{"@type":"EntryPoint","urlTemplate":"https:\/\/www.odosoneironhotels.com\/?s={search_term_string}"},"query-input":{"@type":"PropertyValueSpecification","valueRequired":true,"valueName":"search_term_string"}}],"inLanguage":"de"}]}},"_links":{"self":[{"href":"https:\/\/www.odosoneironhotels.com\/de\/wp-json\/wp\/v2\/pages\/5365","targetHints":{"allow":["GET"]}}],"collection":[{"href":"https:\/\/www.odosoneironhotels.com\/de\/wp-json\/wp\/v2\/pages"}],"about":[{"href":"https:\/\/www.odosoneironhotels.com\/de\/wp-json\/wp\/v2\/types\/page"}],"author":[{"embeddable":true,"href":"https:\/\/www.odosoneironhotels.com\/de\/wp-json\/wp\/v2\/users\/17"}],"replies":[{"embeddable":true,"href":"https:\/\/www.odosoneironhotels.com\/de\/wp-json\/wp\/v2\/comments?post=5365"}],"version-history":[{"count":1,"href":"https:\/\/www.odosoneironhotels.com\/de\/wp-json\/wp\/v2\/pages\/5365\/revisions"}],"predecessor-version":[{"id":5678,"href":"https:\/\/www.odosoneironhotels.com\/de\/wp-json\/wp\/v2\/pages\/5365\/revisions\/5678"}],"up":[{"embeddable":true,"href":"https:\/\/www.odosoneironhotels.com\/de\/wp-json\/wp\/v2\/pages\/5374"}],"wp:featuredmedia":[{"embeddable":true,"href":"https:\/\/www.odosoneironhotels.com\/de\/wp-json\/wp\/v2\/media\/5017"}],"wp:attachment":[{"href":"https:\/\/www.odosoneironhotels.com\/de\/wp-json\/wp\/v2\/media?parent=5365"}],"curies":[{"name":"wp","href":"https:\/\/api.w.org\/{rel}","templated":true}]}}