{"id":5319,"date":"2022-02-21T18:03:56","date_gmt":"2022-02-21T16:03:56","guid":{"rendered":"https:\/\/www.odosoneironhotels.com\/location\/"},"modified":"2023-06-01T17:04:01","modified_gmt":"2023-06-01T14:04:01","slug":"location","status":"publish","type":"page","link":"https:\/\/www.odosoneironhotels.com\/de\/hotels\/boutique-hotel\/location\/","title":{"rendered":"Standort"},"content":{"rendered":"<p>Schlendern Sie an der Hafenpromenade entlang und lassen Sie sich vom Charme der Stadt Chania verzaubern. Gehen Sie hinauf zum ikonischen venezianischen Leuchtturm, der schon seit Jahrhunderten wie ein Bollwerk steht. Erkunden Sie die bemerkenswerten Geb\u00e4ude, die verschiedenen Gesch\u00e4fte und L\u00e4den, die lebhaften M\u00e4rkte und die ber\u00fchmte Gastronomieszene und tauchen Sie ein in die Atmosph\u00e4re eines historischen, malerischen und faszinierenden Ortes.<\/p>\n","protected":false},"excerpt":{"rendered":"<p>Schlendern Sie an der Hafenpromenade entlang und lassen Sie sich vom Charme der Stadt Chania verzaubern. Gehen Sie hinauf zum ikonischen venezianischen Leuchtturm, der schon seit Jahrhunderten wie ein Bollwerk steht. Erkunden Sie die bemerkenswerten Geb\u00e4ude, die verschiedenen Gesch\u00e4fte und L\u00e4den, die lebhaften M\u00e4rkte und die ber\u00fchmte Gastronomieszene und tauchen Sie ein in die Atmosph\u00e4re<\/p>\n","protected":false},"author":17,"featured_media":4612,"parent":5374,"menu_order":9,"comment_status":"closed","ping_status":"closed","template":"","meta":{"_acf_changed":false,"footnotes":""},"class_list":["post-5319","page","type-page","status-publish","has-post-thumbnail","hentry"],"acf":[],"yoast_head":"<!-- This site is optimized with the Yoast SEO plugin v27.5 - https:\/\/yoast.com\/product\/yoast-seo-wordpress\/ -->\n<title>Standort - Odos Oneiron Hotels &amp; Taste in Chania Crete<\/title>\n<meta name=\"robots\" content=\"index, follow, max-snippet:-1, max-image-preview:large, max-video-preview:-1\" \/>\n<link rel=\"canonical\" href=\"https:\/\/www.odosoneironhotels.com\/de\/hotels\/boutique-hotel\/location\/\" \/>\n<meta property=\"og:locale\" content=\"de_DE\" \/>\n<meta property=\"og:type\" content=\"article\" \/>\n<meta property=\"og:title\" content=\"Standort - Odos Oneiron Hotels &amp; Taste in Chania Crete\" \/>\n<meta property=\"og:description\" content=\"Schlendern Sie an der Hafenpromenade entlang und lassen Sie sich vom Charme der Stadt Chania verzaubern. Gehen Sie hinauf zum ikonischen venezianischen Leuchtturm, der schon seit Jahrhunderten wie ein Bollwerk steht. Erkunden Sie die bemerkenswerten Geb\u00e4ude, die verschiedenen Gesch\u00e4fte und L\u00e4den, die lebhaften M\u00e4rkte und die ber\u00fchmte Gastronomieszene und tauchen Sie ein in die Atmosph\u00e4re\" \/>\n<meta property=\"og:url\" content=\"https:\/\/www.odosoneironhotels.com\/de\/hotels\/boutique-hotel\/location\/\" \/>\n<meta property=\"og:site_name\" content=\"Odos Oneiron Hotels &amp; Taste in Chania Crete\" \/>\n<meta property=\"article:modified_time\" content=\"2023-06-01T14:04:01+00:00\" \/>\n<meta property=\"og:image\" content=\"https:\/\/www.odosoneironhotels.com\/app\/uploads\/sites\/91\/2022\/04\/manos-chainakis-CF07zIfsKjQ-unsplash-1.jpg\" \/>\n\t<meta property=\"og:image:width\" content=\"2047\" \/>\n\t<meta property=\"og:image:height\" content=\"2560\" \/>\n\t<meta property=\"og:image:type\" content=\"image\/jpeg\" \/>\n<meta name=\"twitter:card\" content=\"summary_large_image\" \/>\n<script type=\"application\/ld+json\" class=\"yoast-schema-graph\">{\"@context\":\"https:\\\/\\\/schema.org\",\"@graph\":[{\"@type\":\"WebPage\",\"@id\":\"https:\\\/\\\/www.odosoneironhotels.com\\\/de\\\/hotels\\\/boutique-hotel\\\/location\\\/\",\"url\":\"https:\\\/\\\/www.odosoneironhotels.com\\\/de\\\/hotels\\\/boutique-hotel\\\/location\\\/\",\"name\":\"Standort - Odos Oneiron Hotels &amp; Taste in Chania Crete\",\"isPartOf\":{\"@id\":\"https:\\\/\\\/www.odosoneironhotels.com\\\/#website\"},\"primaryImageOfPage\":{\"@id\":\"https:\\\/\\\/www.odosoneironhotels.com\\\/de\\\/hotels\\\/boutique-hotel\\\/location\\\/#primaryimage\"},\"image\":{\"@id\":\"https:\\\/\\\/www.odosoneironhotels.com\\\/de\\\/hotels\\\/boutique-hotel\\\/location\\\/#primaryimage\"},\"thumbnailUrl\":\"https:\\\/\\\/www.odosoneironhotels.com\\\/app\\\/uploads\\\/sites\\\/91\\\/2022\\\/04\\\/manos-chainakis-CF07zIfsKjQ-unsplash-1.jpg\",\"datePublished\":\"2022-02-21T16:03:56+00:00\",\"dateModified\":\"2023-06-01T14:04:01+00:00\",\"breadcrumb\":{\"@id\":\"https:\\\/\\\/www.odosoneironhotels.com\\\/de\\\/hotels\\\/boutique-hotel\\\/location\\\/#breadcrumb\"},\"inLanguage\":\"de\",\"potentialAction\":[{\"@type\":\"ReadAction\",\"target\":[\"https:\\\/\\\/www.odosoneironhotels.com\\\/de\\\/hotels\\\/boutique-hotel\\\/location\\\/\"]}]},{\"@type\":\"ImageObject\",\"inLanguage\":\"de\",\"@id\":\"https:\\\/\\\/www.odosoneironhotels.com\\\/de\\\/hotels\\\/boutique-hotel\\\/location\\\/#primaryimage\",\"url\":\"https:\\\/\\\/www.odosoneironhotels.com\\\/app\\\/uploads\\\/sites\\\/91\\\/2022\\\/04\\\/manos-chainakis-CF07zIfsKjQ-unsplash-1.jpg\",\"contentUrl\":\"https:\\\/\\\/www.odosoneironhotels.com\\\/app\\\/uploads\\\/sites\\\/91\\\/2022\\\/04\\\/manos-chainakis-CF07zIfsKjQ-unsplash-1.jpg\",\"width\":2047,\"height\":2560},{\"@type\":\"BreadcrumbList\",\"@id\":\"https:\\\/\\\/www.odosoneironhotels.com\\\/de\\\/hotels\\\/boutique-hotel\\\/location\\\/#breadcrumb\",\"itemListElement\":[{\"@type\":\"ListItem\",\"position\":1,\"name\":\"Home\",\"item\":\"https:\\\/\\\/www.odosoneironhotels.com\\\/de\\\/\"},{\"@type\":\"ListItem\",\"position\":2,\"name\":\"Hotels\",\"item\":\"https:\\\/\\\/www.odosoneironhotels.com\\\/de\\\/hotels\\\/\"},{\"@type\":\"ListItem\",\"position\":3,\"name\":\"Odos Oneiron Boutique Hotel\",\"item\":\"https:\\\/\\\/www.odosoneironhotels.com\\\/de\\\/hotels\\\/boutique-hotel\\\/\"},{\"@type\":\"ListItem\",\"position\":4,\"name\":\"Standort\"}]},{\"@type\":\"WebSite\",\"@id\":\"https:\\\/\\\/www.odosoneironhotels.com\\\/#website\",\"url\":\"https:\\\/\\\/www.odosoneironhotels.com\\\/\",\"name\":\"Odos Oneiron Hotels &amp; Taste in Chania Crete\",\"description\":\"Delightfully authentic hospitality\",\"potentialAction\":[{\"@type\":\"SearchAction\",\"target\":{\"@type\":\"EntryPoint\",\"urlTemplate\":\"https:\\\/\\\/www.odosoneironhotels.com\\\/?s={search_term_string}\"},\"query-input\":{\"@type\":\"PropertyValueSpecification\",\"valueRequired\":true,\"valueName\":\"search_term_string\"}}],\"inLanguage\":\"de\"}]}<\/script>\n<!-- \/ Yoast SEO plugin. -->","yoast_head_json":{"title":"Standort - Odos Oneiron Hotels &amp; Taste in Chania Crete","robots":{"index":"index","follow":"follow","max-snippet":"max-snippet:-1","max-image-preview":"max-image-preview:large","max-video-preview":"max-video-preview:-1"},"canonical":"https:\/\/www.odosoneironhotels.com\/de\/hotels\/boutique-hotel\/location\/","og_locale":"de_DE","og_type":"article","og_title":"Standort - Odos Oneiron Hotels &amp; Taste in Chania Crete","og_description":"Schlendern Sie an der Hafenpromenade entlang und lassen Sie sich vom Charme der Stadt Chania verzaubern. Gehen Sie hinauf zum ikonischen venezianischen Leuchtturm, der schon seit Jahrhunderten wie ein Bollwerk steht. Erkunden Sie die bemerkenswerten Geb\u00e4ude, die verschiedenen Gesch\u00e4fte und L\u00e4den, die lebhaften M\u00e4rkte und die ber\u00fchmte Gastronomieszene und tauchen Sie ein in die Atmosph\u00e4re","og_url":"https:\/\/www.odosoneironhotels.com\/de\/hotels\/boutique-hotel\/location\/","og_site_name":"Odos Oneiron Hotels &amp; Taste in Chania Crete","article_modified_time":"2023-06-01T14:04:01+00:00","og_image":[{"width":2047,"height":2560,"url":"https:\/\/www.odosoneironhotels.com\/app\/uploads\/sites\/91\/2022\/04\/manos-chainakis-CF07zIfsKjQ-unsplash-1.jpg","type":"image\/jpeg"}],"twitter_card":"summary_large_image","schema":{"@context":"https:\/\/schema.org","@graph":[{"@type":"WebPage","@id":"https:\/\/www.odosoneironhotels.com\/de\/hotels\/boutique-hotel\/location\/","url":"https:\/\/www.odosoneironhotels.com\/de\/hotels\/boutique-hotel\/location\/","name":"Standort - Odos Oneiron Hotels &amp; Taste in Chania Crete","isPartOf":{"@id":"https:\/\/www.odosoneironhotels.com\/#website"},"primaryImageOfPage":{"@id":"https:\/\/www.odosoneironhotels.com\/de\/hotels\/boutique-hotel\/location\/#primaryimage"},"image":{"@id":"https:\/\/www.odosoneironhotels.com\/de\/hotels\/boutique-hotel\/location\/#primaryimage"},"thumbnailUrl":"https:\/\/www.odosoneironhotels.com\/app\/uploads\/sites\/91\/2022\/04\/manos-chainakis-CF07zIfsKjQ-unsplash-1.jpg","datePublished":"2022-02-21T16:03:56+00:00","dateModified":"2023-06-01T14:04:01+00:00","breadcrumb":{"@id":"https:\/\/www.odosoneironhotels.com\/de\/hotels\/boutique-hotel\/location\/#breadcrumb"},"inLanguage":"de","potentialAction":[{"@type":"ReadAction","target":["https:\/\/www.odosoneironhotels.com\/de\/hotels\/boutique-hotel\/location\/"]}]},{"@type":"ImageObject","inLanguage":"de","@id":"https:\/\/www.odosoneironhotels.com\/de\/hotels\/boutique-hotel\/location\/#primaryimage","url":"https:\/\/www.odosoneironhotels.com\/app\/uploads\/sites\/91\/2022\/04\/manos-chainakis-CF07zIfsKjQ-unsplash-1.jpg","contentUrl":"https:\/\/www.odosoneironhotels.com\/app\/uploads\/sites\/91\/2022\/04\/manos-chainakis-CF07zIfsKjQ-unsplash-1.jpg","width":2047,"height":2560},{"@type":"BreadcrumbList","@id":"https:\/\/www.odosoneironhotels.com\/de\/hotels\/boutique-hotel\/location\/#breadcrumb","itemListElement":[{"@type":"ListItem","position":1,"name":"Home","item":"https:\/\/www.odosoneironhotels.com\/de\/"},{"@type":"ListItem","position":2,"name":"Hotels","item":"https:\/\/www.odosoneironhotels.com\/de\/hotels\/"},{"@type":"ListItem","position":3,"name":"Odos Oneiron Boutique Hotel","item":"https:\/\/www.odosoneironhotels.com\/de\/hotels\/boutique-hotel\/"},{"@type":"ListItem","position":4,"name":"Standort"}]},{"@type":"WebSite","@id":"https:\/\/www.odosoneironhotels.com\/#website","url":"https:\/\/www.odosoneironhotels.com\/","name":"Odos Oneiron Hotels &amp; Taste in Chania Crete","description":"Delightfully authentic hospitality","potentialAction":[{"@type":"SearchAction","target":{"@type":"EntryPoint","urlTemplate":"https:\/\/www.odosoneironhotels.com\/?s={search_term_string}"},"query-input":{"@type":"PropertyValueSpecification","valueRequired":true,"valueName":"search_term_string"}}],"inLanguage":"de"}]}},"_links":{"self":[{"href":"https:\/\/www.odosoneironhotels.com\/de\/wp-json\/wp\/v2\/pages\/5319","targetHints":{"allow":["GET"]}}],"collection":[{"href":"https:\/\/www.odosoneironhotels.com\/de\/wp-json\/wp\/v2\/pages"}],"about":[{"href":"https:\/\/www.odosoneironhotels.com\/de\/wp-json\/wp\/v2\/types\/page"}],"author":[{"embeddable":true,"href":"https:\/\/www.odosoneironhotels.com\/de\/wp-json\/wp\/v2\/users\/17"}],"replies":[{"embeddable":true,"href":"https:\/\/www.odosoneironhotels.com\/de\/wp-json\/wp\/v2\/comments?post=5319"}],"version-history":[{"count":1,"href":"https:\/\/www.odosoneironhotels.com\/de\/wp-json\/wp\/v2\/pages\/5319\/revisions"}],"predecessor-version":[{"id":5675,"href":"https:\/\/www.odosoneironhotels.com\/de\/wp-json\/wp\/v2\/pages\/5319\/revisions\/5675"}],"up":[{"embeddable":true,"href":"https:\/\/www.odosoneironhotels.com\/de\/wp-json\/wp\/v2\/pages\/5374"}],"wp:featuredmedia":[{"embeddable":true,"href":"https:\/\/www.odosoneironhotels.com\/de\/wp-json\/wp\/v2\/media\/4612"}],"wp:attachment":[{"href":"https:\/\/www.odosoneironhotels.com\/de\/wp-json\/wp\/v2\/media?parent=5319"}],"curies":[{"name":"wp","href":"https:\/\/api.w.org\/{rel}","templated":true}]}}