{"id":5312,"date":"2023-03-29T10:59:37","date_gmt":"2023-03-29T07:59:37","guid":{"rendered":"https:\/\/www.odosoneironhotels.com\/transfer-services-2\/"},"modified":"2023-06-01T17:04:10","modified_gmt":"2023-06-01T14:04:10","slug":"transfer-services-2","status":"publish","type":"page","link":"https:\/\/www.odosoneironhotels.com\/de\/hotels\/boutique-hotel\/transfer-services-2\/","title":{"rendered":"Dienstleistungen \u00fcbertragen"},"content":{"rendered":"<p>Das Odos Oneiron Boutique Hotel ist stolz darauf, seinen G\u00e4sten, die an allen gr\u00f6\u00dferen Flugh\u00e4fen und H\u00e4fen auf Kreta ankommen, private Touren und Transfers anbieten zu k\u00f6nnen.<\/p>\n<p>Das Odos Oneiron Boutique Hotel bietet auch einen privaten Transferservice vom Flughafen Chania direkt zu unserem Hotel.<\/p>\n<p>Unser Team sorgt daf\u00fcr, dass Ihre Reise problemlos und komfortabel verl\u00e4uft, und stellt Ihnen eine Reihe von Transportm\u00f6glichkeiten zur Verf\u00fcgung, darunter Luxusfahrzeuge und private Minibusse. Wir wissen, dass die Ankunft an einem neuen Ort stressig sein kann, und bem\u00fchen uns daher, Ihren Transfer so reibungslos und angenehm wie m\u00f6glich zu gestalten.<\/p>\n<p>Teilen Sie uns einfach Ihre Ankunftszeit mit und wir werden Sie am Flughafen in Empfang nehmen und Sie direkt zu unserem Hotel bringen!<\/p>\n","protected":false},"excerpt":{"rendered":"<p>Das Odos Oneiron Boutique Hotel ist stolz darauf, seinen G\u00e4sten, die an allen gr\u00f6\u00dferen Flugh\u00e4fen und H\u00e4fen auf Kreta ankommen, private Touren und Transfers anbieten zu k\u00f6nnen. Das Odos Oneiron Boutique Hotel bietet auch einen privaten Transferservice vom Flughafen Chania direkt zu unserem Hotel. Unser Team sorgt daf\u00fcr, dass Ihre Reise problemlos und komfortabel verl\u00e4uft,<\/p>\n","protected":false},"author":326,"featured_media":5242,"parent":5374,"menu_order":12,"comment_status":"closed","ping_status":"closed","template":"","meta":{"_acf_changed":false,"footnotes":""},"class_list":["post-5312","page","type-page","status-publish","has-post-thumbnail","hentry"],"acf":[],"yoast_head":"<!-- This site is optimized with the Yoast SEO plugin v27.5 - https:\/\/yoast.com\/product\/yoast-seo-wordpress\/ -->\n<title>Dienstleistungen \u00fcbertragen - Odos Oneiron Hotels &amp; Taste in Chania Crete<\/title>\n<meta name=\"robots\" content=\"index, follow, max-snippet:-1, max-image-preview:large, max-video-preview:-1\" \/>\n<link rel=\"canonical\" href=\"https:\/\/www.odosoneironhotels.com\/de\/hotels\/boutique-hotel\/transfer-services-2\/\" \/>\n<meta property=\"og:locale\" content=\"de_DE\" \/>\n<meta property=\"og:type\" content=\"article\" \/>\n<meta property=\"og:title\" content=\"Dienstleistungen \u00fcbertragen - Odos Oneiron Hotels &amp; Taste in Chania Crete\" \/>\n<meta property=\"og:description\" content=\"Das Odos Oneiron Boutique Hotel ist stolz darauf, seinen G\u00e4sten, die an allen gr\u00f6\u00dferen Flugh\u00e4fen und H\u00e4fen auf Kreta ankommen, private Touren und Transfers anbieten zu k\u00f6nnen. Das Odos Oneiron Boutique Hotel bietet auch einen privaten Transferservice vom Flughafen Chania direkt zu unserem Hotel. Unser Team sorgt daf\u00fcr, dass Ihre Reise problemlos und komfortabel verl\u00e4uft,\" \/>\n<meta property=\"og:url\" content=\"https:\/\/www.odosoneironhotels.com\/de\/hotels\/boutique-hotel\/transfer-services-2\/\" \/>\n<meta property=\"og:site_name\" content=\"Odos Oneiron Hotels &amp; Taste in Chania Crete\" \/>\n<meta property=\"article:modified_time\" content=\"2023-06-01T14:04:10+00:00\" \/>\n<meta property=\"og:image\" content=\"https:\/\/www.odosoneironhotels.com\/app\/uploads\/sites\/91\/2022\/02\/shutterstock_2141346821.jpg\" \/>\n\t<meta property=\"og:image:width\" content=\"2100\" \/>\n\t<meta property=\"og:image:height\" content=\"1166\" \/>\n\t<meta property=\"og:image:type\" content=\"image\/jpeg\" \/>\n<meta name=\"twitter:card\" content=\"summary_large_image\" \/>\n<meta name=\"twitter:label1\" content=\"Gesch\u00e4tzte Lesezeit\" \/>\n\t<meta name=\"twitter:data1\" content=\"1\u00a0Minute\" \/>\n<script type=\"application\/ld+json\" class=\"yoast-schema-graph\">{\"@context\":\"https:\\\/\\\/schema.org\",\"@graph\":[{\"@type\":\"WebPage\",\"@id\":\"https:\\\/\\\/www.odosoneironhotels.com\\\/de\\\/hotels\\\/boutique-hotel\\\/transfer-services-2\\\/\",\"url\":\"https:\\\/\\\/www.odosoneironhotels.com\\\/de\\\/hotels\\\/boutique-hotel\\\/transfer-services-2\\\/\",\"name\":\"Dienstleistungen \u00fcbertragen - Odos Oneiron Hotels &amp; Taste in Chania Crete\",\"isPartOf\":{\"@id\":\"https:\\\/\\\/www.odosoneironhotels.com\\\/#website\"},\"primaryImageOfPage\":{\"@id\":\"https:\\\/\\\/www.odosoneironhotels.com\\\/de\\\/hotels\\\/boutique-hotel\\\/transfer-services-2\\\/#primaryimage\"},\"image\":{\"@id\":\"https:\\\/\\\/www.odosoneironhotels.com\\\/de\\\/hotels\\\/boutique-hotel\\\/transfer-services-2\\\/#primaryimage\"},\"thumbnailUrl\":\"https:\\\/\\\/www.odosoneironhotels.com\\\/app\\\/uploads\\\/sites\\\/91\\\/2022\\\/02\\\/shutterstock_2141346821.jpg\",\"datePublished\":\"2023-03-29T07:59:37+00:00\",\"dateModified\":\"2023-06-01T14:04:10+00:00\",\"breadcrumb\":{\"@id\":\"https:\\\/\\\/www.odosoneironhotels.com\\\/de\\\/hotels\\\/boutique-hotel\\\/transfer-services-2\\\/#breadcrumb\"},\"inLanguage\":\"de\",\"potentialAction\":[{\"@type\":\"ReadAction\",\"target\":[\"https:\\\/\\\/www.odosoneironhotels.com\\\/de\\\/hotels\\\/boutique-hotel\\\/transfer-services-2\\\/\"]}]},{\"@type\":\"ImageObject\",\"inLanguage\":\"de\",\"@id\":\"https:\\\/\\\/www.odosoneironhotels.com\\\/de\\\/hotels\\\/boutique-hotel\\\/transfer-services-2\\\/#primaryimage\",\"url\":\"https:\\\/\\\/www.odosoneironhotels.com\\\/app\\\/uploads\\\/sites\\\/91\\\/2022\\\/02\\\/shutterstock_2141346821.jpg\",\"contentUrl\":\"https:\\\/\\\/www.odosoneironhotels.com\\\/app\\\/uploads\\\/sites\\\/91\\\/2022\\\/02\\\/shutterstock_2141346821.jpg\",\"width\":2100,\"height\":1166},{\"@type\":\"BreadcrumbList\",\"@id\":\"https:\\\/\\\/www.odosoneironhotels.com\\\/de\\\/hotels\\\/boutique-hotel\\\/transfer-services-2\\\/#breadcrumb\",\"itemListElement\":[{\"@type\":\"ListItem\",\"position\":1,\"name\":\"Home\",\"item\":\"https:\\\/\\\/www.odosoneironhotels.com\\\/de\\\/\"},{\"@type\":\"ListItem\",\"position\":2,\"name\":\"Hotels\",\"item\":\"https:\\\/\\\/www.odosoneironhotels.com\\\/de\\\/hotels\\\/\"},{\"@type\":\"ListItem\",\"position\":3,\"name\":\"Odos Oneiron Boutique Hotel\",\"item\":\"https:\\\/\\\/www.odosoneironhotels.com\\\/de\\\/hotels\\\/boutique-hotel\\\/\"},{\"@type\":\"ListItem\",\"position\":4,\"name\":\"Dienstleistungen \u00fcbertragen\"}]},{\"@type\":\"WebSite\",\"@id\":\"https:\\\/\\\/www.odosoneironhotels.com\\\/#website\",\"url\":\"https:\\\/\\\/www.odosoneironhotels.com\\\/\",\"name\":\"Odos Oneiron Hotels &amp; Taste in Chania Crete\",\"description\":\"Delightfully authentic hospitality\",\"potentialAction\":[{\"@type\":\"SearchAction\",\"target\":{\"@type\":\"EntryPoint\",\"urlTemplate\":\"https:\\\/\\\/www.odosoneironhotels.com\\\/?s={search_term_string}\"},\"query-input\":{\"@type\":\"PropertyValueSpecification\",\"valueRequired\":true,\"valueName\":\"search_term_string\"}}],\"inLanguage\":\"de\"}]}<\/script>\n<!-- \/ Yoast SEO plugin. -->","yoast_head_json":{"title":"Dienstleistungen \u00fcbertragen - Odos Oneiron Hotels &amp; Taste in Chania Crete","robots":{"index":"index","follow":"follow","max-snippet":"max-snippet:-1","max-image-preview":"max-image-preview:large","max-video-preview":"max-video-preview:-1"},"canonical":"https:\/\/www.odosoneironhotels.com\/de\/hotels\/boutique-hotel\/transfer-services-2\/","og_locale":"de_DE","og_type":"article","og_title":"Dienstleistungen \u00fcbertragen - Odos Oneiron Hotels &amp; Taste in Chania Crete","og_description":"Das Odos Oneiron Boutique Hotel ist stolz darauf, seinen G\u00e4sten, die an allen gr\u00f6\u00dferen Flugh\u00e4fen und H\u00e4fen auf Kreta ankommen, private Touren und Transfers anbieten zu k\u00f6nnen. Das Odos Oneiron Boutique Hotel bietet auch einen privaten Transferservice vom Flughafen Chania direkt zu unserem Hotel. Unser Team sorgt daf\u00fcr, dass Ihre Reise problemlos und komfortabel verl\u00e4uft,","og_url":"https:\/\/www.odosoneironhotels.com\/de\/hotels\/boutique-hotel\/transfer-services-2\/","og_site_name":"Odos Oneiron Hotels &amp; Taste in Chania Crete","article_modified_time":"2023-06-01T14:04:10+00:00","og_image":[{"width":2100,"height":1166,"url":"https:\/\/www.odosoneironhotels.com\/app\/uploads\/sites\/91\/2022\/02\/shutterstock_2141346821.jpg","type":"image\/jpeg"}],"twitter_card":"summary_large_image","twitter_misc":{"Gesch\u00e4tzte Lesezeit":"1\u00a0Minute"},"schema":{"@context":"https:\/\/schema.org","@graph":[{"@type":"WebPage","@id":"https:\/\/www.odosoneironhotels.com\/de\/hotels\/boutique-hotel\/transfer-services-2\/","url":"https:\/\/www.odosoneironhotels.com\/de\/hotels\/boutique-hotel\/transfer-services-2\/","name":"Dienstleistungen \u00fcbertragen - Odos Oneiron Hotels &amp; Taste in Chania Crete","isPartOf":{"@id":"https:\/\/www.odosoneironhotels.com\/#website"},"primaryImageOfPage":{"@id":"https:\/\/www.odosoneironhotels.com\/de\/hotels\/boutique-hotel\/transfer-services-2\/#primaryimage"},"image":{"@id":"https:\/\/www.odosoneironhotels.com\/de\/hotels\/boutique-hotel\/transfer-services-2\/#primaryimage"},"thumbnailUrl":"https:\/\/www.odosoneironhotels.com\/app\/uploads\/sites\/91\/2022\/02\/shutterstock_2141346821.jpg","datePublished":"2023-03-29T07:59:37+00:00","dateModified":"2023-06-01T14:04:10+00:00","breadcrumb":{"@id":"https:\/\/www.odosoneironhotels.com\/de\/hotels\/boutique-hotel\/transfer-services-2\/#breadcrumb"},"inLanguage":"de","potentialAction":[{"@type":"ReadAction","target":["https:\/\/www.odosoneironhotels.com\/de\/hotels\/boutique-hotel\/transfer-services-2\/"]}]},{"@type":"ImageObject","inLanguage":"de","@id":"https:\/\/www.odosoneironhotels.com\/de\/hotels\/boutique-hotel\/transfer-services-2\/#primaryimage","url":"https:\/\/www.odosoneironhotels.com\/app\/uploads\/sites\/91\/2022\/02\/shutterstock_2141346821.jpg","contentUrl":"https:\/\/www.odosoneironhotels.com\/app\/uploads\/sites\/91\/2022\/02\/shutterstock_2141346821.jpg","width":2100,"height":1166},{"@type":"BreadcrumbList","@id":"https:\/\/www.odosoneironhotels.com\/de\/hotels\/boutique-hotel\/transfer-services-2\/#breadcrumb","itemListElement":[{"@type":"ListItem","position":1,"name":"Home","item":"https:\/\/www.odosoneironhotels.com\/de\/"},{"@type":"ListItem","position":2,"name":"Hotels","item":"https:\/\/www.odosoneironhotels.com\/de\/hotels\/"},{"@type":"ListItem","position":3,"name":"Odos Oneiron Boutique Hotel","item":"https:\/\/www.odosoneironhotels.com\/de\/hotels\/boutique-hotel\/"},{"@type":"ListItem","position":4,"name":"Dienstleistungen \u00fcbertragen"}]},{"@type":"WebSite","@id":"https:\/\/www.odosoneironhotels.com\/#website","url":"https:\/\/www.odosoneironhotels.com\/","name":"Odos Oneiron Hotels &amp; Taste in Chania Crete","description":"Delightfully authentic hospitality","potentialAction":[{"@type":"SearchAction","target":{"@type":"EntryPoint","urlTemplate":"https:\/\/www.odosoneironhotels.com\/?s={search_term_string}"},"query-input":{"@type":"PropertyValueSpecification","valueRequired":true,"valueName":"search_term_string"}}],"inLanguage":"de"}]}},"_links":{"self":[{"href":"https:\/\/www.odosoneironhotels.com\/de\/wp-json\/wp\/v2\/pages\/5312","targetHints":{"allow":["GET"]}}],"collection":[{"href":"https:\/\/www.odosoneironhotels.com\/de\/wp-json\/wp\/v2\/pages"}],"about":[{"href":"https:\/\/www.odosoneironhotels.com\/de\/wp-json\/wp\/v2\/types\/page"}],"author":[{"embeddable":true,"href":"https:\/\/www.odosoneironhotels.com\/de\/wp-json\/wp\/v2\/users\/326"}],"replies":[{"embeddable":true,"href":"https:\/\/www.odosoneironhotels.com\/de\/wp-json\/wp\/v2\/comments?post=5312"}],"version-history":[{"count":1,"href":"https:\/\/www.odosoneironhotels.com\/de\/wp-json\/wp\/v2\/pages\/5312\/revisions"}],"predecessor-version":[{"id":5677,"href":"https:\/\/www.odosoneironhotels.com\/de\/wp-json\/wp\/v2\/pages\/5312\/revisions\/5677"}],"up":[{"embeddable":true,"href":"https:\/\/www.odosoneironhotels.com\/de\/wp-json\/wp\/v2\/pages\/5374"}],"wp:featuredmedia":[{"embeddable":true,"href":"https:\/\/www.odosoneironhotels.com\/de\/wp-json\/wp\/v2\/media\/5242"}],"wp:attachment":[{"href":"https:\/\/www.odosoneironhotels.com\/de\/wp-json\/wp\/v2\/media?parent=5312"}],"curies":[{"name":"wp","href":"https:\/\/api.w.org\/{rel}","templated":true}]}}