{"id":5311,"date":"2023-03-29T11:06:35","date_gmt":"2023-03-29T08:06:35","guid":{"rendered":"https:\/\/www.odosoneironhotels.com\/transfer-services-tavronitis\/"},"modified":"2023-06-01T17:04:57","modified_gmt":"2023-06-01T14:04:57","slug":"transfer-services-tavronitis","status":"publish","type":"page","link":"https:\/\/www.odosoneironhotels.com\/de\/hotels\/tavronitis-bay\/transfer-services-tavronitis\/","title":{"rendered":"Dienstleistungen \u00fcbertragen"},"content":{"rendered":"<p>Im Odos Oneiron Tavronitis Bay Hotel bieten wir auch private Touren und Transfers an, damit Sie Ihren Aufenthalt in Chania optimal nutzen k\u00f6nnen. Unser erfahrenes Team kann f\u00fcr Sie individuelle Touren zusammenstellen, die Ihnen die nat\u00fcrliche Sch\u00f6nheit, die Geschichte und die Kultur der Insel n\u00e4her bringen.<\/p>\n<p>Wir bieten auch einen privaten Transferservice vom Flughafen Chania zu unserem Hotel an, um eine nahtlose und stressfreie Ankunft zu gew\u00e4hrleisten, ganz gleich, ob Sie auf der Suche nach einem kulturellen Ausflug oder einem Outdoor-Abenteuer sind oder einfach nur entspannen und die Sonne genie\u00dfen m\u00f6chten.<\/p>\n<p>Erfahren Sie mehr \u00fcber unsere privaten Touren und Transferservices und beginnen Sie noch heute mit der Planung Ihres Traumurlaubs auf Kreta!<\/p>\n","protected":false},"excerpt":{"rendered":"<p>Im Odos Oneiron Tavronitis Bay Hotel bieten wir auch private Touren und Transfers an, damit Sie Ihren Aufenthalt in Chania optimal nutzen k\u00f6nnen. Unser erfahrenes Team kann f\u00fcr Sie individuelle Touren zusammenstellen, die Ihnen die nat\u00fcrliche Sch\u00f6nheit, die Geschichte und die Kultur der Insel n\u00e4her bringen. Wir bieten auch einen privaten Transferservice vom Flughafen Chania<\/p>\n","protected":false},"author":326,"featured_media":4783,"parent":5373,"menu_order":12,"comment_status":"closed","ping_status":"closed","template":"","meta":{"_acf_changed":false,"footnotes":""},"class_list":["post-5311","page","type-page","status-publish","has-post-thumbnail","hentry"],"acf":[],"yoast_head":"<!-- This site is optimized with the Yoast SEO plugin v27.5 - https:\/\/yoast.com\/product\/yoast-seo-wordpress\/ -->\n<title>Dienstleistungen \u00fcbertragen - Odos Oneiron Hotels &amp; Taste in Chania Crete<\/title>\n<meta name=\"robots\" content=\"index, follow, max-snippet:-1, max-image-preview:large, max-video-preview:-1\" \/>\n<link rel=\"canonical\" href=\"https:\/\/www.odosoneironhotels.com\/de\/hotels\/tavronitis-bay\/transfer-services-tavronitis\/\" \/>\n<meta property=\"og:locale\" content=\"de_DE\" \/>\n<meta property=\"og:type\" content=\"article\" \/>\n<meta property=\"og:title\" content=\"Dienstleistungen \u00fcbertragen - Odos Oneiron Hotels &amp; Taste in Chania Crete\" \/>\n<meta property=\"og:description\" content=\"Im Odos Oneiron Tavronitis Bay Hotel bieten wir auch private Touren und Transfers an, damit Sie Ihren Aufenthalt in Chania optimal nutzen k\u00f6nnen. Unser erfahrenes Team kann f\u00fcr Sie individuelle Touren zusammenstellen, die Ihnen die nat\u00fcrliche Sch\u00f6nheit, die Geschichte und die Kultur der Insel n\u00e4her bringen. Wir bieten auch einen privaten Transferservice vom Flughafen Chania\" \/>\n<meta property=\"og:url\" content=\"https:\/\/www.odosoneironhotels.com\/de\/hotels\/tavronitis-bay\/transfer-services-tavronitis\/\" \/>\n<meta property=\"og:site_name\" content=\"Odos Oneiron Hotels &amp; Taste in Chania Crete\" \/>\n<meta property=\"article:modified_time\" content=\"2023-06-01T14:04:57+00:00\" \/>\n<meta property=\"og:image\" content=\"https:\/\/www.odosoneironhotels.com\/app\/uploads\/sites\/91\/2022\/04\/tavronitis-MTS_6208.jpg\" \/>\n\t<meta property=\"og:image:width\" content=\"1920\" \/>\n\t<meta property=\"og:image:height\" content=\"1280\" \/>\n\t<meta property=\"og:image:type\" content=\"image\/jpeg\" \/>\n<meta name=\"twitter:card\" content=\"summary_large_image\" \/>\n<meta name=\"twitter:label1\" content=\"Gesch\u00e4tzte Lesezeit\" \/>\n\t<meta name=\"twitter:data1\" content=\"1\u00a0Minute\" \/>\n<script type=\"application\/ld+json\" class=\"yoast-schema-graph\">{\"@context\":\"https:\\\/\\\/schema.org\",\"@graph\":[{\"@type\":\"WebPage\",\"@id\":\"https:\\\/\\\/www.odosoneironhotels.com\\\/de\\\/hotels\\\/tavronitis-bay\\\/transfer-services-tavronitis\\\/\",\"url\":\"https:\\\/\\\/www.odosoneironhotels.com\\\/de\\\/hotels\\\/tavronitis-bay\\\/transfer-services-tavronitis\\\/\",\"name\":\"Dienstleistungen \u00fcbertragen - Odos Oneiron Hotels &amp; Taste in Chania Crete\",\"isPartOf\":{\"@id\":\"https:\\\/\\\/www.odosoneironhotels.com\\\/#website\"},\"primaryImageOfPage\":{\"@id\":\"https:\\\/\\\/www.odosoneironhotels.com\\\/de\\\/hotels\\\/tavronitis-bay\\\/transfer-services-tavronitis\\\/#primaryimage\"},\"image\":{\"@id\":\"https:\\\/\\\/www.odosoneironhotels.com\\\/de\\\/hotels\\\/tavronitis-bay\\\/transfer-services-tavronitis\\\/#primaryimage\"},\"thumbnailUrl\":\"https:\\\/\\\/www.odosoneironhotels.com\\\/app\\\/uploads\\\/sites\\\/91\\\/2022\\\/04\\\/tavronitis-MTS_6208.jpg\",\"datePublished\":\"2023-03-29T08:06:35+00:00\",\"dateModified\":\"2023-06-01T14:04:57+00:00\",\"breadcrumb\":{\"@id\":\"https:\\\/\\\/www.odosoneironhotels.com\\\/de\\\/hotels\\\/tavronitis-bay\\\/transfer-services-tavronitis\\\/#breadcrumb\"},\"inLanguage\":\"de\",\"potentialAction\":[{\"@type\":\"ReadAction\",\"target\":[\"https:\\\/\\\/www.odosoneironhotels.com\\\/de\\\/hotels\\\/tavronitis-bay\\\/transfer-services-tavronitis\\\/\"]}]},{\"@type\":\"ImageObject\",\"inLanguage\":\"de\",\"@id\":\"https:\\\/\\\/www.odosoneironhotels.com\\\/de\\\/hotels\\\/tavronitis-bay\\\/transfer-services-tavronitis\\\/#primaryimage\",\"url\":\"https:\\\/\\\/www.odosoneironhotels.com\\\/app\\\/uploads\\\/sites\\\/91\\\/2022\\\/04\\\/tavronitis-MTS_6208.jpg\",\"contentUrl\":\"https:\\\/\\\/www.odosoneironhotels.com\\\/app\\\/uploads\\\/sites\\\/91\\\/2022\\\/04\\\/tavronitis-MTS_6208.jpg\",\"width\":1920,\"height\":1280},{\"@type\":\"BreadcrumbList\",\"@id\":\"https:\\\/\\\/www.odosoneironhotels.com\\\/de\\\/hotels\\\/tavronitis-bay\\\/transfer-services-tavronitis\\\/#breadcrumb\",\"itemListElement\":[{\"@type\":\"ListItem\",\"position\":1,\"name\":\"Home\",\"item\":\"https:\\\/\\\/www.odosoneironhotels.com\\\/de\\\/\"},{\"@type\":\"ListItem\",\"position\":2,\"name\":\"Hotels\",\"item\":\"https:\\\/\\\/www.odosoneironhotels.com\\\/de\\\/hotels\\\/\"},{\"@type\":\"ListItem\",\"position\":3,\"name\":\"Odos Oneiron Tavronitis Bay\",\"item\":\"https:\\\/\\\/www.odosoneironhotels.com\\\/de\\\/hotels\\\/tavronitis-bay\\\/\"},{\"@type\":\"ListItem\",\"position\":4,\"name\":\"Dienstleistungen \u00fcbertragen\"}]},{\"@type\":\"WebSite\",\"@id\":\"https:\\\/\\\/www.odosoneironhotels.com\\\/#website\",\"url\":\"https:\\\/\\\/www.odosoneironhotels.com\\\/\",\"name\":\"Odos Oneiron Hotels &amp; Taste in Chania Crete\",\"description\":\"Delightfully authentic hospitality\",\"potentialAction\":[{\"@type\":\"SearchAction\",\"target\":{\"@type\":\"EntryPoint\",\"urlTemplate\":\"https:\\\/\\\/www.odosoneironhotels.com\\\/?s={search_term_string}\"},\"query-input\":{\"@type\":\"PropertyValueSpecification\",\"valueRequired\":true,\"valueName\":\"search_term_string\"}}],\"inLanguage\":\"de\"}]}<\/script>\n<!-- \/ Yoast SEO plugin. -->","yoast_head_json":{"title":"Dienstleistungen \u00fcbertragen - Odos Oneiron Hotels &amp; Taste in Chania Crete","robots":{"index":"index","follow":"follow","max-snippet":"max-snippet:-1","max-image-preview":"max-image-preview:large","max-video-preview":"max-video-preview:-1"},"canonical":"https:\/\/www.odosoneironhotels.com\/de\/hotels\/tavronitis-bay\/transfer-services-tavronitis\/","og_locale":"de_DE","og_type":"article","og_title":"Dienstleistungen \u00fcbertragen - Odos Oneiron Hotels &amp; Taste in Chania Crete","og_description":"Im Odos Oneiron Tavronitis Bay Hotel bieten wir auch private Touren und Transfers an, damit Sie Ihren Aufenthalt in Chania optimal nutzen k\u00f6nnen. Unser erfahrenes Team kann f\u00fcr Sie individuelle Touren zusammenstellen, die Ihnen die nat\u00fcrliche Sch\u00f6nheit, die Geschichte und die Kultur der Insel n\u00e4her bringen. Wir bieten auch einen privaten Transferservice vom Flughafen Chania","og_url":"https:\/\/www.odosoneironhotels.com\/de\/hotels\/tavronitis-bay\/transfer-services-tavronitis\/","og_site_name":"Odos Oneiron Hotels &amp; Taste in Chania Crete","article_modified_time":"2023-06-01T14:04:57+00:00","og_image":[{"width":1920,"height":1280,"url":"https:\/\/www.odosoneironhotels.com\/app\/uploads\/sites\/91\/2022\/04\/tavronitis-MTS_6208.jpg","type":"image\/jpeg"}],"twitter_card":"summary_large_image","twitter_misc":{"Gesch\u00e4tzte Lesezeit":"1\u00a0Minute"},"schema":{"@context":"https:\/\/schema.org","@graph":[{"@type":"WebPage","@id":"https:\/\/www.odosoneironhotels.com\/de\/hotels\/tavronitis-bay\/transfer-services-tavronitis\/","url":"https:\/\/www.odosoneironhotels.com\/de\/hotels\/tavronitis-bay\/transfer-services-tavronitis\/","name":"Dienstleistungen \u00fcbertragen - Odos Oneiron Hotels &amp; Taste in Chania Crete","isPartOf":{"@id":"https:\/\/www.odosoneironhotels.com\/#website"},"primaryImageOfPage":{"@id":"https:\/\/www.odosoneironhotels.com\/de\/hotels\/tavronitis-bay\/transfer-services-tavronitis\/#primaryimage"},"image":{"@id":"https:\/\/www.odosoneironhotels.com\/de\/hotels\/tavronitis-bay\/transfer-services-tavronitis\/#primaryimage"},"thumbnailUrl":"https:\/\/www.odosoneironhotels.com\/app\/uploads\/sites\/91\/2022\/04\/tavronitis-MTS_6208.jpg","datePublished":"2023-03-29T08:06:35+00:00","dateModified":"2023-06-01T14:04:57+00:00","breadcrumb":{"@id":"https:\/\/www.odosoneironhotels.com\/de\/hotels\/tavronitis-bay\/transfer-services-tavronitis\/#breadcrumb"},"inLanguage":"de","potentialAction":[{"@type":"ReadAction","target":["https:\/\/www.odosoneironhotels.com\/de\/hotels\/tavronitis-bay\/transfer-services-tavronitis\/"]}]},{"@type":"ImageObject","inLanguage":"de","@id":"https:\/\/www.odosoneironhotels.com\/de\/hotels\/tavronitis-bay\/transfer-services-tavronitis\/#primaryimage","url":"https:\/\/www.odosoneironhotels.com\/app\/uploads\/sites\/91\/2022\/04\/tavronitis-MTS_6208.jpg","contentUrl":"https:\/\/www.odosoneironhotels.com\/app\/uploads\/sites\/91\/2022\/04\/tavronitis-MTS_6208.jpg","width":1920,"height":1280},{"@type":"BreadcrumbList","@id":"https:\/\/www.odosoneironhotels.com\/de\/hotels\/tavronitis-bay\/transfer-services-tavronitis\/#breadcrumb","itemListElement":[{"@type":"ListItem","position":1,"name":"Home","item":"https:\/\/www.odosoneironhotels.com\/de\/"},{"@type":"ListItem","position":2,"name":"Hotels","item":"https:\/\/www.odosoneironhotels.com\/de\/hotels\/"},{"@type":"ListItem","position":3,"name":"Odos Oneiron Tavronitis Bay","item":"https:\/\/www.odosoneironhotels.com\/de\/hotels\/tavronitis-bay\/"},{"@type":"ListItem","position":4,"name":"Dienstleistungen \u00fcbertragen"}]},{"@type":"WebSite","@id":"https:\/\/www.odosoneironhotels.com\/#website","url":"https:\/\/www.odosoneironhotels.com\/","name":"Odos Oneiron Hotels &amp; Taste in Chania Crete","description":"Delightfully authentic hospitality","potentialAction":[{"@type":"SearchAction","target":{"@type":"EntryPoint","urlTemplate":"https:\/\/www.odosoneironhotels.com\/?s={search_term_string}"},"query-input":{"@type":"PropertyValueSpecification","valueRequired":true,"valueName":"search_term_string"}}],"inLanguage":"de"}]}},"_links":{"self":[{"href":"https:\/\/www.odosoneironhotels.com\/de\/wp-json\/wp\/v2\/pages\/5311","targetHints":{"allow":["GET"]}}],"collection":[{"href":"https:\/\/www.odosoneironhotels.com\/de\/wp-json\/wp\/v2\/pages"}],"about":[{"href":"https:\/\/www.odosoneironhotels.com\/de\/wp-json\/wp\/v2\/types\/page"}],"author":[{"embeddable":true,"href":"https:\/\/www.odosoneironhotels.com\/de\/wp-json\/wp\/v2\/users\/326"}],"replies":[{"embeddable":true,"href":"https:\/\/www.odosoneironhotels.com\/de\/wp-json\/wp\/v2\/comments?post=5311"}],"version-history":[{"count":1,"href":"https:\/\/www.odosoneironhotels.com\/de\/wp-json\/wp\/v2\/pages\/5311\/revisions"}],"predecessor-version":[{"id":5687,"href":"https:\/\/www.odosoneironhotels.com\/de\/wp-json\/wp\/v2\/pages\/5311\/revisions\/5687"}],"up":[{"embeddable":true,"href":"https:\/\/www.odosoneironhotels.com\/de\/wp-json\/wp\/v2\/pages\/5373"}],"wp:featuredmedia":[{"embeddable":true,"href":"https:\/\/www.odosoneironhotels.com\/de\/wp-json\/wp\/v2\/media\/4783"}],"wp:attachment":[{"href":"https:\/\/www.odosoneironhotels.com\/de\/wp-json\/wp\/v2\/media?parent=5311"}],"curies":[{"name":"wp","href":"https:\/\/api.w.org\/{rel}","templated":true}]}}